{"id":1236,"date":"2025-09-02T16:28:55","date_gmt":"2025-09-02T15:28:55","guid":{"rendered":"https:\/\/campus.hesge.ch\/naoufelcheikhrouhou\/?page_id=1236"},"modified":"2026-03-02T13:11:45","modified_gmt":"2026-03-02T12:11:45","slug":"refereed-book-chapters","status":"publish","type":"page","link":"https:\/\/campus.hesge.ch\/cles\/?page_id=1236","title":{"rendered":"Books and book chapters"},"content":{"rendered":"\n<h4 class=\"wp-block-heading\" id=\"block-cb2a12c1-6daf-49f6-97a8-7edf3ebf292e\">2026<\/h4>\n\n\n\n<p class=\"has-theme-palette-3-color has-text-color has-link-color wp-elements-c61c973c3aa38e0f933d71433a852865\">Dutta, P., Bapat, S., Jana, D., Kumar, A., &amp; Cheikhrouhou, N. (Eds.). (2026). <a href=\"https:\/\/link.springer.com\/book\/10.1007\/978-981-95-5429-4\">Advances in Applied Operations Research and Analytics for Business Intelligence<\/a>: Proceedings of International Conference on Emerging Trends in Business Analytics &amp; Management Sciences 2024, Volume 1 (Vol. 60). Springer Nature. https:\/\/doi.org\/10.1007\/978-981-95-5429-4<\/p>\n\n\n\n<h4 class=\"wp-block-heading\" id=\"block-cb2a12c1-6daf-49f6-97a8-7edf3ebf292e\">2024<\/h4>\n\n\n\n<p class=\"has-theme-palette-3-color has-text-color has-link-color wp-elements-2687694a27b81d02134d9ed0833320c4\">Kassoul, K., Raut, R.D., Belhaouari, S.B., Cheikhrouhou, N. (2024).&nbsp;<a href=\"https:\/\/campus.hesge.ch\/naoufelcheikhrouhou\/wp-content\/uploads\/2024\/02\/Buffer-Allocation-Analysis-and-Genetic-Algorithm.zip\">Buffer Allocation in Unreliable Production Lines Using Infinitesimal Perturbation Analysis and Genetic Algorithm.<\/a>&nbsp;In: Kulkarni, A.J., Cheikhrouhou, N. (eds) Intelligent Systems for Smart Cities. ICISA 2023. Springer, Singapore. pp. 445-457 https:\/\/doi.org\/10.1007\/978-981-99-6984-5_28<\/p>\n\n\n\n<p class=\"has-theme-palette-3-color has-text-color has-link-color wp-elements-bb751628289ecee034400464b4c7694d\">Kulkarni, A.J., Cheikhrouhou, N., 2024.&nbsp;<strong><a href=\"https:\/\/link.springer.com\/book\/10.1007\/978-981-99-6984-5\">Intelligent Systems for Smart Cities Select Proceedings of the 2nd International Conference, ICISA 2023<\/a><\/strong>. Springer Singapore ISBN: 978-981-99-6984-5. https:\/\/doi.org\/10.1007\/978-981-99-6984-5<\/p>\n\n\n\n<h4 class=\"wp-block-heading\" id=\"block-cb2a12c1-6daf-49f6-97a8-7edf3ebf292e\">2022<\/h4>\n\n\n\n<p class=\"has-theme-palette-3-color has-text-color has-link-color wp-elements-8cc9fb9cddd81313d319e45ad7eb24df\">Class, B., Favre, S., Soulikhan, F., Cheikhrouhou, N., 2022.&nbsp;<a href=\"https:\/\/campus.hesge.ch\/naoufelcheikhrouhou\/wp-content\/uploads\/2022\/10\/unige_163401_attachment01.zip\">Enhancing the Design of a Supply Chain Network Framework for Open Education<\/a>. pp. 499\u2013516. https:\/\/doi.org\/10.1007\/978-3-031-14756-2_24<\/p>\n\n\n\n<h4 class=\"wp-block-heading\">2013<\/h4>\n\n\n\n<p class=\"has-theme-palette-3-color has-text-color has-link-color wp-elements-85ac23c4e64f3bfd08c0768a37e53057\"><a href=\"http:\/\/link.springer.com\/search?facet-author=%22Wafa+Ben+Yahia%22\">Wafa Ben Yahia<\/a>,&nbsp;<a href=\"http:\/\/link.springer.com\/search?facet-author=%22Naoufel+Cheikhrouhou%22\">Naoufel Cheikhrouhou<\/a>,&nbsp;<a href=\"http:\/\/link.springer.com\/search?facet-author=%22Omar+Ayadi%22\">Omar Ayadi<\/a>,&nbsp;<a href=\"http:\/\/link.springer.com\/search?facet-author=%22Faouzi+Masmoudi%22\">Faouzi Masmoudi<\/a>. 2013. A Multi-objective Optimization for Multi-period Planning in Multi-item Cooperative Manufacturing Supply Chain.&nbsp;<a href=\"http:\/\/link.springer.com\/bookseries\/11236\">Lecture Notes in Mechanical Engineering<\/a>. In: M. Haddar et al. (Eds.): Design and Modeling of Mechanical Systems, 635-643, Springer-Verlag Berlin Heidelberg.<\/p>\n\n\n\n<h4 class=\"wp-block-heading\">2011<\/h4>\n\n\n\n<p>Naoufel Cheikhrouhou, Michel Pouly, Sebastien Berthold. 2011. Real-Time Collaborative Information Management in Enterprises. In Digital Factory for Human-oriented Production Systems. The Integration of International Research Projects, Canetta, Luca; Redaelli, Claudia; Flores, Myrna (Eds.) 1st Edition. 2011, XIV, 330 p. 145 illus., Hardcover, Springer. ISBN: 978-1-84996-171-4. 125-146.<\/p>\n\n\n\n<p>Jan Holmstr\u00f6m, Naoufel Cheikhrouhou, Ga\u00ebl Farine, Kary Fr\u00e4mling. 2011. Product centric organization of after-sales supply chain planning and control, Human and organisational factors in planning and scheduling. J. Fransoo J. Wilson, T. Waefler (Eds). Part 2,&nbsp;187-198,&nbsp;DOI:&nbsp;10.1007\/978-3-642-13382-4_9.<\/p>\n\n\n\n<h4 class=\"wp-block-heading\">2010<\/h4>\n\n\n\n<p>Luca Canetta, Naoufel Cheikhrouhou and R\u00e9my Glardon. 2010. Design and Development of a Rule-Based DSS for the Qualitative Prediction of e-Sales Evolution. In Information and Communication Technology and Small and Medium Sized Enterprises: From Theory to Practice, Cambridge Scholar, New Castle, ISBN (10): 1-4438-1326-5.<\/p>\n\n\n\n<h4 class=\"wp-block-heading\">2005<\/h4>\n\n\n\n<p>Meunier Martins S., Cheikhrouhou N. and Glardon R. 2005. Strategic analysis of products related to the integration of human judgment into demand forecasting. In: Integrating Human Aspects in Production Management. Z\u00dcLCH, Gert; JAGDEV, Harinder S.; STOCK, Patricia (Eds.): New York: Springer, 157-171.<\/p>\n\n\n\n<p><\/p>\n","protected":false},"excerpt":{"rendered":"<p>2026 Dutta, P., Bapat, S., Jana, D., Kumar, A., &amp; Cheikhrouhou, N. (Eds.). (2026). Advances in Applied Operations Research and Analytics for Business Intelligence: Proceedings of International Conference on Emerging Trends in Business Analytics &amp; Management Sciences 2024, Volume 1 (Vol. 60). Springer Nature. https:\/\/doi.org\/10.1007\/978-981-95-5429-4 2024 Kassoul, K., Raut, R.D., Belhaouari, S.B., Cheikhrouhou, N. (2024).&nbsp;Buffer&#8230;<\/p>\n","protected":false},"author":4,"featured_media":0,"parent":0,"menu_order":0,"comment_status":"closed","ping_status":"closed","template":"","meta":{"_uag_custom_page_level_css":"","_kadence_starter_templates_imported_post":false,"_kad_post_transparent":"","_kad_post_title":"","_kad_post_layout":"","_kad_post_sidebar_id":"","_kad_post_content_style":"","_kad_post_vertical_padding":"","_kad_post_feature":"","_kad_post_feature_position":"","_kad_post_header":false,"_kad_post_footer":false,"_kad_post_classname":"","footnotes":""},"class_list":["post-1236","page","type-page","status-publish","hentry"],"uagb_featured_image_src":{"full":false,"thumbnail":false,"medium":false,"medium_large":false,"large":false,"1536x1536":false,"2048x2048":false},"uagb_author_info":{"display_name":"Diego Vanegas","author_link":"https:\/\/campus.hesge.ch\/cles\/?author=4"},"uagb_comment_info":0,"uagb_excerpt":"2026 Dutta, P., Bapat, S., Jana, D., Kumar, A., &amp; Cheikhrouhou, N. (Eds.). (2026). Advances in Applied Operations Research and Analytics for Business Intelligence: Proceedings of International Conference on Emerging Trends in Business Analytics &amp; Management Sciences 2024, Volume 1 (Vol. 60). Springer Nature. https:\/\/doi.org\/10.1007\/978-981-95-5429-4 2024 Kassoul, K., Raut, R.D., Belhaouari, S.B., Cheikhrouhou, N. (2024).&nbsp;Buffer...","_links":{"self":[{"href":"https:\/\/campus.hesge.ch\/cles\/index.php?rest_route=\/wp\/v2\/pages\/1236","targetHints":{"allow":["GET"]}}],"collection":[{"href":"https:\/\/campus.hesge.ch\/cles\/index.php?rest_route=\/wp\/v2\/pages"}],"about":[{"href":"https:\/\/campus.hesge.ch\/cles\/index.php?rest_route=\/wp\/v2\/types\/page"}],"author":[{"embeddable":true,"href":"https:\/\/campus.hesge.ch\/cles\/index.php?rest_route=\/wp\/v2\/users\/4"}],"replies":[{"embeddable":true,"href":"https:\/\/campus.hesge.ch\/cles\/index.php?rest_route=%2Fwp%2Fv2%2Fcomments&post=1236"}],"version-history":[{"count":7,"href":"https:\/\/campus.hesge.ch\/cles\/index.php?rest_route=\/wp\/v2\/pages\/1236\/revisions"}],"predecessor-version":[{"id":1866,"href":"https:\/\/campus.hesge.ch\/cles\/index.php?rest_route=\/wp\/v2\/pages\/1236\/revisions\/1866"}],"wp:attachment":[{"href":"https:\/\/campus.hesge.ch\/cles\/index.php?rest_route=%2Fwp%2Fv2%2Fmedia&parent=1236"}],"curies":[{"name":"wp","href":"https:\/\/api.w.org\/{rel}","templated":true}]}}