{"id":1017,"date":"2019-07-03T19:34:08","date_gmt":"2019-07-03T19:34:08","guid":{"rendered":"https:\/\/head.hesge.ch\/atelier-animation\/?page_id=1017"},"modified":"2026-02-18T18:06:38","modified_gmt":"2026-02-18T18:06:38","slug":"tra16-pro","status":"publish","type":"page","link":"https:\/\/campus.hesge.ch\/head-animation\/tra16-pro\/","title":{"rendered":"Suivi de projet"},"content":{"rendered":"\n<p class=\"has-text-align-left has-normal-font-size\"><a href=\"https:\/\/campus.hesge.ch\/head-animation\/tra\/\">&lt; Retour<\/a><\/p>\n\n\n\n<h3 class=\"wp-block-heading\"><strong>Semestre d&rsquo;automne 2015 &#8211; 2016<\/strong><\/h3>\n\n\n\n<h2 class=\"wp-block-heading\">Documentaire<\/h2>\n\n\n\n<p>Robin Mognetti, \u00e9tudiant en Cin\u00e9ma\/Cin\u00e9ma du r\u00e9el<br>R\u00e9alis\u00e9 dans le cadre d&rsquo;une commande pour la Ville de Gen\u00e8ve.<br>Film complet &gt; <a rel=\"noreferrer noopener\" aria-label=\"vimeo.com (s\u2019ouvre dans un nouvel onglet)\" href=\"https:\/\/vimeo.com\/160212320\" target=\"_blank\">vimeo.com<\/a><\/p>\n\n\n\n<figure class=\"wp-block-embed aligncenter is-type-video is-provider-vimeo wp-block-embed-vimeo wp-embed-aspect-16-9 wp-has-aspect-ratio\"><div class=\"wp-block-embed__wrapper\">\n<iframe loading=\"lazy\" title=\"DOCUMENTAIRE extrait 15-16\" src=\"https:\/\/player.vimeo.com\/video\/160212259?dnt=1&amp;app_id=122963\" width=\"739\" height=\"416\" frameborder=\"0\" allow=\"autoplay; fullscreen\" allowfullscreen><\/iframe>\n<\/div><\/figure>\n\n\n\n<h1 class=\"wp-block-heading\"><br>Option libre projet<\/h1>\n\n\n\n<h2 class=\"wp-block-heading\">Jeux<\/h2>\n\n\n\n<p>De Martin Ashton Lomax, \u00e9tudiant en Arts visuels<br>Veuillez t\u00e9l\u00e9charger le jeux sur le site &gt; <a rel=\"noreferrer noopener\" aria-label=\"gweebitprod.tumblr.com (s\u2019ouvre dans un nouvel onglet)\" href=\"http:\/\/gweebitprod.tumblr.com\/heros_jeu_beta\" target=\"_blank\">gweebitprod.tumblr.com<\/a><\/p>\n\n\n<div class=\"wp-block-image\">\n<figure class=\"alignleft size-large\"><img loading=\"lazy\" decoding=\"async\" width=\"900\" height=\"470\" src=\"https:\/\/campus.hesge.ch\/head-animation\/wp-content\/uploads\/2019\/05\/16suivi_cours2.jpg\" alt=\"\" class=\"wp-image-322\" srcset=\"https:\/\/campus.hesge.ch\/head-animation\/wp-content\/uploads\/2019\/05\/16suivi_cours2.jpg 900w, https:\/\/campus.hesge.ch\/head-animation\/wp-content\/uploads\/2019\/05\/16suivi_cours2-300x157.jpg 300w, https:\/\/campus.hesge.ch\/head-animation\/wp-content\/uploads\/2019\/05\/16suivi_cours2-768x401.jpg 768w\" sizes=\"auto, (max-width: 900px) 100vw, 900px\" \/><\/figure>\n<\/div>\n\n<div class=\"wp-block-image\">\n<figure class=\"aligncenter size-large\"><img loading=\"lazy\" decoding=\"async\" width=\"960\" height=\"1\" src=\"https:\/\/campus.hesge.ch\/head-animation\/wp-content\/uploads\/2020\/01\/1px.jpg\" alt=\"\" class=\"wp-image-3212\" srcset=\"https:\/\/campus.hesge.ch\/head-animation\/wp-content\/uploads\/2020\/01\/1px.jpg 960w, https:\/\/campus.hesge.ch\/head-animation\/wp-content\/uploads\/2020\/01\/1px-300x1.jpg 300w, https:\/\/campus.hesge.ch\/head-animation\/wp-content\/uploads\/2020\/01\/1px-150x1.jpg 150w, https:\/\/campus.hesge.ch\/head-animation\/wp-content\/uploads\/2020\/01\/1px-768x1.jpg 768w\" sizes=\"auto, (max-width: 960px) 100vw, 960px\" \/><\/figure>\n<\/div>","protected":false},"excerpt":{"rendered":"<p>&lt; Retour Semestre d&rsquo;automne 2015 &#8211; 2016 Documentaire Robin Mognetti, \u00e9tudiant en Cin\u00e9ma\/Cin\u00e9ma du r\u00e9elR\u00e9alis\u00e9 dans le cadre d&rsquo;une commande pour la Ville de Gen\u00e8ve.Film complet &gt; vimeo.com Option libre projet Jeux De Martin Ashton Lomax, \u00e9tudiant en Arts visuelsVeuillez t\u00e9l\u00e9charger le jeux sur le site &gt; gweebitprod.tumblr.com<\/p>\n","protected":false},"author":1,"featured_media":0,"parent":0,"menu_order":0,"comment_status":"closed","ping_status":"closed","template":"fullwidth-page.php","meta":{"footnotes":""},"class_list":["post-1017","page","type-page","status-publish","hentry"],"_links":{"self":[{"href":"https:\/\/campus.hesge.ch\/head-animation\/wp-json\/wp\/v2\/pages\/1017","targetHints":{"allow":["GET"]}}],"collection":[{"href":"https:\/\/campus.hesge.ch\/head-animation\/wp-json\/wp\/v2\/pages"}],"about":[{"href":"https:\/\/campus.hesge.ch\/head-animation\/wp-json\/wp\/v2\/types\/page"}],"author":[{"embeddable":true,"href":"https:\/\/campus.hesge.ch\/head-animation\/wp-json\/wp\/v2\/users\/1"}],"replies":[{"embeddable":true,"href":"https:\/\/campus.hesge.ch\/head-animation\/wp-json\/wp\/v2\/comments?post=1017"}],"version-history":[{"count":26,"href":"https:\/\/campus.hesge.ch\/head-animation\/wp-json\/wp\/v2\/pages\/1017\/revisions"}],"predecessor-version":[{"id":8401,"href":"https:\/\/campus.hesge.ch\/head-animation\/wp-json\/wp\/v2\/pages\/1017\/revisions\/8401"}],"wp:attachment":[{"href":"https:\/\/campus.hesge.ch\/head-animation\/wp-json\/wp\/v2\/media?parent=1017"}],"curies":[{"name":"wp","href":"https:\/\/api.w.org\/{rel}","templated":true}]}}