{"id":1021,"date":"2019-07-03T19:37:06","date_gmt":"2019-07-03T19:37:06","guid":{"rendered":"https:\/\/head.hesge.ch\/atelier-animation\/?page_id=1021"},"modified":"2026-02-18T18:18:52","modified_gmt":"2026-02-18T18:18:52","slug":"tra18","status":"publish","type":"page","link":"https:\/\/campus.hesge.ch\/head-animation\/tra18\/","title":{"rendered":"Projet option Construction"},"content":{"rendered":"\n<p class=\"has-normal-font-size\"><a href=\"https:\/\/campus.hesge.ch\/head-animation\/tra\/\">&lt; Retour<\/a><\/p>\n\n\n\n<h3 class=\"wp-block-heading\"><strong>Semestre de printemps 2017 &#8211; 2018<\/strong><\/h3>\n\n\n\n<h2 class=\"wp-block-heading\">Cacophonie<\/h2>\n\n\n\n<p>Alexandre Moura Ferreira, \u00e9tudiant en Arts visuels<br>Animation pr\u00e9sent\u00e9e dans l&rsquo;option Construction &#8211; Art + espaces.<br>R\u00e9alis\u00e9e avec l&rsquo;application 3D Blender. <\/p>\n\n\n\n<p>Cacophonie est une vid\u00e9o\/animation d&rsquo;images de synth\u00e8se dans laquelle des chim\u00e8res mi-humaines mi-instruments jouent pour le spectateur. L&rsquo;id\u00e9e de la cr\u00e9ature qui d\u00e9couvre son nouveau corps impos\u00e9 par son cr\u00e9ateur et qui tente tant bien que mal de jouer de ce dernier. Le projet s&rsquo;inspire de trois livres dont les th\u00e8mes r\u00e9currents sont le cr\u00e9ateur, le monstre et la relations entre eux. Il s&rsquo;agit de Frankenstein, la M\u00e9tamorphose et l&rsquo;ile du docteur Moreau. <\/p>\n\n\n\n<figure class=\"wp-block-embed aligncenter is-type-video is-provider-vimeo wp-block-embed-vimeo wp-embed-aspect-16-9 wp-has-aspect-ratio\"><div class=\"wp-block-embed__wrapper\">\n<iframe loading=\"lazy\" title=\"CACOPHONIE 17-18\" src=\"https:\/\/player.vimeo.com\/video\/277454970?dnt=1&#038;app_id=122963\" width=\"739\" height=\"416\" frameborder=\"0\" allow=\"autoplay; fullscreen\" allowfullscreen><\/iframe>\n<\/div><\/figure>\n\n\n\n<h3 class=\"wp-block-heading\"><br>Dessins de pr\u00e9paration<\/h3>\n\n\n\n<figure class=\"wp-block-image size-large\"><img loading=\"lazy\" decoding=\"async\" width=\"950\" height=\"950\" src=\"https:\/\/campus.hesge.ch\/head-animation\/wp-content\/uploads\/2019\/07\/18harpe.jpg\" alt=\"\" class=\"wp-image-1335\" srcset=\"https:\/\/campus.hesge.ch\/head-animation\/wp-content\/uploads\/2019\/07\/18harpe.jpg 950w, https:\/\/campus.hesge.ch\/head-animation\/wp-content\/uploads\/2019\/07\/18harpe-300x300.jpg 300w, https:\/\/campus.hesge.ch\/head-animation\/wp-content\/uploads\/2019\/07\/18harpe-150x150.jpg 150w, https:\/\/campus.hesge.ch\/head-animation\/wp-content\/uploads\/2019\/07\/18harpe-768x768.jpg 768w\" sizes=\"auto, (max-width: 950px) 100vw, 950px\" \/><figcaption class=\"wp-element-caption\">Joueuse de harpe<br>HEAD \u2013 Gen\u00e8ve \u00a9 Alexandre Moura-Ferreira 2018<\/figcaption><\/figure>\n\n\n\n<figure class=\"wp-block-image size-large\"><img loading=\"lazy\" decoding=\"async\" width=\"950\" height=\"950\" src=\"https:\/\/campus.hesge.ch\/head-animation\/wp-content\/uploads\/2019\/07\/18violoncelle.jpg\" alt=\"\" class=\"wp-image-1337\" srcset=\"https:\/\/campus.hesge.ch\/head-animation\/wp-content\/uploads\/2019\/07\/18violoncelle.jpg 950w, https:\/\/campus.hesge.ch\/head-animation\/wp-content\/uploads\/2019\/07\/18violoncelle-300x300.jpg 300w, https:\/\/campus.hesge.ch\/head-animation\/wp-content\/uploads\/2019\/07\/18violoncelle-150x150.jpg 150w, https:\/\/campus.hesge.ch\/head-animation\/wp-content\/uploads\/2019\/07\/18violoncelle-768x768.jpg 768w\" sizes=\"auto, (max-width: 950px) 100vw, 950px\" \/><figcaption class=\"wp-element-caption\">Joueur de violoncelle<br>HEAD \u2013 Gen\u00e8ve \u00a9 Alexandre Moura-Ferreira 2018<\/figcaption><\/figure>\n\n\n\n<figure class=\"wp-block-image size-large\"><img loading=\"lazy\" decoding=\"async\" width=\"950\" height=\"950\" src=\"https:\/\/campus.hesge.ch\/head-animation\/wp-content\/uploads\/2019\/07\/18tuba.jpg\" alt=\"\" class=\"wp-image-1336\" srcset=\"https:\/\/campus.hesge.ch\/head-animation\/wp-content\/uploads\/2019\/07\/18tuba.jpg 950w, https:\/\/campus.hesge.ch\/head-animation\/wp-content\/uploads\/2019\/07\/18tuba-300x300.jpg 300w, https:\/\/campus.hesge.ch\/head-animation\/wp-content\/uploads\/2019\/07\/18tuba-150x150.jpg 150w, https:\/\/campus.hesge.ch\/head-animation\/wp-content\/uploads\/2019\/07\/18tuba-768x768.jpg 768w\" sizes=\"auto, (max-width: 950px) 100vw, 950px\" \/><figcaption class=\"wp-element-caption\">Joueuse de tuba<br>HEAD \u2013 Gen\u00e8ve \u00a9 Alexandre Moura-Ferreira 2018<\/figcaption><\/figure>\n","protected":false},"excerpt":{"rendered":"<p>&lt; Retour Semestre de printemps 2017 &#8211; 2018 Cacophonie Alexandre Moura Ferreira, \u00e9tudiant en Arts visuelsAnimation pr\u00e9sent\u00e9e dans l&rsquo;option Construction &#8211; Art + espaces.R\u00e9alis\u00e9e avec l&rsquo;application 3D Blender. Cacophonie est une vid\u00e9o\/animation d&rsquo;images de synth\u00e8se dans laquelle des chim\u00e8res mi-humaines mi-instruments jouent pour le spectateur. L&rsquo;id\u00e9e de la cr\u00e9ature qui d\u00e9couvre son nouveau corps impos\u00e9&hellip; <a class=\"more-link\" href=\"https:\/\/campus.hesge.ch\/head-animation\/tra18\/\">Continue reading <span class=\"screen-reader-text\">Projet option Construction<\/span> <span class=\"meta-nav\" aria-hidden=\"true\">&rarr;<\/span><\/a><\/p>\n","protected":false},"author":1,"featured_media":0,"parent":0,"menu_order":0,"comment_status":"closed","ping_status":"closed","template":"fullwidth-page.php","meta":{"footnotes":""},"class_list":["post-1021","page","type-page","status-publish","hentry"],"_links":{"self":[{"href":"https:\/\/campus.hesge.ch\/head-animation\/wp-json\/wp\/v2\/pages\/1021","targetHints":{"allow":["GET"]}}],"collection":[{"href":"https:\/\/campus.hesge.ch\/head-animation\/wp-json\/wp\/v2\/pages"}],"about":[{"href":"https:\/\/campus.hesge.ch\/head-animation\/wp-json\/wp\/v2\/types\/page"}],"author":[{"embeddable":true,"href":"https:\/\/campus.hesge.ch\/head-animation\/wp-json\/wp\/v2\/users\/1"}],"replies":[{"embeddable":true,"href":"https:\/\/campus.hesge.ch\/head-animation\/wp-json\/wp\/v2\/comments?post=1021"}],"version-history":[{"count":6,"href":"https:\/\/campus.hesge.ch\/head-animation\/wp-json\/wp\/v2\/pages\/1021\/revisions"}],"predecessor-version":[{"id":8408,"href":"https:\/\/campus.hesge.ch\/head-animation\/wp-json\/wp\/v2\/pages\/1021\/revisions\/8408"}],"wp:attachment":[{"href":"https:\/\/campus.hesge.ch\/head-animation\/wp-json\/wp\/v2\/media?parent=1021"}],"curies":[{"name":"wp","href":"https:\/\/api.w.org\/{rel}","templated":true}]}}