{"id":111,"date":"2019-05-19T17:31:08","date_gmt":"2019-05-19T17:31:08","guid":{"rendered":"https:\/\/head.hesge.ch\/atelier-animation\/?page_id=111"},"modified":"2022-04-22T14:49:53","modified_gmt":"2022-04-22T14:49:53","slug":"con","status":"publish","type":"page","link":"https:\/\/campus.hesge.ch\/head-animation\/con\/","title":{"rendered":"Contact"},"content":{"rendered":"\n<h3 class=\"wp-block-heading\"><strong>Adresse<\/strong>s<\/h3>\n\n\n\n<p><strong>Courrier \/ Livraisons<\/strong><br>HEAD-Gen\u00e8ve<br>Haute \u00e9cole d&rsquo;art et de design\u2013Gen\u00e8ve<br>Atelier cin\u00e9ma d&rsquo;animation<br>Avenue de Ch\u00e2telaine 5<br>CH &#8211; 1203 Gen\u00e8ve<br>T\u00e9l. accueil : +41 (0)22 388 51 00<\/p>\n\n\n\n<p><strong>Atelier<\/strong><br>Route des Franchises 2<br>1203 Gen\u00e8ve<br>B\u00e2timent A, sous-sol, salle 12<br>T\u00e9l. direct : +41 (0)22 558 63 59<\/p>\n\n\n\n<h3 class=\"wp-block-heading\"><strong>Enseignant<\/strong><\/h3>\n\n\n\n<p>Olivier Riechsteiner<br>E-mail : olivier.riechsteiner(at)hesge.ch<\/p>\n","protected":false},"excerpt":{"rendered":"<p>Adresses Courrier \/ LivraisonsHEAD-Gen\u00e8veHaute \u00e9cole d&rsquo;art et de design\u2013Gen\u00e8veAtelier cin\u00e9ma d&rsquo;animationAvenue de Ch\u00e2telaine 5CH &#8211; 1203 Gen\u00e8veT\u00e9l. accueil : +41 (0)22 388 51 00 AtelierRoute des Franchises 21203 Gen\u00e8veB\u00e2timent A, sous-sol, salle 12T\u00e9l. direct : +41 (0)22 558 63 59 Enseignant Olivier RiechsteinerE-mail : olivier.riechsteiner(at)hesge.ch<\/p>\n","protected":false},"author":1,"featured_media":0,"parent":0,"menu_order":0,"comment_status":"closed","ping_status":"closed","template":"fullwidth-page.php","meta":{"footnotes":""},"class_list":["post-111","page","type-page","status-publish","hentry"],"_links":{"self":[{"href":"https:\/\/campus.hesge.ch\/head-animation\/wp-json\/wp\/v2\/pages\/111","targetHints":{"allow":["GET"]}}],"collection":[{"href":"https:\/\/campus.hesge.ch\/head-animation\/wp-json\/wp\/v2\/pages"}],"about":[{"href":"https:\/\/campus.hesge.ch\/head-animation\/wp-json\/wp\/v2\/types\/page"}],"author":[{"embeddable":true,"href":"https:\/\/campus.hesge.ch\/head-animation\/wp-json\/wp\/v2\/users\/1"}],"replies":[{"embeddable":true,"href":"https:\/\/campus.hesge.ch\/head-animation\/wp-json\/wp\/v2\/comments?post=111"}],"version-history":[{"count":26,"href":"https:\/\/campus.hesge.ch\/head-animation\/wp-json\/wp\/v2\/pages\/111\/revisions"}],"predecessor-version":[{"id":6840,"href":"https:\/\/campus.hesge.ch\/head-animation\/wp-json\/wp\/v2\/pages\/111\/revisions\/6840"}],"wp:attachment":[{"href":"https:\/\/campus.hesge.ch\/head-animation\/wp-json\/wp\/v2\/media?parent=111"}],"curies":[{"name":"wp","href":"https:\/\/api.w.org\/{rel}","templated":true}]}}