{"id":19,"date":"2019-05-19T11:35:04","date_gmt":"2019-05-19T11:35:04","guid":{"rendered":"https:\/\/head.hesge.ch\/atelier-animation\/?page_id=19"},"modified":"2022-04-22T14:46:32","modified_gmt":"2022-04-22T14:46:32","slug":"lie","status":"publish","type":"page","link":"https:\/\/campus.hesge.ch\/head-animation\/lie\/","title":{"rendered":"Liens"},"content":{"rendered":"\n<div style=\"height:10px\" aria-hidden=\"true\" class=\"wp-block-spacer\"><\/div>\n\n\n\n<p><strong>Cours<\/strong><br><a rel=\"noreferrer noopener\" href=\"https:\/\/campus.hesge.ch\/head-animation\/ref\/\" target=\"_blank\">R\u00e9f\u00e9rences animation<\/a>&nbsp;&#8211; Animations de r\u00e9f\u00e9rences pour les cours<\/p>\n\n\n\n<p><strong>Festivals<\/strong><br><a rel=\"noreferrer noopener\" href=\"http:\/\/www.annecy.org\/\" target=\"_blank\">www.annecy.org<\/a>&nbsp;&#8211; Annecy, festival international du film d\u2019animation<br><a rel=\"noreferrer noopener\" href=\"http:\/\/animatou.com\" target=\"_blank\">www.animatou.com<\/a>&nbsp;&#8211; Gen\u00e8ve, festival international du film d\u2019animation<br><a rel=\"noreferrer noopener\" href=\"http:\/\/www.fantoche.ch\/\" target=\"_blank\">www.fantoche.ch<\/a>&nbsp;&#8211; Baden, festival international du film d\u2019animation<br><a rel=\"noreferrer noopener\" href=\"http:\/\/www.solothurnerfilmtage.ch\/\" target=\"_blank\">www.solothurnerfilmtage.ch<\/a>&nbsp;&#8211; Journ\u00e9es de Soleure, festival du film suisse<br><a rel=\"noreferrer noopener\" href=\"http:\/\/www.animation-festivals.com\" target=\"_blank\">www.animation-festivals.com<\/a>&nbsp;&#8211; Site de festivals d&rsquo;animation<\/p>\n\n\n\n<p><strong>Studios suisses<\/strong><br><a rel=\"noreferrer noopener\" href=\"http:\/\/cine3d.ch\" target=\"_blank\">cine3d.ch<\/a>&nbsp;&#8211; Frigourg, production et r\u00e9alisation&nbsp;<br><a rel=\"noreferrer noopener\" href=\"http:\/\/www.heliumfilms.ch\/\" target=\"_blank\">www.heliumfilms.ch<\/a>&nbsp;&#8211; Lausanne, production et r\u00e9alisation<br><a rel=\"noreferrer noopener\" href=\"http:\/\/www.nadasdyfilm.ch\/\" target=\"_blank\">www.nadasdyfilm.ch<\/a>&nbsp;&#8211; Gen\u00e8ve, production et r\u00e9alisation<\/p>\n\n\n\n<p><strong>Associations<\/strong><br><a href=\"http:\/\/swissanimation.ch\" target=\"_blank\" rel=\"noreferrer noopener\">swissanimation.ch<\/a>&nbsp;&#8211; GSFA, Zurich, Groupement suisse du film d\u2019animation<br><a href=\"https:\/\/vimeo.com\/swissanimation\" target=\"_blank\" rel=\"noreferrer noopener\">vimeo.com\/swissanimation<\/a>&nbsp;&#8211; Swiss Animation, films du GSFA<br><a href=\"http:\/\/www.afca.asso.fr\/\" target=\"_blank\" rel=\"noreferrer noopener\">www.afca.asso.fr<\/a>&nbsp;&#8211; AFCA, Paris, Association fran\u00e7aise du cin\u00e9ma d\u2019animation<\/p>\n\n\n\n<p><strong>Ecoles<\/strong><br><a href=\"http:\/\/edu.ge.ch\/cfpaa\" target=\"_blank\" rel=\"noreferrer noopener\">edu.ge.ch\/cfpaa<\/a>&nbsp;&#8211; CFP Arts, Gen\u00e8ve, Centre de Formation Professionnelle Arts<br><a href=\"http:\/\/www.hslu.ch\/\" target=\"_blank\" rel=\"noreferrer noopener\">www.hslu.ch<\/a>&nbsp;&#8211; HSLU, Lucerne, Hochschule Luzern<br><a href=\"http:\/\/www.ecole-emile-cohl.fr\/\" target=\"_blank\" rel=\"noreferrer noopener\">www.ecole-emile-cohl.fr<\/a>&nbsp;&#8211; Lyon, Ecole Emile Cohl<br><a href=\"http:\/\/www.ensad.fr\/\" target=\"_blank\" rel=\"noreferrer noopener\">www.ensad.fr<\/a>&nbsp;&#8211; ENSAD, Paris, Ecole nationale sup\u00e9rieure des arts d\u00e9coratifs<br><a href=\"http:\/\/www.gobelins.fr\/\" target=\"_blank\" rel=\"noreferrer noopener\">www.gobelins.fr<\/a>&nbsp;&#8211; Gobelins, Paris, \u00e9cole professionnelle d&rsquo;animation<\/p>\n\n\n\n<p><strong>Formation&nbsp;<\/strong><br><a href=\"https:\/\/cours-web.ch\" target=\"_blank\" rel=\"noreferrer noopener\">cours-web.ch<\/a>&nbsp;&#8211; Support de cours pour apprendre la programmation web<a href=\"http:\/\/www.focal.ch\/F\/\" target=\"_blank\" rel=\"noreferrer noopener\"><br>www.focal.ch<\/a>&nbsp;&#8211; Lausanne, formation continue animation<br><a href=\"http:\/\/www.elephorm.com\" target=\"_blank\" rel=\"noreferrer noopener\">www.elephorm.com<\/a>&nbsp;&#8211; Site de formation d&rsquo;applications 2D et 3D<br><a href=\"http:\/\/www.frenchcinema4d.fr\" target=\"_blank\" rel=\"noreferrer noopener\">www.frenchcinema4d.fr<\/a>&nbsp;&#8211; Site d\u00e9di\u00e9 \u00e0 CINEMA 4D<br><\/p>\n\n\n\n<p><strong>Founisseurs<\/strong><br><a href=\"http:\/\/www.adam18.com\/dessin\/annimation.htm\" target=\"_blank\" rel=\"noreferrer noopener\">www.adam18.com<\/a>&nbsp;&#8211; Mat\u00e9riel de dessin anim\u00e9<br><a href=\"http:\/\/www.champagne-dessin.com\" target=\"_blank\" rel=\"noreferrer noopener\">www.champagne-dessin.com<\/a>&nbsp;&#8211; Mat\u00e9riel de dessin anim\u00e9<br><a href=\"http:\/\/www.graphicart.ch\" target=\"_blank\" rel=\"noreferrer noopener\">www.graphicart.ch<\/a>&nbsp;&#8211; Tables lumineuses, bancs repro, \u00e9clairage<br><a href=\"http:\/\/www.ecm-sa.ch\" target=\"_blank\" rel=\"noreferrer noopener\">www.ecm-sa.ch<\/a>&nbsp;&#8211; Mat\u00e9riel d&rsquo;\u00e9clairage<\/p>\n\n\n\n<p><strong>Applications<\/strong><br><a rel=\"noreferrer noopener\" href=\"https:\/\/www.dragonframe.com\" target=\"_blank\">www.dragonframe.com<\/a>&nbsp;&#8211; application de capture im par im, Mac, PC, payant<br><a rel=\"noreferrer noopener\" href=\"http:\/\/www.framethief.com\/\" target=\"_blank\">www.framethief.com<\/a>&nbsp;&#8211; application de capture im par im, vid\u00e9o SD, Mac, shareware<br><a rel=\"noreferrer noopener\" href=\"http:\/\/www.boinx.com\/istopmotion\/overview\/\" target=\"_blank\">www.boinx.com\/istopmotion\/overview<\/a>&nbsp;&#8211; application de capture im par im, Mac<br><a rel=\"noreferrer noopener\" href=\"http:\/\/audacity.sourceforge.net\" target=\"_blank\">audacity.sourceforge.net<\/a>&nbsp;&#8211; application audio multipiste, Mac, gratuit<\/p>\n","protected":false},"excerpt":{"rendered":"<p>CoursR\u00e9f\u00e9rences animation&nbsp;&#8211; Animations de r\u00e9f\u00e9rences pour les cours Festivalswww.annecy.org&nbsp;&#8211; Annecy, festival international du film d\u2019animationwww.animatou.com&nbsp;&#8211; Gen\u00e8ve, festival international du film d\u2019animationwww.fantoche.ch&nbsp;&#8211; Baden, festival international du film d\u2019animationwww.solothurnerfilmtage.ch&nbsp;&#8211; Journ\u00e9es de Soleure, festival du film suissewww.animation-festivals.com&nbsp;&#8211; Site de festivals d&rsquo;animation Studios suissescine3d.ch&nbsp;&#8211; Frigourg, production et r\u00e9alisation&nbsp;www.heliumfilms.ch&nbsp;&#8211; Lausanne, production et r\u00e9alisationwww.nadasdyfilm.ch&nbsp;&#8211; Gen\u00e8ve, production et r\u00e9alisation Associationsswissanimation.ch&nbsp;&#8211; GSFA, Zurich,&hellip; <a class=\"more-link\" href=\"https:\/\/campus.hesge.ch\/head-animation\/lie\/\">Continue reading <span class=\"screen-reader-text\">Liens<\/span> <span class=\"meta-nav\" aria-hidden=\"true\">&rarr;<\/span><\/a><\/p>\n","protected":false},"author":1,"featured_media":0,"parent":0,"menu_order":0,"comment_status":"closed","ping_status":"closed","template":"fullwidth-page.php","meta":{"footnotes":""},"class_list":["post-19","page","type-page","status-publish","hentry"],"_links":{"self":[{"href":"https:\/\/campus.hesge.ch\/head-animation\/wp-json\/wp\/v2\/pages\/19","targetHints":{"allow":["GET"]}}],"collection":[{"href":"https:\/\/campus.hesge.ch\/head-animation\/wp-json\/wp\/v2\/pages"}],"about":[{"href":"https:\/\/campus.hesge.ch\/head-animation\/wp-json\/wp\/v2\/types\/page"}],"author":[{"embeddable":true,"href":"https:\/\/campus.hesge.ch\/head-animation\/wp-json\/wp\/v2\/users\/1"}],"replies":[{"embeddable":true,"href":"https:\/\/campus.hesge.ch\/head-animation\/wp-json\/wp\/v2\/comments?post=19"}],"version-history":[{"count":31,"href":"https:\/\/campus.hesge.ch\/head-animation\/wp-json\/wp\/v2\/pages\/19\/revisions"}],"predecessor-version":[{"id":5799,"href":"https:\/\/campus.hesge.ch\/head-animation\/wp-json\/wp\/v2\/pages\/19\/revisions\/5799"}],"wp:attachment":[{"href":"https:\/\/campus.hesge.ch\/head-animation\/wp-json\/wp\/v2\/media?parent=19"}],"curies":[{"name":"wp","href":"https:\/\/api.w.org\/{rel}","templated":true}]}}