{"id":2017,"date":"2019-09-14T11:35:54","date_gmt":"2019-09-14T11:35:54","guid":{"rendered":"https:\/\/head.hesge.ch\/atelier-animation\/?page_id=2017"},"modified":"2026-02-18T16:46:43","modified_gmt":"2026-02-18T16:46:43","slug":"baa19","status":"publish","type":"page","link":"https:\/\/campus.hesge.ch\/head-animation\/baa19\/","title":{"rendered":"Bandes-annonces 2019"},"content":{"rendered":"\n<p class=\"has-normal-font-size\"><a href=\"https:\/\/campus.hesge.ch\/head-animation\/baa\/\">&lt; Retour<\/a><\/p>\n\n\n\n<p>Le r\u00e9alisateur d&rsquo;animation Piotr Dumala, l&rsquo;invit\u00e9 du workshop de cette ann\u00e9e, n&rsquo;a malheureusement pas pu \u00eatre pr\u00e9sent pour raison de maladie. Les \u00e9tudiant-e-s se sont alors inspir\u00e9-e-s de ses films.<\/p>\n\n\n\n<p>Les \u00e9tudiant-e-s ont travaill\u00e9 en groupes, choisi une technique d&rsquo;animation et ont r\u00e9alis\u00e9 les trois bandes-annonces pr\u00e9sent\u00e9es au festival.<br>Le dessin anim\u00e9 \u00ab\u00a0IMMRESION\u00a0\u00bb est une plong\u00e9e dans le monde de l&rsquo;animation qui transforme totalement le personnage principal. Les \u00e9tudiant-e-s ont r\u00e9alis\u00e9 eux-elles-m\u00eames le design sonore. <br>L&rsquo;animation de papiers d\u00e9coup\u00e9s \u00ab\u00a0RANDOM\u00a0\u00bb aborde l&rsquo;utilisation et la transformation d&rsquo;images couramment affich\u00e9es sur Internet. La musique \u00e0 \u00e9t\u00e9 choisie par l&rsquo;\u00e9tudiant.<br>Le dessin anim\u00e9  \u00ab\u00a0S\u00c9ANCE\u00a0\u00bb traite la fa\u00e7on dont le spectateur re\u00e7oit un film dans une salle de cin\u00e9ma. Les \u00e9tudiant-e-s on transmis le concept sonore \u00e0 Charlotte Mermoud qui, en relation avec ces dernier-\u00e8re-s, a r\u00e9alis\u00e9 le design sonore.<\/p>\n\n\n\n<p>Festival Animatou &gt; <a rel=\"noreferrer noopener\" href=\"https:\/\/animatou.com\" target=\"_blank\">animatou.com<\/a><br>R\u00e9alisateur invit\u00e9 : Piotr Dumala<br>Design sonore :<br>\u00ab\u00a0IMMRESION\u00a0\u00bb : Floriane Biner, Celia O&rsquo;Beirne-Rehle et Maxime Schertenleib<br>\u00ab\u00a0RANDOM\u00a0\u00bb : \u00ab\u00a0Gionnyboy &#8211; 1205\u00a0\u00bb de Giona Mazzucchelli<br>\u00ab\u00a0S\u00c9ANCE\u00a0\u00bb, concept sonore : Marilyne Emery, Nina Megroz et Loris Sch\u00e4ren, design-sonore : Charlotte Mermoud<br>Exportation DCP : Rapha\u00ebl Frauenfelder<br>Encadrement et support : Olivier Riechsteiner<\/p>\n\n\n\n<h2 class=\"wp-block-heading\"><br>Immersion<\/h2>\n\n\n\n<p>Animation et design sonore : Floriane Biner, Celia O&rsquo;Beirne-Rehle et Maxime Schertenleib<\/p>\n\n\n\n<figure class=\"wp-block-embed aligncenter is-type-video is-provider-vimeo wp-block-embed-vimeo wp-embed-aspect-16-9 wp-has-aspect-ratio\"><div class=\"wp-block-embed__wrapper\">\n<iframe loading=\"lazy\" title=\"ANIMATOU 2019 - IMMERSION\" src=\"https:\/\/player.vimeo.com\/video\/359953612?dnt=1&amp;app_id=122963\" width=\"739\" height=\"416\" frameborder=\"0\" allow=\"autoplay; fullscreen; picture-in-picture; clipboard-write; encrypted-media; web-share\" referrerpolicy=\"strict-origin-when-cross-origin\"><\/iframe>\n<\/div><\/figure>\n\n\n\n<h2 class=\"wp-block-heading\"><br>Random<\/h2>\n\n\n\n<p>Animation : Ivan Descombes<br>Musique : \u00ab\u00a0Gionnyboy &#8211; 1205\u00a0\u00bb de Giona Mazzucchelli<\/p>\n\n\n\n<figure class=\"wp-block-embed aligncenter is-type-video is-provider-vimeo wp-block-embed-vimeo wp-embed-aspect-16-9 wp-has-aspect-ratio\"><div class=\"wp-block-embed__wrapper\">\n<iframe loading=\"lazy\" title=\"ANIMATOU 2019 - RANDOM\" src=\"https:\/\/player.vimeo.com\/video\/359953626?dnt=1&amp;app_id=122963\" width=\"739\" height=\"416\" frameborder=\"0\" allow=\"autoplay; fullscreen; picture-in-picture; clipboard-write; encrypted-media; web-share\" referrerpolicy=\"strict-origin-when-cross-origin\"><\/iframe>\n<\/div><\/figure>\n\n\n\n<h2 class=\"wp-block-heading\"><br>S\u00e9ance<\/h2>\n\n\n\n<p>Animation et concept sonore : Marilyne Emery, Nina Megroz et Loris Sch\u00e4ren<br>Design sonore : Charlotte Mermoud<\/p>\n\n\n\n<figure class=\"wp-block-embed aligncenter is-type-video is-provider-vimeo wp-block-embed-vimeo wp-embed-aspect-16-9 wp-has-aspect-ratio\"><div class=\"wp-block-embed__wrapper\">\n<iframe loading=\"lazy\" title=\"ANIMATOU 2019 - SEANCE\" src=\"https:\/\/player.vimeo.com\/video\/359953648?dnt=1&amp;app_id=122963\" width=\"739\" height=\"416\" frameborder=\"0\" allow=\"autoplay; fullscreen; picture-in-picture; clipboard-write; encrypted-media; web-share\" referrerpolicy=\"strict-origin-when-cross-origin\"><\/iframe>\n<\/div><\/figure>\n","protected":false},"excerpt":{"rendered":"<p>&lt; Retour Le r\u00e9alisateur d&rsquo;animation Piotr Dumala, l&rsquo;invit\u00e9 du workshop de cette ann\u00e9e, n&rsquo;a malheureusement pas pu \u00eatre pr\u00e9sent pour raison de maladie. Les \u00e9tudiant-e-s se sont alors inspir\u00e9-e-s de ses films. Les \u00e9tudiant-e-s ont travaill\u00e9 en groupes, choisi une technique d&rsquo;animation et ont r\u00e9alis\u00e9 les trois bandes-annonces pr\u00e9sent\u00e9es au festival.Le dessin anim\u00e9 \u00ab\u00a0IMMRESION\u00a0\u00bb est&hellip; <a class=\"more-link\" href=\"https:\/\/campus.hesge.ch\/head-animation\/baa19\/\">Continue reading <span class=\"screen-reader-text\">Bandes-annonces 2019<\/span> <span class=\"meta-nav\" aria-hidden=\"true\">&rarr;<\/span><\/a><\/p>\n","protected":false},"author":1,"featured_media":0,"parent":0,"menu_order":0,"comment_status":"closed","ping_status":"closed","template":"fullwidth-page.php","meta":{"footnotes":""},"class_list":["post-2017","page","type-page","status-publish","hentry"],"_links":{"self":[{"href":"https:\/\/campus.hesge.ch\/head-animation\/wp-json\/wp\/v2\/pages\/2017","targetHints":{"allow":["GET"]}}],"collection":[{"href":"https:\/\/campus.hesge.ch\/head-animation\/wp-json\/wp\/v2\/pages"}],"about":[{"href":"https:\/\/campus.hesge.ch\/head-animation\/wp-json\/wp\/v2\/types\/page"}],"author":[{"embeddable":true,"href":"https:\/\/campus.hesge.ch\/head-animation\/wp-json\/wp\/v2\/users\/1"}],"replies":[{"embeddable":true,"href":"https:\/\/campus.hesge.ch\/head-animation\/wp-json\/wp\/v2\/comments?post=2017"}],"version-history":[{"count":15,"href":"https:\/\/campus.hesge.ch\/head-animation\/wp-json\/wp\/v2\/pages\/2017\/revisions"}],"predecessor-version":[{"id":8314,"href":"https:\/\/campus.hesge.ch\/head-animation\/wp-json\/wp\/v2\/pages\/2017\/revisions\/8314"}],"wp:attachment":[{"href":"https:\/\/campus.hesge.ch\/head-animation\/wp-json\/wp\/v2\/media?parent=2017"}],"curies":[{"name":"wp","href":"https:\/\/api.w.org\/{rel}","templated":true}]}}