{"id":2125,"date":"2019-09-25T14:01:01","date_gmt":"2019-09-25T14:01:01","guid":{"rendered":"https:\/\/head.hesge.ch\/atelier-animation\/?page_id=2125"},"modified":"2026-02-18T18:16:01","modified_gmt":"2026-02-18T18:16:01","slug":"tra19-pro","status":"publish","type":"page","link":"https:\/\/campus.hesge.ch\/head-animation\/tra19-pro\/","title":{"rendered":"Option libre projet"},"content":{"rendered":"\n<p class=\"has-normal-font-size\"><a href=\"https:\/\/campus.hesge.ch\/head-animation\/tra\/\">&lt; Retour<\/a><\/p>\n\n\n\n<h3 class=\"wp-block-heading\"><strong>Semestre d&rsquo;automne 2018 &#8211; 201<\/strong>9<\/h3>\n\n\n\n<h2 class=\"wp-block-heading\">R\u00e9veil lapin<\/h2>\n\n\n\n<p>P\u00e9n\u00e9lope Schachner, \u00e9tudiante en Communication visuelle<\/p>\n\n\n\n<figure class=\"wp-block-embed aligncenter is-type-video is-provider-vimeo wp-block-embed-vimeo wp-embed-aspect-16-9 wp-has-aspect-ratio\"><div class=\"wp-block-embed__wrapper\">\n<iframe loading=\"lazy\" title=\"REVEIL LAPIN 18-19\" src=\"https:\/\/player.vimeo.com\/video\/362255841?dnt=1&amp;app_id=122963\" width=\"739\" height=\"416\" frameborder=\"0\" allow=\"autoplay; fullscreen\" allowfullscreen><\/iframe>\n<\/div><\/figure>\n\n\n\n<h2 class=\"wp-block-heading\"><br>\u00c9trange \u00e9change<\/h2>\n\n\n\n<p>Jeff D\u00e9lez, \u00e9tudiant en Communication visuelle<\/p>\n\n\n\n<figure class=\"wp-block-embed aligncenter is-type-video is-provider-vimeo wp-block-embed-vimeo wp-embed-aspect-16-9 wp-has-aspect-ratio\"><div class=\"wp-block-embed__wrapper\">\n<iframe loading=\"lazy\" title=\"ETRANGE ECHANGE 18-19\" src=\"https:\/\/player.vimeo.com\/video\/362255830?dnt=1&amp;app_id=122963\" width=\"739\" height=\"416\" frameborder=\"0\" allow=\"autoplay; fullscreen\" allowfullscreen><\/iframe>\n<\/div><\/figure>\n","protected":false},"excerpt":{"rendered":"<p>&lt; Retour Semestre d&rsquo;automne 2018 &#8211; 2019 R\u00e9veil lapin P\u00e9n\u00e9lope Schachner, \u00e9tudiante en Communication visuelle \u00c9trange \u00e9change Jeff D\u00e9lez, \u00e9tudiant en Communication visuelle<\/p>\n","protected":false},"author":1,"featured_media":0,"parent":0,"menu_order":0,"comment_status":"closed","ping_status":"closed","template":"fullwidth-page.php","meta":{"footnotes":""},"class_list":["post-2125","page","type-page","status-publish","hentry"],"_links":{"self":[{"href":"https:\/\/campus.hesge.ch\/head-animation\/wp-json\/wp\/v2\/pages\/2125","targetHints":{"allow":["GET"]}}],"collection":[{"href":"https:\/\/campus.hesge.ch\/head-animation\/wp-json\/wp\/v2\/pages"}],"about":[{"href":"https:\/\/campus.hesge.ch\/head-animation\/wp-json\/wp\/v2\/types\/page"}],"author":[{"embeddable":true,"href":"https:\/\/campus.hesge.ch\/head-animation\/wp-json\/wp\/v2\/users\/1"}],"replies":[{"embeddable":true,"href":"https:\/\/campus.hesge.ch\/head-animation\/wp-json\/wp\/v2\/comments?post=2125"}],"version-history":[{"count":5,"href":"https:\/\/campus.hesge.ch\/head-animation\/wp-json\/wp\/v2\/pages\/2125\/revisions"}],"predecessor-version":[{"id":8406,"href":"https:\/\/campus.hesge.ch\/head-animation\/wp-json\/wp\/v2\/pages\/2125\/revisions\/8406"}],"wp:attachment":[{"href":"https:\/\/campus.hesge.ch\/head-animation\/wp-json\/wp\/v2\/media?parent=2125"}],"curies":[{"name":"wp","href":"https:\/\/api.w.org\/{rel}","templated":true}]}}