{"id":245,"date":"2019-05-20T08:09:20","date_gmt":"2019-05-20T08:09:20","guid":{"rendered":"https:\/\/head.hesge.ch\/atelier-animation\/?page_id=245"},"modified":"2026-02-18T16:49:48","modified_gmt":"2026-02-18T16:49:48","slug":"dip18-lea","status":"publish","type":"page","link":"https:\/\/campus.hesge.ch\/head-animation\/dip18-lea\/","title":{"rendered":"Good Hair"},"content":{"rendered":"\n<p class=\"has-normal-font-size\"><a href=\"https:\/\/campus.hesge.ch\/head-animation\/dip\/\">&lt; Retour<\/a><\/p>\n\n\n\n<p class=\"has-medium-font-size\">L\u00e9a Lansiaux<\/p>\n\n\n\n<p>Technique : animation aux crayons de couleur<\/p>\n\n\n\n<p>Cette animation a pour but de sensibiliser aux probl\u00e8mes qu&rsquo;engendrent les cheveux cr\u00e9pus pour les femmes noires. Elle aborde par le biais&nbsp; d&rsquo;anecdotes personnelles la question de l&rsquo;acceptation de sa vraie nature de cheveux.<\/p>\n\n\n\n<figure class=\"wp-block-embed aligncenter is-type-video is-provider-vimeo wp-block-embed-vimeo wp-embed-aspect-16-9 wp-has-aspect-ratio\"><div class=\"wp-block-embed__wrapper\">\n<iframe loading=\"lazy\" title=\"GOOD HAIR 17-18\" src=\"https:\/\/player.vimeo.com\/video\/277454871?dnt=1&#038;app_id=122963\" width=\"739\" height=\"416\" frameborder=\"0\" allow=\"autoplay; fullscreen\" allowfullscreen><\/iframe>\n<\/div><\/figure>\n","protected":false},"excerpt":{"rendered":"<p>&lt; Retour L\u00e9a Lansiaux Technique : animation aux crayons de couleur Cette animation a pour but de sensibiliser aux probl\u00e8mes qu&rsquo;engendrent les cheveux cr\u00e9pus pour les femmes noires. Elle aborde par le biais&nbsp; d&rsquo;anecdotes personnelles la question de l&rsquo;acceptation de sa vraie nature de cheveux.<\/p>\n","protected":false},"author":1,"featured_media":0,"parent":0,"menu_order":0,"comment_status":"closed","ping_status":"closed","template":"fullwidth-page.php","meta":{"footnotes":""},"class_list":["post-245","page","type-page","status-publish","hentry"],"_links":{"self":[{"href":"https:\/\/campus.hesge.ch\/head-animation\/wp-json\/wp\/v2\/pages\/245","targetHints":{"allow":["GET"]}}],"collection":[{"href":"https:\/\/campus.hesge.ch\/head-animation\/wp-json\/wp\/v2\/pages"}],"about":[{"href":"https:\/\/campus.hesge.ch\/head-animation\/wp-json\/wp\/v2\/types\/page"}],"author":[{"embeddable":true,"href":"https:\/\/campus.hesge.ch\/head-animation\/wp-json\/wp\/v2\/users\/1"}],"replies":[{"embeddable":true,"href":"https:\/\/campus.hesge.ch\/head-animation\/wp-json\/wp\/v2\/comments?post=245"}],"version-history":[{"count":7,"href":"https:\/\/campus.hesge.ch\/head-animation\/wp-json\/wp\/v2\/pages\/245\/revisions"}],"predecessor-version":[{"id":8367,"href":"https:\/\/campus.hesge.ch\/head-animation\/wp-json\/wp\/v2\/pages\/245\/revisions\/8367"}],"wp:attachment":[{"href":"https:\/\/campus.hesge.ch\/head-animation\/wp-json\/wp\/v2\/media?parent=245"}],"curies":[{"name":"wp","href":"https:\/\/api.w.org\/{rel}","templated":true}]}}