{"id":2502,"date":"2019-12-04T16:19:05","date_gmt":"2019-12-04T16:19:05","guid":{"rendered":"https:\/\/head.hesge.ch\/atelier-animation\/?page_id=2502"},"modified":"2026-02-18T18:17:23","modified_gmt":"2026-02-18T18:17:23","slug":"tra19-tut","status":"publish","type":"page","link":"https:\/\/campus.hesge.ch\/head-animation\/tra19-tut\/","title":{"rendered":"Tuto libre"},"content":{"rendered":"\n<p class=\"has-normal-font-size\"><a href=\"https:\/\/campus.hesge.ch\/head-animation\/tra\/\">&lt; Retour<\/a><\/p>\n\n\n\n<h3 class=\"wp-block-heading\">Animation avec Photoshop<\/h3>\n\n\n\n<p>Ce tutoriel d\u00e9crit comment r\u00e9aliser un dessin anim\u00e9 avec des calques Photoshop.<\/p>\n\n\n\n<figure class=\"wp-block-embed aligncenter is-type-video is-provider-vimeo wp-block-embed-vimeo wp-embed-aspect-4-3 wp-has-aspect-ratio\"><div class=\"wp-block-embed__wrapper\">\n<iframe loading=\"lazy\" title=\"Animation avec Photoshop\" src=\"https:\/\/player.vimeo.com\/video\/247015223?dnt=1&amp;app_id=122963\" width=\"739\" height=\"462\" frameborder=\"0\" allow=\"autoplay; fullscreen; picture-in-picture; clipboard-write; encrypted-media; web-share\" referrerpolicy=\"strict-origin-when-cross-origin\"><\/iframe>\n<\/div><\/figure>\n\n\n\n<p><strong>Index<\/strong><br>00:00&nbsp;R\u00e9glages &#8211;&nbsp;49:00&nbsp;Cr\u00e9er des images &#8211;&nbsp;01:28&nbsp;Dessiner &#8211;&nbsp;02:26&nbsp;Lire en boucle &#8211;&nbsp;02:58&nbsp;Copier des images &#8211;&nbsp;03:26&nbsp;Ins\u00e9rer un intervalle &#8211;&nbsp;04:29&nbsp;Copier en place un dessin &#8211;&nbsp;05:52&nbsp;Intervertir les images &#8211;&nbsp;06:21&nbsp;Modifier la dur\u00e9e des images &#8211;&nbsp;06:57&nbsp;D\u00e9placer des images et des dessins &#8211;&nbsp;08:27&nbsp;Dupliquer une animation &#8211;&nbsp;08:49 D\u00e9placer une animation &#8211;&nbsp;09:35&nbsp;Effacer des images et une animation &#8211;&nbsp;10:13&nbsp;Exporter un film<\/p>\n","protected":false},"excerpt":{"rendered":"<p>&lt; Retour Animation avec Photoshop Ce tutoriel d\u00e9crit comment r\u00e9aliser un dessin anim\u00e9 avec des calques Photoshop. Index00:00&nbsp;R\u00e9glages &#8211;&nbsp;49:00&nbsp;Cr\u00e9er des images &#8211;&nbsp;01:28&nbsp;Dessiner &#8211;&nbsp;02:26&nbsp;Lire en boucle &#8211;&nbsp;02:58&nbsp;Copier des images &#8211;&nbsp;03:26&nbsp;Ins\u00e9rer un intervalle &#8211;&nbsp;04:29&nbsp;Copier en place un dessin &#8211;&nbsp;05:52&nbsp;Intervertir les images &#8211;&nbsp;06:21&nbsp;Modifier la dur\u00e9e des images &#8211;&nbsp;06:57&nbsp;D\u00e9placer des images et des dessins &#8211;&nbsp;08:27&nbsp;Dupliquer une animation &#8211;&nbsp;08:49 D\u00e9placer&hellip; <a class=\"more-link\" href=\"https:\/\/campus.hesge.ch\/head-animation\/tra19-tut\/\">Continue reading <span class=\"screen-reader-text\">Tuto libre<\/span> <span class=\"meta-nav\" aria-hidden=\"true\">&rarr;<\/span><\/a><\/p>\n","protected":false},"author":1,"featured_media":0,"parent":0,"menu_order":0,"comment_status":"closed","ping_status":"closed","template":"fullwidth-page.php","meta":{"footnotes":""},"class_list":["post-2502","page","type-page","status-publish","hentry"],"_links":{"self":[{"href":"https:\/\/campus.hesge.ch\/head-animation\/wp-json\/wp\/v2\/pages\/2502","targetHints":{"allow":["GET"]}}],"collection":[{"href":"https:\/\/campus.hesge.ch\/head-animation\/wp-json\/wp\/v2\/pages"}],"about":[{"href":"https:\/\/campus.hesge.ch\/head-animation\/wp-json\/wp\/v2\/types\/page"}],"author":[{"embeddable":true,"href":"https:\/\/campus.hesge.ch\/head-animation\/wp-json\/wp\/v2\/users\/1"}],"replies":[{"embeddable":true,"href":"https:\/\/campus.hesge.ch\/head-animation\/wp-json\/wp\/v2\/comments?post=2502"}],"version-history":[{"count":3,"href":"https:\/\/campus.hesge.ch\/head-animation\/wp-json\/wp\/v2\/pages\/2502\/revisions"}],"predecessor-version":[{"id":8407,"href":"https:\/\/campus.hesge.ch\/head-animation\/wp-json\/wp\/v2\/pages\/2502\/revisions\/8407"}],"wp:attachment":[{"href":"https:\/\/campus.hesge.ch\/head-animation\/wp-json\/wp\/v2\/media?parent=2502"}],"curies":[{"name":"wp","href":"https:\/\/api.w.org\/{rel}","templated":true}]}}