{"id":252,"date":"2019-05-20T08:14:12","date_gmt":"2019-05-20T08:14:12","guid":{"rendered":"https:\/\/head.hesge.ch\/atelier-animation\/?page_id=252"},"modified":"2026-02-18T16:50:03","modified_gmt":"2026-02-18T16:50:03","slug":"dip18-mar","status":"publish","type":"page","link":"https:\/\/campus.hesge.ch\/head-animation\/dip18-mar\/","title":{"rendered":"Mirros + The Message"},"content":{"rendered":"\n<p class=\"has-normal-font-size\"><a href=\"https:\/\/campus.hesge.ch\/head-animation\/dip\/\">&lt; Retour<\/a><\/p>\n\n\n\n<p class=\"has-medium-font-size\">Marie Lavis<\/p>\n\n\n\n<p>Technique : animation \u00e0 l&rsquo;encre de chine<\/p>\n\n\n\n<p><em>Mirrors + the Message<\/em>&nbsp;est un travail d\u2019animation prochainement utilis\u00e9 en tant que clip vid\u00e9o pour la composition \u00e9ponyme du pianiste Shai Maestro. Le morceau (enregistr\u00e9 en 2016) \u00e9tait un moment particuli\u00e8rement intime d\u2019improvisation, de laisser aller, un travail d\u2019introspection, de r\u00e9flexion, d\u2019errance dans les souvenirs, les pens\u00e9es.. C\u2019est dans cette libert\u00e9 et cet \u00e9tat d\u2019esprit que j\u2019ai travaill\u00e9. Le reflet de Shai se d\u00e9pose sur son piano, le miens se couche sur le papier.<\/p>\n\n\n\n<figure class=\"wp-block-embed aligncenter is-type-video is-provider-vimeo wp-block-embed-vimeo wp-embed-aspect-16-9 wp-has-aspect-ratio\"><div class=\"wp-block-embed__wrapper\">\n<iframe loading=\"lazy\" title=\"MIRRORS + THE MESSAGE 17-18\" src=\"https:\/\/player.vimeo.com\/video\/277974112?dnt=1&#038;app_id=122963\" width=\"739\" height=\"416\" frameborder=\"0\" allow=\"autoplay; fullscreen\" allowfullscreen><\/iframe>\n<\/div><\/figure>\n","protected":false},"excerpt":{"rendered":"<p>&lt; Retour Marie Lavis Technique : animation \u00e0 l&rsquo;encre de chine Mirrors + the Message&nbsp;est un travail d\u2019animation prochainement utilis\u00e9 en tant que clip vid\u00e9o pour la composition \u00e9ponyme du pianiste Shai Maestro. Le morceau (enregistr\u00e9 en 2016) \u00e9tait un moment particuli\u00e8rement intime d\u2019improvisation, de laisser aller, un travail d\u2019introspection, de r\u00e9flexion, d\u2019errance dans les&hellip; <a class=\"more-link\" href=\"https:\/\/campus.hesge.ch\/head-animation\/dip18-mar\/\">Continue reading <span class=\"screen-reader-text\">Mirros + The Message<\/span> <span class=\"meta-nav\" aria-hidden=\"true\">&rarr;<\/span><\/a><\/p>\n","protected":false},"author":1,"featured_media":0,"parent":0,"menu_order":0,"comment_status":"closed","ping_status":"closed","template":"fullwidth-page.php","meta":{"footnotes":""},"class_list":["post-252","page","type-page","status-publish","hentry"],"_links":{"self":[{"href":"https:\/\/campus.hesge.ch\/head-animation\/wp-json\/wp\/v2\/pages\/252","targetHints":{"allow":["GET"]}}],"collection":[{"href":"https:\/\/campus.hesge.ch\/head-animation\/wp-json\/wp\/v2\/pages"}],"about":[{"href":"https:\/\/campus.hesge.ch\/head-animation\/wp-json\/wp\/v2\/types\/page"}],"author":[{"embeddable":true,"href":"https:\/\/campus.hesge.ch\/head-animation\/wp-json\/wp\/v2\/users\/1"}],"replies":[{"embeddable":true,"href":"https:\/\/campus.hesge.ch\/head-animation\/wp-json\/wp\/v2\/comments?post=252"}],"version-history":[{"count":5,"href":"https:\/\/campus.hesge.ch\/head-animation\/wp-json\/wp\/v2\/pages\/252\/revisions"}],"predecessor-version":[{"id":8368,"href":"https:\/\/campus.hesge.ch\/head-animation\/wp-json\/wp\/v2\/pages\/252\/revisions\/8368"}],"wp:attachment":[{"href":"https:\/\/campus.hesge.ch\/head-animation\/wp-json\/wp\/v2\/media?parent=252"}],"curies":[{"name":"wp","href":"https:\/\/api.w.org\/{rel}","templated":true}]}}