{"id":4260,"date":"2021-03-08T14:12:39","date_gmt":"2021-03-08T14:12:39","guid":{"rendered":"https:\/\/campus.hesge.ch\/head-animation\/?page_id=4260"},"modified":"2026-02-18T14:51:10","modified_gmt":"2026-02-18T14:51:10","slug":"baa20","status":"publish","type":"page","link":"https:\/\/campus.hesge.ch\/head-animation\/baa20\/","title":{"rendered":"Bandes-annonces 2020"},"content":{"rendered":"\n<p><a href=\"https:\/\/campus.hesge.ch\/head-animation\/baa\/\">&lt; Retour<\/a><\/p>\n\n\n\n<p>Des \u00e9tudiant\u00b7e\u00b7s du d\u00e9partement Communication Visuelle de la HEAD ont r\u00e9alis\u00e9 les bandes-annonces du festival ANIMATOU 2020 lors d&rsquo;un workshop en janvier 2020. L\u2019invit\u00e9 \u00e9tait cette ann\u00e9e Michael Frei, r\u00e9alisateur de films d\u2019animation. Connu notamment pour son film \u00ab Plug and Play \u00bb (2013) et son jeux vid\u00e9o \u00ab Plug &amp; Play Game \u00bb (2015), il r\u00e9alise en 2019 \u00ab Kids \u00bb, qui a fait une sortie remarqu\u00e9e.<br>Les \u00e9tudiant.e.s avaient d\u00e9j\u00e0 des comp\u00e9tences en animation et \u00e9taient tr\u00e8s motiv\u00e9. Michael les a accompagn\u00e9.e.s en prenant beaucoup de temps pour d\u00e9velopper les sc\u00e9narios. Les animations ont \u00e9t\u00e9 dessin\u00e9es \u00e0 la tablette graphique et le son cr\u00e9\u00e9 par les \u00e9tudiant.e.s. 9 bandes-annonces, dans des styles tr\u00e8s vari\u00e9s, ont ainsi \u00e9t\u00e9 r\u00e9alis\u00e9es. <\/p>\n\n\n\n<p>Festival Animatou : <a rel=\"noreferrer noopener\" href=\"https:\/\/animatou.com\" target=\"_blank\">animatou.com<\/a><br>R\u00e9alisateur invit\u00e9 : Michael Frei<br>Etalonnage : Rapha\u00ebl Frauenfelder<br>Encadrement et support : Olivier Riechsteiner<\/p>\n\n\n\n<h2 class=\"wp-block-heading\"><br>Blood orange<\/h2>\n\n\n\n<p>De Chakir Ali<\/p>\n\n\n\n<div style=\"padding:56.25% 0 0 0;position:relative;\"><iframe src=\"https:\/\/player.vimeo.com\/video\/520878979?title=0&amp;byline=0&amp;portrait=0\" style=\"position:absolute;top:0;left:0;width:100%;height:100%;\" allow=\"autoplay; fullscreen; picture-in-picture\" allowfullscreen=\"\" frameborder=\"0\"><\/iframe><\/div><script src=\"https:\/\/player.vimeo.com\/api\/player.js\"><\/script>\n\n\n\n<h2 class=\"wp-block-heading\"><br>Cucumber<\/h2>\n\n\n\n<p>De Nadia Freymond<\/p>\n\n\n\n<figure class=\"wp-block-embed aligncenter is-type-video is-provider-vimeo wp-block-embed-vimeo wp-embed-aspect-16-9 wp-has-aspect-ratio\"><div class=\"wp-block-embed__wrapper\">\n<iframe loading=\"lazy\" title=\"ANIMATOU 2020 - CUCUMBER\" src=\"https:\/\/player.vimeo.com\/video\/520879010?dnt=1&amp;app_id=122963\" width=\"739\" height=\"416\" frameborder=\"0\" allow=\"autoplay; fullscreen; picture-in-picture; clipboard-write; encrypted-media; web-share\" referrerpolicy=\"strict-origin-when-cross-origin\"><\/iframe>\n<\/div><\/figure>\n\n\n\n<h2 class=\"wp-block-heading\"><br>Home<\/h2>\n\n\n\n<p>De Nora Olivares<\/p>\n\n\n\n<figure class=\"wp-block-embed aligncenter is-type-video is-provider-vimeo wp-block-embed-vimeo wp-embed-aspect-16-9 wp-has-aspect-ratio\"><div class=\"wp-block-embed__wrapper\">\n<iframe loading=\"lazy\" title=\"ANIMATOU 2020 - HOME\" src=\"https:\/\/player.vimeo.com\/video\/520879048?dnt=1&amp;app_id=122963\" width=\"739\" height=\"416\" frameborder=\"0\" allow=\"autoplay; fullscreen; picture-in-picture; clipboard-write; encrypted-media; web-share\" referrerpolicy=\"strict-origin-when-cross-origin\"><\/iframe>\n<\/div><\/figure>\n\n\n\n<h2 class=\"wp-block-heading\"><br>Monstrueux<\/h2>\n\n\n\n<p>De Margot Heberlin<\/p>\n\n\n\n<figure class=\"wp-block-embed aligncenter is-type-video is-provider-vimeo wp-block-embed-vimeo wp-embed-aspect-16-9 wp-has-aspect-ratio\"><div class=\"wp-block-embed__wrapper\">\n<iframe loading=\"lazy\" title=\"ANIMATOU 2020 - MONSTRUEUX\" src=\"https:\/\/player.vimeo.com\/video\/520879066?dnt=1&amp;app_id=122963\" width=\"739\" height=\"416\" frameborder=\"0\" allow=\"autoplay; fullscreen; picture-in-picture; clipboard-write; encrypted-media; web-share\" referrerpolicy=\"strict-origin-when-cross-origin\"><\/iframe>\n<\/div><\/figure>\n\n\n\n<h2 class=\"wp-block-heading\"><br>Morfal<\/h2>\n\n\n\n<p>D&rsquo;Arielle Kling<\/p>\n\n\n\n<figure class=\"wp-block-embed aligncenter is-type-video is-provider-vimeo wp-block-embed-vimeo wp-embed-aspect-16-9 wp-has-aspect-ratio\"><div class=\"wp-block-embed__wrapper\">\n<iframe loading=\"lazy\" title=\"ANIMATOU 2020 - MORFAL\" src=\"https:\/\/player.vimeo.com\/video\/520879088?dnt=1&amp;app_id=122963\" width=\"739\" height=\"416\" frameborder=\"0\" allow=\"autoplay; fullscreen; picture-in-picture; clipboard-write; encrypted-media; web-share\" referrerpolicy=\"strict-origin-when-cross-origin\"><\/iframe>\n<\/div><\/figure>\n\n\n\n<h2 class=\"wp-block-heading\"><br>Play<\/h2>\n\n\n\n<p>De Cl\u00e9ment F\u00e9lix<\/p>\n\n\n\n<figure class=\"wp-block-embed aligncenter is-type-video is-provider-vimeo wp-block-embed-vimeo wp-embed-aspect-16-9 wp-has-aspect-ratio\"><div class=\"wp-block-embed__wrapper\">\n<iframe loading=\"lazy\" title=\"ANIMATOU 2020 - PLAY\" src=\"https:\/\/player.vimeo.com\/video\/520879108?dnt=1&amp;app_id=122963\" width=\"739\" height=\"416\" frameborder=\"0\" allow=\"autoplay; fullscreen; picture-in-picture; clipboard-write; encrypted-media; web-share\" referrerpolicy=\"strict-origin-when-cross-origin\"><\/iframe>\n<\/div><\/figure>\n\n\n\n<h2 class=\"wp-block-heading\"><br>Pop<\/h2>\n\n\n\n<p>D&rsquo;Elisa Salmina<\/p>\n\n\n\n<figure class=\"wp-block-embed aligncenter is-type-video is-provider-vimeo wp-block-embed-vimeo wp-embed-aspect-16-9 wp-has-aspect-ratio\"><div class=\"wp-block-embed__wrapper\">\n<iframe loading=\"lazy\" title=\"ANIMATOU 2020 - POP\" src=\"https:\/\/player.vimeo.com\/video\/520879145?dnt=1&amp;app_id=122963\" width=\"739\" height=\"416\" frameborder=\"0\" allow=\"autoplay; fullscreen; picture-in-picture; clipboard-write; encrypted-media; web-share\" referrerpolicy=\"strict-origin-when-cross-origin\"><\/iframe>\n<\/div><\/figure>\n\n\n\n<h2 class=\"wp-block-heading\"><br>The earring<\/h2>\n\n\n\n<p>De Diana Vlasa<\/p>\n\n\n\n<figure class=\"wp-block-embed aligncenter is-type-video is-provider-vimeo wp-block-embed-vimeo wp-embed-aspect-16-9 wp-has-aspect-ratio\"><div class=\"wp-block-embed__wrapper\">\n<iframe loading=\"lazy\" title=\"ANIMATOU 2020 - THE EARRING\" src=\"https:\/\/player.vimeo.com\/video\/520879171?dnt=1&amp;app_id=122963\" width=\"739\" height=\"416\" frameborder=\"0\" allow=\"autoplay; fullscreen; picture-in-picture; clipboard-write; encrypted-media; web-share\" referrerpolicy=\"strict-origin-when-cross-origin\"><\/iframe>\n<\/div><\/figure>\n\n\n\n<h2 class=\"wp-block-heading\"><br>Why<\/h2>\n\n\n\n<p>De L\u00e9onie Courbat<\/p>\n\n\n\n<figure class=\"wp-block-embed aligncenter is-type-video is-provider-vimeo wp-block-embed-vimeo wp-embed-aspect-16-9 wp-has-aspect-ratio\"><div class=\"wp-block-embed__wrapper\">\n<iframe loading=\"lazy\" title=\"ANIMATOU 2020 - WHY\" src=\"https:\/\/player.vimeo.com\/video\/520879194?dnt=1&amp;app_id=122963\" width=\"739\" height=\"416\" frameborder=\"0\" allow=\"autoplay; fullscreen; picture-in-picture; clipboard-write; encrypted-media; web-share\" referrerpolicy=\"strict-origin-when-cross-origin\"><\/iframe>\n<\/div><\/figure>\n\n\n\n<p><\/p>\n","protected":false},"excerpt":{"rendered":"<p>&lt; Retour Des \u00e9tudiant\u00b7e\u00b7s du d\u00e9partement Communication Visuelle de la HEAD ont r\u00e9alis\u00e9 les bandes-annonces du festival ANIMATOU 2020 lors d&rsquo;un workshop en janvier 2020. L\u2019invit\u00e9 \u00e9tait cette ann\u00e9e Michael Frei, r\u00e9alisateur de films d\u2019animation. Connu notamment pour son film \u00ab Plug and Play \u00bb (2013) et son jeux vid\u00e9o \u00ab Plug &amp; Play Game&hellip; <a class=\"more-link\" href=\"https:\/\/campus.hesge.ch\/head-animation\/baa20\/\">Continue reading <span class=\"screen-reader-text\">Bandes-annonces 2020<\/span> <span class=\"meta-nav\" aria-hidden=\"true\">&rarr;<\/span><\/a><\/p>\n","protected":false},"author":1,"featured_media":0,"parent":0,"menu_order":0,"comment_status":"closed","ping_status":"closed","template":"fullwidth-page.php","meta":{"footnotes":""},"class_list":["post-4260","page","type-page","status-publish","hentry"],"_links":{"self":[{"href":"https:\/\/campus.hesge.ch\/head-animation\/wp-json\/wp\/v2\/pages\/4260","targetHints":{"allow":["GET"]}}],"collection":[{"href":"https:\/\/campus.hesge.ch\/head-animation\/wp-json\/wp\/v2\/pages"}],"about":[{"href":"https:\/\/campus.hesge.ch\/head-animation\/wp-json\/wp\/v2\/types\/page"}],"author":[{"embeddable":true,"href":"https:\/\/campus.hesge.ch\/head-animation\/wp-json\/wp\/v2\/users\/1"}],"replies":[{"embeddable":true,"href":"https:\/\/campus.hesge.ch\/head-animation\/wp-json\/wp\/v2\/comments?post=4260"}],"version-history":[{"count":40,"href":"https:\/\/campus.hesge.ch\/head-animation\/wp-json\/wp\/v2\/pages\/4260\/revisions"}],"predecessor-version":[{"id":8312,"href":"https:\/\/campus.hesge.ch\/head-animation\/wp-json\/wp\/v2\/pages\/4260\/revisions\/8312"}],"wp:attachment":[{"href":"https:\/\/campus.hesge.ch\/head-animation\/wp-json\/wp\/v2\/media?parent=4260"}],"curies":[{"name":"wp","href":"https:\/\/api.w.org\/{rel}","templated":true}]}}