{"id":4389,"date":"2021-03-09T10:57:05","date_gmt":"2021-03-09T10:57:05","guid":{"rendered":"https:\/\/campus.hesge.ch\/head-animation\/?page_id=4389"},"modified":"2026-02-18T18:05:38","modified_gmt":"2026-02-18T18:05:38","slug":"trav20","status":"publish","type":"page","link":"https:\/\/campus.hesge.ch\/head-animation\/trav20\/","title":{"rendered":"Projets 2020"},"content":{"rendered":"\n<p><a href=\"https:\/\/campus.hesge.ch\/head-animation\/tra\/\">&lt; Retour<\/a><\/p>\n\n\n\n<h3 class=\"wp-block-heading\">Semestre d&rsquo;automne 2019 &#8211; 2020<\/h3>\n\n\n\n<h2 class=\"wp-block-heading\">Timidit\u00e9<\/h2>\n\n\n\n<p>Nima M\u00e9groz, \u00e9tudiante en Communication Visuelle, cours \u00ab\u00a0Option professionnelle animation\u00a0\u00bb<\/p>\n\n\n\n<figure class=\"wp-block-embed aligncenter is-type-video is-provider-vimeo wp-block-embed-vimeo wp-embed-aspect-16-9 wp-has-aspect-ratio\"><div class=\"wp-block-embed__wrapper\">\n<iframe loading=\"lazy\" title=\"Timidit&amp;eacute; - Nina M&amp;eacute;groz.mp4\" src=\"https:\/\/player.vimeo.com\/video\/521291313?dnt=1&amp;app_id=122963\" width=\"739\" height=\"416\" frameborder=\"0\" allow=\"autoplay; fullscreen; picture-in-picture\" allowfullscreen><\/iframe>\n<\/div><\/figure>\n\n\n\n<h2 class=\"wp-block-heading\"><br>Projet bact\u00e9ries<\/h2>\n\n\n\n<p>Margaut Heberlin, \u00e9tudiante en Communication Visuelle, cours \u00ab\u00a0Option libre projet\u00a0\u00bb<\/p>\n\n\n\n<figure class=\"wp-block-embed aligncenter is-type-video is-provider-vimeo wp-block-embed-vimeo wp-embed-aspect-16-9 wp-has-aspect-ratio\"><div class=\"wp-block-embed__wrapper\">\n<iframe loading=\"lazy\" title=\"Projet Bacteries - Margot Heberlin.mp4\" src=\"https:\/\/player.vimeo.com\/video\/521300353?dnt=1&amp;app_id=122963\" width=\"739\" height=\"416\" frameborder=\"0\" allow=\"autoplay; fullscreen; picture-in-picture\" allowfullscreen><\/iframe>\n<\/div><\/figure>\n","protected":false},"excerpt":{"rendered":"<p>&lt; Retour Semestre d&rsquo;automne 2019 &#8211; 2020 Timidit\u00e9 Nima M\u00e9groz, \u00e9tudiante en Communication Visuelle, cours \u00ab\u00a0Option professionnelle animation\u00a0\u00bb Projet bact\u00e9ries Margaut Heberlin, \u00e9tudiante en Communication Visuelle, cours \u00ab\u00a0Option libre projet\u00a0\u00bb<\/p>\n","protected":false},"author":1,"featured_media":0,"parent":0,"menu_order":0,"comment_status":"closed","ping_status":"closed","template":"fullwidth-page.php","meta":{"footnotes":""},"class_list":["post-4389","page","type-page","status-publish","hentry"],"_links":{"self":[{"href":"https:\/\/campus.hesge.ch\/head-animation\/wp-json\/wp\/v2\/pages\/4389","targetHints":{"allow":["GET"]}}],"collection":[{"href":"https:\/\/campus.hesge.ch\/head-animation\/wp-json\/wp\/v2\/pages"}],"about":[{"href":"https:\/\/campus.hesge.ch\/head-animation\/wp-json\/wp\/v2\/types\/page"}],"author":[{"embeddable":true,"href":"https:\/\/campus.hesge.ch\/head-animation\/wp-json\/wp\/v2\/users\/1"}],"replies":[{"embeddable":true,"href":"https:\/\/campus.hesge.ch\/head-animation\/wp-json\/wp\/v2\/comments?post=4389"}],"version-history":[{"count":14,"href":"https:\/\/campus.hesge.ch\/head-animation\/wp-json\/wp\/v2\/pages\/4389\/revisions"}],"predecessor-version":[{"id":8399,"href":"https:\/\/campus.hesge.ch\/head-animation\/wp-json\/wp\/v2\/pages\/4389\/revisions\/8399"}],"wp:attachment":[{"href":"https:\/\/campus.hesge.ch\/head-animation\/wp-json\/wp\/v2\/media?parent=4389"}],"curies":[{"name":"wp","href":"https:\/\/api.w.org\/{rel}","templated":true}]}}