{"id":439,"date":"2019-05-22T08:02:57","date_gmt":"2019-05-22T08:02:57","guid":{"rendered":"https:\/\/head.hesge.ch\/atelier-animation\/?page_id=439"},"modified":"2026-02-18T16:50:30","modified_gmt":"2026-02-18T16:50:30","slug":"dip17-les","status":"publish","type":"page","link":"https:\/\/campus.hesge.ch\/head-animation\/dip17-les\/","title":{"rendered":"Un nouveau regard"},"content":{"rendered":"\n<p class=\"has-normal-font-size\"><a href=\"https:\/\/campus.hesge.ch\/head-animation\/dip\/\">&lt; Retour<\/a><\/p>\n\n\n\n<p class=\"has-medium-font-size\">Leslie Lemoine<\/p>\n\n\n\n<p>Les exp\u00e9riences de mort imminente.<\/p>\n\n\n\n<p>Compl\u00e9ment de dipl\u00f4me, pr\u00e9sentation des personnages de la bande dessin\u00e9 \u00ab\u00a0LA OU TOUT A COMMENCE &#8211; Tome 1\u00a0\u00bb.<\/p>\n\n\n\n<figure class=\"wp-block-embed aligncenter is-type-video is-provider-vimeo wp-block-embed-vimeo wp-embed-aspect-16-9 wp-has-aspect-ratio\"><div class=\"wp-block-embed__wrapper\">\n<iframe loading=\"lazy\" title=\"UN NOUVEAU REGARD 16-17\" src=\"https:\/\/player.vimeo.com\/video\/224491447?dnt=1&amp;app_id=122963\" width=\"739\" height=\"416\" frameborder=\"0\" allow=\"autoplay; fullscreen\" allowfullscreen><\/iframe>\n<\/div><\/figure>\n\n\n\n<figure class=\"wp-block-embed aligncenter is-type-video is-provider-vimeo wp-block-embed-vimeo wp-embed-aspect-16-9 wp-has-aspect-ratio\"><div class=\"wp-block-embed__wrapper\">\n<iframe loading=\"lazy\" title=\"UN NOUVEAU REGARD 16-17 films\" src=\"https:\/\/player.vimeo.com\/video\/224086812?dnt=1&amp;app_id=122963\" width=\"739\" height=\"416\" frameborder=\"0\" allow=\"autoplay; fullscreen\" allowfullscreen><\/iframe>\n<\/div><\/figure>\n\n\n<div class=\"wp-block-image\">\n<figure class=\"alignleft size-large\"><img loading=\"lazy\" decoding=\"async\" width=\"960\" height=\"641\" src=\"https:\/\/campus.hesge.ch\/head-animation\/wp-content\/uploads\/2019\/05\/17dipl2.jpg\" alt=\"\" class=\"wp-image-440\" srcset=\"https:\/\/campus.hesge.ch\/head-animation\/wp-content\/uploads\/2019\/05\/17dipl2.jpg 960w, https:\/\/campus.hesge.ch\/head-animation\/wp-content\/uploads\/2019\/05\/17dipl2-300x200.jpg 300w, https:\/\/campus.hesge.ch\/head-animation\/wp-content\/uploads\/2019\/05\/17dipl2-768x513.jpg 768w\" sizes=\"auto, (max-width: 960px) 100vw, 960px\" \/><\/figure>\n<\/div>\n\n<div class=\"wp-block-image\">\n<figure class=\"aligncenter size-large is-resized\"><img loading=\"lazy\" decoding=\"async\" width=\"960\" height=\"1\" src=\"https:\/\/campus.hesge.ch\/head-animation\/wp-content\/uploads\/2020\/01\/1px.jpg\" alt=\"\" class=\"wp-image-3212\" style=\"width:580px;height:0\" srcset=\"https:\/\/campus.hesge.ch\/head-animation\/wp-content\/uploads\/2020\/01\/1px.jpg 960w, https:\/\/campus.hesge.ch\/head-animation\/wp-content\/uploads\/2020\/01\/1px-300x1.jpg 300w, https:\/\/campus.hesge.ch\/head-animation\/wp-content\/uploads\/2020\/01\/1px-150x1.jpg 150w, https:\/\/campus.hesge.ch\/head-animation\/wp-content\/uploads\/2020\/01\/1px-768x1.jpg 768w\" sizes=\"auto, (max-width: 960px) 100vw, 960px\" \/><\/figure>\n<\/div>","protected":false},"excerpt":{"rendered":"<p>&lt; Retour Leslie Lemoine Les exp\u00e9riences de mort imminente. Compl\u00e9ment de dipl\u00f4me, pr\u00e9sentation des personnages de la bande dessin\u00e9 \u00ab\u00a0LA OU TOUT A COMMENCE &#8211; Tome 1\u00a0\u00bb.<\/p>\n","protected":false},"author":1,"featured_media":0,"parent":0,"menu_order":0,"comment_status":"closed","ping_status":"closed","template":"fullwidth-page.php","meta":{"footnotes":""},"class_list":["post-439","page","type-page","status-publish","hentry"],"_links":{"self":[{"href":"https:\/\/campus.hesge.ch\/head-animation\/wp-json\/wp\/v2\/pages\/439","targetHints":{"allow":["GET"]}}],"collection":[{"href":"https:\/\/campus.hesge.ch\/head-animation\/wp-json\/wp\/v2\/pages"}],"about":[{"href":"https:\/\/campus.hesge.ch\/head-animation\/wp-json\/wp\/v2\/types\/page"}],"author":[{"embeddable":true,"href":"https:\/\/campus.hesge.ch\/head-animation\/wp-json\/wp\/v2\/users\/1"}],"replies":[{"embeddable":true,"href":"https:\/\/campus.hesge.ch\/head-animation\/wp-json\/wp\/v2\/comments?post=439"}],"version-history":[{"count":12,"href":"https:\/\/campus.hesge.ch\/head-animation\/wp-json\/wp\/v2\/pages\/439\/revisions"}],"predecessor-version":[{"id":8369,"href":"https:\/\/campus.hesge.ch\/head-animation\/wp-json\/wp\/v2\/pages\/439\/revisions\/8369"}],"wp:attachment":[{"href":"https:\/\/campus.hesge.ch\/head-animation\/wp-json\/wp\/v2\/media?parent=439"}],"curies":[{"name":"wp","href":"https:\/\/api.w.org\/{rel}","templated":true}]}}