{"id":4788,"date":"2021-07-09T06:01:26","date_gmt":"2021-07-09T06:01:26","guid":{"rendered":"https:\/\/campus.hesge.ch\/head-animation\/?page_id=4788"},"modified":"2026-02-18T20:21:27","modified_gmt":"2026-02-18T20:21:27","slug":"dip21","status":"publish","type":"page","link":"https:\/\/campus.hesge.ch\/head-animation\/dip21\/","title":{"rendered":"Petite"},"content":{"rendered":"\n<p><a href=\"https:\/\/campus.hesge.ch\/head-animation\/dip#d22\">&lt; Retour<\/a><\/p>\n\n\n\n<p class=\"has-medium-font-size\">Nina Megroz<br>Bachelor en Communication Visuelle sp\u00e9cialisation Image R\u00e9cit<\/p>\n\n\n\n<p>Petite est un court-m\u00e9trage anim\u00e9 racontant la cohabitation difficile entre une femme et une toute petite personne qui ne semble pas \u00eatre la bienvenue dans son quotidien. Comment arrive-ront-elles \u00e0 r\u00e9gler leurs diff\u00e9rends et \u00e0 s\u2019accepter mutuellement ?Ce film exprime la difficult\u00e9 qu\u2019une personne peut rencontrer \u00e0 accepter les diff\u00e9rentes versions d\u2019elle-m\u00eame et illustre le conflit qui peut exister entre son \u00ab vrai self \u00bb et son \u00ab faux self \u00bb, termes qui d\u00e9finissent les diff\u00e9rentes facettes que l\u2019on adopte en soci\u00e9t\u00e9, ainsi que dans notre cercle social. Ce travail cherche \u00e0 porter un regard optimiste et po\u00e9tique sur cette probl\u00e9matique.<\/p>\n\n\n\n<p>R\u00e9alisation : Nina Megroz<br>Musique : Augustin Sjollema<br>Montage sonore : Loris Sch\u00e4ren<br>Enregistrement des sons : Loris Sch\u00e4ren, Marilyne Emery, Daniel Emery, Nina Megroz<br>Encadrement : Benjamin Stroun, Helge Reumann, Claudy Iannone<\/p>\n\n\n\n<h3 class=\"wp-block-heading\">Trailer<\/h3>\n\n\n\n<div style=\"padding:56.25% 0 0 0;position:relative;\"><iframe src=\"https:\/\/player.vimeo.com\/video\/572903445?title=0&amp;byline=0&amp;portrait=0\" style=\"position:absolute;top:0;left:0;width:100%;height:100%;\" frameborder=\"0\" allow=\"autoplay; fullscreen; picture-in-picture\" allowfullscreen=\"\"><\/iframe><\/div><script src=\"https:\/\/player.vimeo.com\/api\/player.js\"><\/script>\n","protected":false},"excerpt":{"rendered":"<p>&lt; Retour Nina MegrozBachelor en Communication Visuelle sp\u00e9cialisation Image R\u00e9cit Petite est un court-m\u00e9trage anim\u00e9 racontant la cohabitation difficile entre une femme et une toute petite personne qui ne semble pas \u00eatre la bienvenue dans son quotidien. Comment arrive-ront-elles \u00e0 r\u00e9gler leurs diff\u00e9rends et \u00e0 s\u2019accepter mutuellement ?Ce film exprime la difficult\u00e9 qu\u2019une personne peut&hellip; <a class=\"more-link\" href=\"https:\/\/campus.hesge.ch\/head-animation\/dip21\/\">Continue reading <span class=\"screen-reader-text\">Petite<\/span> <span class=\"meta-nav\" aria-hidden=\"true\">&rarr;<\/span><\/a><\/p>\n","protected":false},"author":1,"featured_media":0,"parent":0,"menu_order":0,"comment_status":"closed","ping_status":"closed","template":"fullwidth-page.php","meta":{"footnotes":""},"class_list":["post-4788","page","type-page","status-publish","hentry"],"_links":{"self":[{"href":"https:\/\/campus.hesge.ch\/head-animation\/wp-json\/wp\/v2\/pages\/4788","targetHints":{"allow":["GET"]}}],"collection":[{"href":"https:\/\/campus.hesge.ch\/head-animation\/wp-json\/wp\/v2\/pages"}],"about":[{"href":"https:\/\/campus.hesge.ch\/head-animation\/wp-json\/wp\/v2\/types\/page"}],"author":[{"embeddable":true,"href":"https:\/\/campus.hesge.ch\/head-animation\/wp-json\/wp\/v2\/users\/1"}],"replies":[{"embeddable":true,"href":"https:\/\/campus.hesge.ch\/head-animation\/wp-json\/wp\/v2\/comments?post=4788"}],"version-history":[{"count":12,"href":"https:\/\/campus.hesge.ch\/head-animation\/wp-json\/wp\/v2\/pages\/4788\/revisions"}],"predecessor-version":[{"id":8432,"href":"https:\/\/campus.hesge.ch\/head-animation\/wp-json\/wp\/v2\/pages\/4788\/revisions\/8432"}],"wp:attachment":[{"href":"https:\/\/campus.hesge.ch\/head-animation\/wp-json\/wp\/v2\/media?parent=4788"}],"curies":[{"name":"wp","href":"https:\/\/api.w.org\/{rel}","templated":true}]}}