{"id":4911,"date":"2021-07-13T15:24:11","date_gmt":"2021-07-13T15:24:11","guid":{"rendered":"https:\/\/campus.hesge.ch\/head-animation\/?page_id=4911"},"modified":"2026-02-18T17:05:02","modified_gmt":"2026-02-18T17:05:02","slug":"gifo","status":"publish","type":"page","link":"https:\/\/campus.hesge.ch\/head-animation\/gifo\/","title":{"rendered":"Gifoth\u00e8que"},"content":{"rendered":"\n<p><a href=\"https:\/\/campus.hesge.ch\/head-animation\/wme\/\">&lt; Retour<\/a><\/p>\n\n\n\n<p>Ce projet est une extension du mandat men\u00e9 en collaboration avec la biblioth\u00e8que de la HEAD en 2018 &#8211; 2019. Voir <a href=\"https:\/\/campus.hesge.ch\/head-animation\/gal\/wme\/wme19bib\/\">Mandat BIBLIOTH\u00c8QUE HEAD \u2013 Gen\u00e8ve<\/a>. Il avait pour but de proposer gratuitement des animations GIF cr\u00e9es au sein des cours d&rsquo;animation. Il a pris fin en juillet 2021.<\/p>\n\n\n<div class=\"wp-block-image\">\n<figure class=\"alignleft size-large\"><a href=\"https:\/\/campus.hesge.ch\/head-animation\/gifo21\/\"><img loading=\"lazy\" decoding=\"async\" width=\"250\" height=\"162\" src=\"https:\/\/campus.hesge.ch\/head-animation\/wp-content\/uploads\/2022\/04\/gifo21.gif\" alt=\"\" class=\"wp-image-5471\"\/><\/a><figcaption class=\"wp-element-caption\">Gifs 2020 &#8211; 2021<\/figcaption><\/figure>\n<\/div>\n\n<div class=\"wp-block-image\">\n<figure class=\"alignleft size-large\"><a href=\"https:\/\/campus.hesge.ch\/head-animation\/gifo20\/\"><img loading=\"lazy\" decoding=\"async\" width=\"250\" height=\"162\" src=\"https:\/\/campus.hesge.ch\/head-animation\/wp-content\/uploads\/2022\/04\/gifo20.gif\" alt=\"\" class=\"wp-image-5470\"\/><\/a><figcaption class=\"wp-element-caption\">Gifs 2019 &#8211; 2020<\/figcaption><\/figure>\n<\/div>\n\n<div class=\"wp-block-image\">\n<figure class=\"alignleft size-large\"><a href=\"https:\/\/campus.hesge.ch\/head-animation\/gifo19\/\"><img loading=\"lazy\" decoding=\"async\" width=\"250\" height=\"162\" src=\"https:\/\/campus.hesge.ch\/head-animation\/wp-content\/uploads\/2022\/04\/gifo19.gif\" alt=\"\" class=\"wp-image-5469\"\/><\/a><figcaption class=\"wp-element-caption\">Gifs 2018 &#8211; 2019<\/figcaption><\/figure>\n<\/div>","protected":false},"excerpt":{"rendered":"<p>&lt; Retour Ce projet est une extension du mandat men\u00e9 en collaboration avec la biblioth\u00e8que de la HEAD en 2018 &#8211; 2019. Voir Mandat BIBLIOTH\u00c8QUE HEAD \u2013 Gen\u00e8ve. Il avait pour but de proposer gratuitement des animations GIF cr\u00e9es au sein des cours d&rsquo;animation. Il a pris fin en juillet 2021.<\/p>\n","protected":false},"author":1,"featured_media":0,"parent":0,"menu_order":0,"comment_status":"closed","ping_status":"closed","template":"fullwidth-page.php","meta":{"footnotes":""},"class_list":["post-4911","page","type-page","status-publish","hentry"],"_links":{"self":[{"href":"https:\/\/campus.hesge.ch\/head-animation\/wp-json\/wp\/v2\/pages\/4911","targetHints":{"allow":["GET"]}}],"collection":[{"href":"https:\/\/campus.hesge.ch\/head-animation\/wp-json\/wp\/v2\/pages"}],"about":[{"href":"https:\/\/campus.hesge.ch\/head-animation\/wp-json\/wp\/v2\/types\/page"}],"author":[{"embeddable":true,"href":"https:\/\/campus.hesge.ch\/head-animation\/wp-json\/wp\/v2\/users\/1"}],"replies":[{"embeddable":true,"href":"https:\/\/campus.hesge.ch\/head-animation\/wp-json\/wp\/v2\/comments?post=4911"}],"version-history":[{"count":53,"href":"https:\/\/campus.hesge.ch\/head-animation\/wp-json\/wp\/v2\/pages\/4911\/revisions"}],"predecessor-version":[{"id":8376,"href":"https:\/\/campus.hesge.ch\/head-animation\/wp-json\/wp\/v2\/pages\/4911\/revisions\/8376"}],"wp:attachment":[{"href":"https:\/\/campus.hesge.ch\/head-animation\/wp-json\/wp\/v2\/media?parent=4911"}],"curies":[{"name":"wp","href":"https:\/\/api.w.org\/{rel}","templated":true}]}}