{"id":5029,"date":"2021-07-29T15:18:54","date_gmt":"2021-07-29T15:18:54","guid":{"rendered":"https:\/\/campus.hesge.ch\/head-animation\/?page_id=5029"},"modified":"2022-10-02T08:14:24","modified_gmt":"2022-10-02T08:14:24","slug":"gifo21","status":"publish","type":"page","link":"https:\/\/campus.hesge.ch\/head-animation\/gifo21\/","title":{"rendered":"Gifoth\u00e8que 2020 &#8211; 2021"},"content":{"rendered":"\n<p><a href=\"https:\/\/campus.hesge.ch\/head-animation\/gifo\/\">&lt; Retour<\/a><\/p>\n\n\n\n<div class=\"wp-block-columns is-layout-flex wp-container-core-columns-is-layout-9d6595d7 wp-block-columns-is-layout-flex\">\n<div class=\"wp-block-column is-layout-flow wp-block-column-is-layout-flow\" style=\"flex-basis:66.66%\">\n<p>Les animations sont librement t\u00e9l\u00e9chargeables.<br>Avec des animations de Dorodea Leone, Irvin Vaucher, Laura Abate Stepanova, Loris Sch\u00e4ren, Melisa Oezkul, Nina Megroz et Th\u00e9a Heckendorn.<\/p>\n<\/div>\n\n\n\n<div class=\"wp-block-column is-layout-flow wp-block-column-is-layout-flow\" style=\"flex-basis:33.33%\"><\/div>\n<\/div>\n\n\n<style type=\"text\/css\" scoped>.rbs_gallery_69e6661fe89c0Spinner{\r\n\t\t\t\tmargin: 50px auto;\r\n\t\t\t\twidth: 50px;\r\n\t\t\t\theight: 40px;\r\n\t\t\t\ttext-align: center;\r\n\t\t\t\tfont-size: 10px;\r\n\t\t\t}\r\n\t\t\t.rbs_gallery_69e6661fe89c0Spinner > div{\r\n\t\t\t  background-color: #333;\r\n\t\t\t  height: 100%;\r\n\t\t\t  width: 6px;\r\n\t\t\t  display: inline-block;\r\n\t\t\t  -webkit-animation: rbs_gallery_69e6661fe89c0-stretchdelay 1.2s infinite ease-in-out;\r\n\t\t\t  animation: rbs_gallery_69e6661fe89c0-stretchdelay 1.2s infinite ease-in-out;\r\n\t\t\t}\r\n\t\t\t.rbs_gallery_69e6661fe89c0Spinner .rbs_gallery_69e6661fe89c0Rect2 {\r\n\t\t\t  -webkit-animation-delay: -1.1s;\r\n\t\t\t  animation-delay: -1.1s;\r\n\t\t\t}\r\n\t\t\t.rbs_gallery_69e6661fe89c0Spinner .rbs_gallery_69e6661fe89c0Rect3 {\r\n\t\t\t  -webkit-animation-delay: -1.0s;\r\n\t\t\t  animation-delay: -1.0s;\r\n\t\t\t}\r\n\t\t\t.rbs_gallery_69e6661fe89c0Spinner .rbs_gallery_69e6661fe89c0Rect4 {\r\n\t\t\t  -webkit-animation-delay: -0.9s;\r\n\t\t\t  animation-delay: -0.9s;\r\n\t\t\t}\r\n\t\t\t.rbs_gallery_69e6661fe89c0Spinner .rbs_gallery_69e6661fe89c0Rect5 {\r\n\t\t\t  -webkit-animation-delay: -0.8s;\r\n\t\t\t  animation-delay: -0.8s;\r\n\t\t\t}\r\n\t\t\t@-webkit-keyframes rbs_gallery_69e6661fe89c0-stretchdelay {\r\n\t\t\t  0%, 40%, 100% { -webkit-transform: scaleY(0.4) }  \r\n\t\t\t  20% { -webkit-transform: scaleY(1.0) }\r\n\t\t\t}\r\n\t\t\t@keyframes rbs_gallery_69e6661fe89c0-stretchdelay {\r\n\t\t\t  0%, 40%, 100% { \r\n\t\t\t    transform: scaleY(0.4);\r\n\t\t\t    -webkit-transform: scaleY(0.4);\r\n\t\t\t  }  20% { \r\n\t\t\t    transform: scaleY(1.0);\r\n\t\t\t    -webkit-transform: scaleY(1.0);\r\n\t\t\t  }\r\n\t\t\t}\r\n\t\t<\/style><div class=\"robo-gallery-wrap robo-gallery-wrap-id5382 robo-gallery-grid\" ><div id=\"rbs_gallery_69e6661fe89c0-block-loader\" class=\"rbs_gallery_69e6661fe89c0Spinner\"><div class=\"rbs_gallery_69e6661fe89c0Rect1\"><\/div> <div class=\"rbs_gallery_69e6661fe89c0Rect2\"><\/div> <div class=\"rbs_gallery_69e6661fe89c0Rect3\"><\/div> <div class=\"rbs_gallery_69e6661fe89c0Rect4\"><\/div> <div class=\"rbs_gallery_69e6661fe89c0Rect5\"><\/div><\/div><div id=\"robo_gallery_main_block_rbs_gallery_69e6661fe89c0\" class=\"robogallery-gallery-5382\" style=\"width:100%;  display: none;\"><div id=\"rbs_gallery_69e6661fe89c0\" data-options=\"rbs_gallery_69e6661fe89c0\" style=\"width:100%;\" class=\"robo_gallery  \"><div class=\"rbs-img  category5382 \" ><div class=\"rbs-img-image   rbs-lightbox \" ><div class=\"rbs-img-thumbs\"  data-thumbnail=\"https:\/\/campus.hesge.ch\/head-animation\/wp-content\/uploads\/2022\/04\/HEAD-Geneve-\u00aeDorodea_Leone-1.gif\"  title=\"HEAD-Geneve-\u00aeDorodea_Leone-1\"  data-width=\"270\"  data-height=\"304\" ><\/div><div class=\"rbs-img-data-popup\"  data-popup=\"https:\/\/campus.hesge.ch\/head-animation\/wp-content\/uploads\/2022\/04\/HEAD-Geneve-\u00aeDorodea_Leone-1.gif\"  title=\"HEAD-Geneve-\u00aeDorodea_Leone-1\" ><\/div><div class=\"thumbnail-overlay\"><\/div><\/div><\/div><div class=\"rbs-img  category5382 \" ><div class=\"rbs-img-image   rbs-lightbox \" ><div class=\"rbs-img-thumbs\"  data-thumbnail=\"https:\/\/campus.hesge.ch\/head-animation\/wp-content\/uploads\/2022\/04\/HEAD-Geneve-\u00aeDorodea_Leone-2.gif\"  title=\"HEAD-Geneve-\u00aeDorodea_Leone-2\"  data-width=\"270\"  data-height=\"304\" ><\/div><div class=\"rbs-img-data-popup\"  data-popup=\"https:\/\/campus.hesge.ch\/head-animation\/wp-content\/uploads\/2022\/04\/HEAD-Geneve-\u00aeDorodea_Leone-2.gif\"  title=\"HEAD-Geneve-\u00aeDorodea_Leone-2\" ><\/div><div class=\"thumbnail-overlay\"><\/div><\/div><\/div><div class=\"rbs-img  category5382 \" ><div class=\"rbs-img-image   rbs-lightbox \" ><div class=\"rbs-img-thumbs\"  data-thumbnail=\"https:\/\/campus.hesge.ch\/head-animation\/wp-content\/uploads\/2022\/04\/HEAD-Geneve-\u00aeDorodea_Leone-3.gif\"  title=\"HEAD-Geneve-\u00aeDorodea_Leone-3\"  data-width=\"270\"  data-height=\"304\" ><\/div><div class=\"rbs-img-data-popup\"  data-popup=\"https:\/\/campus.hesge.ch\/head-animation\/wp-content\/uploads\/2022\/04\/HEAD-Geneve-\u00aeDorodea_Leone-3.gif\"  title=\"HEAD-Geneve-\u00aeDorodea_Leone-3\" ><\/div><div class=\"thumbnail-overlay\"><\/div><\/div><\/div><div class=\"rbs-img  category5382 \" ><div class=\"rbs-img-image   rbs-lightbox \" ><div class=\"rbs-img-thumbs\"  data-thumbnail=\"https:\/\/campus.hesge.ch\/head-animation\/wp-content\/uploads\/2022\/04\/HEAD-Geneve-\u00aeDorodea_Leone-4.gif\"  title=\"HEAD-Geneve-\u00aeDorodea_Leone-4\"  data-width=\"270\"  data-height=\"304\" ><\/div><div class=\"rbs-img-data-popup\"  data-popup=\"https:\/\/campus.hesge.ch\/head-animation\/wp-content\/uploads\/2022\/04\/HEAD-Geneve-\u00aeDorodea_Leone-4.gif\"  title=\"HEAD-Geneve-\u00aeDorodea_Leone-4\" ><\/div><div class=\"thumbnail-overlay\"><\/div><\/div><\/div><div class=\"rbs-img  category5382 \" ><div class=\"rbs-img-image   rbs-lightbox \" ><div class=\"rbs-img-thumbs\"  data-thumbnail=\"https:\/\/campus.hesge.ch\/head-animation\/wp-content\/uploads\/2022\/04\/HEAD-Geneve-\u00aeDorodea_Leone-5.gif\"  title=\"HEAD-Geneve-\u00aeDorodea_Leone-5\"  data-width=\"270\"  data-height=\"304\" ><\/div><div class=\"rbs-img-data-popup\"  data-popup=\"https:\/\/campus.hesge.ch\/head-animation\/wp-content\/uploads\/2022\/04\/HEAD-Geneve-\u00aeDorodea_Leone-5.gif\"  title=\"HEAD-Geneve-\u00aeDorodea_Leone-5\" ><\/div><div class=\"thumbnail-overlay\"><\/div><\/div><\/div><div class=\"rbs-img  category5382 \" ><div class=\"rbs-img-image   rbs-lightbox \" ><div class=\"rbs-img-thumbs\"  data-thumbnail=\"https:\/\/campus.hesge.ch\/head-animation\/wp-content\/uploads\/2022\/04\/HEAD-Geneve-\u00aeIrvin_Vaucher.gif\"  title=\"HEAD-Geneve-\u00aeIrvin_Vaucher\"  data-width=\"270\"  data-height=\"304\" ><\/div><div class=\"rbs-img-data-popup\"  data-popup=\"https:\/\/campus.hesge.ch\/head-animation\/wp-content\/uploads\/2022\/04\/HEAD-Geneve-\u00aeIrvin_Vaucher.gif\"  title=\"HEAD-Geneve-\u00aeIrvin_Vaucher\" ><\/div><div class=\"thumbnail-overlay\"><\/div><\/div><\/div><div class=\"rbs-img  category5382 \" ><div class=\"rbs-img-image   rbs-lightbox \" ><div class=\"rbs-img-thumbs\"  data-thumbnail=\"https:\/\/campus.hesge.ch\/head-animation\/wp-content\/uploads\/2022\/04\/HEAD-Geneve-\u00aeLaura_Abate_Stepanova.gif\"  title=\"HEAD-Geneve-\u00aeLaura_Abate_Stepanova\"  data-width=\"400\"  data-height=\"258\" ><\/div><div class=\"rbs-img-data-popup\"  data-popup=\"https:\/\/campus.hesge.ch\/head-animation\/wp-content\/uploads\/2022\/04\/HEAD-Geneve-\u00aeLaura_Abate_Stepanova.gif\"  title=\"HEAD-Geneve-\u00aeLaura_Abate_Stepanova\" ><\/div><div class=\"thumbnail-overlay\"><\/div><\/div><\/div><div class=\"rbs-img  category5382 \" ><div class=\"rbs-img-image   rbs-lightbox \" ><div class=\"rbs-img-thumbs\"  data-thumbnail=\"https:\/\/campus.hesge.ch\/head-animation\/wp-content\/uploads\/2022\/04\/HEAD-Geneve-\u00aeMelisa_Oezkul.gif\"  title=\"HEAD-Geneve-\u00aeMelisa_Oezkul\"  data-width=\"400\"  data-height=\"258\" ><\/div><div class=\"rbs-img-data-popup\"  data-popup=\"https:\/\/campus.hesge.ch\/head-animation\/wp-content\/uploads\/2022\/04\/HEAD-Geneve-\u00aeMelisa_Oezkul.gif\"  title=\"HEAD-Geneve-\u00aeMelisa_Oezkul\" ><\/div><div class=\"thumbnail-overlay\"><\/div><\/div><\/div><div class=\"rbs-img  category5382 \" ><div class=\"rbs-img-image   rbs-lightbox \" ><div class=\"rbs-img-thumbs\"  data-thumbnail=\"https:\/\/campus.hesge.ch\/head-animation\/wp-content\/uploads\/2022\/04\/HEAD-Geneve-\u00aeNina_Megroz-1.gif\"  title=\"HEAD-Geneve-\u00aeNina_Megroz-1\"  data-width=\"270\"  data-height=\"304\" ><\/div><div class=\"rbs-img-data-popup\"  data-popup=\"https:\/\/campus.hesge.ch\/head-animation\/wp-content\/uploads\/2022\/04\/HEAD-Geneve-\u00aeNina_Megroz-1.gif\"  title=\"HEAD-Geneve-\u00aeNina_Megroz-1\" ><\/div><div class=\"thumbnail-overlay\"><\/div><\/div><\/div><div class=\"rbs-img  category5382 \" ><div class=\"rbs-img-image   rbs-lightbox \" ><div class=\"rbs-img-thumbs\"  data-thumbnail=\"https:\/\/campus.hesge.ch\/head-animation\/wp-content\/uploads\/2022\/04\/HEAD-Geneve-\u00aeNina_Megroz-2.gif\"  title=\"HEAD-Geneve-\u00aeNina_Megroz-2\"  data-width=\"270\"  data-height=\"304\" ><\/div><div class=\"rbs-img-data-popup\"  data-popup=\"https:\/\/campus.hesge.ch\/head-animation\/wp-content\/uploads\/2022\/04\/HEAD-Geneve-\u00aeNina_Megroz-2.gif\"  title=\"HEAD-Geneve-\u00aeNina_Megroz-2\" ><\/div><div class=\"thumbnail-overlay\"><\/div><\/div><\/div><div class=\"rbs-img  category5382 \" ><div class=\"rbs-img-image   rbs-lightbox \" ><div class=\"rbs-img-thumbs\"  data-thumbnail=\"https:\/\/campus.hesge.ch\/head-animation\/wp-content\/uploads\/2022\/04\/HEAD-Geneve-\u00aeNina_Megroz-3.gif\"  title=\"HEAD-Geneve-\u00aeNina_Megroz-3\"  data-width=\"400\"  data-height=\"344\" ><\/div><div class=\"rbs-img-data-popup\"  data-popup=\"https:\/\/campus.hesge.ch\/head-animation\/wp-content\/uploads\/2022\/04\/HEAD-Geneve-\u00aeNina_Megroz-3.gif\"  title=\"HEAD-Geneve-\u00aeNina_Megroz-3\" ><\/div><div class=\"thumbnail-overlay\"><\/div><\/div><\/div><div class=\"rbs-img  category5382 \" ><div class=\"rbs-img-image   rbs-lightbox \" ><div class=\"rbs-img-thumbs\"  data-thumbnail=\"https:\/\/campus.hesge.ch\/head-animation\/wp-content\/uploads\/2022\/04\/HEAD-Geneve-\u00aeNina_Megroz-4.gif\"  title=\"HEAD-Geneve-\u00aeNina_Megroz-4\"  data-width=\"270\"  data-height=\"304\" ><\/div><div class=\"rbs-img-data-popup\"  data-popup=\"https:\/\/campus.hesge.ch\/head-animation\/wp-content\/uploads\/2022\/04\/HEAD-Geneve-\u00aeNina_Megroz-4.gif\"  title=\"HEAD-Geneve-\u00aeNina_Megroz-4\" ><\/div><div class=\"thumbnail-overlay\"><\/div><\/div><\/div><div class=\"rbs-img  category5382 \" ><div class=\"rbs-img-image   rbs-lightbox \" ><div class=\"rbs-img-thumbs\"  data-thumbnail=\"https:\/\/campus.hesge.ch\/head-animation\/wp-content\/uploads\/2022\/04\/HEAD-Geneve-\u00aeThea_Heckendorn.gif\"  title=\"HEAD-Geneve-\u00aeThea_Heckendorn\"  data-width=\"400\"  data-height=\"258\" ><\/div><div class=\"rbs-img-data-popup\"  data-popup=\"https:\/\/campus.hesge.ch\/head-animation\/wp-content\/uploads\/2022\/04\/HEAD-Geneve-\u00aeThea_Heckendorn.gif\"  title=\"HEAD-Geneve-\u00aeThea_Heckendorn\" ><\/div><div class=\"thumbnail-overlay\"><\/div><\/div><\/div><\/div><\/div><\/div><script>var rbs_gallery_69e6661fe89c0 = {\"version\":\"5.1.1\",\"id\":5382,\"class\":\"id5382\",\"roboGalleryDelay\":1000,\"mainContainer\":\"#robo_gallery_main_block_rbs_gallery_69e6661fe89c0\",\"loadingContainer\":\"#rbs_gallery_69e6661fe89c0-block-loader\",\"loadingContainerObj\":\"rbs_gallery_69e6661fe89c0-block-loader\",\"columnWidth\":\"auto\",\"columns\":3,\"resolutions\":[{\"columnWidth\":\"auto\",\"columns\":3,\"maxWidth\":960},{\"columnWidth\":\"auto\",\"columns\":2,\"maxWidth\":650},{\"columnWidth\":\"auto\",\"columns\":1,\"maxWidth\":450}],\"hideTitle\":true,\"lightboxOptions\":{\"gallery\":{\"enabled\":true,\"tCounter\":\"%curr% of %total%\"}},\"overlayEffect\":\"direction-aware-fade\",\"boxesToLoadStart\":12,\"boxesToLoad\":8,\"waitUntilThumbLoads\":1,\"LoadingWord\":\"Loading...\",\"loadMoreWord\":\"Load More\",\"noMoreEntriesWord\":\"No More Entries\",\"horizontalSpaceBetweenBoxes\":15,\"verticalSpaceBetweenBoxes\":15,\"lazyLoad\":1,\"wrapContainer\":\"#robo-gallery-wrap-rbs_gallery_69e6661fe89c0\"};<\/script>","protected":false},"excerpt":{"rendered":"<p>&lt; Retour Les animations sont librement t\u00e9l\u00e9chargeables.Avec des animations de Dorodea Leone, Irvin Vaucher, Laura Abate Stepanova, Loris Sch\u00e4ren, Melisa Oezkul, Nina Megroz et Th\u00e9a Heckendorn.<\/p>\n","protected":false},"author":1,"featured_media":0,"parent":0,"menu_order":0,"comment_status":"closed","ping_status":"closed","template":"fullwidth-page.php","meta":{"footnotes":""},"class_list":["post-5029","page","type-page","status-publish","hentry"],"_links":{"self":[{"href":"https:\/\/campus.hesge.ch\/head-animation\/wp-json\/wp\/v2\/pages\/5029","targetHints":{"allow":["GET"]}}],"collection":[{"href":"https:\/\/campus.hesge.ch\/head-animation\/wp-json\/wp\/v2\/pages"}],"about":[{"href":"https:\/\/campus.hesge.ch\/head-animation\/wp-json\/wp\/v2\/types\/page"}],"author":[{"embeddable":true,"href":"https:\/\/campus.hesge.ch\/head-animation\/wp-json\/wp\/v2\/users\/1"}],"replies":[{"embeddable":true,"href":"https:\/\/campus.hesge.ch\/head-animation\/wp-json\/wp\/v2\/comments?post=5029"}],"version-history":[{"count":15,"href":"https:\/\/campus.hesge.ch\/head-animation\/wp-json\/wp\/v2\/pages\/5029\/revisions"}],"predecessor-version":[{"id":6524,"href":"https:\/\/campus.hesge.ch\/head-animation\/wp-json\/wp\/v2\/pages\/5029\/revisions\/6524"}],"wp:attachment":[{"href":"https:\/\/campus.hesge.ch\/head-animation\/wp-json\/wp\/v2\/media?parent=5029"}],"curies":[{"name":"wp","href":"https:\/\/api.w.org\/{rel}","templated":true}]}}