{"id":5229,"date":"2022-04-16T13:54:14","date_gmt":"2022-04-16T13:54:14","guid":{"rendered":"https:\/\/campus.hesge.ch\/head-animation\/?page_id=5229"},"modified":"2022-10-02T08:21:42","modified_gmt":"2022-10-02T08:21:42","slug":"gifo19","status":"publish","type":"page","link":"https:\/\/campus.hesge.ch\/head-animation\/gifo19\/","title":{"rendered":"Gifoth\u00e8que 2018 \u2013 2019"},"content":{"rendered":"\n<p><a href=\"https:\/\/campus.hesge.ch\/head-animation\/gifo\/\">&lt; Retour<\/a><\/p>\n\n\n\n<div class=\"wp-block-columns is-layout-flex wp-container-core-columns-is-layout-9d6595d7 wp-block-columns-is-layout-flex\">\n<div class=\"wp-block-column is-layout-flow wp-block-column-is-layout-flow\" style=\"flex-basis:66.66%\">\n<p>Les animations sont librement t\u00e9l\u00e9chargeables.<br>Avec des animations de Garance Vallier, Jeff D\u00e9lez, Marilou Poir\u00e9, P\u00e9n\u00e9lope Schachner et William Thibault.<\/p>\n<\/div>\n\n\n\n<div class=\"wp-block-column is-layout-flow wp-block-column-is-layout-flow\" style=\"flex-basis:33.33%\"><\/div>\n<\/div>\n\n\n<style type=\"text\/css\" scoped>.rbs_gallery_69cffff82612aSpinner{\r\n\t\t\t\tmargin: 50px auto;\r\n\t\t\t\twidth: 50px;\r\n\t\t\t\theight: 40px;\r\n\t\t\t\ttext-align: center;\r\n\t\t\t\tfont-size: 10px;\r\n\t\t\t}\r\n\t\t\t.rbs_gallery_69cffff82612aSpinner > div{\r\n\t\t\t  background-color: #333;\r\n\t\t\t  height: 100%;\r\n\t\t\t  width: 6px;\r\n\t\t\t  display: inline-block;\r\n\t\t\t  -webkit-animation: rbs_gallery_69cffff82612a-stretchdelay 1.2s infinite ease-in-out;\r\n\t\t\t  animation: rbs_gallery_69cffff82612a-stretchdelay 1.2s infinite ease-in-out;\r\n\t\t\t}\r\n\t\t\t.rbs_gallery_69cffff82612aSpinner .rbs_gallery_69cffff82612aRect2 {\r\n\t\t\t  -webkit-animation-delay: -1.1s;\r\n\t\t\t  animation-delay: -1.1s;\r\n\t\t\t}\r\n\t\t\t.rbs_gallery_69cffff82612aSpinner .rbs_gallery_69cffff82612aRect3 {\r\n\t\t\t  -webkit-animation-delay: -1.0s;\r\n\t\t\t  animation-delay: -1.0s;\r\n\t\t\t}\r\n\t\t\t.rbs_gallery_69cffff82612aSpinner .rbs_gallery_69cffff82612aRect4 {\r\n\t\t\t  -webkit-animation-delay: -0.9s;\r\n\t\t\t  animation-delay: -0.9s;\r\n\t\t\t}\r\n\t\t\t.rbs_gallery_69cffff82612aSpinner .rbs_gallery_69cffff82612aRect5 {\r\n\t\t\t  -webkit-animation-delay: -0.8s;\r\n\t\t\t  animation-delay: -0.8s;\r\n\t\t\t}\r\n\t\t\t@-webkit-keyframes rbs_gallery_69cffff82612a-stretchdelay {\r\n\t\t\t  0%, 40%, 100% { -webkit-transform: scaleY(0.4) }  \r\n\t\t\t  20% { -webkit-transform: scaleY(1.0) }\r\n\t\t\t}\r\n\t\t\t@keyframes rbs_gallery_69cffff82612a-stretchdelay {\r\n\t\t\t  0%, 40%, 100% { \r\n\t\t\t    transform: scaleY(0.4);\r\n\t\t\t    -webkit-transform: scaleY(0.4);\r\n\t\t\t  }  20% { \r\n\t\t\t    transform: scaleY(1.0);\r\n\t\t\t    -webkit-transform: scaleY(1.0);\r\n\t\t\t  }\r\n\t\t\t}\r\n\t\t<\/style><div class=\"robo-gallery-wrap robo-gallery-wrap-id5323 robo-gallery-grid\" ><div id=\"rbs_gallery_69cffff82612a-block-loader\" class=\"rbs_gallery_69cffff82612aSpinner\"><div class=\"rbs_gallery_69cffff82612aRect1\"><\/div> <div class=\"rbs_gallery_69cffff82612aRect2\"><\/div> <div class=\"rbs_gallery_69cffff82612aRect3\"><\/div> <div class=\"rbs_gallery_69cffff82612aRect4\"><\/div> <div class=\"rbs_gallery_69cffff82612aRect5\"><\/div><\/div><div id=\"robo_gallery_main_block_rbs_gallery_69cffff82612a\" class=\"robogallery-gallery-5323\" style=\"width:100%;  display: none;\"><div id=\"rbs_gallery_69cffff82612a\" data-options=\"rbs_gallery_69cffff82612a\" style=\"width:100%;\" class=\"robo_gallery  \"><div class=\"rbs-img  category5323 \" ><div class=\"rbs-img-image   rbs-lightbox \" ><div class=\"rbs-img-thumbs\"  data-thumbnail=\"https:\/\/campus.hesge.ch\/head-animation\/wp-content\/uploads\/2022\/04\/HEAD-Geneve-\u00aeGarance_Vallier.gif\"  title=\"HEAD-Geneve-\u00aeGarance_Vallier\"  data-width=\"400\"  data-height=\"259\" ><\/div><div class=\"rbs-img-data-popup\"  data-popup=\"https:\/\/campus.hesge.ch\/head-animation\/wp-content\/uploads\/2022\/04\/HEAD-Geneve-\u00aeGarance_Vallier.gif\"  title=\"HEAD-Geneve-\u00aeGarance_Vallier\" ><\/div><div class=\"thumbnail-overlay\"><\/div><\/div><\/div><div class=\"rbs-img  category5323 \" ><div class=\"rbs-img-image   rbs-lightbox \" ><div class=\"rbs-img-thumbs\"  data-thumbnail=\"https:\/\/campus.hesge.ch\/head-animation\/wp-content\/uploads\/2022\/04\/HEAD-Geneve-\u00aeJeff_Delez-green.gif\"  title=\"HEAD-Geneve-\u00aeJeff_Delez-green\"  data-width=\"400\"  data-height=\"259\" ><\/div><div class=\"rbs-img-data-popup\"  data-popup=\"https:\/\/campus.hesge.ch\/head-animation\/wp-content\/uploads\/2022\/04\/HEAD-Geneve-\u00aeJeff_Delez-green.gif\"  title=\"HEAD-Geneve-\u00aeJeff_Delez-green\" ><\/div><div class=\"thumbnail-overlay\"><\/div><\/div><\/div><div class=\"rbs-img  category5323 \" ><div class=\"rbs-img-image   rbs-lightbox \" ><div class=\"rbs-img-thumbs\"  data-thumbnail=\"https:\/\/campus.hesge.ch\/head-animation\/wp-content\/uploads\/2022\/04\/HEAD-Geneve-\u00aeJeff_Delez-grey.gif\"  title=\"HEAD-Geneve-\u00aeJeff_Delez-grey\"  data-width=\"400\"  data-height=\"259\" ><\/div><div class=\"rbs-img-data-popup\"  data-popup=\"https:\/\/campus.hesge.ch\/head-animation\/wp-content\/uploads\/2022\/04\/HEAD-Geneve-\u00aeJeff_Delez-grey.gif\"  title=\"HEAD-Geneve-\u00aeJeff_Delez-grey\" ><\/div><div class=\"thumbnail-overlay\"><\/div><\/div><\/div><div class=\"rbs-img  category5323 \" ><div class=\"rbs-img-image   rbs-lightbox \" ><div class=\"rbs-img-thumbs\"  data-thumbnail=\"https:\/\/campus.hesge.ch\/head-animation\/wp-content\/uploads\/2022\/04\/HEAD-Geneve-\u00aeJeff_Delez-sepia.gif\"  title=\"HEAD-Geneve-\u00aeJeff_Delez-sepia\"  data-width=\"400\"  data-height=\"259\" ><\/div><div class=\"rbs-img-data-popup\"  data-popup=\"https:\/\/campus.hesge.ch\/head-animation\/wp-content\/uploads\/2022\/04\/HEAD-Geneve-\u00aeJeff_Delez-sepia.gif\"  title=\"HEAD-Geneve-\u00aeJeff_Delez-sepia\" ><\/div><div class=\"thumbnail-overlay\"><\/div><\/div><\/div><div class=\"rbs-img  category5323 \" ><div class=\"rbs-img-image   rbs-lightbox \" ><div class=\"rbs-img-thumbs\"  data-thumbnail=\"https:\/\/campus.hesge.ch\/head-animation\/wp-content\/uploads\/2022\/04\/HEAD-Geneve-\u00aeJeff_Delez-short.gif\"  title=\"HEAD-Geneve-\u00aeJeff_Delez-short\"  data-width=\"400\"  data-height=\"259\" ><\/div><div class=\"rbs-img-data-popup\"  data-popup=\"https:\/\/campus.hesge.ch\/head-animation\/wp-content\/uploads\/2022\/04\/HEAD-Geneve-\u00aeJeff_Delez-short.gif\"  title=\"HEAD-Geneve-\u00aeJeff_Delez-short\" ><\/div><div class=\"thumbnail-overlay\"><\/div><\/div><\/div><div class=\"rbs-img  category5323 \" ><div class=\"rbs-img-image   rbs-lightbox \" ><div class=\"rbs-img-thumbs\"  data-thumbnail=\"https:\/\/campus.hesge.ch\/head-animation\/wp-content\/uploads\/2022\/04\/HEAD-Geneve-\u00aeJeff_Delez-bann.gif\"  title=\"HEAD-Geneve-\u00aeJeff_Delez-bann\"  data-width=\"1088\"  data-height=\"300\" ><\/div><div class=\"rbs-img-data-popup\"  data-popup=\"https:\/\/campus.hesge.ch\/head-animation\/wp-content\/uploads\/2022\/04\/HEAD-Geneve-\u00aeJeff_Delez-bann.gif\"  title=\"HEAD-Geneve-\u00aeJeff_Delez-bann\" ><\/div><div class=\"thumbnail-overlay\"><\/div><\/div><\/div><div class=\"rbs-img  category5323 \" ><div class=\"rbs-img-image   rbs-lightbox \" ><div class=\"rbs-img-thumbs\"  data-thumbnail=\"https:\/\/campus.hesge.ch\/head-animation\/wp-content\/uploads\/2022\/04\/HEAD-Geneve-\u00aeMarilou_Poire-1.gif\"  title=\"HEAD-Geneve-\u00aeMarilou_Poire-1\"  data-width=\"250\"  data-height=\"276\" ><\/div><div class=\"rbs-img-data-popup\"  data-popup=\"https:\/\/campus.hesge.ch\/head-animation\/wp-content\/uploads\/2022\/04\/HEAD-Geneve-\u00aeMarilou_Poire-1.gif\"  title=\"HEAD-Geneve-\u00aeMarilou_Poire-1\" ><\/div><div class=\"thumbnail-overlay\"><\/div><\/div><\/div><div class=\"rbs-img  category5323 \" ><div class=\"rbs-img-image   rbs-lightbox \" ><div class=\"rbs-img-thumbs\"  data-thumbnail=\"https:\/\/campus.hesge.ch\/head-animation\/wp-content\/uploads\/2022\/04\/HEAD-Geneve-\u00aeMarilou_Poire-2.gif\"  title=\"HEAD-Geneve-\u00aeMarilou_Poire-2\"  data-width=\"454\"  data-height=\"352\" ><\/div><div class=\"rbs-img-data-popup\"  data-popup=\"https:\/\/campus.hesge.ch\/head-animation\/wp-content\/uploads\/2022\/04\/HEAD-Geneve-\u00aeMarilou_Poire-2.gif\"  title=\"HEAD-Geneve-\u00aeMarilou_Poire-2\" ><\/div><div class=\"thumbnail-overlay\"><\/div><\/div><\/div><div class=\"rbs-img  category5323 \" ><div class=\"rbs-img-image   rbs-lightbox \" ><div class=\"rbs-img-thumbs\"  data-thumbnail=\"https:\/\/campus.hesge.ch\/head-animation\/wp-content\/uploads\/2022\/04\/HEAD-Geneve-\u00aeMarilou_Poire-3.gif\"  title=\"HEAD-Geneve-\u00aeMarilou_Poire-3\"  data-width=\"492\"  data-height=\"272\" ><\/div><div class=\"rbs-img-data-popup\"  data-popup=\"https:\/\/campus.hesge.ch\/head-animation\/wp-content\/uploads\/2022\/04\/HEAD-Geneve-\u00aeMarilou_Poire-3.gif\"  title=\"HEAD-Geneve-\u00aeMarilou_Poire-3\" ><\/div><div class=\"thumbnail-overlay\"><\/div><\/div><\/div><div class=\"rbs-img  category5323 \" ><div class=\"rbs-img-image   rbs-lightbox \" ><div class=\"rbs-img-thumbs\"  data-thumbnail=\"https:\/\/campus.hesge.ch\/head-animation\/wp-content\/uploads\/2022\/04\/HEAD-Geneve-\u00aeMarilou_Poire-4.gif\"  title=\"HEAD-Geneve-\u00aeMarilou_Poire-4\"  data-width=\"420\"  data-height=\"274\" ><\/div><div class=\"rbs-img-data-popup\"  data-popup=\"https:\/\/campus.hesge.ch\/head-animation\/wp-content\/uploads\/2022\/04\/HEAD-Geneve-\u00aeMarilou_Poire-4.gif\"  title=\"HEAD-Geneve-\u00aeMarilou_Poire-4\" ><\/div><div class=\"thumbnail-overlay\"><\/div><\/div><\/div><div class=\"rbs-img  category5323 \" ><div class=\"rbs-img-image   rbs-lightbox \" ><div class=\"rbs-img-thumbs\"  data-thumbnail=\"https:\/\/campus.hesge.ch\/head-animation\/wp-content\/uploads\/2022\/04\/HEAD-Geneve-\u00aePenelope_Schachner-1.gif\"  title=\"HEAD-Geneve-\u00aePenelope_Schachner-1\"  data-width=\"350\"  data-height=\"386\" ><\/div><div class=\"rbs-img-data-popup\"  data-popup=\"https:\/\/campus.hesge.ch\/head-animation\/wp-content\/uploads\/2022\/04\/HEAD-Geneve-\u00aePenelope_Schachner-1.gif\"  title=\"HEAD-Geneve-\u00aePenelope_Schachner-1\" ><\/div><div class=\"thumbnail-overlay\"><\/div><\/div><\/div><div class=\"rbs-img  category5323 \" ><div class=\"rbs-img-image   rbs-lightbox \" ><div class=\"rbs-img-thumbs\"  data-thumbnail=\"https:\/\/campus.hesge.ch\/head-animation\/wp-content\/uploads\/2022\/04\/HEAD-Geneve-\u00aePenelope_Schachner-2.gif\"  title=\"HEAD-Geneve-\u00aePenelope_Schachner-2\"  data-width=\"660\"  data-height=\"326\" ><\/div><div class=\"rbs-img-data-popup\"  data-popup=\"https:\/\/campus.hesge.ch\/head-animation\/wp-content\/uploads\/2022\/04\/HEAD-Geneve-\u00aePenelope_Schachner-2.gif\"  title=\"HEAD-Geneve-\u00aePenelope_Schachner-2\" ><\/div><div class=\"thumbnail-overlay\"><\/div><\/div><\/div><div class=\"rbs-img  category5323 \" ><div class=\"rbs-img-image   rbs-lightbox \" ><div class=\"rbs-img-thumbs\"  data-thumbnail=\"https:\/\/campus.hesge.ch\/head-animation\/wp-content\/uploads\/2022\/04\/HEAD-Geneve-\u00aePenelope_Schachner-3.gif\"  title=\"HEAD-Geneve-\u00aePenelope_Schachner-3\"  data-width=\"350\"  data-height=\"300\" ><\/div><div class=\"rbs-img-data-popup\"  data-popup=\"https:\/\/campus.hesge.ch\/head-animation\/wp-content\/uploads\/2022\/04\/HEAD-Geneve-\u00aePenelope_Schachner-3.gif\"  title=\"HEAD-Geneve-\u00aePenelope_Schachner-3\" ><\/div><div class=\"thumbnail-overlay\"><\/div><\/div><\/div><div class=\"rbs-img  category5323 \" ><div class=\"rbs-img-image   rbs-lightbox \" ><div class=\"rbs-img-thumbs\"  data-thumbnail=\"https:\/\/campus.hesge.ch\/head-animation\/wp-content\/uploads\/2022\/04\/HEAD-Geneve-\u00aeWilliam_Thibault-1.gif\"  title=\"HEAD-Geneve-\u00aeWilliam_Thibault-1\"  data-width=\"400\"  data-height=\"258\" ><\/div><div class=\"rbs-img-data-popup\"  data-popup=\"https:\/\/campus.hesge.ch\/head-animation\/wp-content\/uploads\/2022\/04\/HEAD-Geneve-\u00aeWilliam_Thibault-1.gif\"  title=\"HEAD-Geneve-\u00aeWilliam_Thibault-1\" ><\/div><div class=\"thumbnail-overlay\"><\/div><\/div><\/div><div class=\"rbs-img  category5323 \" ><div class=\"rbs-img-image   rbs-lightbox \" ><div class=\"rbs-img-thumbs\"  data-thumbnail=\"https:\/\/campus.hesge.ch\/head-animation\/wp-content\/uploads\/2022\/04\/HEAD-Geneve-\u00aeWilliam_Thibault-2.gif\"  title=\"HEAD-Geneve-\u00aeWilliam_Thibault-2\"  data-width=\"400\"  data-height=\"258\" ><\/div><div class=\"rbs-img-data-popup\"  data-popup=\"https:\/\/campus.hesge.ch\/head-animation\/wp-content\/uploads\/2022\/04\/HEAD-Geneve-\u00aeWilliam_Thibault-2.gif\"  title=\"HEAD-Geneve-\u00aeWilliam_Thibault-2\" ><\/div><div class=\"thumbnail-overlay\"><\/div><\/div><\/div><\/div><\/div><\/div><script>var rbs_gallery_69cffff82612a = {\"version\":\"5.1.1\",\"id\":5323,\"class\":\"id5323\",\"roboGalleryDelay\":1000,\"mainContainer\":\"#robo_gallery_main_block_rbs_gallery_69cffff82612a\",\"loadingContainer\":\"#rbs_gallery_69cffff82612a-block-loader\",\"loadingContainerObj\":\"rbs_gallery_69cffff82612a-block-loader\",\"columnWidth\":\"auto\",\"columns\":3,\"resolutions\":[{\"columnWidth\":\"auto\",\"columns\":3,\"maxWidth\":960},{\"columnWidth\":\"auto\",\"columns\":2,\"maxWidth\":650},{\"columnWidth\":\"auto\",\"columns\":1,\"maxWidth\":450}],\"hideTitle\":true,\"lightboxOptions\":{\"gallery\":{\"enabled\":true,\"tCounter\":\"%curr% of %total%\"}},\"overlayEffect\":\"direction-aware-fade\",\"boxesToLoadStart\":12,\"boxesToLoad\":8,\"waitUntilThumbLoads\":1,\"LoadingWord\":\"Loading...\",\"loadMoreWord\":\"Load More\",\"noMoreEntriesWord\":\"No More Entries\",\"horizontalSpaceBetweenBoxes\":15,\"verticalSpaceBetweenBoxes\":15,\"lazyLoad\":1,\"wrapContainer\":\"#robo-gallery-wrap-rbs_gallery_69cffff82612a\"};<\/script>","protected":false},"excerpt":{"rendered":"<p>&lt; Retour Les animations sont librement t\u00e9l\u00e9chargeables.Avec des animations de Garance Vallier, Jeff D\u00e9lez, Marilou Poir\u00e9, P\u00e9n\u00e9lope Schachner et William Thibault.<\/p>\n","protected":false},"author":1,"featured_media":0,"parent":0,"menu_order":0,"comment_status":"closed","ping_status":"closed","template":"fullwidth-page.php","meta":{"footnotes":""},"class_list":["post-5229","page","type-page","status-publish","hentry"],"_links":{"self":[{"href":"https:\/\/campus.hesge.ch\/head-animation\/wp-json\/wp\/v2\/pages\/5229","targetHints":{"allow":["GET"]}}],"collection":[{"href":"https:\/\/campus.hesge.ch\/head-animation\/wp-json\/wp\/v2\/pages"}],"about":[{"href":"https:\/\/campus.hesge.ch\/head-animation\/wp-json\/wp\/v2\/types\/page"}],"author":[{"embeddable":true,"href":"https:\/\/campus.hesge.ch\/head-animation\/wp-json\/wp\/v2\/users\/1"}],"replies":[{"embeddable":true,"href":"https:\/\/campus.hesge.ch\/head-animation\/wp-json\/wp\/v2\/comments?post=5229"}],"version-history":[{"count":94,"href":"https:\/\/campus.hesge.ch\/head-animation\/wp-json\/wp\/v2\/pages\/5229\/revisions"}],"predecessor-version":[{"id":7280,"href":"https:\/\/campus.hesge.ch\/head-animation\/wp-json\/wp\/v2\/pages\/5229\/revisions\/7280"}],"wp:attachment":[{"href":"https:\/\/campus.hesge.ch\/head-animation\/wp-json\/wp\/v2\/media?parent=5229"}],"curies":[{"name":"wp","href":"https:\/\/api.w.org\/{rel}","templated":true}]}}