{"id":5601,"date":"2022-04-20T18:43:47","date_gmt":"2022-04-20T18:43:47","guid":{"rendered":"https:\/\/campus.hesge.ch\/head-animation\/?page_id=5601"},"modified":"2026-02-18T16:38:30","modified_gmt":"2026-02-18T16:38:30","slug":"baa21","status":"publish","type":"page","link":"https:\/\/campus.hesge.ch\/head-animation\/baa21\/","title":{"rendered":"Bandes-annonces 2021"},"content":{"rendered":"\n<p><a href=\"https:\/\/campus.hesge.ch\/head-animation\/baa\/\">&lt; Retour<\/a><\/p>\n\n\n\n<p>L&rsquo;invit\u00e9e des bandes-annonces ANIMATOU 2021 \u00e9tait Sophie Le Meillour. C&rsquo;est une invit\u00e9e particuli\u00e8re car elle est une artiste visuelle transmedia oeuvrant dans la performance vid\u00e9o. Chaque matin, elle pr\u00e9sentait des animations de tous les styles pour faire d\u00e9couvrir les diff\u00e9rents aspects de ce domaine et inspirer les \u00e9tudiant\u00b7e\u00b7x\u00b7s dans la cr\u00e9ation de leur bande-annonce. Sept bandes-annonces, tr\u00e8s diff\u00e9rentes les unes des autres, ont ainsi \u00e9t\u00e9 r\u00e9alis\u00e9es.<\/p>\n\n\n\n<p>Festival Animatou : <a rel=\"noreferrer noopener\" href=\"https:\/\/animatou.com\" target=\"_blank\">animatou.com<\/a><br>Invit\u00e9e : <a href=\"http:\/\/sophielemeillour.ch\/home\/\" target=\"_blank\" rel=\"noreferrer noopener\">Sophie Le Meillour<\/a><br>Mastering : Lorin W\u00fcscher<br>Encadrement et support : Olivier Riechsteiner<\/p>\n\n\n\n<br>\n\n\n\n<h2 class=\"wp-block-heading\">Bo\u00eete \u00e0 r\u00eave<\/h2>\n\n\n\n<p>De Mathilde Schibler et Naomi Blidariu<\/p>\n\n\n\n<div style=\"padding:56.25% 0 0 0;position:relative;\"><iframe src=\"https:\/\/player.vimeo.com\/video\/701694914?h=60b215769e&amp;badge=0&amp;autopause=0&amp;player_id=0&amp;app_id=58479\" allow=\"autoplay; fullscreen; picture-in-picture\" allowfullscreen=\"\" style=\"position:absolute;top:0;left:0;width:100%;height:100%;\" title=\"ANIMATOU 2021 - BOITE &amp;Agrave; R&amp;Ecirc;VE\" frameborder=\"0\"><\/iframe><\/div><script src=\"https:\/\/player.vimeo.com\/api\/player.js\"><\/script>\n\n\n\n<br>\n<br>\n\n\n\n<h2 class=\"wp-block-heading\">\u00c9cho<\/h2>\n\n\n\n<p>De Nawfel Rouibah, Allon Haring et Belinda Thimot\u00e9e<\/p>\n\n\n\n<div style=\"padding:56.25% 0 0 0;position:relative;\"><iframe src=\"https:\/\/player.vimeo.com\/video\/701695006?h=aee91c2969&amp;badge=0&amp;autopause=0&amp;player_id=0&amp;app_id=58479\" allow=\"autoplay; fullscreen; picture-in-picture\" allowfullscreen=\"\" style=\"position:absolute;top:0;left:0;width:100%;height:100%;\" title=\"ANIMATOU 2021 - ECHO\" frameborder=\"0\"><\/iframe><\/div><script src=\"https:\/\/player.vimeo.com\/api\/player.js\"><\/script>\n\n\n\n<br>\n<br>\n\n\n\n<h2 class=\"wp-block-heading\">Embrace<\/h2>\n\n\n\n<p>De Touka Fatemi et Diana Vlasa<\/p>\n\n\n\n<div style=\"padding:56.25% 0 0 0;position:relative;\"><iframe src=\"https:\/\/player.vimeo.com\/video\/701695143?h=fd2fb59917&amp;badge=0&amp;autopause=0&amp;player_id=0&amp;app_id=58479\" allow=\"autoplay; fullscreen; picture-in-picture\" allowfullscreen=\"\" style=\"position:absolute;top:0;left:0;width:100%;height:100%;\" title=\"ANIMATOU 2021 - EMBRACE\" frameborder=\"0\"><\/iframe><\/div><script src=\"https:\/\/player.vimeo.com\/api\/player.js\"><\/script>\n\n\n\n<br>\n<br>\n\n\n\n<h2 class=\"wp-block-heading\">La distanciation sociale<\/h2>\n\n\n\n<p>De Tae-Yun Aum<\/p>\n\n\n\n<div style=\"padding:56.25% 0 0 0;position:relative;\"><iframe src=\"https:\/\/player.vimeo.com\/video\/701695201?h=8ecdc13f52&amp;badge=0&amp;autopause=0&amp;player_id=0&amp;app_id=58479\" allow=\"autoplay; fullscreen; picture-in-picture\" allowfullscreen=\"\" style=\"position:absolute;top:0;left:0;width:100%;height:100%;\" title=\"ANIMATOU 2021 - LA DISTANCIATION SOCIALE\" frameborder=\"0\"><\/iframe><\/div><script src=\"https:\/\/player.vimeo.com\/api\/player.js\"><\/script>\n\n\n\n<br>\n<br>\n\n\n\n<h2 class=\"wp-block-heading\">Ma protub\u00e9rance<\/h2>\n\n\n\n<p>D&rsquo;Arielle Kling et Nora Olivares<\/p>\n\n\n\n<div style=\"padding:56.25% 0 0 0;position:relative;\"><iframe src=\"https:\/\/player.vimeo.com\/video\/701695281?h=cea37ee20a&amp;badge=0&amp;autopause=0&amp;player_id=0&amp;app_id=58479\" allow=\"autoplay; fullscreen; picture-in-picture\" allowfullscreen=\"\" style=\"position:absolute;top:0;left:0;width:100%;height:100%;\" title=\"ANIMATOU - MA_PROTUBERANCE\" frameborder=\"0\"><\/iframe><\/div><script src=\"https:\/\/player.vimeo.com\/api\/player.js\"><\/script>\n\n\n\n<br>\n<br>\n\n\n\n<h2 class=\"wp-block-heading\">Safari<\/h2>\n\n\n\n<p>De Jeanne Nidegger<\/p>\n\n\n\n<div style=\"padding:56.25% 0 0 0;position:relative;\"><iframe src=\"https:\/\/player.vimeo.com\/video\/701695335?h=f1900ff820&amp;badge=0&amp;autopause=0&amp;player_id=0&amp;app_id=58479\" allow=\"autoplay; fullscreen; picture-in-picture\" allowfullscreen=\"\" style=\"position:absolute;top:0;left:0;width:100%;height:100%;\" title=\"ANIMATOU - SAFARI\" frameborder=\"0\"><\/iframe><\/div><script src=\"https:\/\/player.vimeo.com\/api\/player.js\"><\/script>\n\n\n\n<br>\n<br>\n\n\n\n<h2 class=\"wp-block-heading\">Samba<\/h2>\n\n\n\n<p>De Marilyne Emery, Loris Sch\u00e4ren et L\u00e9a Vautravers<\/p>\n\n\n\n<div style=\"padding:56.25% 0 0 0;position:relative;\"><iframe src=\"https:\/\/player.vimeo.com\/video\/701695471?h=68eb91d524&amp;badge=0&amp;autopause=0&amp;player_id=0&amp;app_id=58479\" allow=\"autoplay; fullscreen; picture-in-picture\" allowfullscreen=\"\" style=\"position:absolute;top:0;left:0;width:100%;height:100%;\" title=\"ANIMATOU - SAMBA\" frameborder=\"0\"><\/iframe><\/div><script src=\"https:\/\/player.vimeo.com\/api\/player.js\"><\/script>\n\n\n\n<br>\n<a href=\"#top\">&lt; Haut<\/a>\n","protected":false},"excerpt":{"rendered":"<p>&lt; Retour L&rsquo;invit\u00e9e des bandes-annonces ANIMATOU 2021 \u00e9tait Sophie Le Meillour. C&rsquo;est une invit\u00e9e particuli\u00e8re car elle est une artiste visuelle transmedia oeuvrant dans la performance vid\u00e9o. Chaque matin, elle pr\u00e9sentait des animations de tous les styles pour faire d\u00e9couvrir les diff\u00e9rents aspects de ce domaine et inspirer les \u00e9tudiant\u00b7e\u00b7x\u00b7s dans la cr\u00e9ation de leur&hellip; <a class=\"more-link\" href=\"https:\/\/campus.hesge.ch\/head-animation\/baa21\/\">Continue reading <span class=\"screen-reader-text\">Bandes-annonces 2021<\/span> <span class=\"meta-nav\" aria-hidden=\"true\">&rarr;<\/span><\/a><\/p>\n","protected":false},"author":1,"featured_media":0,"parent":0,"menu_order":0,"comment_status":"closed","ping_status":"closed","template":"fullwidth-page.php","meta":{"footnotes":""},"class_list":["post-5601","page","type-page","status-publish","hentry"],"_links":{"self":[{"href":"https:\/\/campus.hesge.ch\/head-animation\/wp-json\/wp\/v2\/pages\/5601","targetHints":{"allow":["GET"]}}],"collection":[{"href":"https:\/\/campus.hesge.ch\/head-animation\/wp-json\/wp\/v2\/pages"}],"about":[{"href":"https:\/\/campus.hesge.ch\/head-animation\/wp-json\/wp\/v2\/types\/page"}],"author":[{"embeddable":true,"href":"https:\/\/campus.hesge.ch\/head-animation\/wp-json\/wp\/v2\/users\/1"}],"replies":[{"embeddable":true,"href":"https:\/\/campus.hesge.ch\/head-animation\/wp-json\/wp\/v2\/comments?post=5601"}],"version-history":[{"count":108,"href":"https:\/\/campus.hesge.ch\/head-animation\/wp-json\/wp\/v2\/pages\/5601\/revisions"}],"predecessor-version":[{"id":8371,"href":"https:\/\/campus.hesge.ch\/head-animation\/wp-json\/wp\/v2\/pages\/5601\/revisions\/8371"}],"wp:attachment":[{"href":"https:\/\/campus.hesge.ch\/head-animation\/wp-json\/wp\/v2\/media?parent=5601"}],"curies":[{"name":"wp","href":"https:\/\/api.w.org\/{rel}","templated":true}]}}