{"id":6339,"date":"2022-06-23T20:43:15","date_gmt":"2022-06-23T20:43:15","guid":{"rendered":"https:\/\/campus.hesge.ch\/head-animation\/?page_id=6339"},"modified":"2026-02-18T15:25:52","modified_gmt":"2026-02-18T15:25:52","slug":"baa22","status":"publish","type":"page","link":"https:\/\/campus.hesge.ch\/head-animation\/baa22\/","title":{"rendered":"Bandes-annonces 2022"},"content":{"rendered":"\n<p><a href=\"https:\/\/campus.hesge.ch\/head-animation\/baa\/\">&lt; Retour<\/a><\/p>\n\n\n\n<p>Festival Animatou : <a rel=\"noreferrer noopener\" href=\"https:\/\/animatou.com\" target=\"_blank\">animatou.com<\/a><br>Invit\u00e9e : <a href=\"http:\/\/www.ciclopefilmes.com\/\" data-type=\"URL\" data-id=\"http:\/\/www.ciclopefilmes.com\/\" target=\"_blank\" rel=\"noreferrer noopener\">Regina Pessoa<\/a><br>Mastering : Lorin W\u00fcscher<br>Encadrement et support : Olivier Riechsteiner<\/p>\n\n\n\n<br>\n\n\n\n<h2 class=\"wp-block-heading\">Au travers des flammes<\/h2>\n\n\n\n<p>De Kerralie Fragni\u00e8re et Chiara Pugliese<\/p>\n\n\n\n<div style=\"padding:56.25% 0 0 0;position:relative;\"><iframe src=\"https:\/\/player.vimeo.com\/video\/723503656?h=51f72e03e6&amp;badge=0&amp;autopause=0&amp;player_id=0&amp;app_id=58479\" allow=\"autoplay; fullscreen; picture-in-picture\" allowfullscreen=\"\" style=\"position:absolute;top:0;left:0;width:100%;height:100%;\" title=\"ANIMATOU 2022 - AU TRAVERS DES FLAMMES\" frameborder=\"0\"><\/iframe><\/div><script src=\"https:\/\/player.vimeo.com\/api\/player.js\"><\/script>\n\n\n\n<br>\n<br>\n\n\n\n<h2 class=\"wp-block-heading\">Hulule<\/h2>\n\n\n\n<p>De Touka Fatemi, Enzo Guillaume, Dylan Iacovelli et Yoann Vogt-Beaussart<\/p>\n\n\n\n<div style=\"padding:56.25% 0 0 0;position:relative;\"><iframe src=\"https:\/\/player.vimeo.com\/video\/723503865?h=8fd72c643f&amp;badge=0&amp;autopause=0&amp;player_id=0&amp;app_id=58479\" allow=\"autoplay; fullscreen; picture-in-picture\" allowfullscreen=\"\" style=\"position:absolute;top:0;left:0;width:100%;height:100%;\" title=\"ANIMATOU 2022 - HULULE\" frameborder=\"0\"><\/iframe><\/div><script src=\"https:\/\/player.vimeo.com\/api\/player.js\"><\/script>\n\n\n\n<br>\n<br>\n\n\n\n<h2 class=\"wp-block-heading\">L&rsquo;ombre d&rsquo;un doute<\/h2>\n\n\n\n<p>De Sophie Anderegg, Delphine Rozmuski et Stanyslas Leray<\/p>\n\n\n\n<div style=\"padding:56.25% 0 0 0;position:relative;\"><iframe src=\"https:\/\/player.vimeo.com\/video\/723503955?h=c1cff28dbd&amp;badge=0&amp;autopause=0&amp;player_id=0&amp;app_id=58479\" allow=\"autoplay; fullscreen; picture-in-picture\" allowfullscreen=\"\" style=\"position:absolute;top:0;left:0;width:100%;height:100%;\" title=\"ANIMATOU 2022 - L&amp;#039;OMBRE D&amp;#039;UN DOUTE\" frameborder=\"0\"><\/iframe><\/div><script src=\"https:\/\/player.vimeo.com\/api\/player.js\"><\/script>\n\n\n\n<br>\n<br>\n\n\n\n<h2 class=\"wp-block-heading\">Lumi\u00e8re<\/h2>\n\n\n\n<p>De Mathilde Schibler<\/p>\n\n\n\n<div style=\"padding:56.25% 0 0 0;position:relative;\"><iframe src=\"https:\/\/player.vimeo.com\/video\/723504029?h=df94deb2bd&amp;badge=0&amp;autopause=0&amp;player_id=0&amp;app_id=58479\" allow=\"autoplay; fullscreen; picture-in-picture\" allowfullscreen=\"\" style=\"position:absolute;top:0;left:0;width:100%;height:100%;\" title=\"ANIMATOU 2022 - LUMIERE\" frameborder=\"0\"><\/iframe><\/div><script src=\"https:\/\/player.vimeo.com\/api\/player.js\"><\/script>\n\n\n\n<br>\n<br>\n\n\n\n<h2 class=\"wp-block-heading\">My main friend<\/h2>\n\n\n\n<p>De Fabien Duvoisin<\/p>\n\n\n\n<div style=\"padding:56.25% 0 0 0;position:relative;\"><iframe src=\"https:\/\/player.vimeo.com\/video\/723504184?h=0ebe6860d3&amp;badge=0&amp;autopause=0&amp;player_id=0&amp;app_id=58479\" allow=\"autoplay; fullscreen; picture-in-picture\" allowfullscreen=\"\" style=\"position:absolute;top:0;left:0;width:100%;height:100%;\" title=\"ANIMATOU 2022 - MY MAIN FRIEND\" frameborder=\"0\"><\/iframe><\/div><script src=\"https:\/\/player.vimeo.com\/api\/player.js\"><\/script>\n\n\n\n<br>\n<br>\n\n\n\n<h2 class=\"wp-block-heading\">Pause caf\u00e9<\/h2>\n\n\n\n<p>D&rsquo;Allon Haring et Pauline Riegler<\/p>\n\n\n\n<div style=\"padding:56.25% 0 0 0;position:relative;\"><iframe src=\"https:\/\/player.vimeo.com\/video\/723504253?h=45ae4dc94e&amp;badge=0&amp;autopause=0&amp;player_id=0&amp;app_id=58479\" allow=\"autoplay; fullscreen; picture-in-picture\" allowfullscreen=\"\" style=\"position:absolute;top:0;left:0;width:100%;height:100%;\" title=\"ANIMATOU 2022 - PAUSE CAFE\" frameborder=\"0\"><\/iframe><\/div><script src=\"https:\/\/player.vimeo.com\/api\/player.js\"><\/script>\n\n\n\n<br>\n<br>\n\n\n\n<h2 class=\"wp-block-heading\">Poursuite<\/h2>\n\n\n\n<p>De Ma\u00eflys Deck<\/p>\n\n\n\n<div style=\"padding:56.25% 0 0 0;position:relative;\"><iframe src=\"https:\/\/player.vimeo.com\/video\/723504333?h=9deb3b5ecc&amp;badge=0&amp;autopause=0&amp;player_id=0&amp;app_id=58479\" allow=\"autoplay; fullscreen; picture-in-picture\" allowfullscreen=\"\" style=\"position:absolute;top:0;left:0;width:100%;height:100%;\" title=\"ANIMATOU 2022 - POURSUITE\" frameborder=\"0\"><\/iframe><\/div><script src=\"https:\/\/player.vimeo.com\/api\/player.js\"><\/script>\n\n\n\n<br>\n<br>\n\n\n\n<h2 class=\"wp-block-heading\">Sans titre<\/h2>\n\n\n\n<p>De Maxime Heta<\/p>\n\n\n\n<div style=\"padding:56.25% 0 0 0;position:relative;\"><iframe src=\"https:\/\/player.vimeo.com\/video\/723504397?h=e43ddf120a&amp;badge=0&amp;autopause=0&amp;player_id=0&amp;app_id=58479\" allow=\"autoplay; fullscreen; picture-in-picture\" allowfullscreen=\"\" style=\"position:absolute;top:0;left:0;width:100%;height:100%;\" title=\"ANIMATOU 2022 - SANS TITRE\" frameborder=\"0\"><\/iframe><\/div><script src=\"https:\/\/player.vimeo.com\/api\/player.js\"><\/script>\n\n\n\n<br>\n<br>\n\n\n\n<h2 class=\"wp-block-heading\">Too far gone<\/h2>\n\n\n\n<p>De Too far gone<\/p>\n\n\n\n<div style=\"padding:56.25% 0 0 0;position:relative;\"><iframe src=\"https:\/\/player.vimeo.com\/video\/723504471?h=8f68452906&amp;badge=0&amp;autopause=0&amp;player_id=0&amp;app_id=58479\" allow=\"autoplay; fullscreen; picture-in-picture\" allowfullscreen=\"\" style=\"position:absolute;top:0;left:0;width:100%;height:100%;\" title=\"ANIMATOU 2022 - TOO FAR GONE\" frameborder=\"0\"><\/iframe><\/div><script src=\"https:\/\/player.vimeo.com\/api\/player.js\"><\/script>\n\n\n\n<br>\n<a href=\"#top\">&lt; Haut<\/a>\n\n\n\n<p><\/p>\n","protected":false},"excerpt":{"rendered":"<p>&lt; Retour Festival Animatou : animatou.comInvit\u00e9e : Regina PessoaMastering : Lorin W\u00fcscherEncadrement et support : Olivier Riechsteiner Au travers des flammes De Kerralie Fragni\u00e8re et Chiara Pugliese Hulule De Touka Fatemi, Enzo Guillaume, Dylan Iacovelli et Yoann Vogt-Beaussart L&rsquo;ombre d&rsquo;un doute De Sophie Anderegg, Delphine Rozmuski et Stanyslas Leray Lumi\u00e8re De Mathilde Schibler My main&hellip; <a class=\"more-link\" href=\"https:\/\/campus.hesge.ch\/head-animation\/baa22\/\">Continue reading <span class=\"screen-reader-text\">Bandes-annonces 2022<\/span> <span class=\"meta-nav\" aria-hidden=\"true\">&rarr;<\/span><\/a><\/p>\n","protected":false},"author":1,"featured_media":0,"parent":0,"menu_order":0,"comment_status":"closed","ping_status":"closed","template":"fullwidth-page.php","meta":{"footnotes":""},"class_list":["post-6339","page","type-page","status-publish","hentry"],"_links":{"self":[{"href":"https:\/\/campus.hesge.ch\/head-animation\/wp-json\/wp\/v2\/pages\/6339","targetHints":{"allow":["GET"]}}],"collection":[{"href":"https:\/\/campus.hesge.ch\/head-animation\/wp-json\/wp\/v2\/pages"}],"about":[{"href":"https:\/\/campus.hesge.ch\/head-animation\/wp-json\/wp\/v2\/types\/page"}],"author":[{"embeddable":true,"href":"https:\/\/campus.hesge.ch\/head-animation\/wp-json\/wp\/v2\/users\/1"}],"replies":[{"embeddable":true,"href":"https:\/\/campus.hesge.ch\/head-animation\/wp-json\/wp\/v2\/comments?post=6339"}],"version-history":[{"count":28,"href":"https:\/\/campus.hesge.ch\/head-animation\/wp-json\/wp\/v2\/pages\/6339\/revisions"}],"predecessor-version":[{"id":8341,"href":"https:\/\/campus.hesge.ch\/head-animation\/wp-json\/wp\/v2\/pages\/6339\/revisions\/8341"}],"wp:attachment":[{"href":"https:\/\/campus.hesge.ch\/head-animation\/wp-json\/wp\/v2\/media?parent=6339"}],"curies":[{"name":"wp","href":"https:\/\/api.w.org\/{rel}","templated":true}]}}