{"id":7143,"date":"2024-02-03T20:27:30","date_gmt":"2024-02-03T20:27:30","guid":{"rendered":"https:\/\/campus.hesge.ch\/head-animation\/?page_id=7143"},"modified":"2026-02-18T18:28:36","modified_gmt":"2026-02-18T18:28:36","slug":"cours","status":"publish","type":"page","link":"https:\/\/campus.hesge.ch\/head-animation\/cours\/","title":{"rendered":"Cours"},"content":{"rendered":"\n<hr \/>\n<br>\n\n\n\n<h2 class=\"wp-block-heading\" style=\"font-size:35px\"><strong>Transversaux<\/strong><\/h2>\n\n\n\n<p>Ces cours sont propos\u00e9s \u00e0 toutes les fili\u00e8res Bachelor de la HEAD \u2013 Gen\u00e8ve.<\/p>\n\n\n\n<h2 class=\"wp-block-heading\">Semestre d&rsquo;automne<\/h2>\n\n\n\n<div style=\"height:20px\" aria-hidden=\"true\" class=\"wp-block-spacer\"><\/div>\n\n\n\n<div class=\"wp-block-media-text is-stacked-on-mobile is-vertically-aligned-top\" style=\"grid-template-columns:30% auto\"><figure class=\"wp-block-media-text__media\"><img loading=\"lazy\" decoding=\"async\" width=\"640\" height=\"360\" src=\"https:\/\/campus.hesge.ch\/head-animation\/wp-content\/uploads\/2024\/03\/Anim_im_im_cours.jpg\" alt=\"\" class=\"wp-image-7418 size-full\" srcset=\"https:\/\/campus.hesge.ch\/head-animation\/wp-content\/uploads\/2024\/03\/Anim_im_im_cours.jpg 640w, https:\/\/campus.hesge.ch\/head-animation\/wp-content\/uploads\/2024\/03\/Anim_im_im_cours-300x169.jpg 300w\" sizes=\"auto, (max-width: 640px) 100vw, 640px\" \/><\/figure><div class=\"wp-block-media-text__content\">\n<h3 class=\"wp-block-heading\">Animation image par image cours<\/h3>\n\n\n\n<p>Ce cours a pour objectif l\u2019acquisition par la pratique des techniques de base de l\u2019animation image par image.<br>Trois techniques sont abord\u00e9es, l\u2019animation de papiers d\u00e9coup\u00e9s, le dessin anim\u00e9 sur papier et l\u2019animation d\u2019objets. La d\u00e9composition du mouvement, la capture des images et le montage y sont d\u00e9velopp\u00e9s.<\/p>\n\n\n\n<p class=\"has-small-font-size\">Image : Mini-projet dessin anim\u00e9, Arsen Aeby, 2024, film Full HD<br>\u00a9 Arsen Aeby<\/p>\n<\/div><\/div>\n\n\n\n<div style=\"height:50px\" aria-hidden=\"true\" class=\"wp-block-spacer\"><\/div>\n\n\n\n<div class=\"wp-block-media-text is-stacked-on-mobile is-vertically-aligned-top\" style=\"grid-template-columns:30% auto\"><figure class=\"wp-block-media-text__media\"><img loading=\"lazy\" decoding=\"async\" width=\"640\" height=\"360\" src=\"https:\/\/campus.hesge.ch\/head-animation\/wp-content\/uploads\/2024\/03\/Anim_im_im_projet.jpg\" alt=\"\" class=\"wp-image-7419 size-full\" srcset=\"https:\/\/campus.hesge.ch\/head-animation\/wp-content\/uploads\/2024\/03\/Anim_im_im_projet.jpg 640w, https:\/\/campus.hesge.ch\/head-animation\/wp-content\/uploads\/2024\/03\/Anim_im_im_projet-300x169.jpg 300w\" sizes=\"auto, (max-width: 640px) 100vw, 640px\" \/><\/figure><div class=\"wp-block-media-text__content\">\n<h3 class=\"wp-block-heading\">Animation image par image projet<\/h3>\n\n\n\n<p>Il offre la possibilit\u00e9 aux \u00e9tudiant\u00b7e\u00b7x\u00b7s de d\u00e9velopper un projet personnel en animation image par image et a pour pr\u00e9requis d\u2019avoir suivi le cours \u00ab\u00a0Animation image par image cours\u00a0\u00bb ou d\u2019avoir une exp\u00e9rience en animation.<\/p>\n\n\n\n<p class=\"has-small-font-size\">Image : Animation de tissu, Illia Brentini, 2024 film Full HD<br>\u00a9 Illa Brentini<\/p>\n<\/div><\/div>\n\n\n\n<div style=\"height:50px\" aria-hidden=\"true\" class=\"wp-block-spacer\"><\/div>\n\n\n\n<h2 class=\"wp-block-heading\">Semestre de printemps<\/h2>\n\n\n\n<div style=\"height:20px\" aria-hidden=\"true\" class=\"wp-block-spacer\"><\/div>\n\n\n\n<div class=\"wp-block-media-text is-stacked-on-mobile is-vertically-aligned-top\" style=\"grid-template-columns:30% auto\"><figure class=\"wp-block-media-text__media\"><img loading=\"lazy\" decoding=\"async\" width=\"640\" height=\"360\" src=\"https:\/\/campus.hesge.ch\/head-animation\/wp-content\/uploads\/2024\/03\/Anim_info_cours.jpg\" alt=\"\" class=\"wp-image-7420 size-full\" srcset=\"https:\/\/campus.hesge.ch\/head-animation\/wp-content\/uploads\/2024\/03\/Anim_info_cours.jpg 640w, https:\/\/campus.hesge.ch\/head-animation\/wp-content\/uploads\/2024\/03\/Anim_info_cours-300x169.jpg 300w\" sizes=\"auto, (max-width: 640px) 100vw, 640px\" \/><\/figure><div class=\"wp-block-media-text__content\">\n<h3 class=\"wp-block-heading\">Animation informatique cours<\/h3>\n\n\n\n<p>Ce cours a pour objectif l\u2019acquisition par la pratique des techniques de base de l\u2019animation informatique.<br>Trois techniques sont abord\u00e9es, le dessin anim\u00e9 \u00e0 la tablette graphique (avec Adobe Photoshop), l\u2019animation 2D (avec Adobe After Effects) et l\u2019animation 3D (avec Blender). L\u2019animation informatique, des pratiques propres au num\u00e9rique et l\u2019animation 3D y sont d\u00e9velopp\u00e9s.<\/p>\n\n\n\n<p class=\"has-small-font-size\">Image : Mini-projet After Effects, Anh-Thu Pham, 2023 film Full HD<br>\u00a9 Anh-Thu Pham<\/p>\n<\/div><\/div>\n\n\n\n<div style=\"height:50px\" aria-hidden=\"true\" class=\"wp-block-spacer\"><\/div>\n\n\n\n<div class=\"wp-block-media-text is-stacked-on-mobile\" style=\"grid-template-columns:30% auto\"><figure class=\"wp-block-media-text__media\"><img loading=\"lazy\" decoding=\"async\" width=\"640\" height=\"360\" src=\"https:\/\/campus.hesge.ch\/head-animation\/wp-content\/uploads\/2024\/03\/Anim_info_projet.jpg\" alt=\"\" class=\"wp-image-7421 size-full\" srcset=\"https:\/\/campus.hesge.ch\/head-animation\/wp-content\/uploads\/2024\/03\/Anim_info_projet.jpg 640w, https:\/\/campus.hesge.ch\/head-animation\/wp-content\/uploads\/2024\/03\/Anim_info_projet-300x169.jpg 300w\" sizes=\"auto, (max-width: 640px) 100vw, 640px\" \/><\/figure><div class=\"wp-block-media-text__content\">\n<h3 class=\"wp-block-heading\">Animation informatique projet<\/h3>\n\n\n\n<p>Il offre la possibilit\u00e9 aux \u00e9tudiant\u00b7e\u00b7x\u00b7s de d\u00e9velopper un projet personnel en animation informatique et a pour pr\u00e9requis d\u2019avoir suivi le cours \u00ab\u00a0Animation informatique cours\u00a0\u00bb ou d\u2019avoir une exp\u00e9rience en animation.<\/p>\n\n\n\n<p class=\"has-small-font-size\">Image : Exp\u00e9rimentation, Cho Hyenjee, 2023 film Full HD<br>\u00a9 Cho Hyenjee<\/p>\n<\/div><\/div>\n\n\n\n<br>\n<br>\n<hr \/>\n<br>\n\n\n\n<h1 class=\"wp-block-heading\" style=\"font-size:35px\">Cours Bachelor Illustration<\/h1>\n\n\n\n<p>Ces cours sont propos\u00e9s dans le cadre de l&rsquo;orientation Bachelor Illustration du d\u00e9partement de Communication visuelle.<\/p>\n\n\n\n<h2 class=\"wp-block-heading\">Semestre d&rsquo;automne<\/h2>\n\n\n\n<div style=\"height:20px\" aria-hidden=\"true\" class=\"wp-block-spacer\"><\/div>\n\n\n\n<div class=\"wp-block-media-text is-stacked-on-mobile\" style=\"grid-template-columns:30% auto\"><figure class=\"wp-block-media-text__media\"><img loading=\"lazy\" decoding=\"async\" width=\"640\" height=\"360\" src=\"https:\/\/campus.hesge.ch\/head-animation\/wp-content\/uploads\/2024\/05\/ill_proj_exp2.jpg\" alt=\"\" class=\"wp-image-7558 size-full\" srcset=\"https:\/\/campus.hesge.ch\/head-animation\/wp-content\/uploads\/2024\/05\/ill_proj_exp2.jpg 640w, https:\/\/campus.hesge.ch\/head-animation\/wp-content\/uploads\/2024\/05\/ill_proj_exp2-300x169.jpg 300w\" sizes=\"auto, (max-width: 640px) 100vw, 640px\" \/><\/figure><div class=\"wp-block-media-text__content\">\n<h3 class=\"wp-block-heading\">Projet exp\u00e9rimental (Crash test)<\/h3>\n\n\n\n<p>Il propose aux \u00e9tudiant\u00b7e\u00b7x\u00b7s de d\u00e9velopper un projet exp\u00e9rimental en animation d&rsquo;apr\u00e8s un sujet donn\u00e9. Il est conduit par plusieurs enseignants\u00b7e\u00b7x\u00b7s de la HEAD \u2013 Gen\u00e8ve et un-une invit\u00e9-e en relation avec le sujet.<\/p>\n\n\n\n<p class=\"has-small-font-size\">Image : projet \u00ab\u00a0Heart Go\u00a0\u00bb de Ma\u00eflys Deck, d\u00e9cembre 2023, film FullHD<\/p>\n<\/div><\/div>\n\n\n\n<div style=\"height:50px\" aria-hidden=\"true\" class=\"wp-block-spacer\"><\/div>\n\n\n\n<h2 class=\"wp-block-heading\">Semestres d&rsquo;automne et de printemps<\/h2>\n\n\n\n<div style=\"height:20px\" aria-hidden=\"true\" class=\"wp-block-spacer\"><\/div>\n\n\n\n<div class=\"wp-block-media-text is-stacked-on-mobile\" style=\"grid-template-columns:30% auto\"><figure class=\"wp-block-media-text__media\"><img loading=\"lazy\" decoding=\"async\" width=\"640\" height=\"360\" src=\"https:\/\/campus.hesge.ch\/head-animation\/wp-content\/uploads\/2024\/05\/ill_tech3.jpg\" alt=\"\" class=\"wp-image-7559 size-full\" srcset=\"https:\/\/campus.hesge.ch\/head-animation\/wp-content\/uploads\/2024\/05\/ill_tech3.jpg 640w, https:\/\/campus.hesge.ch\/head-animation\/wp-content\/uploads\/2024\/05\/ill_tech3-300x169.jpg 300w\" sizes=\"auto, (max-width: 640px) 100vw, 640px\" \/><\/figure><div class=\"wp-block-media-text__content\">\n<h3 class=\"wp-block-heading\">Techniques \u00e0 choix<\/h3>\n\n\n\n<p>Il propose aux \u00e9tudiant\u00b7e\u00b7x\u00b7s d&rsquo;approfondir une technique d\u2019animation ou de r\u00e9aliser un projet personnel. Il peut aussi \u00eatre d\u00e9di\u00e9 \u00e0 un mandat ou \u00e0 une pratique professionnalisante.<\/p>\n\n\n\n<p class=\"has-small-font-size\">Image : projet \u00ab\u00a0Sans titre\u00a0\u00bb de Lou Pouwels Arts et Sophie Hache, mars 2024, film FullHD<\/p>\n<\/div><\/div>\n\n\n\n<p><\/p>\n","protected":false},"excerpt":{"rendered":"<p>Transversaux Ces cours sont propos\u00e9s \u00e0 toutes les fili\u00e8res Bachelor de la HEAD \u2013 Gen\u00e8ve. Semestre d&rsquo;automne Animation image par image cours Ce cours a pour objectif l\u2019acquisition par la pratique des techniques de base de l\u2019animation image par image.Trois techniques sont abord\u00e9es, l\u2019animation de papiers d\u00e9coup\u00e9s, le dessin anim\u00e9 sur papier et l\u2019animation d\u2019objets.&hellip; <a class=\"more-link\" href=\"https:\/\/campus.hesge.ch\/head-animation\/cours\/\">Continue reading <span class=\"screen-reader-text\">Cours<\/span> <span class=\"meta-nav\" aria-hidden=\"true\">&rarr;<\/span><\/a><\/p>\n","protected":false},"author":1,"featured_media":0,"parent":0,"menu_order":0,"comment_status":"closed","ping_status":"closed","template":"fullwidth-page.php","meta":{"footnotes":""},"class_list":["post-7143","page","type-page","status-publish","hentry"],"_links":{"self":[{"href":"https:\/\/campus.hesge.ch\/head-animation\/wp-json\/wp\/v2\/pages\/7143","targetHints":{"allow":["GET"]}}],"collection":[{"href":"https:\/\/campus.hesge.ch\/head-animation\/wp-json\/wp\/v2\/pages"}],"about":[{"href":"https:\/\/campus.hesge.ch\/head-animation\/wp-json\/wp\/v2\/types\/page"}],"author":[{"embeddable":true,"href":"https:\/\/campus.hesge.ch\/head-animation\/wp-json\/wp\/v2\/users\/1"}],"replies":[{"embeddable":true,"href":"https:\/\/campus.hesge.ch\/head-animation\/wp-json\/wp\/v2\/comments?post=7143"}],"version-history":[{"count":175,"href":"https:\/\/campus.hesge.ch\/head-animation\/wp-json\/wp\/v2\/pages\/7143\/revisions"}],"predecessor-version":[{"id":8415,"href":"https:\/\/campus.hesge.ch\/head-animation\/wp-json\/wp\/v2\/pages\/7143\/revisions\/8415"}],"wp:attachment":[{"href":"https:\/\/campus.hesge.ch\/head-animation\/wp-json\/wp\/v2\/media?parent=7143"}],"curies":[{"name":"wp","href":"https:\/\/api.w.org\/{rel}","templated":true}]}}