{"id":7359,"date":"2024-02-28T10:46:04","date_gmt":"2024-02-28T10:46:04","guid":{"rendered":"https:\/\/campus.hesge.ch\/head-animation\/?page_id=7359"},"modified":"2026-02-18T14:49:49","modified_gmt":"2026-02-18T14:49:49","slug":"baa23","status":"publish","type":"page","link":"https:\/\/campus.hesge.ch\/head-animation\/baa23\/","title":{"rendered":"Bandes-annonces 2023"},"content":{"rendered":"\n<p><a href=\"https:\/\/campus.hesge.ch\/head-animation\/baa\/\">&lt; Retour<\/a><\/p>\n\n\n\n<p>Cette ann\u00e9e, le workshop des bandes-annonces du festival international d&rsquo;animation ANIMATOU a accueilli Alexandre Siqueira, r\u00e9alisateur de films d&rsquo;animation Portugais. Connu dans le monde de l&rsquo;animation, il a notamment r\u00e9alis\u00e9 l&rsquo;excellent film <a href=\"https:\/\/vimeo.com\/345928411\">Purpleboy<\/a> qui a \u00e9t\u00e9 diffus\u00e9 dans de nombreux festivals. <\/p>\n\n\n\n<p>Alexandre a propos\u00e9 d&rsquo;utiliser un tempo de m\u00e9tronome comme structure de base pour les bande-annonces. Deux groupes d&rsquo;\u00e9tudiant-e-x-s se sont form\u00e9s. Ils ont commenc\u00e9 par dessiner un animatique sur lequel la bande-annonce a \u00e9t\u00e9 r\u00e9alis\u00e9e. <br>Le groupe de la bande-annonce de \u00ab\u00a0CADENCE\u00a0\u00bb a choisi un tempo de 120 bpm. Les participantes se sont r\u00e9parties le travail entre celles qui animaient les personnages et une qui a dessin\u00e9 le d\u00e9cor. Elles  ont interpr\u00e9t\u00e9 et film\u00e9 elles-m\u00eame les cycles de marches utilis\u00e9s dans la bande-annonce. Alexandre les a transform\u00e9s en mod\u00e8les pour l&rsquo;animation et Olivier a effectu\u00e9 le montage.<br>Le groupe de la bande-annonce \u00ab\u00a0UNANIME\u00a0\u00bb a choisi un tempo de 200 bpm. Chaque participant-e-s a r\u00e9alis\u00e9 une partie de la bande-annonce et une palette de couleur commune a \u00e9t\u00e9 choisie afin de les lier les unes aux autres.<\/p>\n\n\n\n<p>Festival Animatou :&nbsp;<a href=\"https:\/\/animatou.com\/\" target=\"_blank\" rel=\"noreferrer noopener\">Animatou.com<\/a><br>Invit\u00e9 :&nbsp;<a href=\"https:\/\/animatou.com\/alexandre-siqueira\/\">Alexandre Siqueira<\/a><br>Musique : Loris Sch\u00e4ren<br>Mastering : Lorin W\u00fcscher<br>Encadrement, support et montage : Olivier Riechsteiner<\/p>\n\n\n\n<div style=\"height:50px\" aria-hidden=\"true\" class=\"wp-block-spacer\"><\/div>\n\n\n\n<h2 class=\"wp-block-heading\" id=\"ba231\">CADENCE<\/h2>\n\n\n\n<p>D&rsquo;Illia Brentini, Solveig Cafaxe, Gaia Coupard, Aliya Gbedegnon et Delphine Rozmuski.<\/p>\n\n\n\n<div style=\"padding:56.25% 0 0 0;position:relative;\"><iframe src=\"https:\/\/player.vimeo.com\/video\/917411080?h=4182acbf75&amp;badge=0&amp;autopause=0&amp;player_id=0&amp;app_id=58479\" frameborder=\"0\" allow=\"autoplay; fullscreen; picture-in-picture\" style=\"position:absolute;top:0;left:0;width:100%;height:100%;\" title=\"CADENCE\"><\/iframe><\/div><script src=\"https:\/\/player.vimeo.com\/api\/player.js\"><\/script>\n\n\n\n<div style=\"height:100px\" aria-hidden=\"true\" class=\"wp-block-spacer\"><\/div>\n\n\n\n<h2 class=\"wp-block-heading\" id=\"ba232\">CADENCE &#8211; making of<\/h2>\n\n\n\n<div style=\"height:20px\" aria-hidden=\"true\" class=\"wp-block-spacer\"><\/div>\n\n\n\n<div style=\"padding:56.25% 0 0 0;position:relative;\"><iframe src=\"https:\/\/player.vimeo.com\/video\/917411240?h=84a76ba076&amp;badge=0&amp;autopause=0&amp;player_id=0&amp;app_id=58479\" frameborder=\"0\" allow=\"autoplay; fullscreen; picture-in-picture\" style=\"position:absolute;top:0;left:0;width:100%;height:100%;\" title=\"CADENCE_making_of\"><\/iframe><\/div><script src=\"https:\/\/player.vimeo.com\/api\/player.js\"><\/script>\n\n\n\n<div style=\"height:100px\" aria-hidden=\"true\" class=\"wp-block-spacer\"><\/div>\n\n\n\n<h2 class=\"wp-block-heading\" id=\"ba233\">UNANIME<\/h2>\n\n\n\n<p>De Morven Broeksmit, Fabien Duvoisin, Apolline Rajaonarivo et Nawfel Rouibah.<\/p>\n\n\n\n<div style=\"padding:56.25% 0 0 0;position:relative;\"><iframe src=\"https:\/\/player.vimeo.com\/video\/917411107?h=0562100054&amp;badge=0&amp;autopause=0&amp;player_id=0&amp;app_id=58479\" frameborder=\"0\" allow=\"autoplay; fullscreen; picture-in-picture\" style=\"position:absolute;top:0;left:0;width:100%;height:100%;\" title=\"UNANIME\"><\/iframe><\/div><script src=\"https:\/\/player.vimeo.com\/api\/player.js\"><\/script>\n\n\n\n<div style=\"height:100px\" aria-hidden=\"true\" class=\"wp-block-spacer\"><\/div>\n\n\n\n<h2 class=\"wp-block-heading\" id=\"ba234\">UNANIME &#8211; animatique<\/h2>\n\n\n\n<div style=\"height:20px\" aria-hidden=\"true\" class=\"wp-block-spacer\"><\/div>\n\n\n\n<div style=\"padding:56.25% 0 0 0;position:relative;\"><iframe src=\"https:\/\/player.vimeo.com\/video\/924780819?h=5dc653e59b&amp;badge=0&amp;autopause=0&amp;player_id=0&amp;app_id=58479\" frameborder=\"0\" allow=\"autoplay; fullscreen; picture-in-picture; clipboard-write\" style=\"position:absolute;top:0;left:0;width:100%;height:100%;\" title=\"UNANIME_animatique\"><\/iframe><\/div><script src=\"https:\/\/player.vimeo.com\/api\/player.js\"><\/script>\n\n\n\n<div style=\"height:100px\" aria-hidden=\"true\" class=\"wp-block-spacer\"><\/div>\n","protected":false},"excerpt":{"rendered":"<p>&lt; Retour Cette ann\u00e9e, le workshop des bandes-annonces du festival international d&rsquo;animation ANIMATOU a accueilli Alexandre Siqueira, r\u00e9alisateur de films d&rsquo;animation Portugais. Connu dans le monde de l&rsquo;animation, il a notamment r\u00e9alis\u00e9 l&rsquo;excellent film Purpleboy qui a \u00e9t\u00e9 diffus\u00e9 dans de nombreux festivals. Alexandre a propos\u00e9 d&rsquo;utiliser un tempo de m\u00e9tronome comme structure de base&hellip; <a class=\"more-link\" href=\"https:\/\/campus.hesge.ch\/head-animation\/baa23\/\">Continue reading <span class=\"screen-reader-text\">Bandes-annonces 2023<\/span> <span class=\"meta-nav\" aria-hidden=\"true\">&rarr;<\/span><\/a><\/p>\n","protected":false},"author":1,"featured_media":0,"parent":0,"menu_order":0,"comment_status":"closed","ping_status":"closed","template":"fullwidth-page.php","meta":{"footnotes":""},"class_list":["post-7359","page","type-page","status-publish","hentry"],"_links":{"self":[{"href":"https:\/\/campus.hesge.ch\/head-animation\/wp-json\/wp\/v2\/pages\/7359","targetHints":{"allow":["GET"]}}],"collection":[{"href":"https:\/\/campus.hesge.ch\/head-animation\/wp-json\/wp\/v2\/pages"}],"about":[{"href":"https:\/\/campus.hesge.ch\/head-animation\/wp-json\/wp\/v2\/types\/page"}],"author":[{"embeddable":true,"href":"https:\/\/campus.hesge.ch\/head-animation\/wp-json\/wp\/v2\/users\/1"}],"replies":[{"embeddable":true,"href":"https:\/\/campus.hesge.ch\/head-animation\/wp-json\/wp\/v2\/comments?post=7359"}],"version-history":[{"count":63,"href":"https:\/\/campus.hesge.ch\/head-animation\/wp-json\/wp\/v2\/pages\/7359\/revisions"}],"predecessor-version":[{"id":8309,"href":"https:\/\/campus.hesge.ch\/head-animation\/wp-json\/wp\/v2\/pages\/7359\/revisions\/8309"}],"wp:attachment":[{"href":"https:\/\/campus.hesge.ch\/head-animation\/wp-json\/wp\/v2\/media?parent=7359"}],"curies":[{"name":"wp","href":"https:\/\/api.w.org\/{rel}","templated":true}]}}