{"id":7437,"date":"2024-03-30T20:51:47","date_gmt":"2024-03-30T20:51:47","guid":{"rendered":"https:\/\/campus.hesge.ch\/head-animation\/?page_id=7437"},"modified":"2026-02-18T17:03:51","modified_gmt":"2026-02-18T17:03:51","slug":"wma23","status":"publish","type":"page","link":"https:\/\/campus.hesge.ch\/head-animation\/wma23\/","title":{"rendered":"Animations GIF"},"content":{"rendered":"\n<p><a href=\"https:\/\/campus.hesge.ch\/head-animation\/wme\/\">&lt; Retour<\/a><\/p>\n\n\n\n<p>Workshop r\u00e9alis\u00e9 dans le cadre de la semaine \u00ab\u00a0hors cadre\u00a0\u00bb de juin du semestre de printemps 2022-2023 avec des \u00e9tudiant-e-x-s Bachelor  1\u00e8re ann\u00e9e de la formation Illustration. <\/p>\n\n\n\n<p>Nous avons \u00e0 nouveau invit\u00e9 Alexandre Siqueira, r\u00e9alisateur de films d&rsquo;animation, avec qui nous avons produit les bandes-annonces du festival d&rsquo;animation ANIMATOU en f\u00e9vrier 2023. Alexandre est un r\u00e9alisateur Portugais connu dans le monde de l&rsquo;animation. Il a notamment r\u00e9alis\u00e9e l&rsquo;excellent film <a href=\"https:\/\/vimeo.com\/345928411\">Purpleboy<\/a> qui a \u00e9t\u00e9 diffus\u00e9 dans de nombreux festivals.<\/p>\n\n\n\n<p>Le but de ce workshop \u00e9tait d&rsquo;apprendre \u00e0 utiliser l&rsquo;application TVPaint, sp\u00e9cialis\u00e9e dans le dessin anim\u00e9. Afin de d\u00e9buter de mani\u00e8re cr\u00e9ative, Alexandre a abord\u00e9 la composition de l&rsquo;image et a propos\u00e9 aux \u00e9tudiant-e-x-s de cr\u00e9er des dessin \u00e0 partir de mod\u00e8les de composition. Dans un deuxi\u00e8me temps, il a propos\u00e9 de cr\u00e9er d&rsquo;autres dessins en combinant ces mod\u00e8les. Fort de cette exp\u00e9rience, les \u00e9tudiant-e-x-s ont alors abord\u00e9 l&rsquo;apprentissage de TVPaint en cr\u00e9ant de petites animations GIF.<\/p>\n\n\n\n<p>Invit\u00e9 :&nbsp;<a href=\"https:\/\/animatou.com\/alexandre-siqueira\/\">Alexandre Siqueira<\/a><br>Etudiant-e-x-s : Alexandra Marchisio, Alissa Kumpf, Aliya Gbedegnon, Am\u00e9lie Durand, Cristhal Fagundes, Gaia Coupard, Illia Brentini, Lou Pouwels Arts, Pierre Chevreul, Solveig Cafaxe et Sophie Hache.<br>Encadrement, support et montage : Olivier Riechsteiner<\/p>\n\n\n\n<div style=\"height:50px\" aria-hidden=\"true\" class=\"wp-block-spacer\"><\/div>\n\n\n\n<h2 class=\"wp-block-heading\">Mod\u00e8les de composition<\/h2>\n\n\n\n<div style=\"height:20px\" aria-hidden=\"true\" class=\"wp-block-spacer\"><\/div>\n\n\n\n<div style=\"padding:56.25% 0 0 0;position:relative;\"><iframe src=\"https:\/\/player.vimeo.com\/video\/929120113?h=473ef33a0a&amp;badge=0&amp;autopause=0&amp;player_id=0&amp;app_id=58479\" frameborder=\"0\" allow=\"autoplay; fullscreen; picture-in-picture; clipboard-write\" style=\"position:absolute;top:0;left:0;width:100%;height:100%;\" title=\"22-23 SA SEM HC GIF1\"><\/iframe><\/div><script src=\"https:\/\/player.vimeo.com\/api\/player.js\"><\/script>\n\n\n\n<div style=\"height:100px\" aria-hidden=\"true\" class=\"wp-block-spacer\"><\/div>\n\n\n\n<h2 class=\"wp-block-heading\">Combinaison de mod\u00e8les de composition<\/h2>\n\n\n\n<div style=\"height:20px\" aria-hidden=\"true\" class=\"wp-block-spacer\"><\/div>\n\n\n\n<div style=\"padding:56.25% 0 0 0;position:relative;\"><iframe src=\"https:\/\/player.vimeo.com\/video\/929120146?h=0740625d2f&amp;badge=0&amp;autopause=0&amp;player_id=0&amp;app_id=58479\" frameborder=\"0\" allow=\"autoplay; fullscreen; picture-in-picture; clipboard-write\" style=\"position:absolute;top:0;left:0;width:100%;height:100%;\" title=\"22-23 SA SEM HC GIF2\"><\/iframe><\/div><script src=\"https:\/\/player.vimeo.com\/api\/player.js\"><\/script>\n\n\n\n<div style=\"height:100px\" aria-hidden=\"true\" class=\"wp-block-spacer\"><\/div>\n\n\n\n<h2 class=\"wp-block-heading\">Animations GIF<\/h2>\n\n\n\n<div style=\"height:20px\" aria-hidden=\"true\" class=\"wp-block-spacer\"><\/div>\n\n\n\n<div style=\"padding:56.25% 0 0 0;position:relative;\"><iframe src=\"https:\/\/player.vimeo.com\/video\/929120045?h=32c681ea00&amp;badge=0&amp;autopause=0&amp;player_id=0&amp;app_id=58479\" frameborder=\"0\" allow=\"autoplay; fullscreen; picture-in-picture; clipboard-write\" style=\"position:absolute;top:0;left:0;width:100%;height:100%;\" title=\"22-23 SA SEM HC GIF\"><\/iframe><\/div><script src=\"https:\/\/player.vimeo.com\/api\/player.js\"><\/script>\n\n\n\n<div style=\"height:100px\" aria-hidden=\"true\" class=\"wp-block-spacer\"><\/div>\n","protected":false},"excerpt":{"rendered":"<p>&lt; Retour Workshop r\u00e9alis\u00e9 dans le cadre de la semaine \u00ab\u00a0hors cadre\u00a0\u00bb de juin du semestre de printemps 2022-2023 avec des \u00e9tudiant-e-x-s Bachelor 1\u00e8re ann\u00e9e de la formation Illustration. Nous avons \u00e0 nouveau invit\u00e9 Alexandre Siqueira, r\u00e9alisateur de films d&rsquo;animation, avec qui nous avons produit les bandes-annonces du festival d&rsquo;animation ANIMATOU en f\u00e9vrier 2023. Alexandre&hellip; <a class=\"more-link\" href=\"https:\/\/campus.hesge.ch\/head-animation\/wma23\/\">Continue reading <span class=\"screen-reader-text\">Animations GIF<\/span> <span class=\"meta-nav\" aria-hidden=\"true\">&rarr;<\/span><\/a><\/p>\n","protected":false},"author":1,"featured_media":0,"parent":0,"menu_order":0,"comment_status":"closed","ping_status":"closed","template":"fullwidth-page.php","meta":{"footnotes":""},"class_list":["post-7437","page","type-page","status-publish","hentry"],"_links":{"self":[{"href":"https:\/\/campus.hesge.ch\/head-animation\/wp-json\/wp\/v2\/pages\/7437","targetHints":{"allow":["GET"]}}],"collection":[{"href":"https:\/\/campus.hesge.ch\/head-animation\/wp-json\/wp\/v2\/pages"}],"about":[{"href":"https:\/\/campus.hesge.ch\/head-animation\/wp-json\/wp\/v2\/types\/page"}],"author":[{"embeddable":true,"href":"https:\/\/campus.hesge.ch\/head-animation\/wp-json\/wp\/v2\/users\/1"}],"replies":[{"embeddable":true,"href":"https:\/\/campus.hesge.ch\/head-animation\/wp-json\/wp\/v2\/comments?post=7437"}],"version-history":[{"count":20,"href":"https:\/\/campus.hesge.ch\/head-animation\/wp-json\/wp\/v2\/pages\/7437\/revisions"}],"predecessor-version":[{"id":8375,"href":"https:\/\/campus.hesge.ch\/head-animation\/wp-json\/wp\/v2\/pages\/7437\/revisions\/8375"}],"wp:attachment":[{"href":"https:\/\/campus.hesge.ch\/head-animation\/wp-json\/wp\/v2\/media?parent=7437"}],"curies":[{"name":"wp","href":"https:\/\/api.w.org\/{rel}","templated":true}]}}