{"id":7510,"date":"2024-05-02T08:44:43","date_gmt":"2024-05-02T08:44:43","guid":{"rendered":"https:\/\/campus.hesge.ch\/head-animation\/?page_id=7510"},"modified":"2026-02-18T18:03:38","modified_gmt":"2026-02-18T18:03:38","slug":"trav23","status":"publish","type":"page","link":"https:\/\/campus.hesge.ch\/head-animation\/trav23\/","title":{"rendered":"Projet exp\u00e9rimental 2023"},"content":{"rendered":"\n<p><a href=\"https:\/\/campus.hesge.ch\/head-animation\/tra\/\">&lt; Retour<\/a><\/p>\n\n\n\n<p>Le projet exp\u00e9rimental est un cours d&rsquo;animation qui s&rsquo;adresse aux \u00e9tudiant\u00b7e\u00b7x\u00b7s de 3\u00e8me ann\u00e9e du Bachelor Illustration. Il a lieu au semestre d&rsquo;automne et dure trois jours sur six semaines, permettant ainsi de d\u00e9velopper un projet en profondeur. Il a pour but d&rsquo;explorer les \u00e9tapes de fabrications d&rsquo;une animation tout en laissant une libert\u00e9 cr\u00e9ative compl\u00e8te. Deux enseignants ainsi qu&rsquo;un invit\u00e9 le conduisent et un th\u00e8me est propos\u00e9. <br><br>Cette ann\u00e9e, le th\u00e8me \u00e9tait le clip musical. L&rsquo;invit\u00e9 \u00e9tait Gabriel Ghebrezghi, musicien et chanteur genevois. Les enseignants \u00e9taient Claudy Iannone et Olivier Riechsteiner. Ces derniers ont suivi les aspects cr\u00e9atifs et techniques des projets et Gabriel Ghebrezghi, a apport\u00e9 ses connaissances dans le domaine de la cr\u00e9ation musicale ainsi que son univers musical. Nous avons recommand\u00e9 aux \u00e9tudiant\u00b7e\u00b7x\u00b7s d\u2019utiliser des musiques libres de droits et iels \u00e9taient libres de travailler individuellement ou en groupe. Dix clips, partiels ou complets, avec une grande vari\u00e9t\u00e9 de style et d&rsquo;une grande qualit\u00e9 artistique ont \u00e9t\u00e9 cr\u00e9\u00e9s.<\/p>\n\n\n\n<p>Invit\u00e9 :&nbsp;<a href=\"https:\/\/le-sucre.eu\/artiste\/amami\/\" target=\"_blank\" rel=\"noreferrer noopener\">Gabriel Ghebrezghi<\/a><br>Enseignants : Claudy Iannone et Olivier Riechsteiner<\/p>\n\n\n\n<div style=\"height:50px\" aria-hidden=\"true\" class=\"wp-block-spacer\"><\/div>\n\n\n\n<h2 class=\"wp-block-heading\"><strong>Cruel Summer<\/strong><\/h2>\n\n\n\n<p>Film \u00e0 360\u00b0<br>De Lena Kindler, Olivier Conrad et Rahel Rippel<br>Musique : \u00ab\u00a0Cruel Summer\u00a0\u00bb by Metronome<\/p>\n\n\n\n<div style=\"padding:42.86% 0 0 0;position:relative;\"><iframe src=\"https:\/\/player.vimeo.com\/video\/941304969?h=637c12990c&amp;badge=0&amp;autopause=0&amp;player_id=0&amp;app_id=58479\" frameborder=\"0\" allow=\"autoplay; fullscreen; picture-in-picture; clipboard-write; gyroscope; accelerometer\" style=\"position:absolute;top:0;left:0;width:100%;height:100%;\" title=\"23-24 PROJ EXP - CRUEL SUMMER\"><\/iframe><\/div><script src=\"https:\/\/player.vimeo.com\/api\/player.js\"><\/script>\n\n\n\n<div style=\"height:100px\" aria-hidden=\"true\" class=\"wp-block-spacer\"><\/div>\n\n\n\n<h2 class=\"wp-block-heading\"><strong>Dalm C<\/strong>own<\/h2>\n\n\n\n<p>De Louise Monnard et Sofia Rodriguez<br>Musique : \u00ab\u00a0Dalm Cown\u00a0\u00bb by O.teio<\/p>\n\n\n\n<div style=\"padding:56.25% 0 0 0;position:relative;\"><iframe src=\"https:\/\/player.vimeo.com\/video\/941305551?h=3861efad1a&amp;badge=0&amp;autopause=0&amp;player_id=0&amp;app_id=58479\" frameborder=\"0\" allow=\"autoplay; fullscreen; picture-in-picture; clipboard-write\" style=\"position:absolute;top:0;left:0;width:100%;height:100%;\" title=\"23-24 PROJ EXP - DALM COWN\"><\/iframe><\/div><script src=\"https:\/\/player.vimeo.com\/api\/player.js\"><\/script>\n\n\n\n<div style=\"height:100px\" aria-hidden=\"true\" class=\"wp-block-spacer\"><\/div>\n\n\n\n<h2 class=\"wp-block-heading\"><strong>Edge Of W<\/strong>eb<\/h2>\n\n\n\n<p>De Fabien Duvoisin<br>Musique : \u00ab\u00a0Hurt To The Bone\u00a0\u00bb by Daniel Gunarssonn<\/p>\n\n\n\n<div style=\"padding:56.25% 0 0 0;position:relative;\"><iframe src=\"https:\/\/player.vimeo.com\/video\/941305798?h=73b3b5679e&amp;badge=0&amp;autopause=0&amp;player_id=0&amp;app_id=58479\" frameborder=\"0\" allow=\"autoplay; fullscreen; picture-in-picture; clipboard-write\" style=\"position:absolute;top:0;left:0;width:100%;height:100%;\" title=\"23-24 PROJ EXP - EDGE OF WEB\"><\/iframe><\/div><script src=\"https:\/\/player.vimeo.com\/api\/player.js\"><\/script>\n\n\n\n<div style=\"height:100px\" aria-hidden=\"true\" class=\"wp-block-spacer\"><\/div>\n\n\n\n<h2 class=\"wp-block-heading\"><strong><strong>Fleeting Frozen H<\/strong><\/strong>eart<\/h2>\n\n\n\n<p>D&rsquo;Ines Orisp\u00e4<br>Musique : \u00ab\u00a0Fleeting Frozen Heart\u00a0\u00bb by Xxtarlit<\/p>\n\n\n\n<div style=\"padding:56.25% 0 0 0;position:relative;\"><iframe src=\"https:\/\/player.vimeo.com\/video\/941306104?h=0cb8874694&amp;badge=0&amp;autopause=0&amp;player_id=0&amp;app_id=58479\" frameborder=\"0\" allow=\"autoplay; fullscreen; picture-in-picture; clipboard-write\" style=\"position:absolute;top:0;left:0;width:100%;height:100%;\" title=\"23-24 PROJ EXP - FROZEN HEART\"><\/iframe><\/div><script src=\"https:\/\/player.vimeo.com\/api\/player.js\"><\/script>\n\n\n\n<div style=\"height:100px\" aria-hidden=\"true\" class=\"wp-block-spacer\"><\/div>\n\n\n\n<h2 class=\"wp-block-heading\"><strong><strong>Heart G<\/strong><\/strong>o<\/h2>\n\n\n\n<p>De Ma\u00eflys Deck<br>Musique : \u00ab\u00a0AGST\u00a0\u00bb by Stargazer<\/p>\n\n\n\n<div style=\"padding:56.25% 0 0 0;position:relative;\"><iframe src=\"https:\/\/player.vimeo.com\/video\/941306149?h=705cd44f74&amp;badge=0&amp;autopause=0&amp;player_id=0&amp;app_id=58479\" frameborder=\"0\" allow=\"autoplay; fullscreen; picture-in-picture; clipboard-write\" style=\"position:absolute;top:0;left:0;width:100%;height:100%;\" title=\"23-24 PROJ EXP - HEART GO\"><\/iframe><\/div><script src=\"https:\/\/player.vimeo.com\/api\/player.js\"><\/script>\n\n\n\n<div style=\"height:100px\" aria-hidden=\"true\" class=\"wp-block-spacer\"><\/div>\n\n\n\n<h2 class=\"wp-block-heading\"><strong><strong>Lucky O<\/strong><\/strong>nes<\/h2>\n\n\n\n<p>De Kerralie Fragni\u00e8re<br>Musique : \u00ab\u00a0Lucky Ones\u00a0\u00bb by Allanoirceur<\/p>\n\n\n\n<div style=\"padding:56.25% 0 0 0;position:relative;\"><iframe src=\"https:\/\/player.vimeo.com\/video\/941306250?h=1b9e3ba357&amp;badge=0&amp;autopause=0&amp;player_id=0&amp;app_id=58479\" frameborder=\"0\" allow=\"autoplay; fullscreen; picture-in-picture; clipboard-write\" style=\"position:absolute;top:0;left:0;width:100%;height:100%;\" title=\"23-24 PROJ EXP - LUCKY ONES\"><\/iframe><\/div><script src=\"https:\/\/player.vimeo.com\/api\/player.js\"><\/script>\n\n\n\n<div style=\"height:100px\" aria-hidden=\"true\" class=\"wp-block-spacer\"><\/div>\n\n\n\n<h2 class=\"wp-block-heading\"><strong><strong>M<\/strong><\/strong>aloya<\/h2>\n\n\n\n<p>De David Humberset<br>Musique : \u00ab\u00a0Maloya\u00a0\u00bb by Les pythons de la fournaise<\/p>\n\n\n\n<div style=\"padding:56.25% 0 0 0;position:relative;\"><iframe src=\"https:\/\/player.vimeo.com\/video\/941306549?h=0d41747ca3&amp;badge=0&amp;autopause=0&amp;player_id=0&amp;app_id=58479\" frameborder=\"0\" allow=\"autoplay; fullscreen; picture-in-picture; clipboard-write\" style=\"position:absolute;top:0;left:0;width:100%;height:100%;\" title=\"23-24 PROJ EXP - MALOYA\"><\/iframe><\/div><script src=\"https:\/\/player.vimeo.com\/api\/player.js\"><\/script>\n\n\n\n<div style=\"height:100px\" aria-hidden=\"true\" class=\"wp-block-spacer\"><\/div>\n\n\n\n<h2 class=\"wp-block-heading\"><strong><strong>Space In B<\/strong><\/strong><\/h2>\n\n\n\n<p>De Juliette Cuenoud<br>Musique : \u00ab\u00a0Space In B\u00a0\u00bb by Colin Jean et Juliette Cuenoud<\/p>\n\n\n\n<div style=\"padding:77.76% 0 0 0;position:relative;\"><iframe src=\"https:\/\/player.vimeo.com\/video\/941306577?h=b105afa6e9&amp;badge=0&amp;autopause=0&amp;player_id=0&amp;app_id=58479\" frameborder=\"0\" allow=\"autoplay; fullscreen; picture-in-picture; clipboard-write\" style=\"position:absolute;top:0;left:0;width:100%;height:100%;\" title=\"23-24 PROJ EXP - SPACE IN B\"><\/iframe><\/div><script src=\"https:\/\/player.vimeo.com\/api\/player.js\"><\/script>\n\n\n\n<div style=\"height:100px\" aria-hidden=\"true\" class=\"wp-block-spacer\"><\/div>\n\n\n\n<h2 class=\"wp-block-heading\"><strong><strong>Stick T<\/strong><\/strong>houghts<\/h2>\n\n\n\n<p>D&rsquo;Alex Abate et Melchior Best<br>Musique : \u00ab\u00a0Stick Thoughts\u00a0\u00bb by Stick Thoughts<\/p>\n\n\n\n<div style=\"padding:56.25% 0 0 0;position:relative;\"><iframe src=\"https:\/\/player.vimeo.com\/video\/941306686?h=9749eca738&amp;badge=0&amp;autopause=0&amp;player_id=0&amp;app_id=58479\" frameborder=\"0\" allow=\"autoplay; fullscreen; picture-in-picture; clipboard-write\" style=\"position:absolute;top:0;left:0;width:100%;height:100%;\" title=\"23-24 PROJ EXP - STICK THOUGHTS\"><\/iframe><\/div><script src=\"https:\/\/player.vimeo.com\/api\/player.js\"><\/script>\n\n\n\n<div style=\"height:100px\" aria-hidden=\"true\" class=\"wp-block-spacer\"><\/div>\n\n\n\n<h2 class=\"wp-block-heading\"><strong>ST<\/strong>omp<\/h2>\n\n\n\n<p>De N\u00e9f\u00e9li Bodmer<br>Musique : \u00ab\u00a0Stomp\u00a0\u00bb by EZ<\/p>\n\n\n\n<div style=\"padding:56.25% 0 0 0;position:relative;\"><iframe src=\"https:\/\/player.vimeo.com\/video\/941306864?h=02ff2eb14d&amp;badge=0&amp;autopause=0&amp;player_id=0&amp;app_id=58479\" frameborder=\"0\" allow=\"autoplay; fullscreen; picture-in-picture; clipboard-write\" style=\"position:absolute;top:0;left:0;width:100%;height:100%;\" title=\"23-24 PROJ EXP - STOMP\"><\/iframe><\/div><script src=\"https:\/\/player.vimeo.com\/api\/player.js\"><\/script>\n\n\n\n<div style=\"height:100px\" aria-hidden=\"true\" class=\"wp-block-spacer\"><\/div>\n","protected":false},"excerpt":{"rendered":"<p>&lt; Retour Le projet exp\u00e9rimental est un cours d&rsquo;animation qui s&rsquo;adresse aux \u00e9tudiant\u00b7e\u00b7x\u00b7s de 3\u00e8me ann\u00e9e du Bachelor Illustration. Il a lieu au semestre d&rsquo;automne et dure trois jours sur six semaines, permettant ainsi de d\u00e9velopper un projet en profondeur. Il a pour but d&rsquo;explorer les \u00e9tapes de fabrications d&rsquo;une animation tout en laissant une&hellip; <a class=\"more-link\" href=\"https:\/\/campus.hesge.ch\/head-animation\/trav23\/\">Continue reading <span class=\"screen-reader-text\">Projet exp\u00e9rimental 2023<\/span> <span class=\"meta-nav\" aria-hidden=\"true\">&rarr;<\/span><\/a><\/p>\n","protected":false},"author":1,"featured_media":0,"parent":0,"menu_order":0,"comment_status":"closed","ping_status":"closed","template":"fullwidth-page.php","meta":{"footnotes":""},"class_list":["post-7510","page","type-page","status-publish","hentry"],"_links":{"self":[{"href":"https:\/\/campus.hesge.ch\/head-animation\/wp-json\/wp\/v2\/pages\/7510","targetHints":{"allow":["GET"]}}],"collection":[{"href":"https:\/\/campus.hesge.ch\/head-animation\/wp-json\/wp\/v2\/pages"}],"about":[{"href":"https:\/\/campus.hesge.ch\/head-animation\/wp-json\/wp\/v2\/types\/page"}],"author":[{"embeddable":true,"href":"https:\/\/campus.hesge.ch\/head-animation\/wp-json\/wp\/v2\/users\/1"}],"replies":[{"embeddable":true,"href":"https:\/\/campus.hesge.ch\/head-animation\/wp-json\/wp\/v2\/comments?post=7510"}],"version-history":[{"count":38,"href":"https:\/\/campus.hesge.ch\/head-animation\/wp-json\/wp\/v2\/pages\/7510\/revisions"}],"predecessor-version":[{"id":8398,"href":"https:\/\/campus.hesge.ch\/head-animation\/wp-json\/wp\/v2\/pages\/7510\/revisions\/8398"}],"wp:attachment":[{"href":"https:\/\/campus.hesge.ch\/head-animation\/wp-json\/wp\/v2\/media?parent=7510"}],"curies":[{"name":"wp","href":"https:\/\/api.w.org\/{rel}","templated":true}]}}