{"id":854,"date":"2019-07-02T07:29:23","date_gmt":"2019-07-02T07:29:23","guid":{"rendered":"https:\/\/head.hesge.ch\/atelier-animation\/?page_id=854"},"modified":"2026-02-18T16:51:26","modified_gmt":"2026-02-18T16:51:26","slug":"dip15-san","status":"publish","type":"page","link":"https:\/\/campus.hesge.ch\/head-animation\/dip15-san\/","title":{"rendered":"L&rsquo;Essoufflement"},"content":{"rendered":"\n<p class=\"has-normal-font-size\"><a href=\"https:\/\/campus.hesge.ch\/head-animation\/dip\/\">&lt; Retour<\/a><\/p>\n\n\n\n<p class=\"has-medium-font-size\">Sandy Pitetti<\/p>\n\n\n\n<p>Anthropologie de la rue. La place de l\u2019art dans l\u2019espace public et son \u00e9ph\u00e9m\u00e9rit\u00e9.<\/p>\n\n\n\n<p>\u00ab\u00a0Dans cette ville, quelque chose semble avoir \u00e9t\u00e9 retir\u00e9. Je regarde \u00e0 l&rsquo;horizon et tout para\u00eet class\u00e9, rang\u00e9, contr\u00f4l\u00e9. J&rsquo;ai l&rsquo;impression de faire tache au milieu de cette perfection que l&rsquo;on essaie de nous vendre. Pourquoi devrais-je suivre un chemin pr\u00e9cis et trac\u00e9, d\u00e9cid\u00e9 par d&rsquo;autres que moi ? Peu \u00e0 peu, tout devient de plus en plus strict, il ne faut pas d\u00e9border, bien suivre sa ligne de conduite, ne pas \u00eatre impr\u00e9visible au risque d&rsquo;\u00eatre mena\u00e7ant.\u00a0\u00bb<\/p>\n\n\n\n<figure class=\"wp-block-embed aligncenter is-type-video is-provider-vimeo wp-block-embed-vimeo wp-embed-aspect-16-9 wp-has-aspect-ratio\"><div class=\"wp-block-embed__wrapper\">\n<iframe loading=\"lazy\" title=\"L&#039;ESSOUFFLEMENT 14-15\" src=\"https:\/\/player.vimeo.com\/video\/216979352?dnt=1&#038;app_id=122963\" width=\"739\" height=\"416\" frameborder=\"0\" allow=\"autoplay; fullscreen\" allowfullscreen><\/iframe>\n<\/div><\/figure>\n","protected":false},"excerpt":{"rendered":"<p>&lt; Retour Sandy Pitetti Anthropologie de la rue. La place de l\u2019art dans l\u2019espace public et son \u00e9ph\u00e9m\u00e9rit\u00e9. \u00ab\u00a0Dans cette ville, quelque chose semble avoir \u00e9t\u00e9 retir\u00e9. Je regarde \u00e0 l&rsquo;horizon et tout para\u00eet class\u00e9, rang\u00e9, contr\u00f4l\u00e9. J&rsquo;ai l&rsquo;impression de faire tache au milieu de cette perfection que l&rsquo;on essaie de nous vendre. Pourquoi devrais-je&hellip; <a class=\"more-link\" href=\"https:\/\/campus.hesge.ch\/head-animation\/dip15-san\/\">Continue reading <span class=\"screen-reader-text\">L&rsquo;Essoufflement<\/span> <span class=\"meta-nav\" aria-hidden=\"true\">&rarr;<\/span><\/a><\/p>\n","protected":false},"author":1,"featured_media":0,"parent":0,"menu_order":0,"comment_status":"closed","ping_status":"closed","template":"fullwidth-page.php","meta":{"footnotes":""},"class_list":["post-854","page","type-page","status-publish","hentry"],"_links":{"self":[{"href":"https:\/\/campus.hesge.ch\/head-animation\/wp-json\/wp\/v2\/pages\/854","targetHints":{"allow":["GET"]}}],"collection":[{"href":"https:\/\/campus.hesge.ch\/head-animation\/wp-json\/wp\/v2\/pages"}],"about":[{"href":"https:\/\/campus.hesge.ch\/head-animation\/wp-json\/wp\/v2\/types\/page"}],"author":[{"embeddable":true,"href":"https:\/\/campus.hesge.ch\/head-animation\/wp-json\/wp\/v2\/users\/1"}],"replies":[{"embeddable":true,"href":"https:\/\/campus.hesge.ch\/head-animation\/wp-json\/wp\/v2\/comments?post=854"}],"version-history":[{"count":4,"href":"https:\/\/campus.hesge.ch\/head-animation\/wp-json\/wp\/v2\/pages\/854\/revisions"}],"predecessor-version":[{"id":8354,"href":"https:\/\/campus.hesge.ch\/head-animation\/wp-json\/wp\/v2\/pages\/854\/revisions\/8354"}],"wp:attachment":[{"href":"https:\/\/campus.hesge.ch\/head-animation\/wp-json\/wp\/v2\/media?parent=854"}],"curies":[{"name":"wp","href":"https:\/\/api.w.org\/{rel}","templated":true}]}}