{"id":865,"date":"2019-07-02T08:15:52","date_gmt":"2019-07-02T08:15:52","guid":{"rendered":"https:\/\/head.hesge.ch\/atelier-animation\/?page_id=865"},"modified":"2026-02-18T16:51:09","modified_gmt":"2026-02-18T16:51:09","slug":"dip15-mel","status":"publish","type":"page","link":"https:\/\/campus.hesge.ch\/head-animation\/dip15-mel\/","title":{"rendered":"Chevalier des temps modernes"},"content":{"rendered":"\n<p class=\"has-normal-font-size\"><a href=\"https:\/\/campus.hesge.ch\/head-animation\/dip\/\">&lt; Retour<\/a><\/p>\n\n\n\n<p class=\"has-medium-font-size\">M\u00e9lissa Monnier<\/p>\n\n\n\n<p>Cette animation resulte de trois mois de travail dans le cadre de mon travail de bachelor \u00e0 la HEAD (Haute \u00e9cole d&rsquo;art et design de Gen\u00e8ve). Il a \u00e9t\u00e9 r\u00e9alis\u00e9 en animation traditionnelle dessin\u00e9e et mont\u00e9e \u00e0 l&rsquo;aide d&rsquo;adobe premiere pro.&nbsp;<br>La narration se base sur le livre \u00ab\u00a0La chevalerie relationnelle\u00a0\u00bb d&rsquo;Olivier Clerc, et propose de revisiter les Accords Tolt\u00e8ques de Miguel Ruiz pour rendre son contenu accessible aux enfants d\u00e8s 7 ans. L&rsquo;id\u00e9e est d&rsquo;explorer les processus de nos relations sociale, \u00e0 l&rsquo;\u00e9cole et \u00e0 la maison, en mettant l&rsquo;accent sur l&rsquo;importance de la parole et du choix de nos mots. Cette vid\u00e9o \u00e0 pour but de nous aider \u00e0 \u00e9tablir des liens sociaux harmonieux, dans le respect de l&rsquo;autre et aussi de soi-m\u00eame.<\/p>\n\n\n\n<p>La m\u00e9taphore du chevalier a pour but de mettre des images sur des concepts parfois trop abstrait.&nbsp;<br>Mais n&rsquo;oublions pas que, que l&rsquo;on soit une fille ou un gar\u00e7on, on peut TOUS devenir des chevaliers de temps modernes! Et pour les adultes qui auraient envie de s&rsquo;assurer des bien-fond\u00e9s des principes chevaleresques, je vous conseille la lecture de \u00ab\u00a0La voie du Chevalier\u00a0\u00bb de Fabrice Midal \ud83d\ude42<br><br>M\u00e9lissa Monnier<\/p>\n\n\n\n<figure class=\"wp-block-embed aligncenter is-type-video is-provider-vimeo wp-block-embed-vimeo wp-embed-aspect-16-9 wp-has-aspect-ratio\"><div class=\"wp-block-embed__wrapper\">\n<iframe loading=\"lazy\" title=\"Chevalier des temps modernes (ou la chevalerie relationnelle) 2017\" src=\"https:\/\/player.vimeo.com\/video\/136811212?dnt=1&amp;app_id=122963\" width=\"739\" height=\"416\" frameborder=\"0\" allow=\"autoplay; fullscreen\" allowfullscreen><\/iframe>\n<\/div><\/figure>\n","protected":false},"excerpt":{"rendered":"<p>&lt; Retour M\u00e9lissa Monnier Cette animation resulte de trois mois de travail dans le cadre de mon travail de bachelor \u00e0 la HEAD (Haute \u00e9cole d&rsquo;art et design de Gen\u00e8ve). Il a \u00e9t\u00e9 r\u00e9alis\u00e9 en animation traditionnelle dessin\u00e9e et mont\u00e9e \u00e0 l&rsquo;aide d&rsquo;adobe premiere pro.&nbsp;La narration se base sur le livre \u00ab\u00a0La chevalerie relationnelle\u00a0\u00bb d&rsquo;Olivier&hellip; <a class=\"more-link\" href=\"https:\/\/campus.hesge.ch\/head-animation\/dip15-mel\/\">Continue reading <span class=\"screen-reader-text\">Chevalier des temps modernes<\/span> <span class=\"meta-nav\" aria-hidden=\"true\">&rarr;<\/span><\/a><\/p>\n","protected":false},"author":1,"featured_media":0,"parent":0,"menu_order":0,"comment_status":"closed","ping_status":"closed","template":"fullwidth-page.php","meta":{"footnotes":""},"class_list":["post-865","page","type-page","status-publish","hentry"],"_links":{"self":[{"href":"https:\/\/campus.hesge.ch\/head-animation\/wp-json\/wp\/v2\/pages\/865","targetHints":{"allow":["GET"]}}],"collection":[{"href":"https:\/\/campus.hesge.ch\/head-animation\/wp-json\/wp\/v2\/pages"}],"about":[{"href":"https:\/\/campus.hesge.ch\/head-animation\/wp-json\/wp\/v2\/types\/page"}],"author":[{"embeddable":true,"href":"https:\/\/campus.hesge.ch\/head-animation\/wp-json\/wp\/v2\/users\/1"}],"replies":[{"embeddable":true,"href":"https:\/\/campus.hesge.ch\/head-animation\/wp-json\/wp\/v2\/comments?post=865"}],"version-history":[{"count":4,"href":"https:\/\/campus.hesge.ch\/head-animation\/wp-json\/wp\/v2\/pages\/865\/revisions"}],"predecessor-version":[{"id":8353,"href":"https:\/\/campus.hesge.ch\/head-animation\/wp-json\/wp\/v2\/pages\/865\/revisions\/8353"}],"wp:attachment":[{"href":"https:\/\/campus.hesge.ch\/head-animation\/wp-json\/wp\/v2\/media?parent=865"}],"curies":[{"name":"wp","href":"https:\/\/api.w.org\/{rel}","templated":true}]}}