{"id":930,"date":"2019-07-02T23:17:39","date_gmt":"2019-07-02T23:17:39","guid":{"rendered":"https:\/\/head.hesge.ch\/atelier-animation\/?page_id=930"},"modified":"2026-02-18T16:49:05","modified_gmt":"2026-02-18T16:49:05","slug":"dip19-pen","status":"publish","type":"page","link":"https:\/\/campus.hesge.ch\/head-animation\/dip19-pen\/","title":{"rendered":"Lingers"},"content":{"rendered":"\n<p class=\"has-normal-font-size\"><a href=\"https:\/\/campus.hesge.ch\/head-animation\/dip\/\">&lt; Retour<\/a><\/p>\n\n\n\n<p class=\"has-medium-font-size\">P\u00e9n\u00e9lope Schachner<\/p>\n\n\n\n<p class=\"has-medium-font-size\">Prix Coup de coeur de la Fondation AHEAD 2019<\/p>\n\n\n\n<p>Ce clip d&rsquo;animation a \u00e9t\u00e9 r\u00e9alis\u00e9 pour la musique Lingers de l&rsquo;artiste compositeur C\u00e9sar Dyrberg, avec la chanteuse et paroli\u00e8re Ad\u00e8le Rogers. Dans l&rsquo;animation, les formes se d\u00e9forment, deviennent fond, se font trajectoires, elles \u00e9voluent dans l&rsquo;espace, se d\u00e9composent et se recomposent pour exprimer les sentiments ambigus d&rsquo;une relation qui se cherche. La porte est ainsi laiss\u00e9e grande ouverte \u00e0 l&rsquo;imagination, \u00e0 l\u00e9motion ainsi qu&rsquo;\u00e0 l&rsquo;introspection.<\/p>\n\n\n\n<h3 class=\"wp-block-heading\">Trailer<\/h3>\n\n\n\n<figure class=\"wp-block-embed aligncenter is-type-video is-provider-vimeo wp-block-embed-vimeo wp-embed-aspect-16-9 wp-has-aspect-ratio\"><div class=\"wp-block-embed__wrapper\">\n<iframe loading=\"lazy\" title=\"LINGERS 18-19\" src=\"https:\/\/player.vimeo.com\/video\/345842581?dnt=1&amp;app_id=122963\" width=\"739\" height=\"416\" frameborder=\"0\" allow=\"autoplay; fullscreen; picture-in-picture\" allowfullscreen><\/iframe>\n<\/div><\/figure>\n","protected":false},"excerpt":{"rendered":"<p>&lt; Retour P\u00e9n\u00e9lope Schachner Prix Coup de coeur de la Fondation AHEAD 2019 Ce clip d&rsquo;animation a \u00e9t\u00e9 r\u00e9alis\u00e9 pour la musique Lingers de l&rsquo;artiste compositeur C\u00e9sar Dyrberg, avec la chanteuse et paroli\u00e8re Ad\u00e8le Rogers. Dans l&rsquo;animation, les formes se d\u00e9forment, deviennent fond, se font trajectoires, elles \u00e9voluent dans l&rsquo;espace, se d\u00e9composent et se recomposent&hellip; <a class=\"more-link\" href=\"https:\/\/campus.hesge.ch\/head-animation\/dip19-pen\/\">Continue reading <span class=\"screen-reader-text\">Lingers<\/span> <span class=\"meta-nav\" aria-hidden=\"true\">&rarr;<\/span><\/a><\/p>\n","protected":false},"author":1,"featured_media":0,"parent":0,"menu_order":0,"comment_status":"closed","ping_status":"closed","template":"fullwidth-page.php","meta":{"footnotes":""},"class_list":["post-930","page","type-page","status-publish","hentry"],"_links":{"self":[{"href":"https:\/\/campus.hesge.ch\/head-animation\/wp-json\/wp\/v2\/pages\/930","targetHints":{"allow":["GET"]}}],"collection":[{"href":"https:\/\/campus.hesge.ch\/head-animation\/wp-json\/wp\/v2\/pages"}],"about":[{"href":"https:\/\/campus.hesge.ch\/head-animation\/wp-json\/wp\/v2\/types\/page"}],"author":[{"embeddable":true,"href":"https:\/\/campus.hesge.ch\/head-animation\/wp-json\/wp\/v2\/users\/1"}],"replies":[{"embeddable":true,"href":"https:\/\/campus.hesge.ch\/head-animation\/wp-json\/wp\/v2\/comments?post=930"}],"version-history":[{"count":14,"href":"https:\/\/campus.hesge.ch\/head-animation\/wp-json\/wp\/v2\/pages\/930\/revisions"}],"predecessor-version":[{"id":8365,"href":"https:\/\/campus.hesge.ch\/head-animation\/wp-json\/wp\/v2\/pages\/930\/revisions\/8365"}],"wp:attachment":[{"href":"https:\/\/campus.hesge.ch\/head-animation\/wp-json\/wp\/v2\/media?parent=930"}],"curies":[{"name":"wp","href":"https:\/\/api.w.org\/{rel}","templated":true}]}}