{"id":944,"date":"2019-07-03T14:27:51","date_gmt":"2019-07-03T14:27:51","guid":{"rendered":"https:\/\/head.hesge.ch\/atelier-animation\/?page_id=944"},"modified":"2026-02-18T16:43:41","modified_gmt":"2026-02-18T16:43:41","slug":"baa18","status":"publish","type":"page","link":"https:\/\/campus.hesge.ch\/head-animation\/baa18\/","title":{"rendered":"Bandes-annonces 2018"},"content":{"rendered":"\n<p class=\"has-normal-font-size\"><a href=\"https:\/\/campus.hesge.ch\/head-animation\/baa\/\">&lt; Retour<\/a><\/p>\n\n\n\n<p class=\"has-luminous-vivid-orange-color has-text-color has-medium-font-size\"><strong>10 ans de bandes-annonces ANIMATOU<\/strong><\/p>\n\n\n\n<p>Animatou f\u00eate cette ann\u00e9e 10 ans de collaboration avec le D\u00e9partement Communication visuelle de la HEAD \u2013 Gen\u00e8ve pour la cr\u00e9ation des bandes- annonces du Festival. <\/p>\n\n\n\n<p>Vous pourrez d\u00e9couvrir au d\u00e9but de chaque programme en comp\u00e9tition un choix de bandes- annonces des neuf ann\u00e9es pr\u00e9c\u00e9dentes.<br>\nLes bandes-annonces du Festival 2018 ont \u00e9t\u00e9 r\u00e9alis\u00e9es lors d\u2019un atelier avec le designer sonore italien Andrea Martignoni. La consigne de d\u00e9part \u00e9tait d\u2019enregistrer des sons ext\u00e9rieurs et de les assembler. 12 \u00e9tudiant-e-s se sont pr\u00eat\u00e9-e-s \u00e0 l\u2019exercice. Ils ont collect\u00e9 des sons, r\u00e9alis\u00e9 le montage sonore puis imagin\u00e9 d\u2019apr\u00e8s celui-ci une narration et cr\u00e9\u00e9 les images. <br>\n(Catalogue Animatou 2018)<\/p>\n\n\n\n<p>Festival Animatou &gt; <a rel=\"noreferrer noopener\" aria-label=\"animatou.com (s\u2019ouvre dans un nouvel onglet)\" href=\"https:\/\/animatou.com\" target=\"_blank\">animatou.com<\/a><br>R\u00e9alisateur invit\u00e9 : Andrea Martignoni, designer sonore de film d&rsquo;animation<br>Design sonore : les \u00e9tudiant-e-s de la HEAD-Gen\u00e8ve<br>Etalonnage : Rapha\u00ebl Frauenfelder<br>Conformation sonore : Dominique Fabre<br>Encadrement et support : Olivier Riechsteiner<\/p>\n\n\n\n<h2 class=\"wp-block-heading\"><br>Gioco d&rsquo;azzardo<\/h2>\n\n\n\n<p>Evdokia Bobrova et Aylin Ozcaki<\/p>\n\n\n\n<figure class=\"wp-block-embed aligncenter is-type-video is-provider-vimeo wp-block-embed-vimeo wp-embed-aspect-16-9 wp-has-aspect-ratio\"><div class=\"wp-block-embed__wrapper\">\n<iframe loading=\"lazy\" title=\"ANIMATOU 2018 - GIOCO D&#039;AZZARDO\" src=\"https:\/\/player.vimeo.com\/video\/290640769?dnt=1&amp;app_id=122963\" width=\"739\" height=\"416\" frameborder=\"0\" allow=\"autoplay; fullscreen; picture-in-picture\" allowfullscreen><\/iframe>\n<\/div><\/figure>\n\n\n\n<h2 class=\"wp-block-heading\"><br>La M\u00e9tamorphose<\/h2>\n\n\n\n<p>Marie Lavis et Ambre Verschaeve<\/p>\n\n\n\n<figure class=\"wp-block-embed aligncenter is-type-video is-provider-vimeo wp-block-embed-vimeo wp-embed-aspect-16-9 wp-has-aspect-ratio\"><div class=\"wp-block-embed__wrapper\">\n<iframe loading=\"lazy\" title=\"ANIMATOU 2018 - LA M&amp;Eacute;TAMORPHOSE\" src=\"https:\/\/player.vimeo.com\/video\/290640566?dnt=1&amp;app_id=122963\" width=\"739\" height=\"416\" frameborder=\"0\" allow=\"autoplay; fullscreen\" allowfullscreen><\/iframe>\n<\/div><\/figure>\n\n\n\n<h2 class=\"wp-block-heading\"><br>M\u00e9m\u00e9<\/h2>\n\n\n\n<p>Christelle Bonny, Jeanne Caron, Virgile Mocquot et Malow Morvan<\/p>\n\n\n\n<figure class=\"wp-block-embed aligncenter is-type-video is-provider-vimeo wp-block-embed-vimeo wp-embed-aspect-16-9 wp-has-aspect-ratio\"><div class=\"wp-block-embed__wrapper\">\n<iframe loading=\"lazy\" title=\"ANIMATOU 2018 - M&amp;Eacute;M&amp;Eacute;\" src=\"https:\/\/player.vimeo.com\/video\/290640191?dnt=1&amp;app_id=122963\" width=\"739\" height=\"416\" frameborder=\"0\" allow=\"autoplay; fullscreen; picture-in-picture\" allowfullscreen><\/iframe>\n<\/div><\/figure>\n\n\n\n<h2 class=\"wp-block-heading\"><br>Mouche attaque !<\/h2>\n\n\n\n<p>Fanny Blanchet, Yanis Brunet, Jeff D\u00e9lez et Soojin Han<\/p>\n\n\n\n<figure class=\"wp-block-embed aligncenter is-type-video is-provider-vimeo wp-block-embed-vimeo wp-embed-aspect-16-9 wp-has-aspect-ratio\"><div class=\"wp-block-embed__wrapper\">\n<iframe loading=\"lazy\" title=\"ANIMATOU 2018 - MOUCHE ATTAQUE !\" src=\"https:\/\/player.vimeo.com\/video\/290639155?dnt=1&amp;app_id=122963\" width=\"739\" height=\"416\" frameborder=\"0\" allow=\"autoplay; fullscreen; picture-in-picture\" allowfullscreen><\/iframe>\n<\/div><\/figure>\n\n\n\n<p><\/p>\n","protected":false},"excerpt":{"rendered":"<p>&lt; Retour 10 ans de bandes-annonces ANIMATOU Animatou f\u00eate cette ann\u00e9e 10 ans de collaboration avec le D\u00e9partement Communication visuelle de la HEAD \u2013 Gen\u00e8ve pour la cr\u00e9ation des bandes- annonces du Festival. Vous pourrez d\u00e9couvrir au d\u00e9but de chaque programme en comp\u00e9tition un choix de bandes- annonces des neuf ann\u00e9es pr\u00e9c\u00e9dentes. Les bandes-annonces du&hellip; <a class=\"more-link\" href=\"https:\/\/campus.hesge.ch\/head-animation\/baa18\/\">Continue reading <span class=\"screen-reader-text\">Bandes-annonces 2018<\/span> <span class=\"meta-nav\" aria-hidden=\"true\">&rarr;<\/span><\/a><\/p>\n","protected":false},"author":1,"featured_media":0,"parent":0,"menu_order":0,"comment_status":"closed","ping_status":"closed","template":"fullwidth-page.php","meta":{"footnotes":""},"class_list":["post-944","page","type-page","status-publish","hentry"],"_links":{"self":[{"href":"https:\/\/campus.hesge.ch\/head-animation\/wp-json\/wp\/v2\/pages\/944","targetHints":{"allow":["GET"]}}],"collection":[{"href":"https:\/\/campus.hesge.ch\/head-animation\/wp-json\/wp\/v2\/pages"}],"about":[{"href":"https:\/\/campus.hesge.ch\/head-animation\/wp-json\/wp\/v2\/types\/page"}],"author":[{"embeddable":true,"href":"https:\/\/campus.hesge.ch\/head-animation\/wp-json\/wp\/v2\/users\/1"}],"replies":[{"embeddable":true,"href":"https:\/\/campus.hesge.ch\/head-animation\/wp-json\/wp\/v2\/comments?post=944"}],"version-history":[{"count":8,"href":"https:\/\/campus.hesge.ch\/head-animation\/wp-json\/wp\/v2\/pages\/944\/revisions"}],"predecessor-version":[{"id":8372,"href":"https:\/\/campus.hesge.ch\/head-animation\/wp-json\/wp\/v2\/pages\/944\/revisions\/8372"}],"wp:attachment":[{"href":"https:\/\/campus.hesge.ch\/head-animation\/wp-json\/wp\/v2\/media?parent=944"}],"curies":[{"name":"wp","href":"https:\/\/api.w.org\/{rel}","templated":true}]}}