{"id":946,"date":"2019-07-03T14:34:22","date_gmt":"2019-07-03T14:34:22","guid":{"rendered":"https:\/\/head.hesge.ch\/atelier-animation\/?page_id=946"},"modified":"2026-02-18T16:43:55","modified_gmt":"2026-02-18T16:43:55","slug":"baa17","status":"publish","type":"page","link":"https:\/\/campus.hesge.ch\/head-animation\/baa17\/","title":{"rendered":"Bandes-annonces 2017"},"content":{"rendered":"\n<p class=\"has-normal-font-size\"><a href=\"https:\/\/campus.hesge.ch\/head-animation\/baa\/\">&lt; Retour<\/a><\/p>\n\n\n\n<p>En collaboration avec le Festival International du film d&rsquo;Animation ANIMATOU, des \u00e9tudiant-e-s du d\u00e9partement Communication visuelle de la HEAD-Gen\u00e8ve ont r\u00e9alis\u00e9 les bandes-annonces de l&rsquo;\u00e9dition 2017 du festival. <\/p>\n\n\n\n<p>Le r\u00e9alisateur italien Mauro Carraro, install\u00e9 \u00e0 Gen\u00e8ve depuis de nombreuses ann\u00e9es, a propos\u00e9 un atelier autour de la technique du dessin anim\u00e9 en 3D. Durant une semaine, 12 \u00e9tudiant-e-s ont appr\u00e9hend\u00e9 l\u2019utilisation d&rsquo;un logiciel 3D (3DS MAX) et ont d\u00e9couvert l\u2019art du compositing en animation. Le r\u00e9sultat de ce workshop est un film d\u2019animation d\u2019une vingtaine de secondes avec une multitude d\u2019approches diff\u00e9rentes. <br>\n(Extrait du catalogue Animatou 2017) <\/p>\n\n\n\n<p>Festival Animatou &gt; <a rel=\"noreferrer noopener\" aria-label=\"animatou.com (s\u2019ouvre dans un nouvel onglet)\" href=\"https:\/\/animatou.com\" target=\"_blank\">animatou.com<\/a><br> R\u00e9alisateur invit\u00e9 : Mauro Carraro &gt; mapo-mapos.com<br> Musique : Sun min Hwang, modifi\u00e9e par Salom\u00e9 Faure<br> Etalonnage : Rapha\u00ebl Frauenfelder<br> Conformation sonore : Dominique Fabre<br> Encadrement et support : Olivier Riechsteiner<\/p>\n\n\n\n<h2 class=\"wp-block-heading\"><br>Bande-annonce<\/h2>\n\n\n\n<p>Oc\u00e9ane Andr\u00e9, Salom\u00e9 Faure, Catia Ferreira Barreiras, Soojin Han, Alex Howling, Boris Jordan, L\u00e9a Lansiaux, Leslie Lemoine, Juliette Rechatin, Emma Reed, Lisa Siggen et Doris Simon<\/p>\n\n\n\n<figure class=\"wp-block-embed aligncenter is-type-video is-provider-vimeo wp-block-embed-vimeo wp-embed-aspect-16-9 wp-has-aspect-ratio\"><div class=\"wp-block-embed__wrapper\">\n<iframe loading=\"lazy\" title=\"ANIMATOU 2017\" src=\"https:\/\/player.vimeo.com\/video\/239610661?dnt=1&#038;app_id=122963\" width=\"739\" height=\"416\" frameborder=\"0\" allow=\"autoplay; fullscreen\" allowfullscreen><\/iframe>\n<\/div><\/figure>\n\n\n\n<h2 class=\"wp-block-heading\"><br>Making of<\/h2>\n\n\n\n<figure class=\"wp-block-embed aligncenter is-type-video is-provider-vimeo wp-block-embed-vimeo wp-embed-aspect-16-9 wp-has-aspect-ratio\"><div class=\"wp-block-embed__wrapper\">\n<iframe loading=\"lazy\" title=\"ANIMATOU 2017 - Making of\" src=\"https:\/\/player.vimeo.com\/video\/239610619?dnt=1&#038;app_id=122963\" width=\"739\" height=\"416\" frameborder=\"0\" allow=\"autoplay; fullscreen\" allowfullscreen><\/iframe>\n<\/div><\/figure>\n","protected":false},"excerpt":{"rendered":"<p>&lt; Retour En collaboration avec le Festival International du film d&rsquo;Animation ANIMATOU, des \u00e9tudiant-e-s du d\u00e9partement Communication visuelle de la HEAD-Gen\u00e8ve ont r\u00e9alis\u00e9 les bandes-annonces de l&rsquo;\u00e9dition 2017 du festival. Le r\u00e9alisateur italien Mauro Carraro, install\u00e9 \u00e0 Gen\u00e8ve depuis de nombreuses ann\u00e9es, a propos\u00e9 un atelier autour de la technique du dessin anim\u00e9 en 3D.&hellip; <a class=\"more-link\" href=\"https:\/\/campus.hesge.ch\/head-animation\/baa17\/\">Continue reading <span class=\"screen-reader-text\">Bandes-annonces 2017<\/span> <span class=\"meta-nav\" aria-hidden=\"true\">&rarr;<\/span><\/a><\/p>\n","protected":false},"author":1,"featured_media":0,"parent":0,"menu_order":0,"comment_status":"closed","ping_status":"closed","template":"fullwidth-page.php","meta":{"footnotes":""},"class_list":["post-946","page","type-page","status-publish","hentry"],"_links":{"self":[{"href":"https:\/\/campus.hesge.ch\/head-animation\/wp-json\/wp\/v2\/pages\/946","targetHints":{"allow":["GET"]}}],"collection":[{"href":"https:\/\/campus.hesge.ch\/head-animation\/wp-json\/wp\/v2\/pages"}],"about":[{"href":"https:\/\/campus.hesge.ch\/head-animation\/wp-json\/wp\/v2\/types\/page"}],"author":[{"embeddable":true,"href":"https:\/\/campus.hesge.ch\/head-animation\/wp-json\/wp\/v2\/users\/1"}],"replies":[{"embeddable":true,"href":"https:\/\/campus.hesge.ch\/head-animation\/wp-json\/wp\/v2\/comments?post=946"}],"version-history":[{"count":8,"href":"https:\/\/campus.hesge.ch\/head-animation\/wp-json\/wp\/v2\/pages\/946\/revisions"}],"predecessor-version":[{"id":8321,"href":"https:\/\/campus.hesge.ch\/head-animation\/wp-json\/wp\/v2\/pages\/946\/revisions\/8321"}],"wp:attachment":[{"href":"https:\/\/campus.hesge.ch\/head-animation\/wp-json\/wp\/v2\/media?parent=946"}],"curies":[{"name":"wp","href":"https:\/\/api.w.org\/{rel}","templated":true}]}}