{"id":950,"date":"2019-07-03T14:46:41","date_gmt":"2019-07-03T14:46:41","guid":{"rendered":"https:\/\/head.hesge.ch\/atelier-animation\/?page_id=950"},"modified":"2026-02-18T16:44:08","modified_gmt":"2026-02-18T16:44:08","slug":"baa16","status":"publish","type":"page","link":"https:\/\/campus.hesge.ch\/head-animation\/baa16\/","title":{"rendered":"Bandes-annonces 2016"},"content":{"rendered":"\n<p class=\"has-normal-font-size\"><a href=\"https:\/\/campus.hesge.ch\/head-animation\/baa\/\">&lt; Retour<\/a><\/p>\n\n\n\n<p>En collaboration avec le Festival International du film d&rsquo;Animation ANIMATOU, 12 \u00e9tudiant-e-s du d\u00e9partement Communication visuelle de la HEAD-Gen\u00e8ve ont r\u00e9alis\u00e9 les bandes-annonces de l&rsquo;\u00e9dition 2016 du festival. <\/p>\n\n\n\n<p>Le workshop a \u00e9t\u00e9 conduit par le r\u00e9alisateur d&rsquo;animation chilien-p\u00e9ruvien Jossie Malis. L&rsquo;id\u00e9e de d\u00e9part \u00e9tait la carte \u00e0 gratter : un fond de couleur recouvert par une couche noire (scratchboard). Chaque \u00e9tudiant-e s&rsquo;est occup\u00e9 d&rsquo;une lettre. La consigne de la premi\u00e8re version, \u00ab\u00a0Shapes\u00a0\u00bb, \u00e9tait d&rsquo;animer l&rsquo;entr\u00e9e et la sortie de la lette, la consigne de la seconde version,\u00a0\u00bbBicharracos\u00a0\u00bb (Petites b\u00eates), \u00e9tait de les faire appara\u00eetre et dispara\u00eetre \u00e0 l&rsquo;aide d&rsquo;un personnage. Les animations ont \u00e9t\u00e9 r\u00e9alis\u00e9es \u00e0 la tablette graphique avec l&rsquo;application FLASH. <\/p>\n\n\n\n<p>Festival Animatou &gt; <a href=\"https:\/\/animatou.com\">animatou.com<\/a><br> R\u00e9alisateur invit\u00e9 : Jossie Malis &gt; zumbakamera.com<br> Cr\u00e9ation sonore : Julie Reier<br> Encadrement et support : Olivier Riechsteiner<\/p>\n\n\n\n<h2 class=\"wp-block-heading\"><br>Shapes<\/h2>\n\n\n\n<p>Oc\u00e9ane Andr\u00e9, Fabian Branas, Adeline Casagranda, Tamara Conus, Cindy Correia, Louise Daubin, Shadya Emery, Salom\u00e9 Faure, Soojin Han, L\u00e9a Lansiaux, Leslie Lemoine et Tim Trautmann<\/p>\n\n\n\n<figure class=\"wp-block-embed aligncenter is-type-video is-provider-vimeo wp-block-embed-vimeo wp-embed-aspect-16-9 wp-has-aspect-ratio\"><div class=\"wp-block-embed__wrapper\">\n<iframe loading=\"lazy\" title=\"ANIMATOU 2016 - SHAPES\" src=\"https:\/\/player.vimeo.com\/video\/187937248?dnt=1&#038;app_id=122963\" width=\"739\" height=\"416\" frameborder=\"0\" allow=\"autoplay; fullscreen\" allowfullscreen><\/iframe>\n<\/div><\/figure>\n\n\n\n<h2 class=\"wp-block-heading\"><br>Bicharracos<\/h2>\n\n\n\n<p>Oc\u00e9ane Andr\u00e9, Fabian Branas, Adeline Casagranda, Tamara Conus, Cindy Correia, Louise Daubin, Shadya Emery, Salom\u00e9 Faure, Soojin Han, L\u00e9a Lansiaux, Leslie Lemoine et Tim Trautmann<\/p>\n\n\n\n<figure class=\"wp-block-embed aligncenter is-type-video is-provider-vimeo wp-block-embed-vimeo wp-embed-aspect-16-9 wp-has-aspect-ratio\"><div class=\"wp-block-embed__wrapper\">\n<iframe loading=\"lazy\" title=\"ANIMATOU 2016 - SHAPES\" src=\"https:\/\/player.vimeo.com\/video\/187937248?dnt=1&#038;app_id=122963\" width=\"739\" height=\"416\" frameborder=\"0\" allow=\"autoplay; fullscreen\" allowfullscreen><\/iframe>\n<\/div><\/figure>\n","protected":false},"excerpt":{"rendered":"<p>&lt; Retour En collaboration avec le Festival International du film d&rsquo;Animation ANIMATOU, 12 \u00e9tudiant-e-s du d\u00e9partement Communication visuelle de la HEAD-Gen\u00e8ve ont r\u00e9alis\u00e9 les bandes-annonces de l&rsquo;\u00e9dition 2016 du festival. Le workshop a \u00e9t\u00e9 conduit par le r\u00e9alisateur d&rsquo;animation chilien-p\u00e9ruvien Jossie Malis. L&rsquo;id\u00e9e de d\u00e9part \u00e9tait la carte \u00e0 gratter : un fond de couleur&hellip; <a class=\"more-link\" href=\"https:\/\/campus.hesge.ch\/head-animation\/baa16\/\">Continue reading <span class=\"screen-reader-text\">Bandes-annonces 2016<\/span> <span class=\"meta-nav\" aria-hidden=\"true\">&rarr;<\/span><\/a><\/p>\n","protected":false},"author":1,"featured_media":0,"parent":0,"menu_order":0,"comment_status":"closed","ping_status":"closed","template":"fullwidth-page.php","meta":{"footnotes":""},"class_list":["post-950","page","type-page","status-publish","hentry"],"_links":{"self":[{"href":"https:\/\/campus.hesge.ch\/head-animation\/wp-json\/wp\/v2\/pages\/950","targetHints":{"allow":["GET"]}}],"collection":[{"href":"https:\/\/campus.hesge.ch\/head-animation\/wp-json\/wp\/v2\/pages"}],"about":[{"href":"https:\/\/campus.hesge.ch\/head-animation\/wp-json\/wp\/v2\/types\/page"}],"author":[{"embeddable":true,"href":"https:\/\/campus.hesge.ch\/head-animation\/wp-json\/wp\/v2\/users\/1"}],"replies":[{"embeddable":true,"href":"https:\/\/campus.hesge.ch\/head-animation\/wp-json\/wp\/v2\/comments?post=950"}],"version-history":[{"count":6,"href":"https:\/\/campus.hesge.ch\/head-animation\/wp-json\/wp\/v2\/pages\/950\/revisions"}],"predecessor-version":[{"id":8322,"href":"https:\/\/campus.hesge.ch\/head-animation\/wp-json\/wp\/v2\/pages\/950\/revisions\/8322"}],"wp:attachment":[{"href":"https:\/\/campus.hesge.ch\/head-animation\/wp-json\/wp\/v2\/media?parent=950"}],"curies":[{"name":"wp","href":"https:\/\/api.w.org\/{rel}","templated":true}]}}