{"id":952,"date":"2019-07-03T14:52:05","date_gmt":"2019-07-03T14:52:05","guid":{"rendered":"https:\/\/head.hesge.ch\/atelier-animation\/?page_id=952"},"modified":"2026-02-18T16:46:02","modified_gmt":"2026-02-18T16:46:02","slug":"baa15","status":"publish","type":"page","link":"https:\/\/campus.hesge.ch\/head-animation\/baa15\/","title":{"rendered":"Bandes-annonces 2015"},"content":{"rendered":"\n<p class=\"has-normal-font-size\"><a href=\"https:\/\/campus.hesge.ch\/head-animation\/baa\/\">&lt; Retour<\/a><\/p>\n\n\n\n<p>En collaboration avec le Festival International du flm d&rsquo;Animation ANIMATOU, la HEAD-Gen\u00e8ve a organis\u00e9 en octobre 2014 un workshop autour du film d&rsquo;animation destin\u00e9 aux \u00e9tudiants en fili\u00e8re Communication visuelle. Invit\u00e9 par l&rsquo;\u00e9cole, K\u00f4ji Yamamura, r\u00e9alisateur japonais de renomm\u00e9e internationale dans l&rsquo;animation ind\u00e9pendante, a propos\u00e9 un atelier autour de l&rsquo;id\u00e9e suivante : chaque \u00e9tudiant tire au sort un son de bruitage et cr\u00e9e \u00e0 partir de ce dernier une animation pour chaque lettre du titre \u00ab\u00a0ANIMATOU 2015\u00a0\u00bb. La consigne \u00e9tait de ne pas utiliser l&rsquo;image qui est \u00e0 l&rsquo;origine du son. La technique utilis\u00e9e \u00e9tait le dessin anim\u00e9 sur papier avec encres et pinceaux.<\/p>\n\n\n\n<p>Une semaine d&rsquo;animation avec vingt \u00e9tudiants ont donn\u00e9e naissance \u00e0 trois films d&rsquo;animation d&rsquo;une vingtaine de secondes et \u00e0 une multitude d&rsquo;univers graphiques. Tous sont devenus les bandes-annonces officielles du festival Animatou 2015.<br>\n(Extrait du catalogue Animatou 2015) <\/p>\n\n\n\n<p>Festival Animatou &gt; <a href=\"https:\/\/animatou.com\" target=\"_blank\" rel=\"noreferrer noopener\" aria-label=\"animatou.com (s\u2019ouvre dans un nouvel onglet)\">animatou.com<\/a><br> R\u00e9alisateur invit\u00e9 : K\u00f4ji Yamamura<br> Interpr\u00eate : Ilan Nguyen<br> Encadrement et support : Elie Chapuis et Olivier Riechsteiner<br> Mixage son : Dominique Fabre<br> Etalonnage : Rapha\u00ebl Frauenfelder <\/p>\n\n\n\n<h2 class=\"wp-block-heading\"><br>Bande-annonce A<\/h2>\n\n\n\n<p>Am\u00e9lie Strobino, Arsemio Rojas, Camille Bouvier, C\u00e9cilia Lomholt, Thierry Pachoud et Vanessa Cimorelli<\/p>\n\n\n\n<figure class=\"wp-block-embed aligncenter is-type-video is-provider-vimeo wp-block-embed-vimeo wp-embed-aspect-16-9 wp-has-aspect-ratio\"><div class=\"wp-block-embed__wrapper\">\n<iframe loading=\"lazy\" title=\"ANIMATOU 2015 - A\" src=\"https:\/\/player.vimeo.com\/video\/140687682?dnt=1&amp;app_id=122963\" width=\"739\" height=\"416\" frameborder=\"0\" allow=\"autoplay; fullscreen; picture-in-picture; clipboard-write; encrypted-media; web-share\" referrerpolicy=\"strict-origin-when-cross-origin\"><\/iframe>\n<\/div><\/figure>\n\n\n\n<h2 class=\"wp-block-heading\"><br>Bande-annonce B<\/h2>\n\n\n\n<p>Camille Vallotton, Damien Beuchat, Ivan Gulizia, Johanna Br\u00fclhart, Linda Kocher, Maurane Mazars et Roman Mollard<\/p>\n\n\n\n<figure class=\"wp-block-embed aligncenter is-type-video is-provider-vimeo wp-block-embed-vimeo wp-embed-aspect-16-9 wp-has-aspect-ratio\"><div class=\"wp-block-embed__wrapper\">\n<iframe loading=\"lazy\" title=\"ANIMATOU 2015 - B\" src=\"https:\/\/player.vimeo.com\/video\/140688593?dnt=1&amp;app_id=122963\" width=\"739\" height=\"416\" frameborder=\"0\" allow=\"autoplay; fullscreen; picture-in-picture; clipboard-write; encrypted-media; web-share\" referrerpolicy=\"strict-origin-when-cross-origin\"><\/iframe>\n<\/div><\/figure>\n\n\n\n<h2 class=\"wp-block-heading\"><br>Bande-annonce C<\/h2>\n\n\n\n<p>Alexandra Bogucka, B\u00e9r\u00e9nice Milon, Charlotte Mermoud, Maren Knusten, M\u00e9lissa Monnier, Mohamed Keita Lamine et Sandy Pitetti<\/p>\n\n\n\n<figure class=\"wp-block-embed aligncenter is-type-video is-provider-vimeo wp-block-embed-vimeo wp-embed-aspect-16-9 wp-has-aspect-ratio\"><div class=\"wp-block-embed__wrapper\">\n<iframe loading=\"lazy\" title=\"ANIMATOU 2015 - C\" src=\"https:\/\/player.vimeo.com\/video\/140690295?dnt=1&amp;app_id=122963\" width=\"739\" height=\"416\" frameborder=\"0\" allow=\"autoplay; fullscreen; picture-in-picture; clipboard-write; encrypted-media; web-share\" referrerpolicy=\"strict-origin-when-cross-origin\"><\/iframe>\n<\/div><\/figure>\n","protected":false},"excerpt":{"rendered":"<p>&lt; Retour En collaboration avec le Festival International du flm d&rsquo;Animation ANIMATOU, la HEAD-Gen\u00e8ve a organis\u00e9 en octobre 2014 un workshop autour du film d&rsquo;animation destin\u00e9 aux \u00e9tudiants en fili\u00e8re Communication visuelle. Invit\u00e9 par l&rsquo;\u00e9cole, K\u00f4ji Yamamura, r\u00e9alisateur japonais de renomm\u00e9e internationale dans l&rsquo;animation ind\u00e9pendante, a propos\u00e9 un atelier autour de l&rsquo;id\u00e9e suivante : chaque&hellip; <a class=\"more-link\" href=\"https:\/\/campus.hesge.ch\/head-animation\/baa15\/\">Continue reading <span class=\"screen-reader-text\">Bandes-annonces 2015<\/span> <span class=\"meta-nav\" aria-hidden=\"true\">&rarr;<\/span><\/a><\/p>\n","protected":false},"author":1,"featured_media":0,"parent":0,"menu_order":0,"comment_status":"closed","ping_status":"closed","template":"fullwidth-page.php","meta":{"footnotes":""},"class_list":["post-952","page","type-page","status-publish","hentry"],"_links":{"self":[{"href":"https:\/\/campus.hesge.ch\/head-animation\/wp-json\/wp\/v2\/pages\/952","targetHints":{"allow":["GET"]}}],"collection":[{"href":"https:\/\/campus.hesge.ch\/head-animation\/wp-json\/wp\/v2\/pages"}],"about":[{"href":"https:\/\/campus.hesge.ch\/head-animation\/wp-json\/wp\/v2\/types\/page"}],"author":[{"embeddable":true,"href":"https:\/\/campus.hesge.ch\/head-animation\/wp-json\/wp\/v2\/users\/1"}],"replies":[{"embeddable":true,"href":"https:\/\/campus.hesge.ch\/head-animation\/wp-json\/wp\/v2\/comments?post=952"}],"version-history":[{"count":7,"href":"https:\/\/campus.hesge.ch\/head-animation\/wp-json\/wp\/v2\/pages\/952\/revisions"}],"predecessor-version":[{"id":8339,"href":"https:\/\/campus.hesge.ch\/head-animation\/wp-json\/wp\/v2\/pages\/952\/revisions\/8339"}],"wp:attachment":[{"href":"https:\/\/campus.hesge.ch\/head-animation\/wp-json\/wp\/v2\/media?parent=952"}],"curies":[{"name":"wp","href":"https:\/\/api.w.org\/{rel}","templated":true}]}}