{"id":954,"date":"2019-07-03T14:54:57","date_gmt":"2019-07-03T14:54:57","guid":{"rendered":"https:\/\/head.hesge.ch\/atelier-animation\/?page_id=954"},"modified":"2026-02-18T16:45:49","modified_gmt":"2026-02-18T16:45:49","slug":"baa14","status":"publish","type":"page","link":"https:\/\/campus.hesge.ch\/head-animation\/baa14\/","title":{"rendered":"Bandes-annonces 2014"},"content":{"rendered":"\n<p class=\"has-normal-font-size\"><a href=\"https:\/\/campus.hesge.ch\/head-animation\/baa\/\">&lt; Retour<\/a><\/p>\n\n\n\n<p>En collaboration avec le Festival International du flm d&rsquo;Animation ANIMATOU, la HEAD-Gen\u00e8ve a organis\u00e9 en octobre 2013 un workshop autour du film d&rsquo;animation destin\u00e9 aux \u00e9tudiants en fili\u00e8re Communication visuelle. Elie Chapuis, r\u00e9alisateur de films d&rsquo;animation invit\u00e9 par l&rsquo;\u00e9cole, a anim\u00e9 cet atelier autour de l&rsquo;\u00e9chantillonnage d&rsquo;images r\u00e9elles.<\/p>\n\n\n\n<p>Une semaine d&rsquo;animation pour douze \u00e9tudiants qui ont brav\u00e9 un froid glacial pour capturer une multitude de prises de vues ext\u00e9rieures, qui une fois assembl\u00e9es et mont\u00e9es ont donn\u00e9 naissance \u00e0 quatre films d&rsquo;animation d&rsquo;une vingtaine de secondes. Tous sont devenus les bandes-annonces officielles du festival Animatou 2014.<br>\n(Extrait du catalogue Animatou 2014) <\/p>\n\n\n\n<p>Festival Animatou &gt; <a rel=\"noreferrer noopener\" aria-label=\" (s\u2019ouvre dans un nouvel onglet)\" href=\"https:\/\/animatou.com\" target=\"_blank\">animatou.com<\/a><br> R\u00e9alisateur invit\u00e9 : Elie Chapuis<br> Encadrement et support : Olivier Riechsteiner<br> Cr\u00e9ation sonore et mixage son: Dominique Fabre<br> Etalonnage : Rapha\u00ebl Frauenfelder<\/p>\n\n\n\n<h2 class=\"wp-block-heading\"><br>Baarli<\/h2>\n\n\n\n<p>Liza Clivaz, Baslie Hehinger et Arsemio Roja<\/p>\n\n\n\n<figure class=\"wp-block-embed aligncenter is-type-video is-provider-vimeo wp-block-embed-vimeo wp-embed-aspect-16-9 wp-has-aspect-ratio\"><div class=\"wp-block-embed__wrapper\">\n<iframe loading=\"lazy\" title=\"ANIMATOU 2014 - BAARLI\" src=\"https:\/\/player.vimeo.com\/video\/142850590?dnt=1&amp;app_id=122963\" width=\"739\" height=\"390\" frameborder=\"0\" allow=\"autoplay; fullscreen; picture-in-picture; clipboard-write; encrypted-media; web-share\" referrerpolicy=\"strict-origin-when-cross-origin\"><\/iframe>\n<\/div><\/figure>\n\n\n\n<h2 class=\"wp-block-heading\"><br>Epileptique<\/h2>\n\n\n\n<p>Damien Beuchat, Alexandra Bogucka et Charlotte Mermoud<\/p>\n\n\n\n<figure class=\"wp-block-embed aligncenter is-type-video is-provider-vimeo wp-block-embed-vimeo wp-embed-aspect-16-9 wp-has-aspect-ratio\"><div class=\"wp-block-embed__wrapper\">\n<iframe loading=\"lazy\" title=\"ANIMATOU 2014 - EPILIEPTIQUE\" src=\"https:\/\/player.vimeo.com\/video\/142850616?dnt=1&amp;app_id=122963\" width=\"739\" height=\"390\" frameborder=\"0\" allow=\"autoplay; fullscreen; picture-in-picture; clipboard-write; encrypted-media; web-share\" referrerpolicy=\"strict-origin-when-cross-origin\"><\/iframe>\n<\/div><\/figure>\n\n\n\n<h2 class=\"wp-block-heading\"><br>Rocama<\/h2>\n\n\n\n<p>Capucine Billy, Mathias Cleuson et Roman Mollard<\/p>\n\n\n\n<figure class=\"wp-block-embed aligncenter is-type-video is-provider-vimeo wp-block-embed-vimeo wp-embed-aspect-16-9 wp-has-aspect-ratio\"><div class=\"wp-block-embed__wrapper\">\n<iframe loading=\"lazy\" title=\"ANIMATOU 2014 - ROCAMA\" src=\"https:\/\/player.vimeo.com\/video\/142851129?dnt=1&amp;app_id=122963\" width=\"739\" height=\"390\" frameborder=\"0\" allow=\"autoplay; fullscreen; picture-in-picture; clipboard-write; encrypted-media; web-share\" referrerpolicy=\"strict-origin-when-cross-origin\"><\/iframe>\n<\/div><\/figure>\n\n\n\n<h2 class=\"wp-block-heading\"><br>Wo ist Mohammed ?<\/h2>\n\n\n\n<p>Martin Besson, Beno\u00eet Beurret et Mohamed Lamine Ke\u00efta<\/p>\n\n\n\n<figure class=\"wp-block-embed aligncenter is-type-video is-provider-vimeo wp-block-embed-vimeo wp-embed-aspect-16-9 wp-has-aspect-ratio\"><div class=\"wp-block-embed__wrapper\">\n<iframe loading=\"lazy\" title=\"ANIMATOU 2014 - WO IST MOHAMMED\" src=\"https:\/\/player.vimeo.com\/video\/142851179?dnt=1&amp;app_id=122963\" width=\"739\" height=\"390\" frameborder=\"0\" allow=\"autoplay; fullscreen; picture-in-picture; clipboard-write; encrypted-media; web-share\" referrerpolicy=\"strict-origin-when-cross-origin\"><\/iframe>\n<\/div><\/figure>\n","protected":false},"excerpt":{"rendered":"<p>&lt; Retour En collaboration avec le Festival International du flm d&rsquo;Animation ANIMATOU, la HEAD-Gen\u00e8ve a organis\u00e9 en octobre 2013 un workshop autour du film d&rsquo;animation destin\u00e9 aux \u00e9tudiants en fili\u00e8re Communication visuelle. Elie Chapuis, r\u00e9alisateur de films d&rsquo;animation invit\u00e9 par l&rsquo;\u00e9cole, a anim\u00e9 cet atelier autour de l&rsquo;\u00e9chantillonnage d&rsquo;images r\u00e9elles. Une semaine d&rsquo;animation pour douze&hellip; <a class=\"more-link\" href=\"https:\/\/campus.hesge.ch\/head-animation\/baa14\/\">Continue reading <span class=\"screen-reader-text\">Bandes-annonces 2014<\/span> <span class=\"meta-nav\" aria-hidden=\"true\">&rarr;<\/span><\/a><\/p>\n","protected":false},"author":1,"featured_media":0,"parent":0,"menu_order":0,"comment_status":"closed","ping_status":"closed","template":"fullwidth-page.php","meta":{"footnotes":""},"class_list":["post-954","page","type-page","status-publish","hentry"],"_links":{"self":[{"href":"https:\/\/campus.hesge.ch\/head-animation\/wp-json\/wp\/v2\/pages\/954","targetHints":{"allow":["GET"]}}],"collection":[{"href":"https:\/\/campus.hesge.ch\/head-animation\/wp-json\/wp\/v2\/pages"}],"about":[{"href":"https:\/\/campus.hesge.ch\/head-animation\/wp-json\/wp\/v2\/types\/page"}],"author":[{"embeddable":true,"href":"https:\/\/campus.hesge.ch\/head-animation\/wp-json\/wp\/v2\/users\/1"}],"replies":[{"embeddable":true,"href":"https:\/\/campus.hesge.ch\/head-animation\/wp-json\/wp\/v2\/comments?post=954"}],"version-history":[{"count":5,"href":"https:\/\/campus.hesge.ch\/head-animation\/wp-json\/wp\/v2\/pages\/954\/revisions"}],"predecessor-version":[{"id":8326,"href":"https:\/\/campus.hesge.ch\/head-animation\/wp-json\/wp\/v2\/pages\/954\/revisions\/8326"}],"wp:attachment":[{"href":"https:\/\/campus.hesge.ch\/head-animation\/wp-json\/wp\/v2\/media?parent=954"}],"curies":[{"name":"wp","href":"https:\/\/api.w.org\/{rel}","templated":true}]}}