{"id":956,"date":"2019-07-03T15:00:26","date_gmt":"2019-07-03T15:00:26","guid":{"rendered":"https:\/\/head.hesge.ch\/atelier-animation\/?page_id=956"},"modified":"2026-02-18T16:45:34","modified_gmt":"2026-02-18T16:45:34","slug":"baa13","status":"publish","type":"page","link":"https:\/\/campus.hesge.ch\/head-animation\/baa13\/","title":{"rendered":"Bandes-annonces 2013"},"content":{"rendered":"\n<p class=\"has-normal-font-size\"><a href=\"https:\/\/campus.hesge.ch\/head-animation\/baa\/\">&lt; Retour<\/a><\/p>\n\n\n\n<p>Une semaine d&rsquo;animation pour mettre en sc\u00e8ne des objets d\u00e9tourn\u00e9s de leurs fonctions premi\u00e8res dans une perspective abstraite.<\/p>\n\n\n\n<p>Dans le cadre d&rsquo;un workshop anim\u00e9 par Max Hattler, dix \u00e9tudiant-e-s de la fili\u00e8re Communication visuelle se sont appropri\u00e9-e-s une multitude d&rsquo;ingr\u00e9dients de base qui ont donn\u00e9 naissance \u00e0 quatre films d&rsquo;animation entre 20 et 30 secondes chacun. Tous sont devenus les bandes-annonces officielles du festival Animatou.<br>\n(Extraits du catalogue Animatou 2013) <\/p>\n\n\n\n<p>Festival Animatou &gt; <a rel=\"noreferrer noopener\" aria-label=\"animatou.com (s\u2019ouvre dans un nouvel onglet)\" href=\"https:\/\/animatou.com\" target=\"_blank\">animatou.com<\/a><br> R\u00e9alisateur invit\u00e9 : Max Hattler<br> Animateur : Elie Chapuis<br> Encadrement et support : Olivier Riechsteiner<br> Cr\u00e9ation sonore : Eduardo Noya Schreus<br> Mixage son : Dominique Fabre<br> Etalonnage : Rapha\u00ebl Frauenfelder<\/p>\n\n\n\n<h2 class=\"wp-block-heading\"><br>Flipper<\/h2>\n\n\n\n<p>Damien Beuchat, Sarah Gabay et Beno\u00eet Beurret <\/p>\n\n\n\n<figure class=\"wp-block-embed aligncenter is-type-video is-provider-vimeo wp-block-embed-vimeo wp-embed-aspect-16-9 wp-has-aspect-ratio\"><div class=\"wp-block-embed__wrapper\">\n<iframe loading=\"lazy\" title=\"ANIMATOU 2013 - FLIPPER\" src=\"https:\/\/player.vimeo.com\/video\/142849354?dnt=1&#038;app_id=122963\" width=\"739\" height=\"416\" frameborder=\"0\" allow=\"autoplay; fullscreen\" allowfullscreen><\/iframe>\n<\/div><\/figure>\n\n\n\n<h2 class=\"wp-block-heading\"><br>Lost in the Dust<\/h2>\n\n\n\n<p>Meryl Schmalz et Robert Topulos<\/p>\n\n\n\n<figure class=\"wp-block-embed aligncenter is-type-video is-provider-vimeo wp-block-embed-vimeo wp-embed-aspect-16-9 wp-has-aspect-ratio\"><div class=\"wp-block-embed__wrapper\">\n<iframe loading=\"lazy\" title=\"ANIMATOU 2013 - LOST IN THE DUST\" src=\"https:\/\/player.vimeo.com\/video\/142849385?dnt=1&#038;app_id=122963\" width=\"739\" height=\"416\" frameborder=\"0\" allow=\"autoplay; fullscreen\" allowfullscreen><\/iframe>\n<\/div><\/figure>\n\n\n\n<h2 class=\"wp-block-heading\"><br>Osumi<\/h2>\n\n\n\n<p>Sophie Ros, St\u00e9phane Meury et Antoine Schmitt<\/p>\n\n\n\n<figure class=\"wp-block-embed aligncenter is-type-video is-provider-vimeo wp-block-embed-vimeo wp-embed-aspect-16-9 wp-has-aspect-ratio\"><div class=\"wp-block-embed__wrapper\">\n<iframe loading=\"lazy\" title=\"ANIMATOU 2013 - OSUMI\" src=\"https:\/\/player.vimeo.com\/video\/142849413?dnt=1&#038;app_id=122963\" width=\"739\" height=\"416\" frameborder=\"0\" allow=\"autoplay; fullscreen\" allowfullscreen><\/iframe>\n<\/div><\/figure>\n\n\n\n<h2 class=\"wp-block-heading\"><br>Transmission<\/h2>\n\n\n\n<p>Jessica Friedling et Yvan Mermod<\/p>\n\n\n\n<figure class=\"wp-block-embed aligncenter is-type-video is-provider-vimeo wp-block-embed-vimeo wp-embed-aspect-16-9 wp-has-aspect-ratio\"><div class=\"wp-block-embed__wrapper\">\n<iframe loading=\"lazy\" title=\"ANIMATOU 2013 - TRANSMISSION\" src=\"https:\/\/player.vimeo.com\/video\/142849463?dnt=1&#038;app_id=122963\" width=\"739\" height=\"416\" frameborder=\"0\" allow=\"autoplay; fullscreen\" allowfullscreen><\/iframe>\n<\/div><\/figure>\n","protected":false},"excerpt":{"rendered":"<p>&lt; Retour Une semaine d&rsquo;animation pour mettre en sc\u00e8ne des objets d\u00e9tourn\u00e9s de leurs fonctions premi\u00e8res dans une perspective abstraite. Dans le cadre d&rsquo;un workshop anim\u00e9 par Max Hattler, dix \u00e9tudiant-e-s de la fili\u00e8re Communication visuelle se sont appropri\u00e9-e-s une multitude d&rsquo;ingr\u00e9dients de base qui ont donn\u00e9 naissance \u00e0 quatre films d&rsquo;animation entre 20 et&hellip; <a class=\"more-link\" href=\"https:\/\/campus.hesge.ch\/head-animation\/baa13\/\">Continue reading <span class=\"screen-reader-text\">Bandes-annonces 2013<\/span> <span class=\"meta-nav\" aria-hidden=\"true\">&rarr;<\/span><\/a><\/p>\n","protected":false},"author":1,"featured_media":0,"parent":0,"menu_order":0,"comment_status":"closed","ping_status":"closed","template":"fullwidth-page.php","meta":{"footnotes":""},"class_list":["post-956","page","type-page","status-publish","hentry"],"_links":{"self":[{"href":"https:\/\/campus.hesge.ch\/head-animation\/wp-json\/wp\/v2\/pages\/956","targetHints":{"allow":["GET"]}}],"collection":[{"href":"https:\/\/campus.hesge.ch\/head-animation\/wp-json\/wp\/v2\/pages"}],"about":[{"href":"https:\/\/campus.hesge.ch\/head-animation\/wp-json\/wp\/v2\/types\/page"}],"author":[{"embeddable":true,"href":"https:\/\/campus.hesge.ch\/head-animation\/wp-json\/wp\/v2\/users\/1"}],"replies":[{"embeddable":true,"href":"https:\/\/campus.hesge.ch\/head-animation\/wp-json\/wp\/v2\/comments?post=956"}],"version-history":[{"count":5,"href":"https:\/\/campus.hesge.ch\/head-animation\/wp-json\/wp\/v2\/pages\/956\/revisions"}],"predecessor-version":[{"id":8330,"href":"https:\/\/campus.hesge.ch\/head-animation\/wp-json\/wp\/v2\/pages\/956\/revisions\/8330"}],"wp:attachment":[{"href":"https:\/\/campus.hesge.ch\/head-animation\/wp-json\/wp\/v2\/media?parent=956"}],"curies":[{"name":"wp","href":"https:\/\/api.w.org\/{rel}","templated":true}]}}