{"id":959,"date":"2019-07-03T15:03:50","date_gmt":"2019-07-03T15:03:50","guid":{"rendered":"https:\/\/head.hesge.ch\/atelier-animation\/?page_id=959"},"modified":"2026-02-18T16:45:20","modified_gmt":"2026-02-18T16:45:20","slug":"baa12","status":"publish","type":"page","link":"https:\/\/campus.hesge.ch\/head-animation\/baa12\/","title":{"rendered":"Bandes-annonces 2012"},"content":{"rendered":"\n<p class=\"has-normal-font-size\"><a href=\"https:\/\/campus.hesge.ch\/head-animation\/baa\/\">&lt; Retour<\/a><\/p>\n\n\n\n<p>La HEAD, Haute \u00e9cole d&rsquo;art et de design de Gen\u00e8ve, a organis\u00e9 un workshop autour du film d&rsquo;animation destin\u00e9 aux \u00e9tudiant-e-s en communication visuelle. Dustin Rees, r\u00e9alisateur de films d&rsquo;animation et invit\u00e9 par l&rsquo;\u00e9cole, a anim\u00e9 cet atelier avec Elie Chapuis, animateur de marionnettes. <br> Une semaine pour mettre en sc\u00e8ne du poisson frais, des \u00e9cheveaux de laine, de la dentelle et du papier d\u00e9coup\u00e9.<br> Douze \u00e9tudiant-e-s se sont appropri\u00e9-e-s une multitude d&rsquo;ingr\u00e9dients de base qui ont donn\u00e9 naissance \u00e0 quatre films d&rsquo;animation de 20 \u00e0 30 secondes chacun. Tous sont devenus les bandes-annonces officielles dur festival Animatou.<br> (Catalogue Animatou 2012) <\/p>\n\n\n\n<p>Festival Animatou &gt; <a href=\"https:\/\/animatou.com\" target=\"_blank\" rel=\"noreferrer noopener\" aria-label=\" (s\u2019ouvre dans un nouvel onglet)\">animatou.com<\/a><br> R\u00e9alisateur invit\u00e9 : Dustin Rees<br> Encadrement : Elie Chapuis, animateur de marionnettes<br> Assistant : Marcel Barelli<br> Mixage son : Adrien Kessler<\/p>\n\n\n\n<h2 class=\"wp-block-heading\"><br>Curtain Strip<\/h2>\n\n\n\n<p>A\u00efnoha Cayuso, Sophie Ros et Elise Viladent<\/p>\n\n\n\n<figure class=\"wp-block-embed aligncenter is-type-video is-provider-vimeo wp-block-embed-vimeo wp-embed-aspect-16-9 wp-has-aspect-ratio\"><div class=\"wp-block-embed__wrapper\">\n<iframe loading=\"lazy\" title=\"ANIMATOU 2012 - CURTAIN STRIP\" src=\"https:\/\/player.vimeo.com\/video\/277231924?dnt=1&#038;app_id=122963\" width=\"739\" height=\"416\" frameborder=\"0\" allow=\"autoplay; fullscreen\" allowfullscreen><\/iframe>\n<\/div><\/figure>\n\n\n\n<h2 class=\"wp-block-heading\"><br>Invasion<\/h2>\n\n\n\n<p>Sylvain Joly, Meryl Schmalz et Robert Topoulos<\/p>\n\n\n\n<figure class=\"wp-block-embed aligncenter is-type-video is-provider-vimeo wp-block-embed-vimeo wp-embed-aspect-16-9 wp-has-aspect-ratio\"><div class=\"wp-block-embed__wrapper\">\n<iframe loading=\"lazy\" title=\"ANIMATOU 2012 - INVASION\" src=\"https:\/\/player.vimeo.com\/video\/277231951?dnt=1&#038;app_id=122963\" width=\"739\" height=\"416\" frameborder=\"0\" allow=\"autoplay; fullscreen\" allowfullscreen><\/iframe>\n<\/div><\/figure>\n\n\n\n<h2 class=\"wp-block-heading\"><br>Jump Rope<\/h2>\n\n\n\n<p>Elodie Burgy, Aur\u00e9lia Calo, Salom\u00e9 Ziehli<\/p>\n\n\n\n<figure class=\"wp-block-embed aligncenter is-type-video is-provider-vimeo wp-block-embed-vimeo wp-embed-aspect-16-9 wp-has-aspect-ratio\"><div class=\"wp-block-embed__wrapper\">\n<iframe loading=\"lazy\" title=\"ANIMATOU 2012 - JUMP ROPE\" src=\"https:\/\/player.vimeo.com\/video\/277231962?dnt=1&#038;app_id=122963\" width=\"739\" height=\"416\" frameborder=\"0\" allow=\"autoplay; fullscreen\" allowfullscreen><\/iframe>\n<\/div><\/figure>\n\n\n\n<h2 class=\"wp-block-heading\"><br>La Gonflette<\/h2>\n\n\n\n<p>Laura Iwaszkiewicz, Philippe Oswald et Ajsa Zdravkovic<\/p>\n\n\n\n<figure class=\"wp-block-embed aligncenter is-type-video is-provider-vimeo wp-block-embed-vimeo wp-embed-aspect-16-9 wp-has-aspect-ratio\"><div class=\"wp-block-embed__wrapper\">\n<iframe loading=\"lazy\" title=\"ANIMATOU 2012 - LA GONFLETTE\" src=\"https:\/\/player.vimeo.com\/video\/277231975?dnt=1&#038;app_id=122963\" width=\"739\" height=\"416\" frameborder=\"0\" allow=\"autoplay; fullscreen\" allowfullscreen><\/iframe>\n<\/div><\/figure>\n","protected":false},"excerpt":{"rendered":"<p>&lt; Retour La HEAD, Haute \u00e9cole d&rsquo;art et de design de Gen\u00e8ve, a organis\u00e9 un workshop autour du film d&rsquo;animation destin\u00e9 aux \u00e9tudiant-e-s en communication visuelle. Dustin Rees, r\u00e9alisateur de films d&rsquo;animation et invit\u00e9 par l&rsquo;\u00e9cole, a anim\u00e9 cet atelier avec Elie Chapuis, animateur de marionnettes. Une semaine pour mettre en sc\u00e8ne du poisson frais,&hellip; <a class=\"more-link\" href=\"https:\/\/campus.hesge.ch\/head-animation\/baa12\/\">Continue reading <span class=\"screen-reader-text\">Bandes-annonces 2012<\/span> <span class=\"meta-nav\" aria-hidden=\"true\">&rarr;<\/span><\/a><\/p>\n","protected":false},"author":1,"featured_media":0,"parent":0,"menu_order":0,"comment_status":"closed","ping_status":"closed","template":"fullwidth-page.php","meta":{"footnotes":""},"class_list":["post-959","page","type-page","status-publish","hentry"],"_links":{"self":[{"href":"https:\/\/campus.hesge.ch\/head-animation\/wp-json\/wp\/v2\/pages\/959","targetHints":{"allow":["GET"]}}],"collection":[{"href":"https:\/\/campus.hesge.ch\/head-animation\/wp-json\/wp\/v2\/pages"}],"about":[{"href":"https:\/\/campus.hesge.ch\/head-animation\/wp-json\/wp\/v2\/types\/page"}],"author":[{"embeddable":true,"href":"https:\/\/campus.hesge.ch\/head-animation\/wp-json\/wp\/v2\/users\/1"}],"replies":[{"embeddable":true,"href":"https:\/\/campus.hesge.ch\/head-animation\/wp-json\/wp\/v2\/comments?post=959"}],"version-history":[{"count":6,"href":"https:\/\/campus.hesge.ch\/head-animation\/wp-json\/wp\/v2\/pages\/959\/revisions"}],"predecessor-version":[{"id":8332,"href":"https:\/\/campus.hesge.ch\/head-animation\/wp-json\/wp\/v2\/pages\/959\/revisions\/8332"}],"wp:attachment":[{"href":"https:\/\/campus.hesge.ch\/head-animation\/wp-json\/wp\/v2\/media?parent=959"}],"curies":[{"name":"wp","href":"https:\/\/api.w.org\/{rel}","templated":true}]}}