{"id":961,"date":"2019-07-03T15:06:07","date_gmt":"2019-07-03T15:06:07","guid":{"rendered":"https:\/\/head.hesge.ch\/atelier-animation\/?page_id=961"},"modified":"2026-02-18T15:18:24","modified_gmt":"2026-02-18T15:18:24","slug":"baa11","status":"publish","type":"page","link":"https:\/\/campus.hesge.ch\/head-animation\/baa11\/","title":{"rendered":"Bandes-annonces 2011"},"content":{"rendered":"\n<p class=\"has-normal-font-size\"><a href=\"https:\/\/campus.hesge.ch\/head-animation\/baa\/\">&lt; Retour<\/a><\/p>\n\n\n\n<p>16 \u00e9tudiant-e-s, plus de 80 objets quotidiens allant de la patate fra\u00eeche \u00e0 la cha\u00eene de v\u00e9lo rouill\u00e9e, en passant pas le conton-tige : se sont les ingr\u00e9dients de base d&rsquo;une semaine d&rsquo;animation ayant donn\u00e9 naissance \u00e0 sept films d&rsquo;animation d&rsquo;une vingtaine de de secondes chacun. Tous sont devenu les bandes-annonces officielles du festival Animatou, mais cela a surtout \u00e9t\u00e9 l&rsquo;occasion pour les participant-e-s de se plonger dans l&rsquo;animation image par image, avec comme seule trame narrative &#8211; ou abstraite &#8211; ce que les objets ont inspir\u00e9 aux \u00e9l\u00e8ves, ce que les \u00e9l\u00e8ves ont parfois fait subir aux objets, dans un rapport ludique d&rsquo;inspiration mutuelle, \u00e0 la d\u00e9couverte des rythme particulier de l&rsquo;animation. Riche et diversifi\u00e9.<br> (Catalogue Animatou 2011)<\/p>\n\n\n\n<p>Festival Animatou &gt; <a href=\"http:\/\/animatou.com\" target=\"_blank\" rel=\"noreferrer noopener\" aria-label=\"animatou.com (s\u2019ouvre dans un nouvel onglet)\">animatou.com<\/a><br> R\u00e9alisateur invit\u00e9 : Elie Chapuis, animateur de marionnettes<br> Enseignant : Olivier Riechsteiner<br> Mixage son : Adrien Kessler<\/p>\n\n\n\n<h2 class=\"wp-block-heading\"><br>Boule de chat<\/h2>\n\n\n\n<p>Minsu Kim &#8211; Musique : Mihee Kim et Minsu Kim<\/p>\n\n\n\n<figure class=\"wp-block-embed aligncenter is-type-video is-provider-vimeo wp-block-embed-vimeo wp-embed-aspect-16-9 wp-has-aspect-ratio\"><div class=\"wp-block-embed__wrapper\">\n<iframe loading=\"lazy\" title=\"ANIMATOU 2011 - BOULE DE CHAT\" src=\"https:\/\/player.vimeo.com\/video\/277411944?dnt=1&#038;app_id=122963\" width=\"739\" height=\"416\" frameborder=\"0\" allow=\"autoplay; fullscreen\" allowfullscreen><\/iframe>\n<\/div><\/figure>\n\n\n\n<h2 class=\"wp-block-heading\"><br>Boulimore<\/h2>\n\n\n\n<p>Jasmine Al-Osami et Ang\u00e9la Cardona<\/p>\n\n\n\n<figure class=\"wp-block-embed aligncenter is-type-video is-provider-vimeo wp-block-embed-vimeo wp-embed-aspect-16-9 wp-has-aspect-ratio\"><div class=\"wp-block-embed__wrapper\">\n<iframe loading=\"lazy\" title=\"ANIMATOU 2011 - BOULIMORE\" src=\"https:\/\/player.vimeo.com\/video\/277232429?dnt=1&#038;app_id=122963\" width=\"739\" height=\"416\" frameborder=\"0\" allow=\"autoplay; fullscreen\" allowfullscreen><\/iframe>\n<\/div><\/figure>\n\n\n\n<h2 class=\"wp-block-heading\"><br>Meow<\/h2>\n\n\n\n<p>J\u00e9r\u00f4me Piguet<\/p>\n\n\n\n<figure class=\"wp-block-embed aligncenter is-type-video is-provider-vimeo wp-block-embed-vimeo wp-embed-aspect-16-9 wp-has-aspect-ratio\"><div class=\"wp-block-embed__wrapper\">\n<iframe loading=\"lazy\" title=\"ANIMATOU 2011 - MEOW\" src=\"https:\/\/player.vimeo.com\/video\/277232445?dnt=1&#038;app_id=122963\" width=\"739\" height=\"416\" frameborder=\"0\" allow=\"autoplay; fullscreen\" allowfullscreen><\/iframe>\n<\/div><\/figure>\n\n\n\n<h2 class=\"wp-block-heading\"><br>Plan\u00e8te Alu<\/h2>\n\n\n\n<p>A\u00efnoha Cayuso, Sophie Ros et Anouk Sauter<\/p>\n\n\n\n<figure class=\"wp-block-embed aligncenter is-type-video is-provider-vimeo wp-block-embed-vimeo wp-embed-aspect-16-9 wp-has-aspect-ratio\"><div class=\"wp-block-embed__wrapper\">\n<iframe loading=\"lazy\" title=\"ANIMATOU 2011 - PLANETE ALU\" src=\"https:\/\/player.vimeo.com\/video\/277232460?dnt=1&#038;app_id=122963\" width=\"739\" height=\"416\" frameborder=\"0\" allow=\"autoplay; fullscreen\" allowfullscreen><\/iframe>\n<\/div><\/figure>\n\n\n\n<h2 class=\"wp-block-heading\"><br>Regenaissance<\/h2>\n\n\n\n<p>Aur\u00e9lie Mennessier, Juliette Rambaud et Jimmy Roura<\/p>\n\n\n\n<figure class=\"wp-block-embed aligncenter is-type-video is-provider-vimeo wp-block-embed-vimeo wp-embed-aspect-16-9 wp-has-aspect-ratio\"><div class=\"wp-block-embed__wrapper\">\n<iframe loading=\"lazy\" title=\"ANIMATOU 2011 - REGENAISSANCE\" src=\"https:\/\/player.vimeo.com\/video\/277232470?dnt=1&#038;app_id=122963\" width=\"739\" height=\"416\" frameborder=\"0\" allow=\"autoplay; fullscreen\" allowfullscreen><\/iframe>\n<\/div><\/figure>\n\n\n\n<h2 class=\"wp-block-heading\"><br>Spoutink<\/h2>\n\n\n\n<p>Julien Dinkel, Jorge Noya, Antoine Schmitt et Elsa Varin<\/p>\n\n\n\n<figure class=\"wp-block-embed aligncenter is-type-video is-provider-vimeo wp-block-embed-vimeo wp-embed-aspect-16-9 wp-has-aspect-ratio\"><div class=\"wp-block-embed__wrapper\">\n<iframe loading=\"lazy\" title=\"ANIMATOU 2011 - SPOUTNIK\" src=\"https:\/\/player.vimeo.com\/video\/277232488?dnt=1&#038;app_id=122963\" width=\"739\" height=\"416\" frameborder=\"0\" allow=\"autoplay; fullscreen\" allowfullscreen><\/iframe>\n<\/div><\/figure>\n\n\n\n<h2 class=\"wp-block-heading\"><br>Vive le Rock<\/h2>\n\n\n\n<p>Christoffer Ellegard<\/p>\n\n\n\n<figure class=\"wp-block-embed aligncenter is-type-video is-provider-vimeo wp-block-embed-vimeo wp-embed-aspect-16-9 wp-has-aspect-ratio\"><div class=\"wp-block-embed__wrapper\">\n<iframe loading=\"lazy\" title=\"ANIMATOU 2011 - VIVE LE ROCK\" src=\"https:\/\/player.vimeo.com\/video\/277232508?dnt=1&#038;app_id=122963\" width=\"739\" height=\"416\" frameborder=\"0\" allow=\"autoplay; fullscreen\" allowfullscreen><\/iframe>\n<\/div><\/figure>\n","protected":false},"excerpt":{"rendered":"<p>&lt; Retour 16 \u00e9tudiant-e-s, plus de 80 objets quotidiens allant de la patate fra\u00eeche \u00e0 la cha\u00eene de v\u00e9lo rouill\u00e9e, en passant pas le conton-tige : se sont les ingr\u00e9dients de base d&rsquo;une semaine d&rsquo;animation ayant donn\u00e9 naissance \u00e0 sept films d&rsquo;animation d&rsquo;une vingtaine de de secondes chacun. Tous sont devenu les bandes-annonces officielles du&hellip; <a class=\"more-link\" href=\"https:\/\/campus.hesge.ch\/head-animation\/baa11\/\">Continue reading <span class=\"screen-reader-text\">Bandes-annonces 2011<\/span> <span class=\"meta-nav\" aria-hidden=\"true\">&rarr;<\/span><\/a><\/p>\n","protected":false},"author":1,"featured_media":0,"parent":0,"menu_order":3,"comment_status":"closed","ping_status":"closed","template":"fullwidth-page.php","meta":{"footnotes":""},"class_list":["post-961","page","type-page","status-publish","hentry"],"_links":{"self":[{"href":"https:\/\/campus.hesge.ch\/head-animation\/wp-json\/wp\/v2\/pages\/961","targetHints":{"allow":["GET"]}}],"collection":[{"href":"https:\/\/campus.hesge.ch\/head-animation\/wp-json\/wp\/v2\/pages"}],"about":[{"href":"https:\/\/campus.hesge.ch\/head-animation\/wp-json\/wp\/v2\/types\/page"}],"author":[{"embeddable":true,"href":"https:\/\/campus.hesge.ch\/head-animation\/wp-json\/wp\/v2\/users\/1"}],"replies":[{"embeddable":true,"href":"https:\/\/campus.hesge.ch\/head-animation\/wp-json\/wp\/v2\/comments?post=961"}],"version-history":[{"count":5,"href":"https:\/\/campus.hesge.ch\/head-animation\/wp-json\/wp\/v2\/pages\/961\/revisions"}],"predecessor-version":[{"id":8334,"href":"https:\/\/campus.hesge.ch\/head-animation\/wp-json\/wp\/v2\/pages\/961\/revisions\/8334"}],"wp:attachment":[{"href":"https:\/\/campus.hesge.ch\/head-animation\/wp-json\/wp\/v2\/media?parent=961"}],"curies":[{"name":"wp","href":"https:\/\/api.w.org\/{rel}","templated":true}]}}