{"id":964,"date":"2019-07-03T15:08:47","date_gmt":"2019-07-03T15:08:47","guid":{"rendered":"https:\/\/head.hesge.ch\/atelier-animation\/?page_id=964"},"modified":"2026-02-18T16:44:43","modified_gmt":"2026-02-18T16:44:43","slug":"baa10","status":"publish","type":"page","link":"https:\/\/campus.hesge.ch\/head-animation\/baa10\/","title":{"rendered":"Bandes-annonces 2010"},"content":{"rendered":"\n<p class=\"has-normal-font-size\"><a href=\"https:\/\/campus.hesge.ch\/head-animation\/baa\/\">&lt; Retour<\/a><\/p>\n\n\n\n<p>9 \u00e9tudiant-e-s en communication visuelle de la HEAD &#8211; Gen\u00e8ve en 1\u00e8re et 2\u00e8me ann\u00e9e Bachelor ont cr\u00e9\u00e9 les cinq bandes-annonces du festival Cin\u00e9matou 2010. Ces bandes-annonces, d&rsquo;environ une minute chacune, ont \u00e9t\u00e9 r\u00e9alis\u00e9es lors d&rsquo;un workshop anim\u00e9 par l&rsquo;illustratrice suisse Anna Sommer, cr\u00e9atrice du visuel Cin\u00e9matou 2010, en collaboration avec Martine Anderfuhren et Olivier Riechsteiner, professeurs-e-s \u00e0 la HEAD &#8211; Gen\u00e8ve. Le mixage son a \u00e9t\u00e9 r\u00e9alis\u00e9e par Adrien Kessler.<\/p>\n\n\n\n<p>Le projet p\u00e9dagogique visait \u00e0 confronter les \u00e9tudiant-es \u00e0 des contraintes qui les fassent d\u00e9marrer en leur permettant d&rsquo;\u00e9viter d&#8217;embl\u00e9e la page banche et les poncifs par le caract\u00e8re arbitraire des attributs de d\u00e9part &#8211; un verbe d&rsquo;action, un contexte , un objet et deux animaux. Que faire avec ces cinq \u00e9l\u00e9ments : allumer, supermarch\u00e9, boules de p\u00e9tanques, renard et castor ? Il s&rsquo;agit d&rsquo;imaginer une histoire avec une action simple, la narration qui ne peut ainsi que sortir du commun.<br>Cette base de travail s&rsquo;est av\u00e9r\u00e9e productive, les \u00e9tudiant-e-s ont su brillamment s&rsquo;adapter \u00e0 cette contrainte de d\u00e9part pour cr\u00e9er leurs films.<\/p>\n\n\n\n<p>L&rsquo;animation est r\u00e9alis\u00e9e en papier d\u00e9coup\u00e9, une technique d&rsquo;animation classique.<br>Les films sont pr\u00e9sent\u00e9s dans le cadre du festival Cin\u00e9maou 2010.<br>(Catalogue Cin\u00e9matou 2010)<\/p>\n\n\n\n<p><br>Festival Animatou &gt;&nbsp;<a rel=\"noreferrer noopener\" href=\"http:\/\/animatou.com\" target=\"_blank\">animatou.com<\/a><br>Illustratrice invit\u00e9e : Anna Sommer<br>Enseignant-e-s : Martine Anderfuhren et Olivier Riechsteiner<br>Mixage son : Adrien Kessler<\/p>\n\n\n\n<h2 class=\"wp-block-heading\"><br>Castor-Renard<\/h2>\n\n\n\n<p>Thierry Vilbert &#8211; Voix : Marie Rossi<\/p>\n\n\n\n<figure class=\"wp-block-embed aligncenter is-type-video is-provider-vimeo wp-block-embed-vimeo wp-embed-aspect-16-9 wp-has-aspect-ratio\"><div class=\"wp-block-embed__wrapper\">\n<iframe loading=\"lazy\" title=\"CINEMATOU 2010 - CASTOR-RENARD\" src=\"https:\/\/player.vimeo.com\/video\/277232786?dnt=1&#038;app_id=122963\" width=\"739\" height=\"416\" frameborder=\"0\" allow=\"autoplay; fullscreen\" allowfullscreen><\/iframe>\n<\/div><\/figure>\n\n\n\n<h2 class=\"wp-block-heading\"><br>Castor-Rhino<\/h2>\n\n\n\n<p>Ana\u00efs Dujardin et Virginie Nessim<\/p>\n\n\n\n<figure class=\"wp-block-embed aligncenter is-type-video is-provider-vimeo wp-block-embed-vimeo wp-embed-aspect-16-9 wp-has-aspect-ratio\"><div class=\"wp-block-embed__wrapper\">\n<iframe loading=\"lazy\" title=\"CINEMATOU 2010 - CASTOR-RHINO\" src=\"https:\/\/player.vimeo.com\/video\/277232824?dnt=1&#038;app_id=122963\" width=\"739\" height=\"416\" frameborder=\"0\" allow=\"autoplay; fullscreen\" allowfullscreen><\/iframe>\n<\/div><\/figure>\n\n\n\n<h2 class=\"wp-block-heading\"><br>Gorille-Fourmi<\/h2>\n\n\n\n<p>Boris Ligert et Jimmy Roura<\/p>\n\n\n\n<figure class=\"wp-block-embed aligncenter is-type-video is-provider-vimeo wp-block-embed-vimeo wp-embed-aspect-16-9 wp-has-aspect-ratio\"><div class=\"wp-block-embed__wrapper\">\n<iframe loading=\"lazy\" title=\"CINEMATOU 2010 - GORILLE-FOURMI\" src=\"https:\/\/player.vimeo.com\/video\/277232841?dnt=1&#038;app_id=122963\" width=\"739\" height=\"416\" frameborder=\"0\" allow=\"autoplay; fullscreen\" allowfullscreen><\/iframe>\n<\/div><\/figure>\n\n\n\n<h2 class=\"wp-block-heading\"><br>Lion-Fourmi<\/h2>\n\n\n\n<p>Chantal Durante et Christel Orsatti<\/p>\n\n\n\n<figure class=\"wp-block-embed aligncenter is-type-video is-provider-vimeo wp-block-embed-vimeo wp-embed-aspect-16-9 wp-has-aspect-ratio\"><div class=\"wp-block-embed__wrapper\">\n<iframe loading=\"lazy\" title=\"CINEMATOU 2010 - LION-FOURMI\" src=\"https:\/\/player.vimeo.com\/video\/277232864?dnt=1&#038;app_id=122963\" width=\"739\" height=\"416\" frameborder=\"0\" allow=\"autoplay; fullscreen\" allowfullscreen><\/iframe>\n<\/div><\/figure>\n\n\n\n<h2 class=\"wp-block-heading\"><br>Martin-Loup<\/h2>\n\n\n\n<p>Miguel Silvestre Cortez et Marie Rossi<\/p>\n\n\n\n<figure class=\"wp-block-embed aligncenter is-type-video is-provider-vimeo wp-block-embed-vimeo wp-embed-aspect-16-9 wp-has-aspect-ratio\"><div class=\"wp-block-embed__wrapper\">\n<iframe loading=\"lazy\" title=\"CINEMATOU 2010 - MARTIN-LOUP\" src=\"https:\/\/player.vimeo.com\/video\/277232888?dnt=1&#038;app_id=122963\" width=\"739\" height=\"416\" frameborder=\"0\" allow=\"autoplay; fullscreen\" allowfullscreen><\/iframe>\n<\/div><\/figure>\n\n\n\n<p><\/p>\n","protected":false},"excerpt":{"rendered":"<p>&lt; Retour 9 \u00e9tudiant-e-s en communication visuelle de la HEAD &#8211; Gen\u00e8ve en 1\u00e8re et 2\u00e8me ann\u00e9e Bachelor ont cr\u00e9\u00e9 les cinq bandes-annonces du festival Cin\u00e9matou 2010. Ces bandes-annonces, d&rsquo;environ une minute chacune, ont \u00e9t\u00e9 r\u00e9alis\u00e9es lors d&rsquo;un workshop anim\u00e9 par l&rsquo;illustratrice suisse Anna Sommer, cr\u00e9atrice du visuel Cin\u00e9matou 2010, en collaboration avec Martine Anderfuhren&hellip; <a class=\"more-link\" href=\"https:\/\/campus.hesge.ch\/head-animation\/baa10\/\">Continue reading <span class=\"screen-reader-text\">Bandes-annonces 2010<\/span> <span class=\"meta-nav\" aria-hidden=\"true\">&rarr;<\/span><\/a><\/p>\n","protected":false},"author":1,"featured_media":0,"parent":0,"menu_order":0,"comment_status":"closed","ping_status":"closed","template":"fullwidth-page.php","meta":{"footnotes":""},"class_list":["post-964","page","type-page","status-publish","hentry"],"_links":{"self":[{"href":"https:\/\/campus.hesge.ch\/head-animation\/wp-json\/wp\/v2\/pages\/964","targetHints":{"allow":["GET"]}}],"collection":[{"href":"https:\/\/campus.hesge.ch\/head-animation\/wp-json\/wp\/v2\/pages"}],"about":[{"href":"https:\/\/campus.hesge.ch\/head-animation\/wp-json\/wp\/v2\/types\/page"}],"author":[{"embeddable":true,"href":"https:\/\/campus.hesge.ch\/head-animation\/wp-json\/wp\/v2\/users\/1"}],"replies":[{"embeddable":true,"href":"https:\/\/campus.hesge.ch\/head-animation\/wp-json\/wp\/v2\/comments?post=964"}],"version-history":[{"count":4,"href":"https:\/\/campus.hesge.ch\/head-animation\/wp-json\/wp\/v2\/pages\/964\/revisions"}],"predecessor-version":[{"id":8337,"href":"https:\/\/campus.hesge.ch\/head-animation\/wp-json\/wp\/v2\/pages\/964\/revisions\/8337"}],"wp:attachment":[{"href":"https:\/\/campus.hesge.ch\/head-animation\/wp-json\/wp\/v2\/media?parent=964"}],"curies":[{"name":"wp","href":"https:\/\/api.w.org\/{rel}","templated":true}]}}