{"id":966,"date":"2019-07-03T15:10:30","date_gmt":"2019-07-03T15:10:30","guid":{"rendered":"https:\/\/head.hesge.ch\/atelier-animation\/?page_id=966"},"modified":"2026-02-18T16:44:54","modified_gmt":"2026-02-18T16:44:54","slug":"baa09","status":"publish","type":"page","link":"https:\/\/campus.hesge.ch\/head-animation\/baa09\/","title":{"rendered":"Bandes-annonces 2009"},"content":{"rendered":"\n<p class=\"has-normal-font-size\"><a href=\"https:\/\/campus.hesge.ch\/head-animation\/baa\/\">&lt; Retour<\/a><\/p>\n\n\n\n<p>12 \u00e9tudiant-e-s en communication visuelle de 2\u00e8me et 3\u00e8me ann\u00e9e Bachelor de la HEAD ont r\u00e9alis\u00e9-e-s trois bandes-annonces pour promouvoir le festival Cin\u00e9matou 2009.<br>Ces trois bandes-annonces de 18 secondes chacune, ont \u00e9t\u00e9 r\u00e9alis\u00e9es lors d&rsquo;un workshop donn\u00e9 par Anne-Laure Daffi et L\u00e9o Marchand, auteurs de \u00ab\u00a0La Saint-Festin\u00a0\u00bb, Prix IKEA au festival Cin\u00e9matou 2008.<br>En collaboration avec Martine Anderfuhren et Olivier Riechsteiner, enseignants \u00e0 la HEAD.<br>(Catalogue Cin\u00e9matou 2009)<\/p>\n\n\n\n<p><br>Festival Animatou &gt;&nbsp;<a href=\"http:\/\/animatou.com\" target=\"_blank\" rel=\"noreferrer noopener\">animatou.com<\/a><br>R\u00e9alisateurs invit\u00e9s : Anne-Laure Daffi et L\u00e9o Marchand<br>Enseignant-e-s : Martine Anderfuhren et Olivier Riechsteiner<br>Mixage son : Adrien Kessler<br><\/p>\n\n\n\n<p>Etudiant-e-s : Ana\u00efs Dujardin, Jamile Marquez Moreira, Julien Mouron, Joachim Rolle, Johann Rosti, M\u00e9lodie-Morgane Simon, Felicie K\u00f6nig, Rapha\u00ebl Mu\u00f1oz, C\u00e9cile Nanjoud, Laura Richoz et Emilie Tappolet<\/p>\n\n\n\n<h2 class=\"wp-block-heading\"><br>Chat<\/h2>\n\n\n\n<figure class=\"wp-block-embed aligncenter is-type-video is-provider-vimeo wp-block-embed-vimeo wp-embed-aspect-16-9 wp-has-aspect-ratio\"><div class=\"wp-block-embed__wrapper\">\n<iframe loading=\"lazy\" title=\"CINEMATOU 2009 - CHAT\" src=\"https:\/\/player.vimeo.com\/video\/277232984?dnt=1&#038;app_id=122963\" width=\"739\" height=\"416\" frameborder=\"0\" allow=\"autoplay; fullscreen\" allowfullscreen><\/iframe>\n<\/div><\/figure>\n\n\n\n<h2 class=\"wp-block-heading\"><br>Monstre<\/h2>\n\n\n\n<figure class=\"wp-block-embed aligncenter is-type-video is-provider-vimeo wp-block-embed-vimeo wp-embed-aspect-16-9 wp-has-aspect-ratio\"><div class=\"wp-block-embed__wrapper\">\n<iframe loading=\"lazy\" title=\"CINEMATOU 2009 - MONSTRE\" src=\"https:\/\/player.vimeo.com\/video\/277232962?dnt=1&#038;app_id=122963\" width=\"739\" height=\"416\" frameborder=\"0\" allow=\"autoplay; fullscreen\" allowfullscreen><\/iframe>\n<\/div><\/figure>\n\n\n\n<h2 class=\"wp-block-heading\"><br>Suspense<\/h2>\n\n\n\n<figure class=\"wp-block-embed aligncenter is-type-video is-provider-vimeo wp-block-embed-vimeo wp-embed-aspect-16-9 wp-has-aspect-ratio\"><div class=\"wp-block-embed__wrapper\">\n<iframe loading=\"lazy\" title=\"CINEMATOU 2009 - SUSPENCE\" src=\"https:\/\/player.vimeo.com\/video\/277232943?dnt=1&#038;app_id=122963\" width=\"739\" height=\"416\" frameborder=\"0\" allow=\"autoplay; fullscreen\" allowfullscreen><\/iframe>\n<\/div><\/figure>\n","protected":false},"excerpt":{"rendered":"<p>&lt; Retour 12 \u00e9tudiant-e-s en communication visuelle de 2\u00e8me et 3\u00e8me ann\u00e9e Bachelor de la HEAD ont r\u00e9alis\u00e9-e-s trois bandes-annonces pour promouvoir le festival Cin\u00e9matou 2009.Ces trois bandes-annonces de 18 secondes chacune, ont \u00e9t\u00e9 r\u00e9alis\u00e9es lors d&rsquo;un workshop donn\u00e9 par Anne-Laure Daffi et L\u00e9o Marchand, auteurs de \u00ab\u00a0La Saint-Festin\u00a0\u00bb, Prix IKEA au festival Cin\u00e9matou 2008.En&hellip; <a class=\"more-link\" href=\"https:\/\/campus.hesge.ch\/head-animation\/baa09\/\">Continue reading <span class=\"screen-reader-text\">Bandes-annonces 2009<\/span> <span class=\"meta-nav\" aria-hidden=\"true\">&rarr;<\/span><\/a><\/p>\n","protected":false},"author":1,"featured_media":0,"parent":0,"menu_order":0,"comment_status":"closed","ping_status":"closed","template":"fullwidth-page.php","meta":{"footnotes":""},"class_list":["post-966","page","type-page","status-publish","hentry"],"_links":{"self":[{"href":"https:\/\/campus.hesge.ch\/head-animation\/wp-json\/wp\/v2\/pages\/966","targetHints":{"allow":["GET"]}}],"collection":[{"href":"https:\/\/campus.hesge.ch\/head-animation\/wp-json\/wp\/v2\/pages"}],"about":[{"href":"https:\/\/campus.hesge.ch\/head-animation\/wp-json\/wp\/v2\/types\/page"}],"author":[{"embeddable":true,"href":"https:\/\/campus.hesge.ch\/head-animation\/wp-json\/wp\/v2\/users\/1"}],"replies":[{"embeddable":true,"href":"https:\/\/campus.hesge.ch\/head-animation\/wp-json\/wp\/v2\/comments?post=966"}],"version-history":[{"count":6,"href":"https:\/\/campus.hesge.ch\/head-animation\/wp-json\/wp\/v2\/pages\/966\/revisions"}],"predecessor-version":[{"id":8338,"href":"https:\/\/campus.hesge.ch\/head-animation\/wp-json\/wp\/v2\/pages\/966\/revisions\/8338"}],"wp:attachment":[{"href":"https:\/\/campus.hesge.ch\/head-animation\/wp-json\/wp\/v2\/media?parent=966"}],"curies":[{"name":"wp","href":"https:\/\/api.w.org\/{rel}","templated":true}]}}