{"id":980,"date":"2019-07-03T15:39:41","date_gmt":"2019-07-03T15:39:41","guid":{"rendered":"https:\/\/head.hesge.ch\/atelier-animation\/?page_id=980"},"modified":"2026-02-18T17:54:52","modified_gmt":"2026-02-18T17:54:52","slug":"wme13-rep","status":"publish","type":"page","link":"https:\/\/campus.hesge.ch\/head-animation\/wme13-rep\/","title":{"rendered":"Repr\u00e9sentation-Animation"},"content":{"rendered":"\n<p class=\"has-normal-font-size\"><a href=\"https:\/\/campus.hesge.ch\/head-animation\/wme\/\">&lt; Retour<\/a><\/p>\n\n\n\n<p class=\"has-medium-font-size\">Avec Alexandra Maurer<\/p>\n\n\n\n<p>Animations r\u00e9alis\u00e9es dans le cadre d&rsquo;un workshop organis\u00e9 par l&rsquo;atelier d&rsquo;animation et l&rsquo;option Repr\u00e9sentation de la fili\u00e8re Arts visuels.<\/p>\n\n\n\n<p><em>\u00ab\u00a0Le workshop animation veut interroger le dessin ou la peinture qui deviennent espace. Le dessin \u00e9tant souvent d\u00e9fini par la feuille se permet de s\u2019\u00e9tirer et bouge d\u2019une fa\u00e7on impr\u00e9visible et ir\u00e9elle, devient corps, se perd \u00e0 l\u2019infini, ne revient plus, devient gigantesque \u00e0 perte de vue, s\u2019efface compl\u00e8tement, revient \u00e0 l\u2019extr\u00e9mit\u00e9, se prom\u00e8ne dans l\u2019espace.\u00a0\u00bb<\/em><br>Alexandra Maurer<\/p>\n\n\n\n<p>Artiste invit\u00e9e : Alexandra Maurer<br>Responsables de l&rsquo;option Repr\u00e9sentation : Caroline Bachmann et Peter Roesch<br>Enseignant atelier d&rsquo;animation : Olivier Riechsteiner<br>Assistant de l&rsquo;option Repr\u00e9sentation : Baptiste Gaillard<\/p>\n\n\n\n<h2 class=\"wp-block-heading\"><br>Delirium tremens<\/h2>\n\n\n\n<p>Ksenia Sadilova<br><em>\u00ab\u00a0Dans cette animation exp\u00e9rimentale, objets et formes dialogent le cours des choses. L\u2019id\u00e9e na\u00eet suite aux objets sous la main cr\u00e9ant une installaiton qui m\u2019a montr\u00e9 une nouvelle mani\u00e8re de s\u2019exprimer.\u00a0\u00bb<\/em><\/p>\n\n\n\n<figure class=\"wp-block-embed aligncenter is-type-video is-provider-vimeo wp-block-embed-vimeo wp-embed-aspect-16-9 wp-has-aspect-ratio\"><div class=\"wp-block-embed__wrapper\">\n<iframe loading=\"lazy\" title=\"DELIRIUM TREMENS 12-13\" src=\"https:\/\/player.vimeo.com\/video\/68198379?dnt=1&#038;app_id=122963\" width=\"640\" height=\"360\" frameborder=\"0\" allow=\"autoplay; fullscreen\" allowfullscreen><\/iframe>\n<\/div><\/figure>\n\n\n\n<h2 class=\"wp-block-heading\"><br>Depths in movement<\/h2>\n\n\n\n<p>Laura Rivanera<br><em> \u00ab\u00a0C\u2019est un va-et-vient entre le fond et la surface, un jeu entre les diff\u00e9rentes couches du papier. La r\u00e9alisation de ce projet fut exp\u00e9rimentale, il m\u2019a fallu changer mes habitudes picturales pour l\u00e2cher prise, tout en prenant go\u00fbt \u00e0 adapter mes prises de vue sur un sujet d\u00e9j\u00e0 en mouvement-les coulures de l\u2019aquarelle.\u00a0\u00bb<\/em> (Muet.)<\/p>\n\n\n\n<figure class=\"wp-block-embed aligncenter is-type-video is-provider-vimeo wp-block-embed-vimeo wp-embed-aspect-16-9 wp-has-aspect-ratio\"><div class=\"wp-block-embed__wrapper\">\n<iframe loading=\"lazy\" title=\"DEPTHS IN MOVMENT 12-13\" src=\"https:\/\/player.vimeo.com\/video\/68198796?dnt=1&#038;app_id=122963\" width=\"640\" height=\"360\" frameborder=\"0\" allow=\"autoplay; fullscreen\" allowfullscreen><\/iframe>\n<\/div><\/figure>\n\n\n\n<h2 class=\"wp-block-heading\"><br>Fourmi<\/h2>\n\n\n\n<p>Anne-Lise Solanilla et Rafaela Fuchs<br> <em>\u00ab\u00a0L\u2019animation tente de rendre poreuse la limite entre 2D et 3D.\u00a0\u00bb<\/em><\/p>\n\n\n\n<figure class=\"wp-block-embed aligncenter is-type-video is-provider-vimeo wp-block-embed-vimeo wp-embed-aspect-16-9 wp-has-aspect-ratio\"><div class=\"wp-block-embed__wrapper\">\n<iframe loading=\"lazy\" title=\"FOURMI 12-13\" src=\"https:\/\/player.vimeo.com\/video\/68199424?dnt=1&#038;app_id=122963\" width=\"640\" height=\"360\" frameborder=\"0\" allow=\"autoplay; fullscreen\" allowfullscreen><\/iframe>\n<\/div><\/figure>\n\n\n\n<h2 class=\"wp-block-heading\"><br>Les multiples facettes d&rsquo;une femme<\/h2>\n\n\n\n<p>Jenny Corboz<br> <em>\u00ab\u00a0A travers l\u2019effacement du dessin se renouvellent les diff\u00e9rents faci\u00e8s du visage, jusqu\u2019au moment o\u00f9 l\u2019effacement se transforme en dessin.\u00a0\u00bb<\/em> (Muet.)<\/p>\n\n\n\n<figure class=\"wp-block-embed aligncenter is-type-video is-provider-vimeo wp-block-embed-vimeo wp-embed-aspect-16-9 wp-has-aspect-ratio\"><div class=\"wp-block-embed__wrapper\">\n<iframe loading=\"lazy\" title=\"LES MULTIPLES FACETTES D&#039;UNE FEMME 12-13\" src=\"https:\/\/player.vimeo.com\/video\/68199635?dnt=1&#038;app_id=122963\" width=\"640\" height=\"360\" frameborder=\"0\" allow=\"autoplay; fullscreen\" allowfullscreen><\/iframe>\n<\/div><\/figure>\n\n\n\n<h2 class=\"wp-block-heading\"><br>Neurosis<\/h2>\n\n\n\n<p>Andrea Nucamendi<br> <em>\u00ab\u00a0Un ensemble d\u2019exp\u00e9rimentation + exploration + Flux + Subconscient + image + son.\u00a0\u00bb<\/em><\/p>\n\n\n\n<figure class=\"wp-block-embed aligncenter is-type-video is-provider-vimeo wp-block-embed-vimeo wp-embed-aspect-16-9 wp-has-aspect-ratio\"><div class=\"wp-block-embed__wrapper\">\n<iframe loading=\"lazy\" title=\"NEUROSIS 12-13\" src=\"https:\/\/player.vimeo.com\/video\/68195888?dnt=1&#038;app_id=122963\" width=\"640\" height=\"360\" frameborder=\"0\" allow=\"autoplay; fullscreen\" allowfullscreen><\/iframe>\n<\/div><\/figure>\n\n\n\n<h2 class=\"wp-block-heading\"><br>Sans titre<\/h2>\n\n\n\n<p>Fergus Sindall <br> <em>\u00ab\u00a0Cette animation est la recherche d\u2019une certaine dynamique entre les formes, les couleurs et la figure humaine. Les mouvements fragiles des figures agonisantes sont mises en opposition \u00e0 la dynamique des formes abstraites. Ce projet est une r\u00e9flexion sur les diff\u00e9rences d\u2019expression qu\u2019ils existent entre la figuration et l\u2019abstraction.\u00a0\u00bb<\/em> (Version muette. Version sonore, avec la musique : \u00ab\u00a0Sister Woo\u00a0\u00bb de Jonny Trunk.)<\/p>\n\n\n\n<figure class=\"wp-block-embed aligncenter is-type-video is-provider-vimeo wp-block-embed-vimeo wp-embed-aspect-16-9 wp-has-aspect-ratio\"><div class=\"wp-block-embed__wrapper\">\n<iframe loading=\"lazy\" title=\"SANS TITRE 12-13\" src=\"https:\/\/player.vimeo.com\/video\/68195520?dnt=1&#038;app_id=122963\" width=\"739\" height=\"416\" frameborder=\"0\" allow=\"autoplay; fullscreen\" allowfullscreen><\/iframe>\n<\/div><\/figure>\n\n\n\n<h2 class=\"wp-block-heading\"><br>Sous couche<\/h2>\n\n\n\n<p>Ali\u00e9nor N\u00e4f<\/p>\n\n\n\n<figure class=\"wp-block-embed aligncenter is-type-video is-provider-vimeo wp-block-embed-vimeo wp-embed-aspect-16-9 wp-has-aspect-ratio\"><div class=\"wp-block-embed__wrapper\">\n<iframe loading=\"lazy\" title=\"SOUS-COUCHE 12-13\" src=\"https:\/\/player.vimeo.com\/video\/68196530?dnt=1&#038;app_id=122963\" width=\"640\" height=\"360\" frameborder=\"0\" allow=\"autoplay; fullscreen\" allowfullscreen><\/iframe>\n<\/div><\/figure>\n\n\n\n<h2 class=\"wp-block-heading\"><br>Striptease<\/h2>\n\n\n\n<p>Jeanne Kichenassamy-Rapaille<br><em>\u00ab\u00a0Gestes spontan\u00e9s, construction d\u2019images de mani\u00e8re instinctive \u00e0 la peinture. Superposition de feuilles formant les plans et transition d\u2019un plan \u00e0 un autre par ouverture, par d\u00e9chirure de la feuille laissant place \u00e0 la suivante.\u00a0\u00bb<\/em>  (Muet.)<\/p>\n\n\n\n<figure class=\"wp-block-embed aligncenter is-type-video is-provider-vimeo wp-block-embed-vimeo wp-embed-aspect-16-9 wp-has-aspect-ratio\"><div class=\"wp-block-embed__wrapper\">\n<iframe loading=\"lazy\" title=\"STRIPTEASE 12-13\" src=\"https:\/\/player.vimeo.com\/video\/68197055?dnt=1&#038;app_id=122963\" width=\"640\" height=\"360\" frameborder=\"0\" allow=\"autoplay; fullscreen\" allowfullscreen><\/iframe>\n<\/div><\/figure>\n","protected":false},"excerpt":{"rendered":"<p>&lt; Retour Avec Alexandra Maurer Animations r\u00e9alis\u00e9es dans le cadre d&rsquo;un workshop organis\u00e9 par l&rsquo;atelier d&rsquo;animation et l&rsquo;option Repr\u00e9sentation de la fili\u00e8re Arts visuels. \u00ab\u00a0Le workshop animation veut interroger le dessin ou la peinture qui deviennent espace. Le dessin \u00e9tant souvent d\u00e9fini par la feuille se permet de s\u2019\u00e9tirer et bouge d\u2019une fa\u00e7on impr\u00e9visible et&hellip; <a class=\"more-link\" href=\"https:\/\/campus.hesge.ch\/head-animation\/wme13-rep\/\">Continue reading <span class=\"screen-reader-text\">Repr\u00e9sentation-Animation<\/span> <span class=\"meta-nav\" aria-hidden=\"true\">&rarr;<\/span><\/a><\/p>\n","protected":false},"author":1,"featured_media":0,"parent":0,"menu_order":0,"comment_status":"closed","ping_status":"closed","template":"fullwidth-page.php","meta":{"footnotes":""},"class_list":["post-980","page","type-page","status-publish","hentry"],"_links":{"self":[{"href":"https:\/\/campus.hesge.ch\/head-animation\/wp-json\/wp\/v2\/pages\/980","targetHints":{"allow":["GET"]}}],"collection":[{"href":"https:\/\/campus.hesge.ch\/head-animation\/wp-json\/wp\/v2\/pages"}],"about":[{"href":"https:\/\/campus.hesge.ch\/head-animation\/wp-json\/wp\/v2\/types\/page"}],"author":[{"embeddable":true,"href":"https:\/\/campus.hesge.ch\/head-animation\/wp-json\/wp\/v2\/users\/1"}],"replies":[{"embeddable":true,"href":"https:\/\/campus.hesge.ch\/head-animation\/wp-json\/wp\/v2\/comments?post=980"}],"version-history":[{"count":4,"href":"https:\/\/campus.hesge.ch\/head-animation\/wp-json\/wp\/v2\/pages\/980\/revisions"}],"predecessor-version":[{"id":8397,"href":"https:\/\/campus.hesge.ch\/head-animation\/wp-json\/wp\/v2\/pages\/980\/revisions\/8397"}],"wp:attachment":[{"href":"https:\/\/campus.hesge.ch\/head-animation\/wp-json\/wp\/v2\/media?parent=980"}],"curies":[{"name":"wp","href":"https:\/\/api.w.org\/{rel}","templated":true}]}}