{"id":982,"date":"2019-07-03T15:45:31","date_gmt":"2019-07-03T15:45:31","guid":{"rendered":"https:\/\/head.hesge.ch\/atelier-animation\/?page_id=982"},"modified":"2026-02-18T17:47:46","modified_gmt":"2026-02-18T17:47:46","slug":"wme13-mis","status":"publish","type":"page","link":"https:\/\/campus.hesge.ch\/head-animation\/wme13-mis\/","title":{"rendered":"Missyiu"},"content":{"rendered":"\n<p class=\"has-normal-font-size\"><a href=\"https:\/\/campus.hesge.ch\/head-animation\/wme\/\">&lt; Retour<\/a><\/p>\n\n\n\n<p class=\"has-medium-font-size\">Avec Christophe Balleys<\/p>\n\n\n\n<p>Missyiu Missives \u2013 E-mails anim\u00e9s et musicaux<\/p>\n\n\n\n<p>Missyiu Missives est un projet d\u2019e-mails anim\u00e9s et sonores, r\u00e9alis\u00e9 par les \u00e9tudiant-e-s en Communication visuelle en collaboration avec Christophe Balleys, alisas Jerrycan, performeur et chanteur genevois, pour lequel ils ont r\u00e9alis\u00e9s cinq animations tout \u00e0 fait singuli\u00e8res.<\/p>\n\n\n\n<p>\u00ab\u00a0Chaque film commence par un gabarit d\u2019e-mail. Il ne s\u2019agit pas de chercher \u00e0 illustrer la musique mais d\u2019ajouter un contre champs, une contradiction ou un approfondissement \u00e0 la musique. Fra\u00eecheur, spontan\u00e9it\u00e9, communication directe et imm\u00e9diate.\u00a0\u00bb<\/p>\n\n\n\n<p>Christophe Balley &gt; <a rel=\"noreferrer noopener\" aria-label=\"jerrycan.ch (s\u2019ouvre dans un nouvel onglet)\" href=\"http:\/\/jerrycan.ch\" target=\"_blank\">jerrycan.ch<\/a><\/p>\n\n\n\n<h2 class=\"wp-block-heading\"><br>Dancing Sun<\/h2>\n\n\n\n<p>S\u00e9lectionn\u00e9 au Holland Animation Film Festival (HAFF) 2014 d&rsquo;Utrecht dans le programme \u00ab\u00a0Competition European student film\u00a0\u00bb.<br><br>Ainhoa Cayuso et Elise Viladent<br>Musique : Christophe Balleys<\/p>\n\n\n\n<figure class=\"wp-block-embed aligncenter is-type-video is-provider-vimeo wp-block-embed-vimeo wp-embed-aspect-16-9 wp-has-aspect-ratio\"><div class=\"wp-block-embed__wrapper\">\n<iframe loading=\"lazy\" title=\"DANCING SUN 12-13\" src=\"https:\/\/player.vimeo.com\/video\/59015585?dnt=1&#038;app_id=122963\" width=\"739\" height=\"416\" frameborder=\"0\" allow=\"autoplay; fullscreen\" allowfullscreen><\/iframe>\n<\/div><\/figure>\n\n\n\n<h2 class=\"wp-block-heading\"><br>Never Let You Go<\/h2>\n\n\n\n<p>Christoffer Ellegaard et Joanne Schmutz<br>Musique : Christophe Balleys<\/p>\n\n\n\n<figure class=\"wp-block-embed aligncenter is-type-video is-provider-vimeo wp-block-embed-vimeo wp-embed-aspect-16-9 wp-has-aspect-ratio\"><div class=\"wp-block-embed__wrapper\">\n<iframe loading=\"lazy\" title=\"NEVER LET YOU GO 12-13\" src=\"https:\/\/player.vimeo.com\/video\/58443634?dnt=1&#038;app_id=122963\" width=\"739\" height=\"416\" frameborder=\"0\" allow=\"autoplay; fullscreen\" allowfullscreen><\/iframe>\n<\/div><\/figure>\n\n\n\n<h2 class=\"wp-block-heading\"><br>Nostalgie du pass\u00e9 proche<\/h2>\n\n\n\n<p>N\u00b0 1 d\u00e9but mai 2013 dans l&rsquo;\u00e9mission JukeBox de la T\u00e9l\u00e9.<br><br>Aur\u00e9lia Calo et Fanny Giordano<br>Musique : Christophe Balleys<\/p>\n\n\n\n<figure class=\"wp-block-embed aligncenter is-type-video is-provider-vimeo wp-block-embed-vimeo wp-embed-aspect-16-9 wp-has-aspect-ratio\"><div class=\"wp-block-embed__wrapper\">\n<iframe loading=\"lazy\" title=\"NOSTALGIE DU PASSE PROCHE 12-13\" src=\"https:\/\/player.vimeo.com\/video\/58724171?dnt=1&#038;app_id=122963\" width=\"739\" height=\"416\" frameborder=\"0\" allow=\"autoplay; fullscreen\" allowfullscreen><\/iframe>\n<\/div><\/figure>\n\n\n\n<h2 class=\"wp-block-heading\"><br>On se voit demain<\/h2>\n\n\n\n<p>S\u00e9lectionn\u00e9 au Internationales Tirckfilm Festival Stuttgart (ITFS) 2014 dans le programme \u00ab\u00a0Animated Music Videos\u00a0\u00bb et au Festival international du film d&rsquo;animation FANTOCHE 2014 de Baden en comp\u00e9tition Suisse.<br><br>Julien Dinkel et Judith Hunziker<br>Musique : Christophe Balleys<\/p>\n\n\n\n<figure class=\"wp-block-embed aligncenter is-type-video is-provider-vimeo wp-block-embed-vimeo wp-embed-aspect-16-9 wp-has-aspect-ratio\"><div class=\"wp-block-embed__wrapper\">\n<iframe loading=\"lazy\" title=\"ON SE VOIT DEMAIN 12-13\" src=\"https:\/\/player.vimeo.com\/video\/58735101?dnt=1&#038;app_id=122963\" width=\"739\" height=\"416\" frameborder=\"0\" allow=\"autoplay; fullscreen\" allowfullscreen><\/iframe>\n<\/div><\/figure>\n\n\n\n<h2 class=\"wp-block-heading\"><br>Paradis Dancefloor<\/h2>\n\n\n\n<p>S\u00e9lectionn\u00e9 au Festival international du film d&rsquo;animation ANIMATOU 2013 de Gen\u00e8ve dans le programme \u00ab\u00a0Musicanim&rsquo;s\u00a0\u00bb.<br><br>Sylvain Joly, Min-Su Kim et Sophie Ros<br>Musique : Christophe Balleys<\/p>\n\n\n\n<figure class=\"wp-block-embed aligncenter is-type-video is-provider-vimeo wp-block-embed-vimeo wp-embed-aspect-16-9 wp-has-aspect-ratio\"><div class=\"wp-block-embed__wrapper\">\n<iframe loading=\"lazy\" title=\"PARADIS DANCE FLOOR 12-13\" src=\"https:\/\/player.vimeo.com\/video\/58445073?dnt=1&#038;app_id=122963\" width=\"739\" height=\"416\" frameborder=\"0\" allow=\"autoplay; fullscreen\" allowfullscreen><\/iframe>\n<\/div><\/figure>\n\n\n\n<p><\/p>\n","protected":false},"excerpt":{"rendered":"<p>&lt; Retour Avec Christophe Balleys Missyiu Missives \u2013 E-mails anim\u00e9s et musicaux Missyiu Missives est un projet d\u2019e-mails anim\u00e9s et sonores, r\u00e9alis\u00e9 par les \u00e9tudiant-e-s en Communication visuelle en collaboration avec Christophe Balleys, alisas Jerrycan, performeur et chanteur genevois, pour lequel ils ont r\u00e9alis\u00e9s cinq animations tout \u00e0 fait singuli\u00e8res. \u00ab\u00a0Chaque film commence par un&hellip; <a class=\"more-link\" href=\"https:\/\/campus.hesge.ch\/head-animation\/wme13-mis\/\">Continue reading <span class=\"screen-reader-text\">Missyiu<\/span> <span class=\"meta-nav\" aria-hidden=\"true\">&rarr;<\/span><\/a><\/p>\n","protected":false},"author":1,"featured_media":0,"parent":0,"menu_order":0,"comment_status":"closed","ping_status":"closed","template":"fullwidth-page.php","meta":{"footnotes":""},"class_list":["post-982","page","type-page","status-publish","hentry"],"_links":{"self":[{"href":"https:\/\/campus.hesge.ch\/head-animation\/wp-json\/wp\/v2\/pages\/982","targetHints":{"allow":["GET"]}}],"collection":[{"href":"https:\/\/campus.hesge.ch\/head-animation\/wp-json\/wp\/v2\/pages"}],"about":[{"href":"https:\/\/campus.hesge.ch\/head-animation\/wp-json\/wp\/v2\/types\/page"}],"author":[{"embeddable":true,"href":"https:\/\/campus.hesge.ch\/head-animation\/wp-json\/wp\/v2\/users\/1"}],"replies":[{"embeddable":true,"href":"https:\/\/campus.hesge.ch\/head-animation\/wp-json\/wp\/v2\/comments?post=982"}],"version-history":[{"count":3,"href":"https:\/\/campus.hesge.ch\/head-animation\/wp-json\/wp\/v2\/pages\/982\/revisions"}],"predecessor-version":[{"id":8391,"href":"https:\/\/campus.hesge.ch\/head-animation\/wp-json\/wp\/v2\/pages\/982\/revisions\/8391"}],"wp:attachment":[{"href":"https:\/\/campus.hesge.ch\/head-animation\/wp-json\/wp\/v2\/media?parent=982"}],"curies":[{"name":"wp","href":"https:\/\/api.w.org\/{rel}","templated":true}]}}