{"id":988,"date":"2019-07-03T15:55:04","date_gmt":"2019-07-03T15:55:04","guid":{"rendered":"https:\/\/head.hesge.ch\/atelier-animation\/?page_id=988"},"modified":"2026-02-18T17:49:44","modified_gmt":"2026-02-18T17:49:44","slug":"wme14","status":"publish","type":"page","link":"https:\/\/campus.hesge.ch\/head-animation\/wme14\/","title":{"rendered":"In Space"},"content":{"rendered":"\n<p class=\"has-normal-font-size\"><a href=\"https:\/\/campus.hesge.ch\/head-animation\/wme\/\">&lt; Retour<\/a><\/p>\n\n\n\n<p class=\"has-medium-font-size\">Avec Hayan Kam Nakache<\/p>\n\n\n\n<p>Workshop organis\u00e9 en collaboration avec l&rsquo;option sp\u00e9cialis\u00e9e \u00ab\u00a0Cin\u00e9ma d&rsquo;animation\u00a0\u00bb et l&rsquo;option Repr\u00e9sentation de la fili\u00e8re Arts visuels.<\/p>\n\n\n\n<p>L&rsquo;artiste invit\u00e9 \u00e9tait Hayan Kam Nakache. Il a propos\u00e9 de s&rsquo;inspirer des anciens jeux vid\u00e9o et des s\u00e9ries d\u2019animation de science fiction japonaise des ann\u00e9es 90 (Saint Seya) afin de r\u00e9aliser un petit film d&rsquo;animation. Leurs aspects structurels, graphiques et esth\u00e9tiques ont \u00e9t\u00e9 revisit\u00e9s par les \u00e9tudiant-e-s.<\/p>\n\n\n\n<p>Artiste invit\u00e9 : Hayan Kam Nakache<br> Responsables de l&rsquo;option Repr\u00e9sentation : Peter Roesch et Caroline Bachmann<br> Enseignant atelier d&rsquo;animation : Olivier Riechsteiner<\/p>\n\n\n\n<h2 class=\"wp-block-heading\"><br>Ken<\/h2>\n\n\n\n<p>Aline Zuber, C\u00e9lian Cordt-Moller, Claire Martinod, Jenny Corboz, Laetitia Montant et Matthieu Boutteville<\/p>\n\n\n\n<figure class=\"wp-block-embed aligncenter is-type-video is-provider-vimeo wp-block-embed-vimeo wp-embed-aspect-16-9 wp-has-aspect-ratio\"><div class=\"wp-block-embed__wrapper\">\n<iframe loading=\"lazy\" title=\"IN SPACE - KEN 13-14\" src=\"https:\/\/player.vimeo.com\/video\/121027451?dnt=1&#038;app_id=122963\" width=\"739\" height=\"416\" frameborder=\"0\" allow=\"autoplay; fullscreen\" allowfullscreen><\/iframe>\n<\/div><\/figure>\n\n\n\n<p><\/p>\n","protected":false},"excerpt":{"rendered":"<p>&lt; Retour Avec Hayan Kam Nakache Workshop organis\u00e9 en collaboration avec l&rsquo;option sp\u00e9cialis\u00e9e \u00ab\u00a0Cin\u00e9ma d&rsquo;animation\u00a0\u00bb et l&rsquo;option Repr\u00e9sentation de la fili\u00e8re Arts visuels. L&rsquo;artiste invit\u00e9 \u00e9tait Hayan Kam Nakache. Il a propos\u00e9 de s&rsquo;inspirer des anciens jeux vid\u00e9o et des s\u00e9ries d\u2019animation de science fiction japonaise des ann\u00e9es 90 (Saint Seya) afin de r\u00e9aliser un&hellip; <a class=\"more-link\" href=\"https:\/\/campus.hesge.ch\/head-animation\/wme14\/\">Continue reading <span class=\"screen-reader-text\">In Space<\/span> <span class=\"meta-nav\" aria-hidden=\"true\">&rarr;<\/span><\/a><\/p>\n","protected":false},"author":1,"featured_media":0,"parent":0,"menu_order":0,"comment_status":"closed","ping_status":"closed","template":"fullwidth-page.php","meta":{"footnotes":""},"class_list":["post-988","page","type-page","status-publish","hentry"],"_links":{"self":[{"href":"https:\/\/campus.hesge.ch\/head-animation\/wp-json\/wp\/v2\/pages\/988","targetHints":{"allow":["GET"]}}],"collection":[{"href":"https:\/\/campus.hesge.ch\/head-animation\/wp-json\/wp\/v2\/pages"}],"about":[{"href":"https:\/\/campus.hesge.ch\/head-animation\/wp-json\/wp\/v2\/types\/page"}],"author":[{"embeddable":true,"href":"https:\/\/campus.hesge.ch\/head-animation\/wp-json\/wp\/v2\/users\/1"}],"replies":[{"embeddable":true,"href":"https:\/\/campus.hesge.ch\/head-animation\/wp-json\/wp\/v2\/comments?post=988"}],"version-history":[{"count":5,"href":"https:\/\/campus.hesge.ch\/head-animation\/wp-json\/wp\/v2\/pages\/988\/revisions"}],"predecessor-version":[{"id":8393,"href":"https:\/\/campus.hesge.ch\/head-animation\/wp-json\/wp\/v2\/pages\/988\/revisions\/8393"}],"wp:attachment":[{"href":"https:\/\/campus.hesge.ch\/head-animation\/wp-json\/wp\/v2\/media?parent=988"}],"curies":[{"name":"wp","href":"https:\/\/api.w.org\/{rel}","templated":true}]}}