{"id":994,"date":"2019-07-03T16:06:25","date_gmt":"2019-07-03T16:06:25","guid":{"rendered":"https:\/\/head.hesge.ch\/atelier-animation\/?page_id=994"},"modified":"2026-02-18T17:31:19","modified_gmt":"2026-02-18T17:31:19","slug":"wme15-dut","status":"publish","type":"page","link":"https:\/\/campus.hesge.ch\/head-animation\/wme15-dut\/","title":{"rendered":"Habitat en histoires"},"content":{"rendered":"\n<p class=\"has-normal-font-size\"><a href=\"https:\/\/campus.hesge.ch\/head-animation\/wme\/\">&lt; Retour<\/a><\/p>\n\n\n\n<p>Une exposition propos\u00e9e par la fili\u00e8re Communication visuelle de la HEAD \u2013 Gen\u00e8ve, option Image\/R\u00e9cit.<br> <a href=\"https:\/\/habitatenhistoires.tumblr.com\/tagged\/cartons\" target=\"_blank\" rel=\"noreferrer noopener\" aria-label=\"habitatenhistoires.tumblr.com (s\u2019ouvre dans un nouvel onglet)\">habitatenhistoires.tumblr.com<\/a> <\/p>\n\n\n\n<p>Les \u00e9tudiant-e-s de l&rsquo;atelier d&rsquo;animation ont \u00e9t\u00e9 libres d&rsquo;imaginer un projet sur le th\u00e8me \u00ab\u00a0Habitat en histoires\u00a0\u00bb. Le projet d&rsquo;Am\u00e9lie Strobino a \u00e9t\u00e9 men\u00e9 transversalement avec l&rsquo;atelier d&rsquo;Helge Reumann.<\/p>\n\n\n\n<h2 class=\"wp-block-heading\"><br>Epithelium<\/h2>\n\n\n\n<p>Am\u00e9lie Strobino<br>Tourne-disque recouvert de scotch, peinture acrylique, feutre, \u00e9coline, 430 x 350 x 55 mm, 2015.<br> <em>\u00ab\u00a0Epith\u00e9lium est une maquette exp\u00e9rimentale anim\u00e9e inspir\u00e9e du zootrope traditionnel. Sa matrice centrale raconte le cycle de la division cellulaire, tandis que sa surface externe \u00e9voque l&rsquo;expansion d&rsquo;une ville. L&rsquo;organique et l&rsquo;industriel se c\u00f4toient, s&rsquo;opposent et se relient.\u00a0\u00bb<\/em><br> Am\u00e9lie Strobino &gt; <a rel=\"noreferrer noopener\" aria-label=\"www.ameliestrobino.ch (s\u2019ouvre dans un nouvel onglet)\" href=\"http:\/\/www.ameliestrobino.ch\" target=\"_blank\">www.ameliestrobino.ch<\/a><\/p>\n\n\n<div class=\"wp-block-image\">\n<figure class=\"alignleft size-large\"><img loading=\"lazy\" decoding=\"async\" width=\"630\" height=\"387\" src=\"https:\/\/campus.hesge.ch\/head-animation\/wp-content\/uploads\/2019\/07\/15dutoit_epitelium.jpg\" alt=\"\" class=\"wp-image-1240\" srcset=\"https:\/\/campus.hesge.ch\/head-animation\/wp-content\/uploads\/2019\/07\/15dutoit_epitelium.jpg 630w, https:\/\/campus.hesge.ch\/head-animation\/wp-content\/uploads\/2019\/07\/15dutoit_epitelium-300x184.jpg 300w\" sizes=\"auto, (max-width: 630px) 100vw, 630px\" \/><figcaption class=\"wp-element-caption\">Photo \u00a9 Am\u00e9lie Strobino 2015<\/figcaption><\/figure>\n<\/div>\n\n<div class=\"wp-block-image\">\n<figure class=\"alignleft size-large\"><img loading=\"lazy\" decoding=\"async\" width=\"630\" height=\"562\" src=\"https:\/\/campus.hesge.ch\/head-animation\/wp-content\/uploads\/2019\/07\/15dutoit_epitelium2.jpg\" alt=\"\" class=\"wp-image-1241\" srcset=\"https:\/\/campus.hesge.ch\/head-animation\/wp-content\/uploads\/2019\/07\/15dutoit_epitelium2.jpg 630w, https:\/\/campus.hesge.ch\/head-animation\/wp-content\/uploads\/2019\/07\/15dutoit_epitelium2-300x268.jpg 300w\" sizes=\"auto, (max-width: 630px) 100vw, 630px\" \/><figcaption class=\"wp-element-caption\">Photo \u00a9 Am\u00e9lie Strobino 2015<\/figcaption><\/figure>\n<\/div>\n\n\n<h2 class=\"wp-block-heading\"><br>Space Bug<\/h2>\n\n\n\n<p>Charlotte Mermoud<br><em>\u00ab\u00a0Dans ce petit film, on observe \u00e0 l\u2019aide d\u2019une lampe torche un cafard se d\u00e9pla\u00e7ant sur un mur et passant d\u2019une fissure \u00e0 l\u2019autre gr\u00e2ce \u00e0 des portails spatio-temporels l\u2019aspirant et le recrachant. L\u2019animation a \u00e9t\u00e9 con\u00e7ue en boucle afin de pouvoir suivre le cafard aussi longtemps que souhait\u00e9, mais aussi pour \u00e9voquer la stupidit\u00e9 du cafard tournant en rond. Le film a \u00e9t\u00e9 projet\u00e9 dans les toilettes de la Villa Dutoit, afin de cr\u00e9er un contraste entre l\u2019id\u00e9e du propre et le cafard, renfor\u00e7ant son aspect d\u00e9go\u00fbtant.\u00a0\u00bb <\/em><br> Charlotte Mermoud <\/p>\n\n\n<div class=\"wp-block-image\">\n<figure class=\"alignleft size-large\"><img loading=\"lazy\" decoding=\"async\" width=\"630\" height=\"944\" src=\"https:\/\/campus.hesge.ch\/head-animation\/wp-content\/uploads\/2019\/05\/15dutoit_cafard.jpg\" alt=\"\" class=\"wp-image-342\" srcset=\"https:\/\/campus.hesge.ch\/head-animation\/wp-content\/uploads\/2019\/05\/15dutoit_cafard.jpg 630w, https:\/\/campus.hesge.ch\/head-animation\/wp-content\/uploads\/2019\/05\/15dutoit_cafard-200x300.jpg 200w\" sizes=\"auto, (max-width: 630px) 100vw, 630px\" \/><figcaption class=\"wp-element-caption\">Photo \u00a9 Charlotte Mermoud 2015<\/figcaption><\/figure>\n<\/div>\n\n\n<figure class=\"wp-block-embed is-type-video is-provider-vimeo wp-block-embed-vimeo aligncenter wp-embed-aspect-16-9 wp-has-aspect-ratio\"><div class=\"wp-block-embed__wrapper\">\n<iframe loading=\"lazy\" title=\"SPACE BUG 14-15\" src=\"https:\/\/player.vimeo.com\/video\/143133519?dnt=1&amp;app_id=122963\" width=\"739\" height=\"416\" frameborder=\"0\" allow=\"autoplay; fullscreen\" allowfullscreen><\/iframe>\n<\/div><figcaption class=\"wp-element-caption\">Film \u00a9 Charlotte Mermoud 2015<\/figcaption><\/figure>\n\n\n\n<h2 class=\"wp-block-heading\"><br>Mutoscope<\/h2>\n\n\n\n<p>Jessica Jaccard<br><em>\u00ab\u00a0L\u2019animation raconte l\u2019histoire de la vie et mort d\u2019une pizza. J\u2019ai voulu jouer sur le c\u00f4t\u00e9 humoristique et simple d\u2019un dessin qui n\u2019est l\u00e0 que pour souligner le fait que j\u2019ai utilis\u00e9 un rouleau \u00e0 p\u00e2te comme point de d\u00e9part pour contruire ma petite installation.\u00a0\u00bb<\/em><br> Jessica Jaccard <\/p>\n\n\n<div class=\"wp-block-image\">\n<figure class=\"alignleft size-large\"><img loading=\"lazy\" decoding=\"async\" width=\"630\" height=\"612\" src=\"https:\/\/campus.hesge.ch\/head-animation\/wp-content\/uploads\/2019\/07\/15dutoit_mutoscope.jpg\" alt=\"\" class=\"wp-image-1242\" srcset=\"https:\/\/campus.hesge.ch\/head-animation\/wp-content\/uploads\/2019\/07\/15dutoit_mutoscope.jpg 630w, https:\/\/campus.hesge.ch\/head-animation\/wp-content\/uploads\/2019\/07\/15dutoit_mutoscope-300x291.jpg 300w\" sizes=\"auto, (max-width: 630px) 100vw, 630px\" \/><figcaption class=\"wp-element-caption\">Photo \u00a9 B-Coulon 2015<\/figcaption><\/figure>\n<\/div>\n\n\n<figure class=\"wp-block-embed is-type-video is-provider-vimeo wp-block-embed-vimeo aligncenter wp-embed-aspect-16-9 wp-has-aspect-ratio\"><div class=\"wp-block-embed__wrapper\">\n<iframe loading=\"lazy\" title=\"MUTOSCOPE 14-15\" src=\"https:\/\/player.vimeo.com\/video\/143135742?dnt=1&amp;app_id=122963\" width=\"739\" height=\"416\" frameborder=\"0\" allow=\"autoplay; fullscreen\" allowfullscreen><\/iframe>\n<\/div><figcaption class=\"wp-element-caption\">Film \u00a9 Jessica Jaccard 2015<\/figcaption><\/figure>\n","protected":false},"excerpt":{"rendered":"<p>&lt; Retour Une exposition propos\u00e9e par la fili\u00e8re Communication visuelle de la HEAD \u2013 Gen\u00e8ve, option Image\/R\u00e9cit. habitatenhistoires.tumblr.com Les \u00e9tudiant-e-s de l&rsquo;atelier d&rsquo;animation ont \u00e9t\u00e9 libres d&rsquo;imaginer un projet sur le th\u00e8me \u00ab\u00a0Habitat en histoires\u00a0\u00bb. Le projet d&rsquo;Am\u00e9lie Strobino a \u00e9t\u00e9 men\u00e9 transversalement avec l&rsquo;atelier d&rsquo;Helge Reumann. Epithelium Am\u00e9lie StrobinoTourne-disque recouvert de scotch, peinture acrylique,&hellip; <a class=\"more-link\" href=\"https:\/\/campus.hesge.ch\/head-animation\/wme15-dut\/\">Continue reading <span class=\"screen-reader-text\">Habitat en histoires<\/span> <span class=\"meta-nav\" aria-hidden=\"true\">&rarr;<\/span><\/a><\/p>\n","protected":false},"author":1,"featured_media":0,"parent":0,"menu_order":0,"comment_status":"closed","ping_status":"closed","template":"fullwidth-page.php","meta":{"footnotes":""},"class_list":["post-994","page","type-page","status-publish","hentry"],"_links":{"self":[{"href":"https:\/\/campus.hesge.ch\/head-animation\/wp-json\/wp\/v2\/pages\/994","targetHints":{"allow":["GET"]}}],"collection":[{"href":"https:\/\/campus.hesge.ch\/head-animation\/wp-json\/wp\/v2\/pages"}],"about":[{"href":"https:\/\/campus.hesge.ch\/head-animation\/wp-json\/wp\/v2\/types\/page"}],"author":[{"embeddable":true,"href":"https:\/\/campus.hesge.ch\/head-animation\/wp-json\/wp\/v2\/users\/1"}],"replies":[{"embeddable":true,"href":"https:\/\/campus.hesge.ch\/head-animation\/wp-json\/wp\/v2\/comments?post=994"}],"version-history":[{"count":10,"href":"https:\/\/campus.hesge.ch\/head-animation\/wp-json\/wp\/v2\/pages\/994\/revisions"}],"predecessor-version":[{"id":8383,"href":"https:\/\/campus.hesge.ch\/head-animation\/wp-json\/wp\/v2\/pages\/994\/revisions\/8383"}],"wp:attachment":[{"href":"https:\/\/campus.hesge.ch\/head-animation\/wp-json\/wp\/v2\/media?parent=994"}],"curies":[{"name":"wp","href":"https:\/\/api.w.org\/{rel}","templated":true}]}}