{"id":996,"date":"2019-07-03T16:09:29","date_gmt":"2019-07-03T16:09:29","guid":{"rendered":"https:\/\/head.hesge.ch\/atelier-animation\/?page_id=996"},"modified":"2026-02-18T17:34:29","modified_gmt":"2026-02-18T17:34:29","slug":"wme15-mam","status":"publish","type":"page","link":"https:\/\/campus.hesge.ch\/head-animation\/wme15-mam\/","title":{"rendered":"Le MAMCO f\u00eate ses 20 ans avec la HEAD \u2013 Gen\u00e8ve"},"content":{"rendered":"\n<p class=\"has-normal-font-size\"><a href=\"https:\/\/campus.hesge.ch\/head-animation\/wme\/\">&lt; Retour<\/a><\/p>\n\n\n\n<p>A l\u2019occasion de ses 20 ans, le MAMCO a propos\u00e9 \u00e0 des \u00e9tudiant-e-s de la fili\u00e8re Communication visuelle de r\u00e9aliser des petits spots publicitaires. Apr\u00e8s une visite guid\u00e9e du mus\u00e9e et plusieurs rencontres avec ses repr\u00e9sentants, les \u00e9tudiant-e-s ont choisi librement leur sujet afin d\u2019obtenir une approche personnelle.<\/p>\n\n\n\n<p>Cinq spots ont \u00e9t\u00e9 r\u00e9alis\u00e9s. Le son est une cr\u00e9ation sonore de Dominique Fabre. Les spots ont \u00e9t\u00e9 diffus\u00e9s sur les r\u00e9seaux sociaux et projet\u00e9s dans les cin\u00e9mas genevois : Le City, Les Scala, Nord-Sud, Path\u00e9 Rex 1, Path\u00e9 Rialto 3 et le Bio, en novembre et d\u00e9cembre 2015. <\/p>\n\n\n\n<p>MAMCO :<br> Directeur : Christian Bernard<br> Directrice adjointe : Fran\u00e7oise Ninghetto<br> Relations ext\u00e9rieures : Garett Landolt<br> Relations avec la presse : Sophie Eigenmann et Jennifer Ng Chin Yue<br> Collaborateur-trice-s du Mamco<br><a href=\"https:\/\/www.mamco.ch\">www.mamco.ch <\/a><a href=\"http:\/\/www.mamco.ch\">&gt;<\/a><\/p>\n\n\n\n<p>HEAD-Gen\u00e8ve &#8211; d\u00e9partement Communication visuelle :<br> Responsable : J\u00e9r\u00f4me Baratelli<br> Enseignant : Olivier Riechsteiner<br> Cr\u00e9ation Sonore : Dominique Fabre<br> Etalonnage : Rapha\u00ebl Frauenfelder <\/p>\n\n\n\n<h2 class=\"wp-block-heading\"><br>Am\u00e9lie Strobino<\/h2>\n\n\n\n<figure class=\"wp-block-embed aligncenter is-type-video is-provider-vimeo wp-block-embed-vimeo wp-embed-aspect-16-9 wp-has-aspect-ratio\"><div class=\"wp-block-embed__wrapper\">\n<iframe loading=\"lazy\" title=\"20 ANS MAMCO - AMELIE 14-15\" src=\"https:\/\/player.vimeo.com\/video\/124448335?dnt=1&amp;app_id=122963\" width=\"739\" height=\"416\" frameborder=\"0\" allow=\"autoplay; fullscreen\" allowfullscreen><\/iframe>\n<\/div><\/figure>\n\n\n\n<h2 class=\"wp-block-heading\"><br>Camille Bouvier<\/h2>\n\n\n\n<figure class=\"wp-block-embed aligncenter is-type-video is-provider-vimeo wp-block-embed-vimeo wp-embed-aspect-16-9 wp-has-aspect-ratio\"><div class=\"wp-block-embed__wrapper\">\n<iframe loading=\"lazy\" title=\"20 ANS MAMCO - CAMILLE 14-15\" src=\"https:\/\/player.vimeo.com\/video\/124448340?dnt=1&amp;app_id=122963\" width=\"739\" height=\"416\" frameborder=\"0\" allow=\"autoplay; fullscreen\" allowfullscreen><\/iframe>\n<\/div><\/figure>\n\n\n\n<h2 class=\"wp-block-heading\"><br>Maurane Mazars et Ivan Gulizia<\/h2>\n\n\n\n<figure class=\"wp-block-embed aligncenter is-type-video is-provider-vimeo wp-block-embed-vimeo wp-embed-aspect-16-9 wp-has-aspect-ratio\"><div class=\"wp-block-embed__wrapper\">\n<iframe loading=\"lazy\" title=\"20 ANS MAMCO - MAURANE ET IVAN 14-15\" src=\"https:\/\/player.vimeo.com\/video\/124448341?dnt=1&amp;app_id=122963\" width=\"739\" height=\"416\" frameborder=\"0\" allow=\"autoplay; fullscreen\" allowfullscreen><\/iframe>\n<\/div><\/figure>\n\n\n\n<h2 class=\"wp-block-heading\"><br>M\u00e9lissa Monnier<\/h2>\n\n\n\n<figure class=\"wp-block-embed aligncenter is-type-video is-provider-vimeo wp-block-embed-vimeo wp-embed-aspect-16-9 wp-has-aspect-ratio\"><div class=\"wp-block-embed__wrapper\">\n<iframe loading=\"lazy\" title=\"20 ANS MAMCO - MELISSA 14-15\" src=\"https:\/\/player.vimeo.com\/video\/124448342?dnt=1&amp;app_id=122963\" width=\"739\" height=\"416\" frameborder=\"0\" allow=\"autoplay; fullscreen\" allowfullscreen><\/iframe>\n<\/div><\/figure>\n\n\n\n<h2 class=\"wp-block-heading\"><br>Sandy Pitetti<\/h2>\n\n\n\n<figure class=\"wp-block-embed aligncenter is-type-video is-provider-vimeo wp-block-embed-vimeo wp-embed-aspect-16-9 wp-has-aspect-ratio\"><div class=\"wp-block-embed__wrapper\">\n<iframe loading=\"lazy\" title=\"20 ANS MAMCO - SANDY 14-15\" src=\"https:\/\/player.vimeo.com\/video\/124448344?dnt=1&amp;app_id=122963\" width=\"739\" height=\"416\" frameborder=\"0\" allow=\"autoplay; fullscreen\" allowfullscreen><\/iframe>\n<\/div><\/figure>\n","protected":false},"excerpt":{"rendered":"<p>&lt; Retour A l\u2019occasion de ses 20 ans, le MAMCO a propos\u00e9 \u00e0 des \u00e9tudiant-e-s de la fili\u00e8re Communication visuelle de r\u00e9aliser des petits spots publicitaires. Apr\u00e8s une visite guid\u00e9e du mus\u00e9e et plusieurs rencontres avec ses repr\u00e9sentants, les \u00e9tudiant-e-s ont choisi librement leur sujet afin d\u2019obtenir une approche personnelle. Cinq spots ont \u00e9t\u00e9 r\u00e9alis\u00e9s.&hellip; <a class=\"more-link\" href=\"https:\/\/campus.hesge.ch\/head-animation\/wme15-mam\/\">Continue reading <span class=\"screen-reader-text\">Le MAMCO f\u00eate ses 20 ans avec la HEAD \u2013 Gen\u00e8ve<\/span> <span class=\"meta-nav\" aria-hidden=\"true\">&rarr;<\/span><\/a><\/p>\n","protected":false},"author":1,"featured_media":0,"parent":0,"menu_order":0,"comment_status":"closed","ping_status":"closed","template":"fullwidth-page.php","meta":{"footnotes":""},"class_list":["post-996","page","type-page","status-publish","hentry"],"_links":{"self":[{"href":"https:\/\/campus.hesge.ch\/head-animation\/wp-json\/wp\/v2\/pages\/996","targetHints":{"allow":["GET"]}}],"collection":[{"href":"https:\/\/campus.hesge.ch\/head-animation\/wp-json\/wp\/v2\/pages"}],"about":[{"href":"https:\/\/campus.hesge.ch\/head-animation\/wp-json\/wp\/v2\/types\/page"}],"author":[{"embeddable":true,"href":"https:\/\/campus.hesge.ch\/head-animation\/wp-json\/wp\/v2\/users\/1"}],"replies":[{"embeddable":true,"href":"https:\/\/campus.hesge.ch\/head-animation\/wp-json\/wp\/v2\/comments?post=996"}],"version-history":[{"count":24,"href":"https:\/\/campus.hesge.ch\/head-animation\/wp-json\/wp\/v2\/pages\/996\/revisions"}],"predecessor-version":[{"id":8385,"href":"https:\/\/campus.hesge.ch\/head-animation\/wp-json\/wp\/v2\/pages\/996\/revisions\/8385"}],"wp:attachment":[{"href":"https:\/\/campus.hesge.ch\/head-animation\/wp-json\/wp\/v2\/media?parent=996"}],"curies":[{"name":"wp","href":"https:\/\/api.w.org\/{rel}","templated":true}]}}