{"id":998,"date":"2019-07-03T16:13:27","date_gmt":"2019-07-03T16:13:27","guid":{"rendered":"https:\/\/head.hesge.ch\/atelier-animation\/?page_id=998"},"modified":"2026-02-18T17:29:35","modified_gmt":"2026-02-18T17:29:35","slug":"wme18","status":"publish","type":"page","link":"https:\/\/campus.hesge.ch\/head-animation\/wme18\/","title":{"rendered":"Changer le monde ?"},"content":{"rendered":"\n<p class=\"has-normal-font-size\"><a href=\"https:\/\/campus.hesge.ch\/head-animation\/wme\/\">&lt; Retour<\/a><\/p>\n\n\n\n<p>Une exposition propos\u00e9e par la fili\u00e8re Communication visuelle de la HEAD \u2013 Gen\u00e8ve, option Image\/R\u00e9cit.<br> <a rel=\"noreferrer noopener\" aria-label=\"www.hesge.ch\/head\/projet\/exposition-changer-monde-villa-dutoit (s\u2019ouvre dans un nouvel onglet)\" href=\"http:\/\/habitatenhistoires.tumblr.com\/tagged\/cartons\" target=\"_blank\">www.hesge.ch\/head\/projet\/exposition-changer-monde-villa-dutoit<\/a> <\/p>\n\n\n\n<p>Des \u00e9tudiant-e-s en Communication visuelle ont r\u00e9alis\u00e9 des animations GIF sur le th\u00e8me g\u00e9n\u00e9ral de \u00ab\u00a0Changer le monde ?\u00a0\u00bb. Le sujet \u00e9tait libre. Le titre des animations est \u00ab\u00a0Quelques secondes pour changer le monde\u00a0\u00bb. Elles ont \u00e9t\u00e9 pr\u00e9sent\u00e9es sous forme d&rsquo;installation vid\u00e9o.<\/p>\n\n\n<div class=\"wp-block-image\">\n<figure class=\"alignleft size-large\"><img loading=\"lazy\" decoding=\"async\" width=\"950\" height=\"713\" src=\"https:\/\/campus.hesge.ch\/head-animation\/wp-content\/uploads\/2019\/07\/18dutoit.jpg\" alt=\"\" class=\"wp-image-1268\" srcset=\"https:\/\/campus.hesge.ch\/head-animation\/wp-content\/uploads\/2019\/07\/18dutoit.jpg 950w, https:\/\/campus.hesge.ch\/head-animation\/wp-content\/uploads\/2019\/07\/18dutoit-300x225.jpg 300w, https:\/\/campus.hesge.ch\/head-animation\/wp-content\/uploads\/2019\/07\/18dutoit-768x576.jpg 768w\" sizes=\"auto, (max-width: 950px) 100vw, 950px\" \/><figcaption class=\"wp-element-caption\">Photo \u00a9 Olivier Riechsteiner 2018<\/figcaption><\/figure>\n<\/div>\n\n\n<h2 class=\"wp-block-heading\">Quelques secondes pour changer le monde<\/h2>\n\n\n\n<p>Ambre Verschave, Aylin Ozcaki, Emilie Excoffier, Marie Lavis, Nicolas Clemente, P\u00e9n\u00e9lope Schachner, Th\u00e9o Remlinger et Tim Trautmann<\/p>\n\n\n\n<figure class=\"wp-block-embed aligncenter is-type-video is-provider-vimeo wp-block-embed-vimeo wp-embed-aspect-16-9 wp-has-aspect-ratio\"><div class=\"wp-block-embed__wrapper\">\n<iframe loading=\"lazy\" src=\"https:\/\/player.vimeo.com\/video\/252906199?dnt=1&#038;app_id=122963\" width=\"739\" height=\"416\" frameborder=\"0\" allow=\"autoplay; fullscreen\" allowfullscreen><\/iframe>\n<\/div><\/figure>\n","protected":false},"excerpt":{"rendered":"<p>&lt; Retour Une exposition propos\u00e9e par la fili\u00e8re Communication visuelle de la HEAD \u2013 Gen\u00e8ve, option Image\/R\u00e9cit. www.hesge.ch\/head\/projet\/exposition-changer-monde-villa-dutoit Des \u00e9tudiant-e-s en Communication visuelle ont r\u00e9alis\u00e9 des animations GIF sur le th\u00e8me g\u00e9n\u00e9ral de \u00ab\u00a0Changer le monde ?\u00a0\u00bb. Le sujet \u00e9tait libre. Le titre des animations est \u00ab\u00a0Quelques secondes pour changer le monde\u00a0\u00bb. Elles ont \u00e9t\u00e9&hellip; <a class=\"more-link\" href=\"https:\/\/campus.hesge.ch\/head-animation\/wme18\/\">Continue reading <span class=\"screen-reader-text\">Changer le monde ?<\/span> <span class=\"meta-nav\" aria-hidden=\"true\">&rarr;<\/span><\/a><\/p>\n","protected":false},"author":1,"featured_media":0,"parent":0,"menu_order":0,"comment_status":"closed","ping_status":"closed","template":"fullwidth-page.php","meta":{"footnotes":""},"class_list":["post-998","page","type-page","status-publish","hentry"],"_links":{"self":[{"href":"https:\/\/campus.hesge.ch\/head-animation\/wp-json\/wp\/v2\/pages\/998","targetHints":{"allow":["GET"]}}],"collection":[{"href":"https:\/\/campus.hesge.ch\/head-animation\/wp-json\/wp\/v2\/pages"}],"about":[{"href":"https:\/\/campus.hesge.ch\/head-animation\/wp-json\/wp\/v2\/types\/page"}],"author":[{"embeddable":true,"href":"https:\/\/campus.hesge.ch\/head-animation\/wp-json\/wp\/v2\/users\/1"}],"replies":[{"embeddable":true,"href":"https:\/\/campus.hesge.ch\/head-animation\/wp-json\/wp\/v2\/comments?post=998"}],"version-history":[{"count":7,"href":"https:\/\/campus.hesge.ch\/head-animation\/wp-json\/wp\/v2\/pages\/998\/revisions"}],"predecessor-version":[{"id":8382,"href":"https:\/\/campus.hesge.ch\/head-animation\/wp-json\/wp\/v2\/pages\/998\/revisions\/8382"}],"wp:attachment":[{"href":"https:\/\/campus.hesge.ch\/head-animation\/wp-json\/wp\/v2\/media?parent=998"}],"curies":[{"name":"wp","href":"https:\/\/api.w.org\/{rel}","templated":true}]}}