{"id":1125,"date":"2020-11-27T13:16:48","date_gmt":"2020-11-27T12:16:48","guid":{"rendered":"https:\/\/head.hesge.ch\/poolphoto\/?page_id=1125"},"modified":"2026-03-17T23:06:21","modified_gmt":"2026-03-17T22:06:21","slug":"studios","status":"publish","type":"page","link":"https:\/\/campus.hesge.ch\/head-pool-photographie\/studios\/","title":{"rendered":"Studios"},"content":{"rendered":"<p data-start=\"1104\" data-end=\"1125\"><strong data-start=\"1104\" data-end=\"1125\"><img loading=\"lazy\" decoding=\"async\" class=\"alignnone size-full wp-image-1959\" src=\"https:\/\/campus.hesge.ch\/head-pool-photographie\/wp-content\/uploads\/2025\/01\/ST1_POOLPHOTO\u00a9HEAD-Geneve-6-copie-scaled.jpg\" alt=\"\" width=\"2560\" height=\"1828\" srcset=\"https:\/\/campus.hesge.ch\/head-pool-photographie\/wp-content\/uploads\/2025\/01\/ST1_POOLPHOTO\u00a9HEAD-Geneve-6-copie-scaled.jpg 2560w, https:\/\/campus.hesge.ch\/head-pool-photographie\/wp-content\/uploads\/2025\/01\/ST1_POOLPHOTO\u00a9HEAD-Geneve-6-copie-300x214.jpg 300w, https:\/\/campus.hesge.ch\/head-pool-photographie\/wp-content\/uploads\/2025\/01\/ST1_POOLPHOTO\u00a9HEAD-Geneve-6-copie-1024x731.jpg 1024w, https:\/\/campus.hesge.ch\/head-pool-photographie\/wp-content\/uploads\/2025\/01\/ST1_POOLPHOTO\u00a9HEAD-Geneve-6-copie-768x549.jpg 768w, https:\/\/campus.hesge.ch\/head-pool-photographie\/wp-content\/uploads\/2025\/01\/ST1_POOLPHOTO\u00a9HEAD-Geneve-6-copie-1536x1097.jpg 1536w, https:\/\/campus.hesge.ch\/head-pool-photographie\/wp-content\/uploads\/2025\/01\/ST1_POOLPHOTO\u00a9HEAD-Geneve-6-copie-2048x1463.jpg 2048w, https:\/\/campus.hesge.ch\/head-pool-photographie\/wp-content\/uploads\/2025\/01\/ST1_POOLPHOTO\u00a9HEAD-Geneve-6-copie-1200x857.jpg 1200w, https:\/\/campus.hesge.ch\/head-pool-photographie\/wp-content\/uploads\/2025\/01\/ST1_POOLPHOTO\u00a9HEAD-Geneve-6-copie-1860x1328.jpg 1860w\" sizes=\"auto, (max-width: 2560px) 100vw, 2560px\" \/>Acc\u00e8s aux studios<\/strong><\/p>\n<p data-start=\"1127\" data-end=\"1168\">Les studios sont accessibles uniquement :<\/p>\n<ul data-start=\"1170\" data-end=\"1299\">\n<li data-section-id=\"v6bac3\" data-start=\"1170\" data-end=\"1239\">\n<p data-start=\"1172\" data-end=\"1239\">dans le cadre des enseignements donn\u00e9s par le Pool Photographie ;<\/p>\n<\/li>\n<li data-section-id=\"1xsual4\" data-start=\"1240\" data-end=\"1299\">\n<p data-start=\"1242\" data-end=\"1299\">aux \u00e9tudiant\u00b7e\u00b7x\u00b7s en possession du <strong data-start=\"1278\" data-end=\"1298\">passeport studio<\/strong>.<\/p>\n<\/li>\n<\/ul>\n<hr data-start=\"1301\" data-end=\"1304\" \/>\n<p data-start=\"1306\" data-end=\"1344\"><strong data-start=\"1306\" data-end=\"1344\">R\u00e9server le studio avec assistance<\/strong><\/p>\n<p data-start=\"1346\" data-end=\"1531\">Si vous souhaitez b\u00e9n\u00e9ficier d\u2019une aide (installation d\u2019un set, r\u00e9glages appareils ou lumi\u00e8re, etc.), vous pouvez \u00e9crire directement \u00e0 la <strong data-start=\"1484\" data-end=\"1502\">studio manager<\/strong> (<a href=\"mailto:sara.de-brito-faustino@hesge.ch\">sara.de-brito-faustino@hesge.ch<\/a>) afin de convenir d\u2019une date.<\/p>\n<hr data-start=\"1533\" data-end=\"1536\" \/>\n<p data-start=\"1538\" data-end=\"1573\"><strong data-start=\"1538\" data-end=\"1573\">R\u00e9server le studio en autonomie<\/strong><\/p>\n<p data-start=\"1575\" data-end=\"1679\">Si vous souhaitez utiliser le studio en autonomie, vous pouvez le r\u00e9server directement en ligne, \u00e0 condition d\u2019avoir obtenu le passeport studio.<\/p>\n<p data-start=\"1681\" data-end=\"1698\"><a href=\"https:\/\/outlook.office.com\/book\/Rservationstudiophotographique@hes-so365.ch\/?ismsaljsauthenabled\">FORMULAIRE EN LIGNE<\/a><\/p>\n<hr data-start=\"1700\" data-end=\"1703\" \/>\n<p data-start=\"1705\" data-end=\"1743\"><strong data-start=\"1705\" data-end=\"1743\">Acc\u00e8s exceptionnel pour les alumni<\/strong><\/p>\n<p data-start=\"1745\" data-end=\"1901\">Les alumni peuvent, \u00e0 titre exceptionnel, r\u00e9server les studios, \u00e0 condition que cela ne compromette en aucun cas leur disponibilit\u00e9 pour les \u00e9tudiant\u00b7e\u00b7x\u00b7s.<\/p>\n<p data-start=\"1903\" data-end=\"2043\">La demande doit \u00eatre motiv\u00e9e et envoy\u00e9e par e-mail \u00e0 <strong data-start=\"1956\" data-end=\"1974\">Aur\u00e9lie P\u00e9trel <\/strong>(<a href=\"mailto:aurelie.petrel@hesge.ch\">aurelie.petrel@hesge.ch<\/a>)\u00a0et <strong data-start=\"1978\" data-end=\"1994\">Yvan Alvarez <\/strong>(<a href=\"mailto:yvan.alvarez@hesge.ch\">yvan.alvarez@hesge.ch<\/a>) au minimum <strong data-start=\"2006\" data-end=\"2042\">30 jours avant la date souhait\u00e9e<\/strong>.<\/p>\n<hr data-start=\"2045\" data-end=\"2048\" \/>\n<p data-start=\"2050\" data-end=\"2105\">Pour toute autre demande :<br data-start=\"2076\" data-end=\"2079\" \/><strong data-start=\"2079\" data-end=\"2105\"><a class=\"decorated-link cursor-pointer\" rel=\"noopener\" data-start=\"2081\" data-end=\"2103\">headpoolphoto@hesge.ch<\/a><\/strong><\/p>\n","protected":false},"excerpt":{"rendered":"<p>Acc\u00e8s aux studios Les studios sont accessibles uniquement : dans le cadre des enseignements donn\u00e9s par le Pool Photographie ; aux \u00e9tudiant\u00b7e\u00b7x\u00b7s en possession du passeport studio. R\u00e9server le studio avec assistance Si vous souhaitez b\u00e9n\u00e9ficier d\u2019une aide (installation d\u2019un set, r\u00e9glages appareils ou lumi\u00e8re, etc.), vous pouvez \u00e9crire directement \u00e0 la studio manager (sara.de-brito-faustino@hesge.ch) [&hellip;]<\/p>\n","protected":false},"author":1,"featured_media":0,"parent":0,"menu_order":0,"comment_status":"closed","ping_status":"closed","template":"","meta":{"footnotes":""},"class_list":["post-1125","page","type-page","status-publish","hentry","missing-thumbnail"],"_links":{"self":[{"href":"https:\/\/campus.hesge.ch\/head-pool-photographie\/wp-json\/wp\/v2\/pages\/1125","targetHints":{"allow":["GET"]}}],"collection":[{"href":"https:\/\/campus.hesge.ch\/head-pool-photographie\/wp-json\/wp\/v2\/pages"}],"about":[{"href":"https:\/\/campus.hesge.ch\/head-pool-photographie\/wp-json\/wp\/v2\/types\/page"}],"author":[{"embeddable":true,"href":"https:\/\/campus.hesge.ch\/head-pool-photographie\/wp-json\/wp\/v2\/users\/1"}],"replies":[{"embeddable":true,"href":"https:\/\/campus.hesge.ch\/head-pool-photographie\/wp-json\/wp\/v2\/comments?post=1125"}],"version-history":[{"count":29,"href":"https:\/\/campus.hesge.ch\/head-pool-photographie\/wp-json\/wp\/v2\/pages\/1125\/revisions"}],"predecessor-version":[{"id":2209,"href":"https:\/\/campus.hesge.ch\/head-pool-photographie\/wp-json\/wp\/v2\/pages\/1125\/revisions\/2209"}],"wp:attachment":[{"href":"https:\/\/campus.hesge.ch\/head-pool-photographie\/wp-json\/wp\/v2\/media?parent=1125"}],"curies":[{"name":"wp","href":"https:\/\/api.w.org\/{rel}","templated":true}]}}