{"id":1555,"date":"2022-11-29T19:32:32","date_gmt":"2022-11-29T18:32:32","guid":{"rendered":"https:\/\/head.hesge.ch\/poolphoto\/?page_id=1555"},"modified":"2026-03-17T23:19:49","modified_gmt":"2026-03-17T22:19:49","slug":"faq","status":"publish","type":"page","link":"https:\/\/campus.hesge.ch\/head-pool-photographie\/faq\/","title":{"rendered":"FAQ"},"content":{"rendered":"<h4><b><span data-contrast=\"none\">Acc\u00e8s et infrastructures<\/span><\/b><span data-ccp-props=\"{&quot;134233117&quot;:true,&quot;134233118&quot;:true,&quot;201341983&quot;:0,&quot;335559740&quot;:240}\">\u00a0<\/span><\/h4>\n<p><b><span data-contrast=\"none\">Qu\u2019est-ce que le Pool Photographie ?<\/span><\/b><span data-ccp-props=\"{&quot;134233117&quot;:true,&quot;134233118&quot;:true,&quot;201341983&quot;:0,&quot;335559740&quot;:240}\">\u00a0<\/span><\/p>\n<p><span data-contrast=\"none\">Le Pool Photographie est une unit\u00e9 p\u00e9dagogique de la HEAD \u2013 Gen\u00e8ve d\u00e9di\u00e9e \u00e0 l\u2019apprentissage et \u00e0 la pratique de la photographie.<\/span><br \/>\n<span data-contrast=\"none\">Il propose des cours, accompagne les projets des \u00e9tudiant\u00b7e\u00b7x\u00b7s et met \u00e0 disposition des espaces et des \u00e9quipements sp\u00e9cialis\u00e9s.<\/span><span data-ccp-props=\"{&quot;134233117&quot;:true,&quot;134233118&quot;:true,&quot;201341983&quot;:0,&quot;335559740&quot;:240}\">\u00a0<\/span><\/p>\n<p><span data-ccp-props=\"{&quot;201341983&quot;:0,&quot;335559739&quot;:0,&quot;335559740&quot;:240}\">\u00a0<\/span><\/p>\n<p><b><span data-contrast=\"none\">Qui peut utiliser les infrastructures du Pool Photographie ?<\/span><\/b><span data-ccp-props=\"{&quot;134233117&quot;:true,&quot;134233118&quot;:true,&quot;201341983&quot;:0,&quot;335559740&quot;:240}\">\u00a0<\/span><\/p>\n<p><span data-contrast=\"none\">Les studios, le laboratoire et les \u00e9quipements du Pool Photographie sont r\u00e9serv\u00e9s\u202f<\/span><b><span data-contrast=\"none\">aux \u00e9tudiant\u00b7e\u00b7x\u00b7s de la HEAD \u2013 Gen\u00e8ve<\/span><\/b><span data-contrast=\"none\">, dans le cadre de leurs \u00e9tudes.<\/span><span data-ccp-props=\"{&quot;134233117&quot;:true,&quot;134233118&quot;:true,&quot;201341983&quot;:0,&quot;335559740&quot;:240}\">\u00a0<\/span><\/p>\n<p><span data-ccp-props=\"{&quot;201341983&quot;:0,&quot;335559739&quot;:0,&quot;335559740&quot;:240}\">\u00a0<\/span><\/p>\n<p><b><span data-contrast=\"none\">Quels espaces sont disponibles au Pool Photographie ?<\/span><\/b><span data-ccp-props=\"{&quot;134233117&quot;:true,&quot;134233118&quot;:true,&quot;201341983&quot;:0,&quot;335559740&quot;:240}\">\u00a0<\/span><\/p>\n<p><span data-contrast=\"none\">Le Pool Photographie met \u00e0 disposition :<\/span><span data-ccp-props=\"{&quot;134233117&quot;:true,&quot;134233118&quot;:true,&quot;201341983&quot;:0,&quot;335559740&quot;:240}\">\u00a0<\/span><\/p>\n<ul>\n<li aria-setsize=\"-1\" data-leveltext=\"\uf0b7\" data-font=\"Symbol\" data-listid=\"1\" data-list-defn-props=\"{&quot;335552541&quot;:1,&quot;335559685&quot;:720,&quot;335559991&quot;:360,&quot;469769226&quot;:&quot;Symbol&quot;,&quot;469769242&quot;:[8226],&quot;469777803&quot;:&quot;left&quot;,&quot;469777804&quot;:&quot;\uf0b7&quot;,&quot;469777815&quot;:&quot;multilevel&quot;}\" data-aria-posinset=\"1\" data-aria-level=\"1\"><b><span data-contrast=\"none\">deux studios de prise de vue<\/span><\/b><span data-ccp-props=\"{&quot;134233117&quot;:true,&quot;134233118&quot;:true,&quot;201341983&quot;:0,&quot;335559740&quot;:240}\">\u00a0<\/span><\/li>\n<\/ul>\n<ul>\n<li aria-setsize=\"-1\" data-leveltext=\"\uf0b7\" data-font=\"Symbol\" data-listid=\"1\" data-list-defn-props=\"{&quot;335552541&quot;:1,&quot;335559685&quot;:720,&quot;335559991&quot;:360,&quot;469769226&quot;:&quot;Symbol&quot;,&quot;469769242&quot;:[8226],&quot;469777803&quot;:&quot;left&quot;,&quot;469777804&quot;:&quot;\uf0b7&quot;,&quot;469777815&quot;:&quot;multilevel&quot;}\" data-aria-posinset=\"2\" data-aria-level=\"1\"><b><span data-contrast=\"none\">un laboratoire noir et blanc<\/span><\/b><span data-ccp-props=\"{&quot;134233117&quot;:true,&quot;134233118&quot;:true,&quot;201341983&quot;:0,&quot;335559740&quot;:240}\">\u00a0<\/span><\/li>\n<\/ul>\n<ul>\n<li aria-setsize=\"-1\" data-leveltext=\"\uf0b7\" data-font=\"Symbol\" data-listid=\"1\" data-list-defn-props=\"{&quot;335552541&quot;:1,&quot;335559685&quot;:720,&quot;335559991&quot;:360,&quot;469769226&quot;:&quot;Symbol&quot;,&quot;469769242&quot;:[8226],&quot;469777803&quot;:&quot;left&quot;,&quot;469777804&quot;:&quot;\uf0b7&quot;,&quot;469777815&quot;:&quot;multilevel&quot;}\" data-aria-posinset=\"3\" data-aria-level=\"1\"><b><span data-contrast=\"none\">des postes de travail pour la postproduction<\/span><\/b><span data-ccp-props=\"{&quot;134233117&quot;:true,&quot;134233118&quot;:true,&quot;201341983&quot;:0,&quot;335559740&quot;:240}\">\u00a0<\/span><\/li>\n<\/ul>\n<p><span data-contrast=\"none\">Ces espaces permettent de travailler sur toutes les \u00e9tapes de la production photographique : prise de vue, d\u00e9veloppement, tirage et postproduction.<\/span><span data-ccp-props=\"{&quot;134233117&quot;:true,&quot;134233118&quot;:true,&quot;201341983&quot;:0,&quot;335559740&quot;:240}\">\u00a0<\/span><\/p>\n<p><span data-ccp-props=\"{&quot;201341983&quot;:0,&quot;335559739&quot;:0,&quot;335559740&quot;:240}\">\u00a0<\/span><\/p>\n<p><b><span data-contrast=\"none\">Puis-je utiliser les studios en autonomie ?<\/span><\/b><span data-ccp-props=\"{&quot;134233117&quot;:true,&quot;134233118&quot;:true,&quot;201341983&quot;:0,&quot;335559740&quot;:240}\">\u00a0<\/span><\/p>\n<p><span data-contrast=\"none\">Oui. L\u2019utilisation autonome des studios est possible si vous avez acquis les comp\u00e9tences n\u00e9cessaires, g\u00e9n\u00e9ralement \u00e0 travers les\u202f<\/span><b><span data-contrast=\"none\">cours passeport<\/span><\/b><span data-contrast=\"none\">.<\/span><span data-ccp-props=\"{&quot;134233117&quot;:true,&quot;134233118&quot;:true,&quot;201341983&quot;:0,&quot;335559740&quot;:240}\">\u00a0<\/span><\/p>\n<p><span data-ccp-props=\"{&quot;201341983&quot;:0,&quot;335559739&quot;:0,&quot;335559740&quot;:240}\">\u00a0<\/span><\/p>\n<p><b><span data-contrast=\"none\">Puis-je utiliser le laboratoire noir et blanc en autonomie ?<\/span><\/b><span data-ccp-props=\"{&quot;134233117&quot;:true,&quot;134233118&quot;:true,&quot;201341983&quot;:0,&quot;335559740&quot;:240}\">\u00a0<\/span><\/p>\n<p><span data-contrast=\"none\">Oui, \u00e0 condition d\u2019avoir suivi le\u202f<\/span><b><span data-contrast=\"none\">cours passeport correspondant<\/span><\/b><span data-contrast=\"none\">.<\/span><span data-ccp-props=\"{&quot;134233117&quot;:true,&quot;134233118&quot;:true,&quot;201341983&quot;:0,&quot;335559740&quot;:240}\">\u00a0<\/span><\/p>\n<p><span data-ccp-props=\"{&quot;201341983&quot;:0,&quot;335559739&quot;:0,&quot;335559740&quot;:240}\">\u00a0<\/span><\/p>\n<h4><b><span data-contrast=\"none\">Cours et formations<\/span><\/b><span data-ccp-props=\"{&quot;134233117&quot;:true,&quot;134233118&quot;:true,&quot;201341983&quot;:0,&quot;335559740&quot;:240}\">\u00a0<\/span><\/h4>\n<p><b><span data-contrast=\"none\">Que sont les cours passeport ?<\/span><\/b><span data-ccp-props=\"{&quot;134233117&quot;:true,&quot;134233118&quot;:true,&quot;201341983&quot;:0,&quot;335559740&quot;:240}\">\u00a0<\/span><\/p>\n<p><span data-contrast=\"none\">Les\u202f<\/span><b><span data-contrast=\"none\">cours passeport<\/span><\/b><span data-contrast=\"none\">\u202fsont des formations techniques propos\u00e9es par le Pool Photographie.<\/span><br \/>\n<span data-contrast=\"none\">Ils permettent d\u2019acqu\u00e9rir les comp\u00e9tences n\u00e9cessaires pour utiliser certains \u00e9quipements ou espaces du Pool Photographie de mani\u00e8re autonome.<\/span><span data-ccp-props=\"{&quot;134233117&quot;:true,&quot;134233118&quot;:true,&quot;201341983&quot;:0,&quot;335559740&quot;:240}\">\u00a0<\/span><\/p>\n<p><span data-contrast=\"none\">Ces cours ne donnent pas de cr\u00e9dits ECTS.<\/span><span data-ccp-props=\"{&quot;134233117&quot;:true,&quot;134233118&quot;:true,&quot;201341983&quot;:0,&quot;335559740&quot;:240}\">\u00a0<\/span><\/p>\n<p><span data-ccp-props=\"{&quot;201341983&quot;:0,&quot;335559739&quot;:0,&quot;335559740&quot;:240}\">\u00a0<\/span><\/p>\n<p><b><span data-contrast=\"none\">Qui peut s\u2019inscrire aux cours passeport ?<\/span><\/b><span data-ccp-props=\"{&quot;134233117&quot;:true,&quot;134233118&quot;:true,&quot;201341983&quot;:0,&quot;335559740&quot;:240}\">\u00a0<\/span><\/p>\n<p><span data-contrast=\"none\">Les cours passeport sont g\u00e9n\u00e9ralement ouverts aux\u202f<\/span><b><span data-contrast=\"none\">\u00e9tudiant\u00b7e\u00b7x\u00b7s dont la fili\u00e8re ne propose pas d\u00e9j\u00e0 ces formations dans son curriculum<\/span><\/b><span data-contrast=\"none\">.<\/span><span data-ccp-props=\"{&quot;134233117&quot;:true,&quot;134233118&quot;:true,&quot;201341983&quot;:0,&quot;335559740&quot;:240}\">\u00a0<\/span><\/p>\n<p><span data-ccp-props=\"{&quot;201341983&quot;:0,&quot;335559739&quot;:0,&quot;335559740&quot;:240}\">\u00a0<\/span><\/p>\n<p><b><span data-contrast=\"none\">Quand ont lieu les inscriptions ?<\/span><\/b><span data-ccp-props=\"{&quot;134233117&quot;:true,&quot;134233118&quot;:true,&quot;201341983&quot;:0,&quot;335559740&quot;:240}\">\u00a0<\/span><\/p>\n<p><span data-contrast=\"none\">Les inscriptions ouvrent\u202f<\/span><b><span data-contrast=\"none\">au d\u00e9but de chaque semestre<\/span><\/b><span data-contrast=\"none\">.<\/span><br \/>\n<span data-contrast=\"none\">Toutes les informations sont publi\u00e9es sur la page d\u00e9di\u00e9e aux cours passeport du site du Pool Photographie.<\/span><span data-ccp-props=\"{&quot;134233117&quot;:true,&quot;134233118&quot;:true,&quot;201341983&quot;:0,&quot;335559740&quot;:240}\">\u00a0<\/span><\/p>\n<p><span data-ccp-props=\"{&quot;201341983&quot;:0,&quot;335559739&quot;:0,&quot;335559740&quot;:240}\">\u00a0<\/span><\/p>\n<h4><b><span data-contrast=\"none\">R\u00e9servations et contact<\/span><\/b><span data-ccp-props=\"{&quot;134233117&quot;:true,&quot;134233118&quot;:true,&quot;201341983&quot;:0,&quot;335559740&quot;:240}\">\u00a0<\/span><\/h4>\n<p><b><span data-contrast=\"none\">Comment r\u00e9server un studio ?<\/span><\/b><span data-ccp-props=\"{&quot;134233117&quot;:true,&quot;134233118&quot;:true,&quot;201341983&quot;:0,&quot;335559740&quot;:240}\">\u00a0<\/span><\/p>\n<p><span data-contrast=\"none\">La r\u00e9servation d\u2019un studio\u202f<\/span><b><span data-contrast=\"none\">en autonomie<\/span><\/b><span data-contrast=\"none\">\u202fest conditionn\u00e9e au fait d\u2019avoir suivi le\u202f<\/span><b><span data-contrast=\"none\">cours passeport Studio<\/span><\/b><span data-contrast=\"none\">.<\/span><span data-ccp-props=\"{&quot;134233117&quot;:true,&quot;134233118&quot;:true,&quot;201341983&quot;:0,&quot;335559740&quot;:240}\">\u00a0<\/span><\/p>\n<p><span data-contrast=\"none\">Les r\u00e9servations se font directement via le syst\u00e8me de r\u00e9servation disponible ici :<\/span><br \/>\n<a href=\"https:\/\/outlook.office.com\/book\/Rservationstudiophotographique@hes-so365.ch\/?ismsaljsauthenabled\">https:\/\/outlook.office.com\/book\/Rservationstudiophotographique@hes-so365.ch\/?ismsaljsauthenabled<\/a><\/p>\n<p><span data-contrast=\"none\">Si vous souhaitez r\u00e9server un studio\u202f<\/span><b><span data-contrast=\"none\">avec assistance du studio manager<\/span><\/b><span data-contrast=\"none\">, merci d\u2019\u00e9crire directement \u00e0 :<\/span><br \/>\nsara.de-brito-faustino@hesge.ch<\/p>\n<p><span data-ccp-props=\"{&quot;201341983&quot;:0,&quot;335559739&quot;:0,&quot;335559740&quot;:240}\">\u00a0<\/span><\/p>\n<p><b><span data-contrast=\"none\">Puis-je r\u00e9server un studio si je n\u2019ai pas encore suivi le cours passeport Studio ?<\/span><\/b><span data-ccp-props=\"{&quot;134233117&quot;:true,&quot;134233118&quot;:true,&quot;201341983&quot;:0,&quot;335559740&quot;:240}\">\u00a0<\/span><\/p>\n<p><span data-contrast=\"none\">Non.<\/span><br \/>\n<span data-contrast=\"none\">Dans tous les cas \u2014 que ce soit pour une\u202f<\/span><b><span data-contrast=\"none\">r\u00e9servation en autonomie<\/span><\/b><span data-contrast=\"none\">\u202fou une\u202f<\/span><b><span data-contrast=\"none\">r\u00e9servation avec accompagnement<\/span><\/b><span data-contrast=\"none\">\u202f\u2014 l\u2019acc\u00e8s aux studios est r\u00e9serv\u00e9 aux \u00e9tudiant\u00b7e\u00b7x\u00b7s ayant\u202f<\/span><b><span data-contrast=\"none\">suivi et valid\u00e9 le cours passeport Studio<\/span><\/b><span data-contrast=\"none\">.<\/span><span data-ccp-props=\"{&quot;134233117&quot;:true,&quot;134233118&quot;:true,&quot;201341983&quot;:0,&quot;335559740&quot;:240}\">\u00a0<\/span><\/p>\n<p><span data-ccp-props=\"{&quot;201341983&quot;:0,&quot;335559739&quot;:0,&quot;335559740&quot;:240}\">\u00a0<\/span><\/p>\n<p><b><span data-contrast=\"none\">Comment r\u00e9server le laboratoire noir et blanc ?<\/span><\/b><span data-ccp-props=\"{&quot;134233117&quot;:true,&quot;134233118&quot;:true,&quot;201341983&quot;:0,&quot;335559740&quot;:240}\">\u00a0<\/span><\/p>\n<p><span data-contrast=\"none\">Les r\u00e9servations du laboratoire noir et blanc se font via le\u202f<\/span><b><span data-contrast=\"none\">formulaire disponible sur le site du Pool Photographie<\/span><\/b><span data-contrast=\"none\">\u202f:<\/span><span data-ccp-props=\"{&quot;134233117&quot;:true,&quot;134233118&quot;:true,&quot;201341983&quot;:0,&quot;335559740&quot;:240}\">\u00a0<\/span><\/p>\n<p><a href=\"https:\/\/outlook.office.com\/book\/Rservationlaboratoire@hes-so365.ch\/?ismsaljsauthenabled\">https:\/\/outlook.office.com\/book\/Rservationlaboratoire@hes-so365.ch\/?ismsaljsauthenabled<\/a><\/p>\n<p><span data-contrast=\"none\">La r\u00e9servation du laboratoire est conditionn\u00e9e au fait d\u2019avoir suivi le\u202f<\/span><b><span data-contrast=\"none\">cours passeport correspondant<\/span><\/b><span data-contrast=\"none\">.<\/span><span data-ccp-props=\"{&quot;134233117&quot;:true,&quot;134233118&quot;:true,&quot;201341983&quot;:0,&quot;335559740&quot;:240}\">\u00a0<\/span><\/p>\n<p><span data-ccp-props=\"{&quot;201341983&quot;:0,&quot;335559739&quot;:0,&quot;335559740&quot;:240}\">\u00a0<\/span><\/p>\n<p><b><span data-contrast=\"none\">Comment participer aux journ\u00e9es de documentation libre en studio ?<\/span><\/b><span data-ccp-props=\"{&quot;134233117&quot;:true,&quot;134233118&quot;:true,&quot;201341983&quot;:0,&quot;335559740&quot;:240}\">\u00a0<\/span><\/p>\n<p><span data-contrast=\"none\">Les inscriptions aux\u202f<\/span><b><span data-contrast=\"none\">journ\u00e9es de documentation libre en studio<\/span><\/b><span data-contrast=\"none\">\u202fse font via la page d\u00e9di\u00e9e du site du Pool Photographie :<\/span><span data-ccp-props=\"{&quot;134233117&quot;:true,&quot;134233118&quot;:true,&quot;201341983&quot;:0,&quot;335559740&quot;:240}\">\u00a0<\/span><\/p>\n<p><a href=\"https:\/\/outlook.office.com\/book\/Documentationlibre@hes-so365.ch\/?ismsaljsauthenabled\">https:\/\/outlook.office.com\/book\/Documentationlibre@hes-so365.ch\/?ismsaljsauthenabled<\/a><\/p>\n<p><span data-ccp-props=\"{&quot;201341983&quot;:0,&quot;335559739&quot;:0,&quot;335559740&quot;:240}\">\u00a0<\/span><\/p>\n<p><b><span data-contrast=\"none\">O\u00f9 trouver les informations \u00e0 jour concernant le Pool Photographie ?<\/span><\/b><span data-ccp-props=\"{&quot;134233117&quot;:true,&quot;134233118&quot;:true,&quot;201341983&quot;:0,&quot;335559740&quot;:240}\">\u00a0<\/span><\/p>\n<p><span data-contrast=\"none\">Toutes les informations officielles (horaires, acc\u00e8s aux espaces, r\u00e9servations, cours passeport) sont disponibles sur le site du Pool Photographie :<\/span><span data-ccp-props=\"{&quot;134233117&quot;:true,&quot;134233118&quot;:true,&quot;201341983&quot;:0,&quot;335559740&quot;:240}\">\u00a0<\/span><\/p>\n<p><a href=\"https:\/\/campus.hesge.ch\/head-pool-photographie\/?utm_source=chatgpt.com\"><span data-contrast=\"none\">https:\/\/campus.hesge.ch\/head-pool-photographie\/<\/span><\/a><span data-ccp-props=\"{&quot;134233117&quot;:true,&quot;134233118&quot;:true,&quot;201341983&quot;:0,&quot;335559740&quot;:240}\">\u00a0<\/span><\/p>\n<p><span data-ccp-props=\"{&quot;201341983&quot;:0,&quot;335559739&quot;:0,&quot;335559740&quot;:240}\">\u00a0<\/span><\/p>\n<p><b><span data-contrast=\"none\">Comment contacter l\u2019\u00e9quipe du Pool Photographie ?<\/span><\/b><span data-ccp-props=\"{&quot;134233117&quot;:true,&quot;134233118&quot;:true,&quot;201341983&quot;:0,&quot;335559740&quot;:240}\">\u00a0<\/span><\/p>\n<p><span data-contrast=\"none\">Pour toute question, vous pouvez \u00e9crire \u00e0 :<\/span><span data-ccp-props=\"{&quot;134233117&quot;:true,&quot;134233118&quot;:true,&quot;201341983&quot;:0,&quot;335559740&quot;:240}\">\u00a0<\/span><\/p>\n<p><b><span data-contrast=\"none\">headpoolphoto@hesge.ch<\/span><\/b><span data-ccp-props=\"{&quot;134233117&quot;:true,&quot;134233118&quot;:true,&quot;201341983&quot;:0,&quot;335559740&quot;:240}\">\u00a0<\/span><\/p>\n<p><span data-contrast=\"none\">Il est \u00e9galement possible de rencontrer l\u2019\u00e9quipe\u202f<\/span><b><span data-contrast=\"none\">pendant les permanences<\/span><\/b><span data-contrast=\"none\">.<\/span><span data-ccp-props=\"{&quot;134233117&quot;:true,&quot;134233118&quot;:true,&quot;201341983&quot;:0,&quot;335559740&quot;:240}\">\u00a0<\/span><\/p>\n<p><span data-contrast=\"none\">Permanences :<\/span><span data-ccp-props=\"{&quot;134233117&quot;:true,&quot;134233118&quot;:true,&quot;201341983&quot;:0,&quot;335559740&quot;:240}\">\u00a0<\/span><\/p>\n<p><b><span data-contrast=\"none\">Studio manager<\/span><\/b><br \/>\n<span data-contrast=\"none\">Mercredi et vendredi, 10h\u201312h<\/span><span data-ccp-props=\"{&quot;134233117&quot;:true,&quot;134233118&quot;:true,&quot;201341983&quot;:0,&quot;335559740&quot;:240}\">\u00a0<\/span><\/p>\n<p><b><span data-contrast=\"none\">\u00c9tudiant\u00b7e\u00b7x\u00b7s moniteur\u00b7rice\u00b7x\u00b7s<\/span><\/b><br \/>\n<span data-contrast=\"none\">Lundi, mercredi et jeudi, 17h30\u201320h00<\/span><span data-ccp-props=\"{&quot;134233117&quot;:true,&quot;134233118&quot;:true,&quot;201341983&quot;:0,&quot;335559740&quot;:240}\">\u00a0<\/span><\/p>\n<p><span data-ccp-props=\"{&quot;201341983&quot;:0,&quot;335559739&quot;:0,&quot;335559740&quot;:240}\">\u00a0<\/span><\/p>\n<p><b><span data-contrast=\"none\">Puis-je emprunter du mat\u00e9riel photographique ?<\/span><\/b><span data-ccp-props=\"{&quot;134233117&quot;:true,&quot;134233118&quot;:true,&quot;201341983&quot;:0,&quot;335559740&quot;:240}\">\u00a0<\/span><\/p>\n<p><span data-contrast=\"none\">Non. Le Pool Photographie\u202f<\/span><b><span data-contrast=\"none\">ne propose pas de pr\u00eat de mat\u00e9riel<\/span><\/b><span data-contrast=\"none\">.<\/span><span data-ccp-props=\"{&quot;134233117&quot;:true,&quot;134233118&quot;:true,&quot;201341983&quot;:0,&quot;335559740&quot;:240}\">\u00a0<\/span><\/p>\n<p><span data-contrast=\"none\">Des exceptions peuvent \u00eatre faites dans certains cas, notamment pour les \u00e9tudiant\u00b7e\u00b7x\u00b7s participant \u00e0 certains\u202f<\/span><b><span data-contrast=\"none\">cours organis\u00e9s par le Pool Photographie<\/span><\/b><span data-contrast=\"none\">.<\/span><span data-ccp-props=\"{&quot;134233117&quot;:true,&quot;134233118&quot;:true,&quot;201341983&quot;:0,&quot;335559740&quot;:240}\">\u00a0<\/span><\/p>\n<p><span data-ccp-props=\"{&quot;201341983&quot;:0,&quot;335559739&quot;:0,&quot;335559740&quot;:240}\">\u00a0<\/span><\/p>\n<p><b><span data-contrast=\"none\">Que faire si j\u2019ai besoin d\u2019un accompagnement technique pour mon projet ?<\/span><\/b><span data-ccp-props=\"{&quot;134233117&quot;:true,&quot;134233118&quot;:true,&quot;201341983&quot;:0,&quot;335559740&quot;:240}\">\u00a0<\/span><\/p>\n<p><span data-contrast=\"none\">Vous pouvez :<\/span><span data-ccp-props=\"{&quot;134233117&quot;:true,&quot;134233118&quot;:true,&quot;201341983&quot;:0,&quot;335559740&quot;:240}\">\u00a0<\/span><\/p>\n<ul>\n<li aria-setsize=\"-1\" data-leveltext=\"\uf0b7\" data-font=\"Symbol\" data-listid=\"2\" data-list-defn-props=\"{&quot;335552541&quot;:1,&quot;335559685&quot;:720,&quot;335559991&quot;:360,&quot;469769226&quot;:&quot;Symbol&quot;,&quot;469769242&quot;:[8226],&quot;469777803&quot;:&quot;left&quot;,&quot;469777804&quot;:&quot;\uf0b7&quot;,&quot;469777815&quot;:&quot;multilevel&quot;}\" data-aria-posinset=\"1\" data-aria-level=\"1\"><span data-contrast=\"none\">vous rendre \u00e0\u202f<\/span><b><span data-contrast=\"none\">l\u2019une des permanences du Pool Photographie<\/span><\/b><span data-contrast=\"none\">,<\/span><span data-ccp-props=\"{&quot;134233117&quot;:true,&quot;134233118&quot;:true,&quot;201341983&quot;:0,&quot;335559740&quot;:240}\">\u00a0<\/span><\/li>\n<\/ul>\n<ul>\n<li aria-setsize=\"-1\" data-leveltext=\"\uf0b7\" data-font=\"Symbol\" data-listid=\"2\" data-list-defn-props=\"{&quot;335552541&quot;:1,&quot;335559685&quot;:720,&quot;335559991&quot;:360,&quot;469769226&quot;:&quot;Symbol&quot;,&quot;469769242&quot;:[8226],&quot;469777803&quot;:&quot;left&quot;,&quot;469777804&quot;:&quot;\uf0b7&quot;,&quot;469777815&quot;:&quot;multilevel&quot;}\" data-aria-posinset=\"2\" data-aria-level=\"1\"><span data-contrast=\"none\">et, si n\u00e9cessaire,\u202f<\/span><b><span data-contrast=\"none\">prendre rendez-vous avec un membre de l\u2019\u00e9quipe<\/span><\/b><span data-contrast=\"none\">.<\/span><span data-ccp-props=\"{&quot;134233117&quot;:true,&quot;134233118&quot;:true,&quot;201341983&quot;:0,&quot;335559740&quot;:240}\">\u00a0<\/span><\/li>\n<\/ul>\n<p><span data-ccp-props=\"{}\">\u00a0<\/span><\/p>\n","protected":false},"excerpt":{"rendered":"<p>Acc\u00e8s et infrastructures\u00a0 Qu\u2019est-ce que le Pool Photographie ?\u00a0 Le Pool Photographie est une unit\u00e9 p\u00e9dagogique de la HEAD \u2013 Gen\u00e8ve d\u00e9di\u00e9e \u00e0 l\u2019apprentissage et \u00e0 la pratique de la photographie. Il propose des cours, accompagne les projets des \u00e9tudiant\u00b7e\u00b7x\u00b7s et met \u00e0 disposition des espaces et des \u00e9quipements sp\u00e9cialis\u00e9s.\u00a0 \u00a0 Qui peut utiliser les [&hellip;]<\/p>\n","protected":false},"author":1,"featured_media":0,"parent":0,"menu_order":0,"comment_status":"closed","ping_status":"closed","template":"resume-page-template.php","meta":{"footnotes":""},"class_list":["post-1555","page","type-page","status-publish","hentry","missing-thumbnail"],"_links":{"self":[{"href":"https:\/\/campus.hesge.ch\/head-pool-photographie\/wp-json\/wp\/v2\/pages\/1555","targetHints":{"allow":["GET"]}}],"collection":[{"href":"https:\/\/campus.hesge.ch\/head-pool-photographie\/wp-json\/wp\/v2\/pages"}],"about":[{"href":"https:\/\/campus.hesge.ch\/head-pool-photographie\/wp-json\/wp\/v2\/types\/page"}],"author":[{"embeddable":true,"href":"https:\/\/campus.hesge.ch\/head-pool-photographie\/wp-json\/wp\/v2\/users\/1"}],"replies":[{"embeddable":true,"href":"https:\/\/campus.hesge.ch\/head-pool-photographie\/wp-json\/wp\/v2\/comments?post=1555"}],"version-history":[{"count":17,"href":"https:\/\/campus.hesge.ch\/head-pool-photographie\/wp-json\/wp\/v2\/pages\/1555\/revisions"}],"predecessor-version":[{"id":2212,"href":"https:\/\/campus.hesge.ch\/head-pool-photographie\/wp-json\/wp\/v2\/pages\/1555\/revisions\/2212"}],"wp:attachment":[{"href":"https:\/\/campus.hesge.ch\/head-pool-photographie\/wp-json\/wp\/v2\/media?parent=1555"}],"curies":[{"name":"wp","href":"https:\/\/api.w.org\/{rel}","templated":true}]}}