{"id":1590,"date":"2023-02-22T17:02:20","date_gmt":"2023-02-22T16:02:20","guid":{"rendered":"https:\/\/head.hesge.ch\/poolphoto\/?page_id=1590"},"modified":"2026-02-23T15:35:40","modified_gmt":"2026-02-23T14:35:40","slug":"cours-passeport-2","status":"publish","type":"page","link":"https:\/\/campus.hesge.ch\/head-pool-photographie\/cours-passeport-2\/","title":{"rendered":"Cours passeport"},"content":{"rendered":"<h3><strong>Photoshop &#8211; Lightroom &#8211; Laboratoire noir et blanc &#8211; Studio &#8211; Analyse d&rsquo;image &#8211; Moyen format \u00a0&#8211; Grand format &#8211; Photographie num\u00e9rique<\/strong><\/h3>\n<p><span style=\"color: #000000;\">Les cours passeport sont accessibles \u00e0 tout\u00b7e\u00b7x\u00b7s les \u00e9tudiant\u00b7e\u00b7x\u00b7s de l\u2019\u00e9cole. Ils ne donnent pas droit \u00e0 des cr\u00e9dits ECTS. Ils proposent les apprentissages d\u2019une ou de plusieurs comp\u00e9tences indispensables au d\u00e9veloppement du travail de l\u2019\u00e9tudiant\u00b7e dans le domaine de la photographie.<\/span><\/p>\n<p><span style=\"color: #000000;\">Selon les besoins et les demandes des \u00e9tudiant\u00b7e\u00b7x\u00b7s, mais \u00e9galement en fonction des constats des enseignant\u00b7e\u00b7x\u00b7s, diff\u00e9rents cours passeports sont propos\u00e9s pour l\u2019apprentissage des logiciels depuis l\u2019initiation de base jusqu\u2019\u00e0 des niveaux plus \u00e9lev\u00e9s, pour l\u2019approche des techniques de lumi\u00e8re, la compr\u00e9hension d\u2019un appareil particulier\u00a0ou encore la r\u00e9alisation d\u2019exercices sp\u00e9cifiques.<\/span><\/p>\n<p>Si tous les cours sont complets, vous pouvez \u00e9crire \u00e0 headpoolphoto@hesge.ch pour vous inscrire en liste d&rsquo;attente.<\/p>\n<h3><strong>INSCRIPTIONS SEMESTRE PRINTEMPS 2025-2026<br \/>\n<\/strong><\/h3>\n<p><strong>Tous les cours passeport du second semestre 2025-2026 sont complets.\u00a0<\/strong><\/p>\n<div class=\"frm_forms  with_frm_style frm_style_formidable-style\" id=\"frm_form_96_container\" >\n<form enctype=\"multipart\/form-data\" method=\"post\" class=\"frm-show-form  frm_js_validate  frm_ajax_submit  frm_pro_form \" id=\"form_frmprocontact2522332422332242\" >\n<div class=\"frm_form_fields \">\n<fieldset>\n<h3>Liste d'attente<\/h3>\r\n<div class=\"frm_description\"><p>Si le cours d\u00e9sir\u00e9 est complet, merci de vous inscrire via ce formulaire. Vous serez contact\u00e9\u00b7e\u00b7x en priorit\u00e9 d\u00e8s l'ouverture de nouveaux cours. <\/p>\n<\/div><div class=\"frm_fields_container\">\n<input type=\"hidden\" name=\"frm_action\" value=\"create\" \/>\n<input type=\"hidden\" name=\"form_id\" value=\"96\" \/>\n<input type=\"hidden\" name=\"frm_hide_fields_96\" id=\"frm_hide_fields_96\" value=\"\" \/>\n<input type=\"hidden\" name=\"form_key\" value=\"frmprocontact2522332422332242\" \/>\n<input type=\"hidden\" name=\"item_meta[0]\" value=\"\" \/>\n<input type=\"hidden\" id=\"frm_submit_entry_96\" name=\"frm_submit_entry_96\" value=\"9a9168ebf4\" \/><input type=\"hidden\" name=\"_wp_http_referer\" value=\"\/head-pool-photographie\/wp-json\/wp\/v2\/pages\/1590\" \/><div id=\"frm_field_1450_container\" class=\"frm_form_field form-field  frm_none_container vertical_radio\">\r\n    <div  id=\"field_majwx46344442_label\" class=\"frm_primary_label\">inscriptions\r\n        <span class=\"frm_required\"><\/span>\r\n    <\/div>\r\n    <div class=\"frm_opt_container\" aria-labelledby=\"field_majwx46344442_label\" role=\"group\">\t\t<div class=\"frm_checkbox\" id=\"frm_checkbox_1450-0\">\t\t\t<label  for=\"field_majwx46344442-0\">\n\t\t\t<input type=\"checkbox\" name=\"item_meta[1450][]\" id=\"field_majwx46344442-0\" value=\"S&#039;inscrire sur la liste d&#039;attente pour l&#039;un des cours\"  data-invmsg=\"inscriptions est non valide\" aria-invalid=\"false\"   \/> S'inscrire sur la liste d'attente pour l'un des cours<\/label><\/div>\n<\/div>\r\n    \r\n    \r\n<\/div>\n<div id=\"frm_field_1451_container\" class=\"frm_form_field form-field  frm_required_field frm_top_container frm_other_container\">\r\n    <label for=\"field_mbo132\" id=\"field_mbo132_label\" class=\"frm_primary_label\">Cours d\u00e9sir\u00e9\r\n        <span class=\"frm_required\">*<\/span>\r\n    <\/label>\r\n    \t\t<select name=\"item_meta[1451][]\" id=\"field_mbo132\"  multiple=\"multiple\"  data-reqmsg=\"Cours d\u00e9sir\u00e9 cannot be blank.\" aria-required=\"true\" data-invmsg=\"Cours d\u00e9sir\u00e9 est non valide\" aria-invalid=\"false\"  >\n\t\t<option  value=\"Analyse d&#039;image\">Analyse d&#039;image<\/option><option  value=\"Laboratoire argentique noir et blanc\">Laboratoire argentique noir et blanc<\/option><option  value=\"Studio\">Studio<\/option><option  value=\"Introduction Photographie Num\u00e9rique\">Introduction Photographie Num\u00e9rique<\/option><option  value=\"Grand format argentique\">Grand format argentique<\/option><option  value=\"Moyen format argentique\">Moyen format argentique<\/option><option  value=\"Lightroom\">Lightroom<\/option><option  value=\"Photoshop\">Photoshop<\/option><option  value=\"Proposition ? \" class=\"frm_other_trigger\">Proposition ? <\/option>\t<\/select>\n\t<label for=\"field_mbo132-otext\" class=\"frm_screen_reader frm_hidden\">Cours d\u00e9sir\u00e9<\/label><input type=\"text\" id=\"field_mbo132-otext\" class=\"frm_other_input frm_pos_none frm_other_full\"  name=\"item_meta[other][1451][other_10]\" value=\"\" \/>\r\n    \r\n    \r\n<\/div>\n<div id=\"frm_field_1452_container\" class=\"frm_form_field form-field  frm_required_field frm_top_container\">\r\n    <label for=\"field_wwtp3053336344442\" class=\"frm_primary_label\">Pr\u00e9nom - First Name\r\n        <span class=\"frm_required\">*<\/span>\r\n    <\/label>\r\n    <input type=\"text\" id=\"field_wwtp3053336344442\" name=\"item_meta[1452]\" value=\"\"  data-reqmsg=\"Pr\u00e9nom - First Name cannot be blank.\" aria-required=\"true\" data-invmsg=\"Pr\u00e9nom est non valide\" aria-invalid=\"false\"  \/>\r\n    \r\n    \r\n<\/div>\n<div id=\"frm_field_1453_container\" class=\"frm_form_field form-field  frm_required_field frm_top_container\">\r\n    <label for=\"field_27cmkd53336344442\" class=\"frm_primary_label\">Nom - Name\r\n        <span class=\"frm_required\">*<\/span>\r\n    <\/label>\r\n    <input type=\"text\" id=\"field_27cmkd53336344442\" name=\"item_meta[1453]\" value=\"\"  data-reqmsg=\"Nom - Name cannot be blank.\" aria-required=\"true\" data-invmsg=\"Nom est non valide\" aria-invalid=\"false\"  \/>\r\n    \r\n    \r\n<\/div>\n<div id=\"frm_field_1454_container\" class=\"frm_form_field form-field  frm_required_field frm_top_container\">\r\n    <label for=\"field_xnkv8k53336344442\" class=\"frm_primary_label\">Email\r\n        <span class=\"frm_required\">*<\/span>\r\n    <\/label>\r\n    <input type=\"email\" id=\"field_xnkv8k53336344442\" name=\"item_meta[1454]\" value=\"\"  data-reqmsg=\"Email cannot be blank.\" aria-required=\"true\" data-invmsg=\"Please enter a valid email address\" aria-invalid=\"false\"  \/>\r\n    \r\n    \r\n<\/div>\n<div id=\"frm_field_1455_container\" class=\"frm_form_field form-field  frm_required_field frm_top_container vertical_radio\">\r\n    <label for=\"field_3dpku43336344442\" class=\"frm_primary_label\">Case \u00e0 cocher\r\n        <span class=\"frm_required\">*<\/span>\r\n    <\/label>\r\n    <div class=\"frm_opt_container\">\t\t<div class=\"frm_checkbox\" id=\"frm_checkbox_1455-0\">\t\t\t<label  for=\"field_3dpku43336344442-0\">\n\t\t\t<input type=\"checkbox\" name=\"item_meta[1455][]\" id=\"field_3dpku43336344442-0\" value=\"Bachelor\"  data-reqmsg=\"Case \u00e0 cocher cannot be blank.\" data-invmsg=\"Case \u00e0 cocher est non valide\" aria-invalid=\"false\"   aria-required=\"true\"  \/> Bachelor<\/label><\/div>\n\t\t<div class=\"frm_checkbox\" id=\"frm_checkbox_1455-1\">\t\t\t<label  for=\"field_3dpku43336344442-1\">\n\t\t\t<input type=\"checkbox\" name=\"item_meta[1455][]\" id=\"field_3dpku43336344442-1\" value=\"Master\"  data-reqmsg=\"Case \u00e0 cocher cannot be blank.\" data-invmsg=\"Case \u00e0 cocher est non valide\" aria-invalid=\"false\"   \/> Master<\/label><\/div>\n<\/div>\r\n    \r\n    \r\n<\/div>\n<div id=\"frm_field_1456_container\" class=\"frm_form_field form-field  frm_required_field frm_top_container\">\r\n    <label for=\"field_6e1mf33336344442\" class=\"frm_primary_label\">Bachelor\r\n        <span class=\"frm_required\">*<\/span>\r\n    <\/label>\r\n    \t\t<select name=\"item_meta[1456]\" id=\"field_6e1mf33336344442\"  data-frmval=\"Communication visuelle \" data-reqmsg=\"Bachelor cannot be blank.\" aria-required=\"true\" data-invmsg=\"Bachelor est non valide\" aria-invalid=\"false\"  >\n\t\t<option  value=\"Communication visuelle \" selected='selected'>Communication visuelle <\/option><option  value=\"Architecture d&#039;int\u00e9rieur - Interior Architecture\">Architecture d&#039;int\u00e9rieur - Interior Architecture<\/option><option  value=\"Design mode - Fashion Design\">Design mode - Fashion Design<\/option><option  value=\"Design produit, bijou &amp; accessoires - Jewellery and accessory\">Design produit, bijou &amp; accessoires - Jewellery and accessory<\/option><option  value=\"Arts visuels - Fine Arts\">Arts visuels - Fine Arts<\/option><option  value=\"Cin\u00e9ma\">Cin\u00e9ma<\/option>\t<\/select>\n\t\r\n    \r\n    \r\n<\/div>\n<div id=\"frm_field_1457_container\" class=\"frm_form_field form-field  frm_required_field frm_top_container\">\r\n    <label for=\"field_e9ly433336344442\" class=\"frm_primary_label\">Master\r\n        <span class=\"frm_required\">*<\/span>\r\n    <\/label>\r\n    \t\t<select name=\"item_meta[1457]\" id=\"field_e9ly433336344442\"  data-frmval=\"Media Design\" data-reqmsg=\"Master cannot be blank.\" aria-required=\"true\" data-invmsg=\"Master est non valide\" aria-invalid=\"false\"  >\n\t\t<option  value=\"Media Design\" selected='selected'>Media Design<\/option><option  value=\"Espace &amp; communication\">Espace &amp; communication<\/option><option  value=\"Cin\u00e9ma\">Cin\u00e9ma<\/option><option  value=\"CCC\">CCC<\/option><option  value=\"WORK.MASTER\">WORK.MASTER<\/option><option  value=\"TRANS\">TRANS<\/option><option  value=\"MAIA\">MAIA<\/option><option  value=\"VISUAL KNOWLEDGE\">VISUAL KNOWLEDGE<\/option>\t<\/select>\n\t\r\n    \r\n    \r\n<\/div>\n<div id=\"frm_field_1460_container\" class=\"frm_form_field form-field  frm_required_field frm_top_container\">\r\n    <label for=\"field_vbb3n33336344442\" class=\"frm_primary_label\">Option\r\n        <span class=\"frm_required\">*<\/span>\r\n    <\/label>\r\n    \t\t<select name=\"item_meta[1460]\" id=\"field_vbb3n33336344442\"  data-reqmsg=\"Option cannot be blank.\" aria-required=\"true\" data-invmsg=\"Option est non valide\" aria-invalid=\"false\"  >\n\t\t<option  value=\"re\/production\">re\/production<\/option><option  value=\"Construction\">Construction<\/option><option  value=\"[Inter]action\">[Inter]action<\/option><option  value=\"Information \/ fiction\">Information \/ fiction<\/option><option  value=\"Repr\u00e9sentation\">Repr\u00e9sentation<\/option>\t<\/select>\n\t\r\n    \r\n    \r\n<\/div>\n<div id=\"frm_field_1458_container\" class=\"frm_form_field form-field  frm_required_field frm_top_container\">\r\n    <label for=\"field_7q51h33336344442\" class=\"frm_primary_label\">Ann\u00e9e - Year\r\n        <span class=\"frm_required\">*<\/span>\r\n    <\/label>\r\n    \t\t<select name=\"item_meta[1458]\" id=\"field_7q51h33336344442\"  data-frmval=\"Ann\u00e9e 1\" data-reqmsg=\"Ann\u00e9e - Year cannot be blank.\" aria-required=\"true\" data-invmsg=\"Ann\u00e9e - Year est non valide\" aria-invalid=\"false\"  >\n\t\t<option  value=\"Ann\u00e9e 1\" selected='selected'>Ann\u00e9e 1<\/option><option  value=\"Ann\u00e9e 2\">Ann\u00e9e 2<\/option><option  value=\"Ann\u00e9e 3\">Ann\u00e9e 3<\/option>\t<\/select>\n\t\r\n    \r\n    \r\n<\/div>\n<div id=\"frm_field_1459_container\" class=\"frm_form_field form-field  frm_required_field frm_top_container\">\r\n    <label for=\"field_yihzu33336344442\" class=\"frm_primary_label\">Ann\u00e9e - Year\r\n        <span class=\"frm_required\">*<\/span>\r\n    <\/label>\r\n    \t\t<select name=\"item_meta[1459]\" id=\"field_yihzu33336344442\"  data-frmval=\"Ann\u00e9e 1\" data-reqmsg=\"Ann\u00e9e - Year cannot be blank.\" aria-required=\"true\" data-invmsg=\"Ann\u00e9e - Year est non valide\" aria-invalid=\"false\"  >\n\t\t<option  value=\"Ann\u00e9e 1\" selected='selected'>Ann\u00e9e 1<\/option><option  value=\"Ann\u00e9e 2\">Ann\u00e9e 2<\/option>\t<\/select>\n\t\r\n    \r\n    \r\n<\/div>\n<div id=\"frm_field_2249_container\" class=\"frm_form_field form-field \">\r\n\t<div class=\"frm_submit\">\r\n\r\n<input type=\"submit\" value=\"Envoyer la demande\"  class=\"frm_final_submit\" formnovalidate=\"formnovalidate\" \/>\r\n<img decoding=\"async\" class=\"frm_ajax_loading\" src=\"https:\/\/campus.hesge.ch\/head-pool-photographie\/wp-content\/plugins\/formidable\/images\/ajax_loader.gif\" alt=\"Sending\" style=\"visibility:hidden;\" \/>\r\n\r\n<\/div>\r\n<\/div>\n\t<input type=\"hidden\" name=\"item_key\" value=\"\" \/>\n\t\t\t\t<div class=\"frm__672b3b77aa6d6\">\n\t\t\t\t<label for=\"frm_email_96\" >\n\t\t\t\t\tSi vous \u00eates un humain, ne remplissez pas ce champ.\t\t\t\t<\/label>\n\t\t\t\t<input  id=\"frm_email_96\" type=\"text\" class=\"frm_verify\" name=\"frm__672b3b77aa6d6\" value=\"\" autocomplete=\"off\"  \/>\n\t\t\t<\/div>\n\t\t<input name=\"frm_state\" type=\"hidden\" value=\"mfR+xTF7lMv\/DB+ymO6U\/2WtZ1bl0AZPhZrdzTkofc4=\" \/><\/div>\n<\/fieldset>\n<\/div>\n\n<\/form>\n<\/div>\n\n<p>COMPLET<\/p>\n<p>COMPLET<\/p>\n<p>COMPLET<\/p>\n<p>COMPLET<\/p>\n","protected":false},"excerpt":{"rendered":"<p>Photoshop &#8211; Lightroom &#8211; Laboratoire noir et blanc &#8211; Studio &#8211; Analyse d&rsquo;image &#8211; Moyen format \u00a0&#8211; Grand format &#8211; Photographie num\u00e9rique Les cours passeport sont accessibles \u00e0 tout\u00b7e\u00b7x\u00b7s les \u00e9tudiant\u00b7e\u00b7x\u00b7s de l\u2019\u00e9cole. Ils ne donnent pas droit \u00e0 des cr\u00e9dits ECTS. Ils proposent les apprentissages d\u2019une ou de plusieurs comp\u00e9tences indispensables au d\u00e9veloppement du [&hellip;]<\/p>\n","protected":false},"author":1,"featured_media":0,"parent":0,"menu_order":0,"comment_status":"closed","ping_status":"closed","template":"","meta":{"footnotes":""},"class_list":["post-1590","page","type-page","status-publish","hentry","missing-thumbnail"],"_links":{"self":[{"href":"https:\/\/campus.hesge.ch\/head-pool-photographie\/wp-json\/wp\/v2\/pages\/1590","targetHints":{"allow":["GET"]}}],"collection":[{"href":"https:\/\/campus.hesge.ch\/head-pool-photographie\/wp-json\/wp\/v2\/pages"}],"about":[{"href":"https:\/\/campus.hesge.ch\/head-pool-photographie\/wp-json\/wp\/v2\/types\/page"}],"author":[{"embeddable":true,"href":"https:\/\/campus.hesge.ch\/head-pool-photographie\/wp-json\/wp\/v2\/users\/1"}],"replies":[{"embeddable":true,"href":"https:\/\/campus.hesge.ch\/head-pool-photographie\/wp-json\/wp\/v2\/comments?post=1590"}],"version-history":[{"count":80,"href":"https:\/\/campus.hesge.ch\/head-pool-photographie\/wp-json\/wp\/v2\/pages\/1590\/revisions"}],"predecessor-version":[{"id":2161,"href":"https:\/\/campus.hesge.ch\/head-pool-photographie\/wp-json\/wp\/v2\/pages\/1590\/revisions\/2161"}],"wp:attachment":[{"href":"https:\/\/campus.hesge.ch\/head-pool-photographie\/wp-json\/wp\/v2\/media?parent=1590"}],"curies":[{"name":"wp","href":"https:\/\/api.w.org\/{rel}","templated":true}]}}