{"id":2197,"date":"2026-03-17T23:11:18","date_gmt":"2026-03-17T22:11:18","guid":{"rendered":"https:\/\/campus.hesge.ch\/head-pool-photographie\/?page_id=2197"},"modified":"2026-03-19T16:23:33","modified_gmt":"2026-03-19T15:23:33","slug":"documentation-libre","status":"publish","type":"page","link":"https:\/\/campus.hesge.ch\/head-pool-photographie\/documentation-libre\/","title":{"rendered":"Documentation libre"},"content":{"rendered":"<p data-start=\"263\" data-end=\"488\">Le Pool Photographie met \u00e0 disposition des cr\u00e9neaux courts permettant aux \u00e9tudiant\u00b7exs d\u2019utiliser des <strong data-start=\"365\" data-end=\"419\">sets de prise de vue d\u00e9j\u00e0 install\u00e9s dans le studio<\/strong>. Ces sessions sont destin\u00e9es \u00e0 des prises de vue simples et rapides.<\/p>\n<p data-start=\"490\" data-end=\"560\">Deux configurations sur <strong data-start=\"514\" data-end=\"528\">fond blanc<\/strong> sont actuellement disponibles :<\/p>\n<ul data-start=\"562\" data-end=\"626\">\n<li data-section-id=\"qo5ft5\" data-start=\"562\" data-end=\"605\">\n<p data-start=\"564\" data-end=\"605\"><strong data-start=\"564\" data-end=\"580\">1 set \u00e0 plat<\/strong> (prise de vue z\u00e9nithale)<\/p>\n<\/li>\n<li data-section-id=\"bopvsy\" data-start=\"606\" data-end=\"626\">\n<p data-start=\"608\" data-end=\"626\"><strong data-start=\"608\" data-end=\"626\">1 set packshot<\/strong><\/p>\n<\/li>\n<\/ul>\n<p data-start=\"628\" data-end=\"685\">Les deux sets peuvent \u00eatre utilis\u00e9s durant votre cr\u00e9neau.<\/p>\n<h2 data-section-id=\"1ku45ne\" data-start=\"692\" data-end=\"718\">Dur\u00e9e et fonctionnement<\/h2>\n<p data-start=\"720\" data-end=\"781\">Chaque r\u00e9servation correspond \u00e0 <strong data-start=\"752\" data-end=\"780\">un cr\u00e9neau de 30 minutes<\/strong>.<\/p>\n<p data-start=\"783\" data-end=\"924\">Pendant ce temps, vous pouvez utiliser librement les deux sets pr\u00e9-install\u00e9s. Les <strong data-start=\"865\" data-end=\"882\">images brutes<\/strong> pourront \u00eatre r\u00e9cup\u00e9r\u00e9es apr\u00e8s la s\u00e9ance.<\/p>\n<p data-start=\"926\" data-end=\"1038\">Ces sessions sont con\u00e7ues pour des <strong data-start=\"961\" data-end=\"986\">prises de vue rapides<\/strong>, le mat\u00e9riel et les lumi\u00e8res \u00e9tant d\u00e9j\u00e0 configur\u00e9s.<\/p>\n<h2 data-section-id=\"1tg5j5u\" data-start=\"1045\" data-end=\"1072\">Utilisation en autonomie<\/h2>\n<p data-start=\"1074\" data-end=\"1123\">L\u2019utilisation du studio se fait <strong data-start=\"1106\" data-end=\"1122\">en autonomie<\/strong>.<\/p>\n<p data-start=\"1125\" data-end=\"1311\">Le Pool Photographie met \u00e0 disposition les \u00e9quipements et les configurations existantes, mais <strong data-start=\"1219\" data-end=\"1310\">n\u2019assure pas la production des images ou la post-production<\/strong>.<\/p>\n<h2 data-section-id=\"cigwua\" data-start=\"1318\" data-end=\"1339\">Conditions d\u2019acc\u00e8s<\/h2>\n<p data-start=\"1341\" data-end=\"1386\">Pour r\u00e9server un cr\u00e9neau, il est n\u00e9cessaire :<\/p>\n<ul data-start=\"1388\" data-end=\"1471\">\n<li data-section-id=\"1u87y89\" data-start=\"1388\" data-end=\"1431\">\n<p data-start=\"1390\" data-end=\"1431\">d\u2019\u00eatre <strong data-start=\"1397\" data-end=\"1431\">\u00e9tudiant\u00b7e\u00b7x \u00e0 la HEAD \u2013 Gen\u00e8ve<\/strong><\/p>\n<\/li>\n<\/ul>\n<h2 data-section-id=\"14fa0j5\" data-start=\"1478\" data-end=\"1492\">R\u00e9servation<\/h2>\n<p data-start=\"1494\" data-end=\"1585\">Les cr\u00e9neaux sont <strong data-start=\"1512\" data-end=\"1529\">tr\u00e8s demand\u00e9s<\/strong>. Toute r\u00e9servation est donc consid\u00e9r\u00e9e comme <strong data-start=\"1575\" data-end=\"1584\">ferme<\/strong>.<\/p>\n<p data-start=\"1587\" data-end=\"1741\">Si vous ne pouvez finalement pas venir, merci <strong data-start=\"1633\" data-end=\"1697\">d\u2019annuler via le mail de confirmation et d\u2019avertir le Pool Photographie d\u00e8s que possible<\/strong> afin que le cr\u00e9neau puisse \u00eatre r\u00e9attribu\u00e9.<\/p>\n<h3 data-section-id=\"1k9i6ub\" data-start=\"1748\" data-end=\"1777\">Formulaire de r\u00e9servation<\/h3>\n<p><a href=\"https:\/\/outlook.office.com\/book\/Documentationlibre@hes-so365.ch\/?ismsaljsauthenabled\">LIEN VERS LE FORMULAIRE<\/a><\/p>\n","protected":false},"excerpt":{"rendered":"<p>Le Pool Photographie met \u00e0 disposition des cr\u00e9neaux courts permettant aux \u00e9tudiant\u00b7exs d\u2019utiliser des sets de prise de vue d\u00e9j\u00e0 install\u00e9s dans le studio. Ces sessions sont destin\u00e9es \u00e0 des prises de vue simples et rapides. Deux configurations sur fond blanc sont actuellement disponibles : 1 set \u00e0 plat (prise de vue z\u00e9nithale) 1 set [&hellip;]<\/p>\n","protected":false},"author":3,"featured_media":0,"parent":0,"menu_order":0,"comment_status":"closed","ping_status":"closed","template":"resume-page-template.php","meta":{"footnotes":""},"class_list":["post-2197","page","type-page","status-publish","hentry","missing-thumbnail"],"_links":{"self":[{"href":"https:\/\/campus.hesge.ch\/head-pool-photographie\/wp-json\/wp\/v2\/pages\/2197","targetHints":{"allow":["GET"]}}],"collection":[{"href":"https:\/\/campus.hesge.ch\/head-pool-photographie\/wp-json\/wp\/v2\/pages"}],"about":[{"href":"https:\/\/campus.hesge.ch\/head-pool-photographie\/wp-json\/wp\/v2\/types\/page"}],"author":[{"embeddable":true,"href":"https:\/\/campus.hesge.ch\/head-pool-photographie\/wp-json\/wp\/v2\/users\/3"}],"replies":[{"embeddable":true,"href":"https:\/\/campus.hesge.ch\/head-pool-photographie\/wp-json\/wp\/v2\/comments?post=2197"}],"version-history":[{"count":13,"href":"https:\/\/campus.hesge.ch\/head-pool-photographie\/wp-json\/wp\/v2\/pages\/2197\/revisions"}],"predecessor-version":[{"id":2225,"href":"https:\/\/campus.hesge.ch\/head-pool-photographie\/wp-json\/wp\/v2\/pages\/2197\/revisions\/2225"}],"wp:attachment":[{"href":"https:\/\/campus.hesge.ch\/head-pool-photographie\/wp-json\/wp\/v2\/media?parent=2197"}],"curies":[{"name":"wp","href":"https:\/\/api.w.org\/{rel}","templated":true}]}}