{"id":2217,"date":"2026-03-17T23:37:40","date_gmt":"2026-03-17T22:37:40","guid":{"rendered":"https:\/\/campus.hesge.ch\/head-pool-photographie\/?page_id=2217"},"modified":"2026-03-17T23:43:59","modified_gmt":"2026-03-17T22:43:59","slug":"salle-de-seminaire","status":"publish","type":"page","link":"https:\/\/campus.hesge.ch\/head-pool-photographie\/salle-de-seminaire\/","title":{"rendered":"Salle de s\u00e9minaire\/postproduction"},"content":{"rendered":"<p data-start=\"102\" data-end=\"364\">La salle de s\u00e9minaire du Pool Photographie est un espace destin\u00e9 principalement aux <strong data-start=\"186\" data-end=\"237\">cours, discussions collectives et post traitement des images. <\/strong>Elle est \u00e9quip\u00e9e pour la projection d\u2019images et l\u2019analyse de travaux photographiques dans de bonnes conditions de visionnage.<\/p>\n<h3 data-section-id=\"19h7qbp\" data-start=\"366\" data-end=\"380\">\u00c9quipement<\/h3>\n<p data-start=\"382\" data-end=\"403\">La salle dispose de :<\/p>\n<ul data-start=\"405\" data-end=\"508\">\n<li data-section-id=\"diarcv\" data-start=\"405\" data-end=\"428\">\n<p data-start=\"407\" data-end=\"428\"><strong data-start=\"407\" data-end=\"428\">trois projecteurs<\/strong><\/p>\n<\/li>\n<li data-section-id=\"11e8q2a\" data-start=\"429\" data-end=\"446\">\n<p data-start=\"431\" data-end=\"446\"><strong data-start=\"431\" data-end=\"446\">ordinateurs<\/strong><\/p>\n<\/li>\n<li data-section-id=\"jim983\" data-start=\"447\" data-end=\"508\">\n<p data-start=\"449\" data-end=\"508\"><strong data-start=\"449\" data-end=\"464\">\u00e9crans Eizo<\/strong><\/p>\n<\/li>\n<\/ul>\n<h3 data-section-id=\"12bqzlx\" data-start=\"621\" data-end=\"636\">Utilisation<\/h3>\n<p data-start=\"638\" data-end=\"817\">La salle est utilis\u00e9e en priorit\u00e9 pour les <strong data-start=\"681\" data-end=\"719\">enseignements du Pool Photographie<\/strong>.<br data-start=\"720\" data-end=\"723\" \/>En dehors des horaires de cours, elle peut \u00e9galement \u00eatre utilis\u00e9e par les \u00e9tudiant\u00b7e\u00b7x\u00b7s.<\/p>\n<h3 data-section-id=\"13wqppv\" data-start=\"905\" data-end=\"922\">Disponibilit\u00e9<\/h3>\n<p data-start=\"924\" data-end=\"1022\">Un <strong data-start=\"927\" data-end=\"950\">calendrier en ligne<\/strong> permet de v\u00e9rifier les p\u00e9riodes durant lesquelles la salle est occup\u00e9e.<\/p>\n<p data-start=\"1024\" data-end=\"1062\">\u2192 Consulter le calendrier : <a href=\"https:\/\/outlook.office365.com\/calendar\/published\/7a1220a180fa484d93a8707d4fe079d4@hesge.ch\/73470488e9644acaa1feebeda0bd2b7e9758584776530891022\/calendar.html\"><strong data-start=\"1052\" data-end=\"1062\">[lien]<\/strong><\/a><\/p>\n","protected":false},"excerpt":{"rendered":"<p>La salle de s\u00e9minaire du Pool Photographie est un espace destin\u00e9 principalement aux cours, discussions collectives et post traitement des images. Elle est \u00e9quip\u00e9e pour la projection d\u2019images et l\u2019analyse de travaux photographiques dans de bonnes conditions de visionnage. \u00c9quipement La salle dispose de : trois projecteurs ordinateurs \u00e9crans Eizo Utilisation La salle est utilis\u00e9e [&hellip;]<\/p>\n","protected":false},"author":3,"featured_media":0,"parent":0,"menu_order":0,"comment_status":"closed","ping_status":"closed","template":"resume-page-template.php","meta":{"footnotes":""},"class_list":["post-2217","page","type-page","status-publish","hentry","missing-thumbnail"],"_links":{"self":[{"href":"https:\/\/campus.hesge.ch\/head-pool-photographie\/wp-json\/wp\/v2\/pages\/2217","targetHints":{"allow":["GET"]}}],"collection":[{"href":"https:\/\/campus.hesge.ch\/head-pool-photographie\/wp-json\/wp\/v2\/pages"}],"about":[{"href":"https:\/\/campus.hesge.ch\/head-pool-photographie\/wp-json\/wp\/v2\/types\/page"}],"author":[{"embeddable":true,"href":"https:\/\/campus.hesge.ch\/head-pool-photographie\/wp-json\/wp\/v2\/users\/3"}],"replies":[{"embeddable":true,"href":"https:\/\/campus.hesge.ch\/head-pool-photographie\/wp-json\/wp\/v2\/comments?post=2217"}],"version-history":[{"count":5,"href":"https:\/\/campus.hesge.ch\/head-pool-photographie\/wp-json\/wp\/v2\/pages\/2217\/revisions"}],"predecessor-version":[{"id":2223,"href":"https:\/\/campus.hesge.ch\/head-pool-photographie\/wp-json\/wp\/v2\/pages\/2217\/revisions\/2223"}],"wp:attachment":[{"href":"https:\/\/campus.hesge.ch\/head-pool-photographie\/wp-json\/wp\/v2\/media?parent=2217"}],"curies":[{"name":"wp","href":"https:\/\/api.w.org\/{rel}","templated":true}]}}