{"id":2227,"date":"2026-04-02T14:41:38","date_gmt":"2026-04-02T12:41:38","guid":{"rendered":"https:\/\/campus.hesge.ch\/head-pool-photographie\/?page_id=2227"},"modified":"2026-04-02T14:41:38","modified_gmt":"2026-04-02T12:41:38","slug":"rendez-vous","status":"publish","type":"page","link":"https:\/\/campus.hesge.ch\/head-pool-photographie\/rendez-vous\/","title":{"rendered":"Rendez-vous"},"content":{"rendered":"<p data-start=\"176\" data-end=\"347\">Le Pool Photographie propose des <strong data-start=\"209\" data-end=\"236\">rendez-vous individuels<\/strong> destin\u00e9s \u00e0 accompagner les \u00e9tudiant\u00b7e\u00b7x\u00b7s dans leurs projets, que ce soit sur le plan conceptuel ou technique.<\/p>\n<p data-start=\"349\" data-end=\"393\">Deux types de rendez-vous sont disponibles :<\/p>\n<h2 data-section-id=\"e66qy7\" data-start=\"400\" data-end=\"423\">Suivi de projet \u2014 1h<\/h2>\n<p data-start=\"425\" data-end=\"567\">Les rendez-vous de <strong data-start=\"444\" data-end=\"463\">suivi de projet<\/strong> permettent de discuter d\u2019un travail en cours, en lien direct ou indirect avec le m\u00e9dium photographique.<\/p>\n<p data-start=\"569\" data-end=\"607\">Ils offrent un espace d\u2019\u00e9change pour :<\/p>\n<ul data-start=\"609\" data-end=\"796\">\n<li data-section-id=\"4xtm3k\" data-start=\"609\" data-end=\"656\">d\u00e9velopper une r\u00e9flexion autour d\u2019un projet<\/li>\n<li data-section-id=\"1bnjkq3\" data-start=\"657\" data-end=\"716\">clarifier des intentions artistiques ou m\u00e9thodologiques<\/li>\n<li data-section-id=\"1heaj91\" data-start=\"717\" data-end=\"796\">aborder des questions li\u00e9es \u00e0 la production ou \u00e0 la pr\u00e9sentation des images<\/li>\n<\/ul>\n<p data-start=\"798\" data-end=\"945\">Ces rendez-vous s\u2019adressent aux \u00e9tudiant\u00b7e\u00b7x\u00b7s souhaitant b\u00e9n\u00e9ficier d\u2019un regard ext\u00e9rieur et d\u2019un accompagnement dans l\u2019\u00e9volution de leur travail.<\/p>\n<hr data-start=\"947\" data-end=\"950\" \/>\n<h2 data-section-id=\"1x9fwwy\" data-start=\"952\" data-end=\"984\">Assistance technique \u2014 30 min<\/h2>\n<p data-start=\"986\" data-end=\"1089\">Les rendez-vous d\u2019<strong data-start=\"1004\" data-end=\"1028\">assistance technique<\/strong> sont d\u00e9di\u00e9s aux questions pratiques li\u00e9es \u00e0 la photographie.<\/p>\n<p data-start=\"1091\" data-end=\"1117\">Ils permettent notamment :<\/p>\n<ul data-start=\"1119\" data-end=\"1316\">\n<li data-section-id=\"1q18uu4\" data-start=\"1119\" data-end=\"1175\">d\u2019obtenir des conseils sur l\u2019utilisation du mat\u00e9riel<\/li>\n<li data-section-id=\"cn1gkl\" data-start=\"1176\" data-end=\"1216\">de r\u00e9soudre des probl\u00e8mes techniques<\/li>\n<li data-section-id=\"1w83c0k\" data-start=\"1217\" data-end=\"1316\">d\u2019\u00eatre accompagn\u00e9\u00b7e\u00b7x dans la mise en place d\u2019un dispositif (studio, lumi\u00e8re, prise de vue, etc.)<\/li>\n<\/ul>\n<hr data-start=\"1318\" data-end=\"1321\" \/>\n<h2 data-section-id=\"14fa0j5\" data-start=\"1323\" data-end=\"1337\">R\u00e9servation<\/h2>\n<p data-start=\"1339\" data-end=\"1418\">Les rendez-vous se r\u00e9servent directement en ligne via le formulaire suivant :<\/p>\n<p data-start=\"1420\" data-end=\"1430\"><a href=\"https:\/\/outlook.office.com\/book\/RendezvousPoolPhotographie@hes-so365.ch\/\"><strong data-start=\"1420\" data-end=\"1430\">PRENDRE RDV<\/strong><\/a><\/p>\n","protected":false},"excerpt":{"rendered":"<p>Le Pool Photographie propose des rendez-vous individuels destin\u00e9s \u00e0 accompagner les \u00e9tudiant\u00b7e\u00b7x\u00b7s dans leurs projets, que ce soit sur le plan conceptuel ou technique. Deux types de rendez-vous sont disponibles : Suivi de projet \u2014 1h Les rendez-vous de suivi de projet permettent de discuter d\u2019un travail en cours, en lien direct ou indirect avec [&hellip;]<\/p>\n","protected":false},"author":3,"featured_media":0,"parent":0,"menu_order":0,"comment_status":"closed","ping_status":"closed","template":"resume-page-template.php","meta":{"footnotes":""},"class_list":["post-2227","page","type-page","status-publish","hentry","missing-thumbnail"],"_links":{"self":[{"href":"https:\/\/campus.hesge.ch\/head-pool-photographie\/wp-json\/wp\/v2\/pages\/2227","targetHints":{"allow":["GET"]}}],"collection":[{"href":"https:\/\/campus.hesge.ch\/head-pool-photographie\/wp-json\/wp\/v2\/pages"}],"about":[{"href":"https:\/\/campus.hesge.ch\/head-pool-photographie\/wp-json\/wp\/v2\/types\/page"}],"author":[{"embeddable":true,"href":"https:\/\/campus.hesge.ch\/head-pool-photographie\/wp-json\/wp\/v2\/users\/3"}],"replies":[{"embeddable":true,"href":"https:\/\/campus.hesge.ch\/head-pool-photographie\/wp-json\/wp\/v2\/comments?post=2227"}],"version-history":[{"count":1,"href":"https:\/\/campus.hesge.ch\/head-pool-photographie\/wp-json\/wp\/v2\/pages\/2227\/revisions"}],"predecessor-version":[{"id":2228,"href":"https:\/\/campus.hesge.ch\/head-pool-photographie\/wp-json\/wp\/v2\/pages\/2227\/revisions\/2228"}],"wp:attachment":[{"href":"https:\/\/campus.hesge.ch\/head-pool-photographie\/wp-json\/wp\/v2\/media?parent=2227"}],"curies":[{"name":"wp","href":"https:\/\/api.w.org\/{rel}","templated":true}]}}