{"id":873,"date":"2019-03-27T14:32:52","date_gmt":"2019-03-27T13:32:52","guid":{"rendered":"https:\/\/head.hesge.ch\/poolphoto\/?page_id=873"},"modified":"2026-03-10T15:31:30","modified_gmt":"2026-03-10T14:31:30","slug":"contact","status":"publish","type":"page","link":"https:\/\/campus.hesge.ch\/head-pool-photographie\/contact\/","title":{"rendered":"CONTACT"},"content":{"rendered":"<p>&nbsp;<\/p>\n<p><strong>Pool Photographie\u00a0<\/strong><br \/>\nB\u00e2timent A, 3\u00e8me \u00e9tage<br \/>\nRoute des Franchises 2<br \/>\nCH &#8211; 1203 Gen\u00e8ve<strong><br \/>\n<\/strong><\/p>\n<p><strong>headpoolphoto@hesge.ch<\/strong><\/p>\n<p>Le Pool Photographie est ouvert en semaine et en soir\u00e9e lors des semaines de cours. Hors de ces semaines, l\u2019\u00e9quipe est pr\u00e9sente de mani\u00e8re ponctuelle et nous vous invitons \u00e0 convenir d\u2019un rendez-vous.<\/p>\n<p>&nbsp;<\/p>\n","protected":false},"excerpt":{"rendered":"<p>&nbsp; Pool Photographie\u00a0 B\u00e2timent A, 3\u00e8me \u00e9tage Route des Franchises 2 CH &#8211; 1203 Gen\u00e8ve headpoolphoto@hesge.ch Le Pool Photographie est ouvert en semaine et en soir\u00e9e lors des semaines de cours. Hors de ces semaines, l\u2019\u00e9quipe est pr\u00e9sente de mani\u00e8re ponctuelle et nous vous invitons \u00e0 convenir d\u2019un rendez-vous. &nbsp;<\/p>\n","protected":false},"author":1,"featured_media":0,"parent":0,"menu_order":0,"comment_status":"closed","ping_status":"closed","template":"","meta":{"footnotes":""},"class_list":["post-873","page","type-page","status-publish","hentry","missing-thumbnail"],"_links":{"self":[{"href":"https:\/\/campus.hesge.ch\/head-pool-photographie\/wp-json\/wp\/v2\/pages\/873","targetHints":{"allow":["GET"]}}],"collection":[{"href":"https:\/\/campus.hesge.ch\/head-pool-photographie\/wp-json\/wp\/v2\/pages"}],"about":[{"href":"https:\/\/campus.hesge.ch\/head-pool-photographie\/wp-json\/wp\/v2\/types\/page"}],"author":[{"embeddable":true,"href":"https:\/\/campus.hesge.ch\/head-pool-photographie\/wp-json\/wp\/v2\/users\/1"}],"replies":[{"embeddable":true,"href":"https:\/\/campus.hesge.ch\/head-pool-photographie\/wp-json\/wp\/v2\/comments?post=873"}],"version-history":[{"count":20,"href":"https:\/\/campus.hesge.ch\/head-pool-photographie\/wp-json\/wp\/v2\/pages\/873\/revisions"}],"predecessor-version":[{"id":2178,"href":"https:\/\/campus.hesge.ch\/head-pool-photographie\/wp-json\/wp\/v2\/pages\/873\/revisions\/2178"}],"wp:attachment":[{"href":"https:\/\/campus.hesge.ch\/head-pool-photographie\/wp-json\/wp\/v2\/media?parent=873"}],"curies":[{"name":"wp","href":"https:\/\/api.w.org\/{rel}","templated":true}]}}