{"id":907,"date":"2019-04-03T07:51:52","date_gmt":"2019-04-03T05:51:52","guid":{"rendered":"https:\/\/head.hesge.ch\/poolphoto\/?page_id=907"},"modified":"2025-03-17T13:11:47","modified_gmt":"2025-03-17T12:11:47","slug":"laboratoire-noir-et-blanc-2","status":"publish","type":"page","link":"https:\/\/campus.hesge.ch\/head-pool-photographie\/laboratoire-noir-et-blanc-2\/","title":{"rendered":"Laboratoire noir et blanc argentique"},"content":{"rendered":"<p>Les \u00e9tudiant\u00b7e\u00b7x\u00b7s ayant un passeport d&rsquo;utilisation ou exp\u00e9rience approuv\u00e9e par le Pool Photographie peuvent utiliser le laboratoire noir et blanc. Pour obtenir le passeport d&rsquo;utilisation, vous pouvez vous inscrire aux cours passeport laboratoire noir et blanc (<a href=\"https:\/\/campus.hesge.ch\/head-pool-photographie\/cours-passeport-2\/\">cours passeport<\/a>)<\/p>\n<p>Le laboratoire est \u00e9quip\u00e9 pour le d\u00e9veloppement de films et pour des tirages jusqu&rsquo;\u00e0 A3. Le laboratoire peut \u00eatre r\u00e9serv\u00e9 du lundi au samedi.<\/p>\n<p><b>Responsabilit\u00e9 d\u2019utilisation du laboratoire<br \/>\n<\/b>Les laboratoires sont exclusivement r\u00e9serv\u00e9s aux \u00e9tudiant\u00b7e\u00b7x\u00b7s de la HEAD-Gen\u00e8ve. La bonne tenue des lieux et du mat\u00e9riel est de la responsabilit\u00e9 de l\u2019\u00e9tudiant\u00b7e\u00b7x empruntant.<\/p>\n<h3><strong><a href=\"https:\/\/outlook.office365.com\/owa\/calendar\/Rservationlaboratoire@hes-so365.ch\/bookings\/\">R\u00e9server le laboratoire<\/a><br \/>\n<\/strong><\/h3>\n<figure id=\"attachment_1951\" aria-describedby=\"caption-attachment-1951\" style=\"width: 756px\" class=\"wp-caption alignnone\"><img loading=\"lazy\" decoding=\"async\" class=\"size-full wp-image-1951\" src=\"https:\/\/campus.hesge.ch\/head-pool-photographie\/wp-content\/uploads\/2025\/01\/POOL_PHOTO_LABO\u00a9B-Coulon_07.jpg\" alt=\"\" width=\"756\" height=\"1134\" srcset=\"https:\/\/campus.hesge.ch\/head-pool-photographie\/wp-content\/uploads\/2025\/01\/POOL_PHOTO_LABO\u00a9B-Coulon_07.jpg 756w, https:\/\/campus.hesge.ch\/head-pool-photographie\/wp-content\/uploads\/2025\/01\/POOL_PHOTO_LABO\u00a9B-Coulon_07-200x300.jpg 200w, https:\/\/campus.hesge.ch\/head-pool-photographie\/wp-content\/uploads\/2025\/01\/POOL_PHOTO_LABO\u00a9B-Coulon_07-683x1024.jpg 683w\" sizes=\"auto, (max-width: 756px) 100vw, 756px\" \/><figcaption id=\"caption-attachment-1951\" class=\"wp-caption-text\">POOL Photographie ;<\/figcaption><\/figure>\n<p>&nbsp;<\/p>\n","protected":false},"excerpt":{"rendered":"<p>Les \u00e9tudiant\u00b7e\u00b7x\u00b7s ayant un passeport d&rsquo;utilisation ou exp\u00e9rience approuv\u00e9e par le Pool Photographie peuvent utiliser le laboratoire noir et blanc. Pour obtenir le passeport d&rsquo;utilisation, vous pouvez vous inscrire aux cours passeport laboratoire noir et blanc (cours passeport) Le laboratoire est \u00e9quip\u00e9 pour le d\u00e9veloppement de films et pour des tirages jusqu&rsquo;\u00e0 A3. Le laboratoire [&hellip;]<\/p>\n","protected":false},"author":1,"featured_media":0,"parent":0,"menu_order":0,"comment_status":"closed","ping_status":"closed","template":"","meta":{"footnotes":""},"class_list":["post-907","page","type-page","status-publish","hentry","missing-thumbnail"],"_links":{"self":[{"href":"https:\/\/campus.hesge.ch\/head-pool-photographie\/wp-json\/wp\/v2\/pages\/907","targetHints":{"allow":["GET"]}}],"collection":[{"href":"https:\/\/campus.hesge.ch\/head-pool-photographie\/wp-json\/wp\/v2\/pages"}],"about":[{"href":"https:\/\/campus.hesge.ch\/head-pool-photographie\/wp-json\/wp\/v2\/types\/page"}],"author":[{"embeddable":true,"href":"https:\/\/campus.hesge.ch\/head-pool-photographie\/wp-json\/wp\/v2\/users\/1"}],"replies":[{"embeddable":true,"href":"https:\/\/campus.hesge.ch\/head-pool-photographie\/wp-json\/wp\/v2\/comments?post=907"}],"version-history":[{"count":32,"href":"https:\/\/campus.hesge.ch\/head-pool-photographie\/wp-json\/wp\/v2\/pages\/907\/revisions"}],"predecessor-version":[{"id":2063,"href":"https:\/\/campus.hesge.ch\/head-pool-photographie\/wp-json\/wp\/v2\/pages\/907\/revisions\/2063"}],"wp:attachment":[{"href":"https:\/\/campus.hesge.ch\/head-pool-photographie\/wp-json\/wp\/v2\/media?parent=907"}],"curies":[{"name":"wp","href":"https:\/\/api.w.org\/{rel}","templated":true}]}}